{"id":1717,"date":"2018-12-13T12:34:28","date_gmt":"2018-12-13T11:34:28","guid":{"rendered":"http:\/\/www.educa.itakaescolapios.org\/?page_id=1717"},"modified":"2018-12-13T12:56:28","modified_gmt":"2018-12-13T11:56:28","slug":"oramos-por-la-paz","status":"publish","type":"page","link":"https:\/\/www.educa.itakaescolapios.org\/it\/semanas-de-la-paz\/2017-2018-semana-de-la-paz\/oramos-por-la-paz","title":{"rendered":"ORAMOS POR LA PAZ"},"content":{"rendered":"<p class=\"qtranxs-available-languages-message qtranxs-available-languages-message-it\">Ci spiace, ma questo articolo \u00e8 disponibile soltanto in <a href=\"https:\/\/www.educa.itakaescolapios.org\/es\/wp-json\/wp\/v2\/pages\/1717\" class=\"qtranxs-available-language-link qtranxs-available-language-link-es\" title=\"Espa\u00f1ol\">Spagnolo Europeo<\/a>.<\/p><p><\/p>\n<p><img decoding=\"async\" loading=\"lazy\" class=\"alignleft size-medium wp-image-1718\" src=\"http:\/\/www.educa.itakaescolapios.org\/wp-content\/uploads\/2018\/12\/image163-300x214.gif\" alt=\"\" width=\"300\" height=\"214\" srcset=\"https:\/\/www.educa.itakaescolapios.org\/wp-content\/uploads\/2018\/12\/image163-300x214.gif 300w, https:\/\/www.educa.itakaescolapios.org\/wp-content\/uploads\/2018\/12\/image163-250x179.gif 250w\" sizes=\"(max-width: 300px) 100vw, 300px\" \/><\/p>\n<p>Os proponemos destinar un momento del d\u00eda a orar por la paz en el mundo. Os facilitamos para ello un matierial que puedes descarg\u00e1rte a continuaci\u00f3n:<\/p>\n<table style=\"height: 78px;\" border=\"0\" width=\"428\" cellspacing=\"0\" cellpadding=\"0\">\n<colgroup>\n<col width=\"205\" \/> <\/colgroup>\n<tbody>\n<tr>\n<td width=\"205\" height=\"21\"><a href=\"http:\/\/www.educa.itakaescolapios.org\/wp-content\/uploads\/2018\/12\/ORAMOS-POR-LA-PAZ.pdf\">ORAMOS POR LA PAZ<\/a><\/td>\n<\/tr>\n<tr>\n<td height=\"21\"><a href=\"http:\/\/www.educa.itakaescolapios.org\/wp-content\/uploads\/2018\/12\/BAKE-OTOITZAK.pdf\">BAKEAGATIK OTOIZTEN DUGU<\/a><\/td>\n<\/tr>\n<tr>\n<td height=\"21\"><a href=\"http:\/\/www.educa.itakaescolapios.org\/wp-content\/uploads\/2018\/12\/ORACI\u00d3N-ACTO-CENTRAL.pdf\">ORACI\u00d3N ACTO CENTRAL<\/a><\/td>\n<\/tr>\n<\/tbody>\n<\/table>\n<p><\/p>","protected":false},"excerpt":{"rendered":"<p>Ci spiace, ma questo articolo \u00e8 disponibile soltanto in Spagnolo Europeo. Os proponemos destinar un momento del d\u00eda a orar por la paz en el mundo. [&hellip;]<\/p>\n","protected":false},"author":1,"featured_media":0,"parent":735,"menu_order":4,"comment_status":"closed","ping_status":"closed","template":"","meta":[],"acf":[],"_links":{"self":[{"href":"https:\/\/www.educa.itakaescolapios.org\/it\/wp-json\/wp\/v2\/pages\/1717"}],"collection":[{"href":"https:\/\/www.educa.itakaescolapios.org\/it\/wp-json\/wp\/v2\/pages"}],"about":[{"href":"https:\/\/www.educa.itakaescolapios.org\/it\/wp-json\/wp\/v2\/types\/page"}],"author":[{"embeddable":true,"href":"https:\/\/www.educa.itakaescolapios.org\/it\/wp-json\/wp\/v2\/users\/1"}],"replies":[{"embeddable":true,"href":"https:\/\/www.educa.itakaescolapios.org\/it\/wp-json\/wp\/v2\/comments?post=1717"}],"version-history":[{"count":3,"href":"https:\/\/www.educa.itakaescolapios.org\/it\/wp-json\/wp\/v2\/pages\/1717\/revisions"}],"predecessor-version":[{"id":1724,"href":"https:\/\/www.educa.itakaescolapios.org\/it\/wp-json\/wp\/v2\/pages\/1717\/revisions\/1724"}],"up":[{"embeddable":true,"href":"https:\/\/www.educa.itakaescolapios.org\/it\/wp-json\/wp\/v2\/pages\/735"}],"wp:attachment":[{"href":"https:\/\/www.educa.itakaescolapios.org\/it\/wp-json\/wp\/v2\/media?parent=1717"}],"curies":[{"name":"wp","href":"https:\/\/api.w.org\/{rel}","templated":true}]}}