{"id":1725,"date":"2018-12-13T12:58:01","date_gmt":"2018-12-13T11:58:01","guid":{"rendered":"http:\/\/www.educa.itakaescolapios.org\/?page_id=1725"},"modified":"2018-12-13T12:58:24","modified_gmt":"2018-12-13T11:58:24","slug":"acto-central","status":"publish","type":"page","link":"https:\/\/www.educa.itakaescolapios.org\/it\/semanas-de-la-paz\/2017-2018-semana-de-la-paz\/acto-central","title":{"rendered":"ACTO CENTRAL"},"content":{"rendered":"<p class=\"qtranxs-available-languages-message qtranxs-available-languages-message-it\">Ci spiace, ma questo articolo \u00e8 disponibile soltanto in <a href=\"https:\/\/www.educa.itakaescolapios.org\/es\/wp-json\/wp\/v2\/pages\/1725\" class=\"qtranxs-available-language-link qtranxs-available-language-link-es\" title=\"Espa\u00f1ol\">Spagnolo Europeo<\/a>.<\/p><p><\/p>\n<p><img decoding=\"async\" loading=\"lazy\" class=\"alignleft size-medium wp-image-1726\" src=\"http:\/\/www.educa.itakaescolapios.org\/wp-content\/uploads\/2018\/12\/happy-love-peace-Favim.com-192031-300x214.jpg\" alt=\"\" width=\"300\" height=\"214\" srcset=\"https:\/\/www.educa.itakaescolapios.org\/wp-content\/uploads\/2018\/12\/happy-love-peace-Favim.com-192031-300x214.jpg 300w, https:\/\/www.educa.itakaescolapios.org\/wp-content\/uploads\/2018\/12\/happy-love-peace-Favim.com-192031-250x179.jpg 250w, https:\/\/www.educa.itakaescolapios.org\/wp-content\/uploads\/2018\/12\/happy-love-peace-Favim.com-192031.jpg 500w\" sizes=\"(max-width: 300px) 100vw, 300px\" \/>Son muchos los centros educativos en los que se encuentra instaurado un acto central con el objetivo de conmemortar el d\u00eda escolar de la Noviolencia y la Paz. Cada vez son m\u00e1s numerosas las globadas, o las concentraciones en zonas cercanas a nuestros colegios con el objetivo de que toda la ciudadan\u00eda pueda unirse a nuestra rehibindicaci\u00f3n.<\/p>\n<p>Apuntamos a continuaci\u00f3n una actividad central, para aquellos centros educativos que bien no realizan ninguna actividad o que quieran incorporar una nueva.<\/p>\n<p>La celebraci\u00f3n del D\u00eda Escolar por la No-violencia y la Paz no tiene porqu\u00e9 ser demasiado larga ni densa, sobre todo si durante la semana hemos trabajado en el aula a trav\u00e9s de las sesiones propuestas para cada curso.<\/p>\n<p>\u2022 Se propone dedicar una hora aproximadamente, ya sea por la tarde o al final de la ma\u00f1ana, para que todo el colegio se pueda unir en la movilizaci\u00f3n por la paz.<\/p>\n<p>\u2022 Previamente se habr\u00e1n recogido todas las manos que han ido realizando en las actividades y se habr\u00e1n unido formando una cadena que d\u00e9 la vuelta al patio o al lugar donde se re\u00fanan, como s\u00edmbolo de esa uni\u00f3n por la paz y la no violencia.<\/p>\n<p>\u2022 Durante el acto, los alumnos y alumnas de 6\u00ba de Primaria representar\u00e1n la obra que han preparado y los de 2\u00ba de Bachillerato leer\u00e1n el Dec\u00e1logo que han elaborado para fomentar la noviolencia y la paz en el colegio.<\/p>\n<p>\u2022 Tambi\u00e9n incluimos la oraci\u00f3n por la Paz de San Francisco de As\u00eds, con un texto del Evangelio y un fragmento de una carta de San Jos\u00e9 de Calasanz, que puede hacerse en el mismo acto.<\/p>\n<p>\u2022 El acto puede ser muy sencillo, este es un posible esquema:<\/p>\n<p>\u2022 Reunirse todos los alumnos en el patio del colegio, ya decorado con la cadena de manos.<br \/>\n\u2022 Presentaci\u00f3n de la jornada por parte del Director\/a.<br \/>\n\u2022 Los alumnos y alumnas de 6\u00ba de Primaria representan el c\u00f3mic que todo el colegio ha<br \/>\ntrabajado (se recomienda que sea una obra de teatro breve).<br \/>\n\u2022 Lectura del Dec\u00e1logo para el Fomento de la Paz y no Violencia en el centro escolar por<br \/>\nlos alumnos y alumnas de 2\u00ba Bachillerato.<br \/>\n\u2022 Para finalizar el acto, se puede rezar la Oraci\u00f3n ecum\u00e9nica por la Paz todos juntos y<br \/>\nrealizar el gesto de la suelta de palomas, globos o cualquier otro pensado para el acto.<\/p>\n<p><\/p>","protected":false},"excerpt":{"rendered":"<p>Ci spiace, ma questo articolo \u00e8 disponibile soltanto in Spagnolo Europeo. Son muchos los centros educativos en los que se encuentra instaurado un acto central con [&hellip;]<\/p>\n","protected":false},"author":1,"featured_media":0,"parent":735,"menu_order":5,"comment_status":"closed","ping_status":"closed","template":"","meta":[],"acf":[],"_links":{"self":[{"href":"https:\/\/www.educa.itakaescolapios.org\/it\/wp-json\/wp\/v2\/pages\/1725"}],"collection":[{"href":"https:\/\/www.educa.itakaescolapios.org\/it\/wp-json\/wp\/v2\/pages"}],"about":[{"href":"https:\/\/www.educa.itakaescolapios.org\/it\/wp-json\/wp\/v2\/types\/page"}],"author":[{"embeddable":true,"href":"https:\/\/www.educa.itakaescolapios.org\/it\/wp-json\/wp\/v2\/users\/1"}],"replies":[{"embeddable":true,"href":"https:\/\/www.educa.itakaescolapios.org\/it\/wp-json\/wp\/v2\/comments?post=1725"}],"version-history":[{"count":2,"href":"https:\/\/www.educa.itakaescolapios.org\/it\/wp-json\/wp\/v2\/pages\/1725\/revisions"}],"predecessor-version":[{"id":1728,"href":"https:\/\/www.educa.itakaescolapios.org\/it\/wp-json\/wp\/v2\/pages\/1725\/revisions\/1728"}],"up":[{"embeddable":true,"href":"https:\/\/www.educa.itakaescolapios.org\/it\/wp-json\/wp\/v2\/pages\/735"}],"wp:attachment":[{"href":"https:\/\/www.educa.itakaescolapios.org\/it\/wp-json\/wp\/v2\/media?parent=1725"}],"curies":[{"name":"wp","href":"https:\/\/api.w.org\/{rel}","templated":true}]}}