{"id":1758,"date":"2019-02-25T12:52:51","date_gmt":"2019-02-25T11:52:51","guid":{"rendered":"http:\/\/www.educa.itakaescolapios.org\/?page_id=1758"},"modified":"2019-05-15T17:56:34","modified_gmt":"2019-05-15T15:56:34","slug":"recordando-la-campana-el-tesoro-de-senegal","status":"publish","type":"page","link":"https:\/\/www.educa.itakaescolapios.org\/it\/campanas\/2018-2019-al-ritmo-de-congo\/recordando-la-campana-el-tesoro-de-senegal","title":{"rendered":"RECORDANDO LA CAMPA\u00d1A \u201cEL TESORO DE SENEGAL\u201d"},"content":{"rendered":"<p class=\"qtranxs-available-languages-message qtranxs-available-languages-message-it\">Ci spiace, ma questo articolo \u00e8 disponibile soltanto in <a href=\"https:\/\/www.educa.itakaescolapios.org\/es\/wp-json\/wp\/v2\/pages\/1758\" class=\"qtranxs-available-language-link qtranxs-available-language-link-es\" title=\"Espa\u00f1ol\">Spagnolo Europeo<\/a> e <a href=\"https:\/\/www.educa.itakaescolapios.org\/eu\/wp-json\/wp\/v2\/pages\/1758\" class=\"qtranxs-available-language-link qtranxs-available-language-link-eu\" title=\"Euskera\">Basco<\/a>.<\/p><p><\/p>\n<p>Con la campa\u00f1a de solidaridad del curso 2017-2018 quisimos ahondar en la fuerza transformadora de la educaci\u00f3n promoviendo una educaci\u00f3n de calidad Senegal. Nos propon\u00edamos mejorar garantizar la educaci\u00f3n de m\u00e1s de 200 ni\u00f1os, ni\u00f1as y j\u00f3venes que acceden a la escuela desde el mundo rural y viven en cinco internados rurales escolapios.<\/p>\n<p>Sesenta y cuatro colegios y centros culturales escolapios de Bolivia, Brasil, Camer\u00fan, Espa\u00f1a, Filipinas, Gab\u00f3n, Indonesia y Venezuela trabajaron en las aulas el valor de la educaci\u00f3n como motor de cambio, conociendo la realidad escolapia de Senegal.<\/p>\n<p>Gracias a \u00e9ste trabajo de sensibilizaci\u00f3n vamos a poder enviar un total de 226.424,51 \u20ac, que garantizar\u00e1n el acceso a la educaci\u00f3n de m\u00e1s de 200 ni\u00f1os, ni\u00f1as y j\u00f3venes de los internados de Sokone, Oussoye, Toubacouta y Mlomp.<\/p>\n<p>\u00a1Gracias! Thanks! Merci! Obrigado!<\/p>\n<p><img decoding=\"async\" loading=\"lazy\" class=\"aligncenter wp-image-1759\" src=\"http:\/\/www.educa.itakaescolapios.org\/wp-content\/uploads\/2019\/02\/\u00edndice.png\" alt=\"\" width=\"810\" height=\"500\" srcset=\"https:\/\/www.educa.itakaescolapios.org\/wp-content\/uploads\/2019\/02\/\u00edndice.png 946w, https:\/\/www.educa.itakaescolapios.org\/wp-content\/uploads\/2019\/02\/\u00edndice-300x185.png 300w, https:\/\/www.educa.itakaescolapios.org\/wp-content\/uploads\/2019\/02\/\u00edndice-768x474.png 768w, https:\/\/www.educa.itakaescolapios.org\/wp-content\/uploads\/2019\/02\/\u00edndice-250x154.png 250w\" sizes=\"(max-width: 810px) 100vw, 810px\" \/><\/p>\n<p><\/p>","protected":false},"excerpt":{"rendered":"<p>Ci spiace, ma questo articolo \u00e8 disponibile soltanto in Spagnolo Europeo e Basco. Con la campa\u00f1a de solidaridad del curso 2017-2018 quisimos ahondar en la fuerza [&hellip;]<\/p>\n","protected":false},"author":1,"featured_media":0,"parent":1750,"menu_order":0,"comment_status":"closed","ping_status":"closed","template":"","meta":[],"acf":[],"_links":{"self":[{"href":"https:\/\/www.educa.itakaescolapios.org\/it\/wp-json\/wp\/v2\/pages\/1758"}],"collection":[{"href":"https:\/\/www.educa.itakaescolapios.org\/it\/wp-json\/wp\/v2\/pages"}],"about":[{"href":"https:\/\/www.educa.itakaescolapios.org\/it\/wp-json\/wp\/v2\/types\/page"}],"author":[{"embeddable":true,"href":"https:\/\/www.educa.itakaescolapios.org\/it\/wp-json\/wp\/v2\/users\/1"}],"replies":[{"embeddable":true,"href":"https:\/\/www.educa.itakaescolapios.org\/it\/wp-json\/wp\/v2\/comments?post=1758"}],"version-history":[{"count":3,"href":"https:\/\/www.educa.itakaescolapios.org\/it\/wp-json\/wp\/v2\/pages\/1758\/revisions"}],"predecessor-version":[{"id":2129,"href":"https:\/\/www.educa.itakaescolapios.org\/it\/wp-json\/wp\/v2\/pages\/1758\/revisions\/2129"}],"up":[{"embeddable":true,"href":"https:\/\/www.educa.itakaescolapios.org\/it\/wp-json\/wp\/v2\/pages\/1750"}],"wp:attachment":[{"href":"https:\/\/www.educa.itakaescolapios.org\/it\/wp-json\/wp\/v2\/media?parent=1758"}],"curies":[{"name":"wp","href":"https:\/\/api.w.org\/{rel}","templated":true}]}}