{"id":1775,"date":"2019-02-25T13:12:20","date_gmt":"2019-02-25T12:12:20","guid":{"rendered":"http:\/\/www.educa.itakaescolapios.org\/?page_id=1775"},"modified":"2023-04-25T10:39:26","modified_gmt":"2023-04-25T08:39:26","slug":"propuesta-de-actividades-de-la-expedicion-itaka-escolapios","status":"publish","type":"page","link":"https:\/\/www.educa.itakaescolapios.org\/it\/campanas\/2018-2019-al-ritmo-de-congo\/propuesta-de-actividades-de-la-expedicion-itaka-escolapios","title":{"rendered":"PROPUESTA DE ACTIVIDADES DE LA EXPEDICI\u00d3N ITAKA-ESCOLAPIOS"},"content":{"rendered":"<p class=\"qtranxs-available-languages-message qtranxs-available-languages-message-it\">Ci spiace, ma questo articolo \u00e8 disponibile soltanto in <a href=\"https:\/\/www.educa.itakaescolapios.org\/es\/wp-json\/wp\/v2\/pages\/1775\" class=\"qtranxs-available-language-link qtranxs-available-language-link-es\" title=\"Espa\u00f1ol\">Spagnolo Europeo<\/a>, <a href=\"https:\/\/www.educa.itakaescolapios.org\/en\/wp-json\/wp\/v2\/pages\/1775\" class=\"qtranxs-available-language-link qtranxs-available-language-link-en\" title=\"English\">Inglese Americano<\/a>, <a href=\"https:\/\/www.educa.itakaescolapios.org\/eu\/wp-json\/wp\/v2\/pages\/1775\" class=\"qtranxs-available-language-link qtranxs-available-language-link-eu\" title=\"Euskera\">Basco<\/a> e <a href=\"https:\/\/www.educa.itakaescolapios.org\/fr\/wp-json\/wp\/v2\/pages\/1775\" class=\"qtranxs-available-language-link qtranxs-available-language-link-fr\" title=\"Fran\u00e7ais\">Francese<\/a>.<\/p><p><img decoding=\"async\" loading=\"lazy\" class=\"alignleft size-medium wp-image-1776\" src=\"http:\/\/www.educa.itakaescolapios.org\/wp-content\/uploads\/2019\/02\/CARTEL-ITAKA-CASTELLANO-1819-300x214.jpg\" alt=\"\" width=\"300\" height=\"214\" srcset=\"https:\/\/www.educa.itakaescolapios.org\/wp-content\/uploads\/2019\/02\/CARTEL-ITAKA-CASTELLANO-1819-300x214.jpg 300w, https:\/\/www.educa.itakaescolapios.org\/wp-content\/uploads\/2019\/02\/CARTEL-ITAKA-CASTELLANO-1819-768x549.jpg 768w, https:\/\/www.educa.itakaescolapios.org\/wp-content\/uploads\/2019\/02\/CARTEL-ITAKA-CASTELLANO-1819-1024x731.jpg 1024w, https:\/\/www.educa.itakaescolapios.org\/wp-content\/uploads\/2019\/02\/CARTEL-ITAKA-CASTELLANO-1819-250x179.jpg 250w, https:\/\/www.educa.itakaescolapios.org\/wp-content\/uploads\/2019\/02\/CARTEL-ITAKA-CASTELLANO-1819.jpg 1984w\" sizes=\"(max-width: 300px) 100vw, 300px\" \/>Tras finalizar la campa\u00f1a del curso pasado que ten\u00eda como objetivo mejorar la calidad educativa en Senegal, comenzamos una nueva aventura dirigidos por Calasanz con el objetivo de descubrir una nueva realidad escolapia en \u00c1frica Central, la Rep\u00fablica Democr\u00e1tica del Congo (RDC).<\/p>\n<p>Nuestra expedici\u00f3n, tras viajar en canoa por el rio Senegal, toca tierra y desde Dakar viajar\u00e1 dir\u00e9ctamente a Kinshasa en RDC. All\u00ed conocer\u00e1n a dos nuevos personajes, que les acompa\u00f1ar\u00e1n en su viaje por el pa\u00eds, Elykia y Esengo. La expedici\u00f3n se adentrar\u00e1 en RDC un pa\u00eds que vive una situaci\u00f3n de inestabilidad pol\u00edtica y econ\u00f3mica provocada por los conflictos armados fruto de la explotaci\u00f3n y expolicaci\u00f3n de sus grandes recursos naturales.<\/p>\n<p>La Tripulaci\u00f3n Itaka-Escolapios nos propone una siete actividades que nos ayudar\u00e1n a conocer la realidad del pa\u00eds, de la Escuela P\u00eda congole\u00f1a y de los ni\u00f1os, ni\u00f1as y j\u00f3venes que acuden a sus escuelas y proyectos socioeducativos. Elykia y Esongo, sus nuevas tripulantes, nos presentar\u00e1n de manera especial la situaci\u00f3n que viven las ni\u00f1as y las mujeres del pa\u00eds.<\/p>\n<p>Presiona sobre el t\u00edtulo de cada una de ellas y te llevar\u00e1 a la propuesta de actividad que nos hacen cada uno de los componentes de la expedici\u00f3n.<\/p>\n<h4 style=\"text-align: center;\"><a href=\"https:\/\/www.educa.itakaescolapios.org\/orando-con-calasanz\/\" target=\"_blank\" rel=\"noopener noreferrer\"><span style=\"color: #808000;\"><strong>ORANDO CON CALASANZ<\/strong><\/span><\/a><\/h4>\n<h4 style=\"text-align: center;\"><a href=\"https:\/\/www.educa.itakaescolapios.org\/amawole\/\" target=\"_blank\" rel=\"noopener noreferrer\"><span style=\"color: #808000;\"><strong>AMAWOL\u00c9<\/strong><\/span><\/a><\/h4>\n<h4 style=\"text-align: center;\"><a href=\"https:\/\/www.educa.itakaescolapios.org\/sumate-a-la-fiesta\/\" target=\"_blank\" rel=\"noopener noreferrer\"><span style=\"color: #808000;\"><strong>S\u00daMATE A LA FIESTA<\/strong><\/span><\/a><\/h4>\n<h4 style=\"text-align: center;\"><a href=\"https:\/\/www.educa.itakaescolapios.org\/cultivando\/\" target=\"_blank\" rel=\"noopener noreferrer\"><span style=\"color: #808000;\"><strong>CULTIVANDO<\/strong><\/span><\/a><\/h4>\n<h4 style=\"text-align: center;\"><a href=\"https:\/\/www.educa.itakaescolapios.org\/creciendo-en-valores\/\" target=\"_blank\" rel=\"noopener noreferrer\"><span style=\"color: #808000;\"><strong>CRECIENDO EN VALORES<\/strong><\/span><\/a><\/h4>\n<h4 style=\"text-align: center;\"><a href=\"https:\/\/www.itakaescolapios.org\/prejuicios\/\" target=\"_blank\" rel=\"noopener\"><span style=\"color: #808000;\"><strong>MIRA CON OTROS OJOS<\/strong><\/span><\/a><\/h4>\n<h4 style=\"text-align: center;\"><a href=\"https:\/\/www.educa.itakaescolapios.org\/photocall\/\" target=\"_blank\" rel=\"noopener noreferrer\"><span style=\"color: #808000;\"><strong>PHOTOCALL<\/strong><\/span><\/a><\/h4>\n<h3 style=\"position: relative; padding-top: 0; height: 0;\"><\/h3>\n<p>&nbsp;<\/p>","protected":false},"excerpt":{"rendered":"<p>Ci spiace, ma questo articolo \u00e8 disponibile soltanto in Spagnolo Europeo, Inglese Americano, Basco e Francese.Tras finalizar la campa\u00f1a del curso pasado que ten\u00eda como objetivo [&hellip;]<\/p>\n","protected":false},"author":1,"featured_media":0,"parent":1750,"menu_order":0,"comment_status":"closed","ping_status":"closed","template":"","meta":[],"acf":[],"_links":{"self":[{"href":"https:\/\/www.educa.itakaescolapios.org\/it\/wp-json\/wp\/v2\/pages\/1775"}],"collection":[{"href":"https:\/\/www.educa.itakaescolapios.org\/it\/wp-json\/wp\/v2\/pages"}],"about":[{"href":"https:\/\/www.educa.itakaescolapios.org\/it\/wp-json\/wp\/v2\/types\/page"}],"author":[{"embeddable":true,"href":"https:\/\/www.educa.itakaescolapios.org\/it\/wp-json\/wp\/v2\/users\/1"}],"replies":[{"embeddable":true,"href":"https:\/\/www.educa.itakaescolapios.org\/it\/wp-json\/wp\/v2\/comments?post=1775"}],"version-history":[{"count":8,"href":"https:\/\/www.educa.itakaescolapios.org\/it\/wp-json\/wp\/v2\/pages\/1775\/revisions"}],"predecessor-version":[{"id":7586,"href":"https:\/\/www.educa.itakaescolapios.org\/it\/wp-json\/wp\/v2\/pages\/1775\/revisions\/7586"}],"up":[{"embeddable":true,"href":"https:\/\/www.educa.itakaescolapios.org\/it\/wp-json\/wp\/v2\/pages\/1750"}],"wp:attachment":[{"href":"https:\/\/www.educa.itakaescolapios.org\/it\/wp-json\/wp\/v2\/media?parent=1775"}],"curies":[{"name":"wp","href":"https:\/\/api.w.org\/{rel}","templated":true}]}}