{"id":1968,"date":"2019-05-11T17:34:56","date_gmt":"2019-05-11T15:34:56","guid":{"rendered":"https:\/\/www.educa.itakaescolapios.org\/?page_id=1968"},"modified":"2019-05-11T17:53:13","modified_gmt":"2019-05-11T15:53:13","slug":"actividades-para-los-y-las-mas-pequenas","status":"publish","type":"page","link":"https:\/\/www.educa.itakaescolapios.org\/it\/campanas\/2018-2019-al-ritmo-de-congo\/actividades-para-los-y-las-mas-pequenas","title":{"rendered":"ACTIVIDADES PARA LOS Y LAS M\u00c1S PEQUE\u00d1AS"},"content":{"rendered":"<p class=\"qtranxs-available-languages-message qtranxs-available-languages-message-it\">Ci spiace, ma questo articolo \u00e8 disponibile soltanto in <a href=\"https:\/\/www.educa.itakaescolapios.org\/es\/wp-json\/wp\/v2\/pages\/1968\" class=\"qtranxs-available-language-link qtranxs-available-language-link-es\" title=\"Espa\u00f1ol\">Spagnolo Europeo<\/a>, <a href=\"https:\/\/www.educa.itakaescolapios.org\/en\/wp-json\/wp\/v2\/pages\/1968\" class=\"qtranxs-available-language-link qtranxs-available-language-link-en\" title=\"English\">Inglese Americano<\/a>, <a href=\"https:\/\/www.educa.itakaescolapios.org\/eu\/wp-json\/wp\/v2\/pages\/1968\" class=\"qtranxs-available-language-link qtranxs-available-language-link-eu\" title=\"Euskera\">Basco<\/a> e <a href=\"https:\/\/www.educa.itakaescolapios.org\/fr\/wp-json\/wp\/v2\/pages\/1968\" class=\"qtranxs-available-language-link qtranxs-available-language-link-fr\" title=\"Fran\u00e7ais\">Francese<\/a>.<\/p><p><\/p>\n<p><a href=\"https:\/\/www.educa.itakaescolapios.org\/wp-content\/uploads\/2019\/05\/esengo.png\"><img decoding=\"async\" loading=\"lazy\" class=\"alignleft size-medium wp-image-25519\" src=\"https:\/\/www.educa.itakaescolapios.org\/wp-content\/uploads\/2019\/05\/esengo-292x300.png\" alt=\"esengo\" width=\"292\" height=\"300\" \/><\/a><\/p>\n<p>Esengo nos hace una propuesta de actividades para los y las m\u00e1s peque\u00f1as, aquellas que inician su andadura en nuestros centros educativos. Ni\u00f1os y ni\u00f1as de las etapas de infantil, k\u00ednder, maternal \u2026<\/p>\n<p>Esengo nos deja tres documentos que nos acercar\u00e1n a la Rep\u00fablica Democr\u00e1tica del Congo, a trav\u00e9s de su geograf\u00eda, naturaleza, cultura y gastronom\u00eda, y a la realidad de los escolapios en el pa\u00eds.<\/p>\n<ul>\n<li>\n<h4><span style=\"color: #cc99ff;\"><strong><a href=\"https:\/\/www.educa.itakaescolapios.org\/wp-content\/uploads\/2019\/05\/Congo-geograf\u00eda.pdf\" target=\"_blank\" rel=\"noopener noreferrer\"><span style=\"color: #cc99ff;\">GEOGRAF\u00cdA Y NATURALEZA<\/span><\/a><\/strong><\/span><\/h4>\n<\/li>\n<li>\n<h4><span style=\"color: #cc99ff;\"><strong><a href=\"https:\/\/www.educa.itakaescolapios.org\/wp-content\/uploads\/2019\/05\/Congo-cultura-y-gastronom\u00eda.pdf\" target=\"_blank\" rel=\"noopener noreferrer\"><span style=\"color: #cc99ff;\">CULTURA Y ALIMENTOS<\/span><\/a><\/strong><\/span><\/h4>\n<\/li>\n<li>\n<h4><span style=\"color: #cc99ff;\"><strong><a href=\"https:\/\/www.educa.itakaescolapios.org\/wp-content\/uploads\/2019\/05\/Congo-Educaci\u00f3n-y-Escolapios.pdf\" target=\"_blank\" rel=\"noopener noreferrer\"><span style=\"color: #cc99ff;\">ESCOLAPIOS<\/span><\/a><\/strong><\/span><\/h4>\n<\/li>\n<\/ul>\n<h4>A continuaci\u00f3n puedes descargar las actividades para realizar en tu centro.<\/h4>\n<table style=\"width: 700px;\" border=\"0\" width=\"600\" cellspacing=\"0\" cellpadding=\"0\">\n<colgroup>\n<col width=\"80\" \/>\n<col width=\"100\" \/>\n<col span=\"3\" width=\"111\" \/>\n<col width=\"80\" \/> <\/colgroup>\n<tbody>\n<tr>\n<td style=\"width: 90.9333px;\" height=\"20\">\u00a0<\/td>\n<td style=\"width: 141px;\"><strong><span style=\"color: #333333;\">ACTIVIDAD<\/span><\/strong><\/td>\n<td style=\"width: 301.733px;\" colspan=\"3\"><strong><span style=\"color: #333333;\">ANEXOS<\/span><\/strong><\/td>\n<td style=\"width: 78.3333px;\">\u00a0<\/td>\n<\/tr>\n<tr>\n<td style=\"width: 90.9333px;\" rowspan=\"2\" height=\"64\"><strong><span style=\"color: #000000;\">1\u00ba INFANTIL<\/span><\/strong><\/td>\n<td style=\"width: 141px;\" rowspan=\"2\"><strong><span style=\"color: #333300;\"><a href=\"https:\/\/www.educa.itakaescolapios.org\/wp-content\/uploads\/2019\/05\/1\u00ba-Infantil_MEMORY.pdf\" target=\"_blank\" rel=\"noopener noreferrer\"><span style=\"color: #333300;\">MEMORY<\/span><\/a><\/span><\/strong><\/td>\n<td style=\"width: 141px;\"><strong><span style=\"color: #808000;\"><a href=\"https:\/\/www.educa.itakaescolapios.org\/wp-content\/uploads\/2019\/05\/ANEXO-0_MEMORY.pdf\" target=\"_blank\" rel=\"noopener noreferrer\"><span style=\"color: #808000;\">ANEXO 0 MEMORY<\/span><\/a><\/span><\/strong><\/td>\n<td style=\"width: 76.05px;\"><strong><span style=\"color: #808000;\"><a href=\"https:\/\/www.educa.itakaescolapios.org\/wp-content\/uploads\/2019\/05\/ANEXO_-Juego-Memory.pdf\" target=\"_blank\" rel=\"noopener noreferrer\"><span style=\"color: #808000;\">ANEXO Juego Memory<\/span><\/a><\/span><\/strong><\/td>\n<td style=\"width: 80.6833px;\"><strong><span style=\"color: #808000;\"><a href=\"https:\/\/www.educa.itakaescolapios.org\/wp-content\/uploads\/2019\/05\/ANEXO-1_MEMORY_Elykia-Esengo-y-Quisap.pdf\" target=\"_blank\" rel=\"noopener noreferrer\"><span style=\"color: #808000;\">ANEXO 1 Elykia, Esengo y Quisap<\/span><\/a><\/span><\/strong><\/td>\n<td style=\"width: 78.3333px;\" rowspan=\"2\"><span style=\"color: #99cc00;\"><strong><a href=\"https:\/\/www.educa.itakaescolapios.org\/wp-content\/uploads\/2019\/05\/DIPLOMA.pdf\" target=\"_blank\" rel=\"noopener noreferrer\"><span style=\"color: #99cc00;\">DIPLOMA<\/span><\/a><\/strong><\/span><\/td>\n<\/tr>\n<tr>\n<td style=\"width: 141px;\" height=\"32\"><strong><span style=\"color: #808000;\"><a href=\"https:\/\/www.educa.itakaescolapios.org\/wp-content\/uploads\/2019\/05\/ANEXO-2_MEMORY_Sukal-y-Marine.pdf\" target=\"_blank\" rel=\"noopener noreferrer\"><span style=\"color: #808000;\">ANEXO 2 Sukal y Marine<\/span><\/a><\/span><\/strong><\/td>\n<td style=\"width: 76.05px;\"><span style=\"color: #808000;\"><strong><a href=\"https:\/\/www.educa.itakaescolapios.org\/wp-content\/uploads\/2019\/05\/ANEXO-3_MEMORY_Bla-y-Jiwa.pdf\" target=\"_blank\" rel=\"noopener noreferrer\"><span style=\"color: #808000;\">ANEXO 3 Bla y Jiwa<\/span><\/a><\/strong><\/span><\/td>\n<td style=\"width: 80.6833px;\"><strong><span style=\"color: #808000;\"><a href=\"https:\/\/www.educa.itakaescolapios.org\/wp-content\/uploads\/2019\/05\/ANEXO-4_MEMORY_Actividad-final.pdf\" target=\"_blank\" rel=\"noopener noreferrer\"><span style=\"color: #808000;\">ANEXO 4 Actividad final<\/span><\/a><\/span><\/strong><\/td>\n<\/tr>\n<tr>\n<td style=\"width: 90.9333px;\" height=\"11\">\u00a0<\/td>\n<td style=\"width: 141px;\">\u00a0<\/td>\n<td style=\"width: 141px;\">\u00a0<\/td>\n<td style=\"width: 76.05px;\">\u00a0<\/td>\n<td style=\"width: 80.6833px;\">\u00a0<\/td>\n<td style=\"width: 78.3333px;\">\u00a0<\/td>\n<\/tr>\n<tr>\n<td style=\"width: 90.9333px;\" rowspan=\"2\" height=\"64\"><strong><span style=\"color: #000000;\">2\u00ba INFANTIL<\/span><\/strong><\/td>\n<td style=\"width: 141px;\" rowspan=\"2\"><strong><span style=\"color: #993300;\"><a href=\"https:\/\/www.educa.itakaescolapios.org\/wp-content\/uploads\/2019\/05\/2\u00ba-Infantil_COMPLEMENTOS.pdf\" target=\"_blank\" rel=\"noopener noreferrer\"><span style=\"color: #993300;\">COMPLEMENTOS<\/span><\/a><\/span><\/strong><\/td>\n<td style=\"width: 141px;\"><strong><span style=\"color: #ff6600;\"><a href=\"https:\/\/www.educa.itakaescolapios.org\/wp-content\/uploads\/2019\/05\/ANEXO-0_COMPLEMENTOS.pdf\" target=\"_blank\" rel=\"noopener noreferrer\"><span style=\"color: #ff6600;\">ANEXO 0 COMPLEMENTOS<\/span><\/a><\/span><\/strong><\/td>\n<td style=\"width: 76.05px;\"><strong><span style=\"color: #ff6600;\"><a href=\"https:\/\/www.educa.itakaescolapios.org\/wp-content\/uploads\/2019\/05\/ANEXO-CIRCULAR-FAMILIAS.pdf\" target=\"_blank\" rel=\"noopener noreferrer\"><span style=\"color: #ff6600;\">Circular familias<\/span><\/a><\/span><\/strong><\/td>\n<td style=\"width: 80.6833px;\"><strong><span style=\"color: #ff6600;\"><a href=\"https:\/\/www.educa.itakaescolapios.org\/wp-content\/uploads\/2019\/05\/ANEXO-1_COMPLEMENTOS_Elykia-Esengo-y-Quisap.pdf\" target=\"_blank\" rel=\"noopener noreferrer\"><span style=\"color: #ff6600;\">ANEXO 1 Elykia, Esengo y Quisap<\/span><\/a><\/span><\/strong><\/td>\n<td style=\"width: 78.3333px;\" rowspan=\"2\"><span style=\"color: #ff9900;\"><strong><a href=\"https:\/\/www.educa.itakaescolapios.org\/wp-content\/uploads\/2019\/05\/DIPLOMA.pdf\" target=\"_blank\" rel=\"noopener noreferrer\"><span style=\"color: #ff9900;\">DIPLOMA<\/span><\/a><\/strong><\/span><\/td>\n<\/tr>\n<tr>\n<td style=\"width: 141px;\" height=\"32\"><strong><span style=\"color: #ff6600;\"><a href=\"https:\/\/www.educa.itakaescolapios.org\/wp-content\/uploads\/2019\/05\/ANEXO-2_COMPLEMENTOS_Sukal-y-Marine.pdf\" target=\"_blank\" rel=\"noopener noreferrer\"><span style=\"color: #ff6600;\">ANEXO 2 Sukal y Marine<\/span><\/a><\/span><\/strong><\/td>\n<td style=\"width: 76.05px;\"><strong><span style=\"color: #ff6600;\"><a href=\"https:\/\/www.educa.itakaescolapios.org\/wp-content\/uploads\/2019\/05\/ANEXO-3_COMPLEMENTOS_Bla-y-Jiwa.pdf\" target=\"_blank\" rel=\"noopener noreferrer\"><span style=\"color: #ff6600;\">ANEXO 3 Bla y Jiwa<\/span><\/a><\/span><\/strong><\/td>\n<td style=\"width: 80.6833px;\"><strong><span style=\"color: #ff6600;\"><a href=\"https:\/\/www.educa.itakaescolapios.org\/wp-content\/uploads\/2019\/05\/ANEXO-4_COMPLEMENTOS_Actividad-final.pdf\" target=\"_blank\" rel=\"noopener noreferrer\"><span style=\"color: #ff6600;\">ANEXO 4 Actividad final<\/span><\/a><\/span><\/strong><\/td>\n<\/tr>\n<tr>\n<td style=\"width: 90.9333px;\" height=\"11\">\u00a0<\/td>\n<td style=\"width: 141px;\">\u00a0<\/td>\n<td style=\"width: 141px;\">\u00a0<\/td>\n<td style=\"width: 76.05px;\">\u00a0<\/td>\n<td style=\"width: 80.6833px;\">\u00a0<\/td>\n<td style=\"width: 78.3333px;\">\u00a0<\/td>\n<\/tr>\n<tr>\n<td style=\"width: 90.9333px;\" rowspan=\"2\" height=\"64\"><span style=\"color: #000000;\"><strong>3\u00ba INFANTIL<\/strong><\/span><\/td>\n<td style=\"width: 141px;\" rowspan=\"2\"><strong><span style=\"color: #000080;\"><a href=\"https:\/\/www.educa.itakaescolapios.org\/wp-content\/uploads\/2019\/05\/3\u00ba-Infantil_EXPEDICI\u00d3N.pdf\" target=\"_blank\" rel=\"noopener noreferrer\"><span style=\"color: #000080;\">EXPEDICI\u00d3N<\/span><\/a><\/span><\/strong><\/td>\n<td style=\"width: 141px;\"><strong><span style=\"color: #0000ff;\"><a href=\"https:\/\/www.educa.itakaescolapios.org\/wp-content\/uploads\/2019\/05\/ANEXO-0_EXPEDICI\u00d3N.pdf\" target=\"_blank\" rel=\"noopener noreferrer\"><span style=\"color: #0000ff;\">ANEXO 0 EXPEDICI\u00d3N<\/span><\/a><\/span><\/strong><\/td>\n<td style=\"width: 76.05px;\"><strong><span style=\"color: #0000ff;\"><a href=\"https:\/\/www.educa.itakaescolapios.org\/wp-content\/uploads\/2019\/05\/ANEXO_Figuras-I.pdf\" target=\"_blank\" rel=\"noopener noreferrer\"><span style=\"color: #0000ff;\">ANEXO Figuras<\/span><\/a><\/span><\/strong><\/td>\n<td style=\"width: 80.6833px;\"><strong><span style=\"color: #0000ff;\"><a href=\"https:\/\/www.educa.itakaescolapios.org\/wp-content\/uploads\/2019\/05\/ANEXO-1_EXPEDICI\u00d3N_Elykia-Esengo-y-Quisap.pdf\" target=\"_blank\" rel=\"noopener noreferrer\"><span style=\"color: #0000ff;\">ANEXO 1 Elykia, Esengo y Quisap<\/span><\/a><\/span><\/strong><\/td>\n<td style=\"width: 78.3333px;\" rowspan=\"2\"><span style=\"color: #3366ff;\"><strong><a href=\"https:\/\/www.educa.itakaescolapios.org\/wp-content\/uploads\/2019\/05\/DIPLOMA.pdf\"><span style=\"color: #3366ff;\">DIPLOMA<\/span><\/a><\/strong><\/span><\/td>\n<\/tr>\n<tr>\n<td style=\"width: 141px;\" height=\"32\"><strong><span style=\"color: #0000ff;\"><a href=\"https:\/\/www.educa.itakaescolapios.org\/wp-content\/uploads\/2019\/05\/ANEXO-2_EXPEDICI\u00d3N_Sukal-y-Marine.pdf\" target=\"_blank\" rel=\"noopener noreferrer\"><span style=\"color: #0000ff;\">ANEXO 2 Sukal y Marine<\/span><\/a><\/span><\/strong><\/td>\n<td style=\"width: 76.05px;\"><strong><span style=\"color: #0000ff;\"><a href=\"https:\/\/www.educa.itakaescolapios.org\/wp-content\/uploads\/2019\/05\/ANEXO-3_EXPEDICI\u00d3N_Bla-y-Jiwa.pdf\" target=\"_blank\" rel=\"noopener noreferrer\"><span style=\"color: #0000ff;\">ANEXO 3 Bla y Jiwa<\/span><\/a><\/span><\/strong><\/td>\n<td style=\"width: 80.6833px;\"><span style=\"color: #0000ff;\"><strong><a href=\"https:\/\/www.educa.itakaescolapios.org\/wp-content\/uploads\/2019\/05\/ANEXO-4_EXPEDICI\u00d3N_Actividad-final.pdf\" target=\"_blank\" rel=\"noopener noreferrer\"><span style=\"color: #0000ff;\">ANEXO 4 Actividad final<\/span><\/a><\/strong><\/span><\/td>\n<\/tr>\n<\/tbody>\n<\/table>\n<p><\/p>","protected":false},"excerpt":{"rendered":"<p>Ci spiace, ma questo articolo \u00e8 disponibile soltanto in Spagnolo Europeo, Inglese Americano, Basco e Francese. Esengo nos hace una propuesta de actividades para los y [&hellip;]<\/p>\n","protected":false},"author":1,"featured_media":0,"parent":1750,"menu_order":0,"comment_status":"closed","ping_status":"closed","template":"","meta":[],"acf":[],"_links":{"self":[{"href":"https:\/\/www.educa.itakaescolapios.org\/it\/wp-json\/wp\/v2\/pages\/1968"}],"collection":[{"href":"https:\/\/www.educa.itakaescolapios.org\/it\/wp-json\/wp\/v2\/pages"}],"about":[{"href":"https:\/\/www.educa.itakaescolapios.org\/it\/wp-json\/wp\/v2\/types\/page"}],"author":[{"embeddable":true,"href":"https:\/\/www.educa.itakaescolapios.org\/it\/wp-json\/wp\/v2\/users\/1"}],"replies":[{"embeddable":true,"href":"https:\/\/www.educa.itakaescolapios.org\/it\/wp-json\/wp\/v2\/comments?post=1968"}],"version-history":[{"count":11,"href":"https:\/\/www.educa.itakaescolapios.org\/it\/wp-json\/wp\/v2\/pages\/1968\/revisions"}],"predecessor-version":[{"id":2008,"href":"https:\/\/www.educa.itakaescolapios.org\/it\/wp-json\/wp\/v2\/pages\/1968\/revisions\/2008"}],"up":[{"embeddable":true,"href":"https:\/\/www.educa.itakaescolapios.org\/it\/wp-json\/wp\/v2\/pages\/1750"}],"wp:attachment":[{"href":"https:\/\/www.educa.itakaescolapios.org\/it\/wp-json\/wp\/v2\/media?parent=1968"}],"curies":[{"name":"wp","href":"https:\/\/api.w.org\/{rel}","templated":true}]}}