{"id":2079,"date":"2019-05-12T09:45:43","date_gmt":"2019-05-12T07:45:43","guid":{"rendered":"https:\/\/www.educa.itakaescolapios.org\/?page_id=2079"},"modified":"2019-05-12T09:47:19","modified_gmt":"2019-05-12T07:47:19","slug":"la-noviolencia-y-el-dia-escolar-de-la-paz","status":"publish","type":"page","link":"https:\/\/www.educa.itakaescolapios.org\/it\/semanas-de-la-paz\/2018-2019-la-paz-esta-en-tus-manos\/la-noviolencia-y-el-dia-escolar-de-la-paz","title":{"rendered":"LA NOVIOLENCIA Y EL D\u00cdA ESCOLAR DE LA PAZ"},"content":{"rendered":"<p class=\"qtranxs-available-languages-message qtranxs-available-languages-message-it\">Ci spiace, ma questo articolo \u00e8 disponibile soltanto in <a href=\"https:\/\/www.educa.itakaescolapios.org\/es\/wp-json\/wp\/v2\/pages\/2079\" class=\"qtranxs-available-language-link qtranxs-available-language-link-es\" title=\"Espa\u00f1ol\">Spagnolo Europeo<\/a>.<\/p><p><img decoding=\"async\" loading=\"lazy\" src=\"https:\/\/www.educa.itakaescolapios.org\/wp-content\/uploads\/2019\/05\/GANDHI-258x300.jpg\" alt=\"\" width=\"258\" height=\"300\" class=\"alignleft size-medium wp-image-2080\" srcset=\"https:\/\/www.educa.itakaescolapios.org\/wp-content\/uploads\/2019\/05\/GANDHI-258x300.jpg 258w, https:\/\/www.educa.itakaescolapios.org\/wp-content\/uploads\/2019\/05\/GANDHI-250x291.jpg 250w, https:\/\/www.educa.itakaescolapios.org\/wp-content\/uploads\/2019\/05\/GANDHI.jpg 340w\" sizes=\"(max-width: 258px) 100vw, 258px\" \/><br \/>\nEl D\u00eda Escolar de la Noviolencia y la Paz, se celebra el 30 de enero de cada a\u00f1o conmemorando la muerte del l\u00edder nacional y espiritual de la India, el Mahatma Gandhi, el 30 de Enero de 1948. Natural de la India, Gandhi dedic\u00f3 gran parte de su vida a la lucha a favor de los derechos de las personas y los pueblos, siempre a trav\u00e9s de acciones pac\u00edficas, basadas en la no violencia.<\/p>\n<p>En 1948 Gandhi mor\u00eda asesinado, v\u00edctima del enfrentamiento entre musulmanes e hind\u00faes que viv\u00eda su pa\u00eds. Su figura, seguida por millones de personas, ha continuado creciendo hasta llegar hasta nuestros d\u00edas como el m\u00e1ximo exponente del pacifismo mundial. Desde 1964, gracias al inspector de ense\u00f1anza andaluz Lorenzo Vidal, se celebra en Espa\u00f1a el D\u00eda Escolar de la No  Violencia y la Paz (DENIP, reconocido por la Unesco en 1993). Se trata de una jornada educativa, en la que se recuerda la necesidad de la educaci\u00f3n para la tolerancia, la solidaridad, el respeto a los Derechos Humanos, la no violencia y la paz. El lema de este d\u00eda es: \u2018amor universal, no-violencia y paz. El amor universal es mejor que el ego\u00edsmo, la no- violencia es mejor que la violencia y la paz es mejor que la guerra.<\/p>\n<p>&nbsp;<br \/>&nbsp;<\/p>\n<p><strong>Entendemos por noviolencia:<\/strong><\/p>\n<p>1: Es una forma de cultura que pone en el centro la dignidad de toda persona y que por tanto entiende que las relaciones entre personas y pueblos pueden y deben regirse por los valores que definen a la persona.<\/p>\n<p>2: Es la manera m\u00e1s elevada de relacionarse, es el amor. El amor es una fuerza transformadora que permite superar cualquier conflicto.<\/p>\n<p>3: Es una experiencia, ya consolidada en la historia, que permite romper la espiral de la violencia y poner en marcha nuevas formas de relacionarse en todos los planos de la vida: Personal, social, pol\u00edtico, econ\u00f3mico,\u2026<\/p>\n<p>4: Siempre es activa, siempre se compromete con la realidad de los que son aplastados por las injusticias, siempre toma partido, siempre ensaya posibilidades creativas de encuentro.<\/p>\n<p>5: Es una t\u00e9cnica y es una filosof\u00eda. Es una forma de pol\u00edtica y de espiritualidad. Tiene dimensi\u00f3n personal y dimensi\u00f3n colectiva. Es testimonial y es eficaz. Todo a la vez. La experiencia hist\u00f3rica demuestra que cuando estas caracter\u00edsticas han ido juntas siempre ha habido una transformaci\u00f3n liberadora.<\/p>\n<p>6: Tiene una historia ya consolidada, aunque muy desconocida. La noviolencia est\u00e1 operando eficazmente hoy en el mundo, aunque no lo sepamos. Tenemos obligaci\u00f3n de conocer esas experiencias, aprender de ellas y poner en marcha nuevas posibilidades respetando las valiosas aportaciones que otros nos han hecho.<\/p>\n<p>7: Es una corriente de lucha, protagonizada por los m\u00e1s empobrecidos y por aquellos que han querido ponerse de su lado. Es un espacio de compromiso a medida de toda persona y de todas las personas. Todo el mundo puede practicar la noviolencia.<\/p>","protected":false},"excerpt":{"rendered":"<p>Ci spiace, ma questo articolo \u00e8 disponibile soltanto in Spagnolo Europeo. El D\u00eda Escolar de la Noviolencia y la Paz, se celebra el 30 de enero [&hellip;]<\/p>\n","protected":false},"author":1,"featured_media":0,"parent":2075,"menu_order":0,"comment_status":"closed","ping_status":"closed","template":"","meta":[],"acf":[],"_links":{"self":[{"href":"https:\/\/www.educa.itakaescolapios.org\/it\/wp-json\/wp\/v2\/pages\/2079"}],"collection":[{"href":"https:\/\/www.educa.itakaescolapios.org\/it\/wp-json\/wp\/v2\/pages"}],"about":[{"href":"https:\/\/www.educa.itakaescolapios.org\/it\/wp-json\/wp\/v2\/types\/page"}],"author":[{"embeddable":true,"href":"https:\/\/www.educa.itakaescolapios.org\/it\/wp-json\/wp\/v2\/users\/1"}],"replies":[{"embeddable":true,"href":"https:\/\/www.educa.itakaescolapios.org\/it\/wp-json\/wp\/v2\/comments?post=2079"}],"version-history":[{"count":4,"href":"https:\/\/www.educa.itakaescolapios.org\/it\/wp-json\/wp\/v2\/pages\/2079\/revisions"}],"predecessor-version":[{"id":2084,"href":"https:\/\/www.educa.itakaescolapios.org\/it\/wp-json\/wp\/v2\/pages\/2079\/revisions\/2084"}],"up":[{"embeddable":true,"href":"https:\/\/www.educa.itakaescolapios.org\/it\/wp-json\/wp\/v2\/pages\/2075"}],"wp:attachment":[{"href":"https:\/\/www.educa.itakaescolapios.org\/it\/wp-json\/wp\/v2\/media?parent=2079"}],"curies":[{"name":"wp","href":"https:\/\/api.w.org\/{rel}","templated":true}]}}