{"id":2112,"date":"2019-05-12T11:19:54","date_gmt":"2019-05-12T09:19:54","guid":{"rendered":"https:\/\/www.educa.itakaescolapios.org\/?page_id=2112"},"modified":"2019-05-12T11:19:54","modified_gmt":"2019-05-12T09:19:54","slug":"carteleria","status":"publish","type":"page","link":"https:\/\/www.educa.itakaescolapios.org\/it\/semanas-de-la-paz\/2018-2019-la-paz-esta-en-tus-manos\/carteleria","title":{"rendered":"CARTELER\u00cdA"},"content":{"rendered":"<p class=\"qtranxs-available-languages-message qtranxs-available-languages-message-it\">Ci spiace, ma questo articolo \u00e8 disponibile soltanto in <a href=\"https:\/\/www.educa.itakaescolapios.org\/es\/wp-json\/wp\/v2\/pages\/2112\" class=\"qtranxs-available-language-link qtranxs-available-language-link-es\" title=\"Espa\u00f1ol\">Spagnolo Europeo<\/a>.<\/p><p>Puedes descargarte aqu\u00ed el banner y el cartel de la Campa\u00f1a &#8220;LA PAZ EST\u00c1 EN TUS MANOS&#8221;<\/p>\n<p style=\"text-align: center;\"><a href=\"https:\/\/www.educa.itakaescolapios.org\/wp-content\/uploads\/2019\/05\/banner-paz-2019.jpg\"><img decoding=\"async\" loading=\"lazy\" class=\"size-medium wp-image-26384 aligncenter\" alt=\"banner paz 2019\" src=\"https:\/\/www.educa.itakaescolapios.org\/wp-content\/uploads\/2019\/05\/banner-paz-2019-300x111.jpg\" width=\"300\" height=\"111\" \/><\/a><\/p>\n<p style=\"text-align: center;\"><strong><span style=\"color: #808000;\"><a href=\"https:\/\/www.educa.itakaescolapios.org\/wp-content\/uploads\/2019\/05\/paz-2019.pdf\" target=\"_blank\" rel=\"noopener noreferrer\"><span style=\"color: #808000;\">CARTEL &#8220;LA PAZ EST\u00c1 EN TUS MANOS&#8221;<\/span><\/a><\/span><\/strong><\/p>\n<p><\/p>","protected":false},"excerpt":{"rendered":"<p>Ci spiace, ma questo articolo \u00e8 disponibile soltanto in Spagnolo Europeo.Puedes descargarte aqu\u00ed el banner y el cartel de la Campa\u00f1a &#8220;LA PAZ EST\u00c1 EN TUS [&hellip;]<\/p>\n","protected":false},"author":1,"featured_media":0,"parent":2075,"menu_order":0,"comment_status":"closed","ping_status":"closed","template":"","meta":[],"acf":[],"_links":{"self":[{"href":"https:\/\/www.educa.itakaescolapios.org\/it\/wp-json\/wp\/v2\/pages\/2112"}],"collection":[{"href":"https:\/\/www.educa.itakaescolapios.org\/it\/wp-json\/wp\/v2\/pages"}],"about":[{"href":"https:\/\/www.educa.itakaescolapios.org\/it\/wp-json\/wp\/v2\/types\/page"}],"author":[{"embeddable":true,"href":"https:\/\/www.educa.itakaescolapios.org\/it\/wp-json\/wp\/v2\/users\/1"}],"replies":[{"embeddable":true,"href":"https:\/\/www.educa.itakaescolapios.org\/it\/wp-json\/wp\/v2\/comments?post=2112"}],"version-history":[{"count":1,"href":"https:\/\/www.educa.itakaescolapios.org\/it\/wp-json\/wp\/v2\/pages\/2112\/revisions"}],"predecessor-version":[{"id":2113,"href":"https:\/\/www.educa.itakaescolapios.org\/it\/wp-json\/wp\/v2\/pages\/2112\/revisions\/2113"}],"up":[{"embeddable":true,"href":"https:\/\/www.educa.itakaescolapios.org\/it\/wp-json\/wp\/v2\/pages\/2075"}],"wp:attachment":[{"href":"https:\/\/www.educa.itakaescolapios.org\/it\/wp-json\/wp\/v2\/media?parent=2112"}],"curies":[{"name":"wp","href":"https:\/\/api.w.org\/{rel}","templated":true}]}}