{"id":2309,"date":"2020-07-02T21:06:05","date_gmt":"2020-07-02T19:06:05","guid":{"rendered":"https:\/\/www.educa.itakaescolapios.org\/?page_id=2309"},"modified":"2020-07-02T21:10:16","modified_gmt":"2020-07-02T19:10:16","slug":"los-centros-calasanz-en-america-latina","status":"publish","type":"page","link":"https:\/\/www.educa.itakaescolapios.org\/it\/campanas\/2019-2020-compartiendo-mucha-vida\/los-centros-calasanz-en-america-latina","title":{"rendered":"LOS CENTROS CALASANZ EN AM\u00c9RICA LATINA"},"content":{"rendered":"<p class=\"qtranxs-available-languages-message qtranxs-available-languages-message-it\">Ci spiace, ma questo articolo \u00e8 disponibile soltanto in <a href=\"https:\/\/www.educa.itakaescolapios.org\/es\/wp-json\/wp\/v2\/pages\/2309\" class=\"qtranxs-available-language-link qtranxs-available-language-link-es\" title=\"Espa\u00f1ol\">Spagnolo Europeo<\/a>.<\/p><p>Itaka-Escolapios cuenta con una <strong>red de Centros<\/strong> culturales o socioeducativos <strong>que tienen como objetivo fomentar la educaci\u00f3n integral para ni\u00f1os, ni\u00f1as, j\u00f3venes y sus familias con vocaci\u00f3n de ser centros abiertos a la comunidad<\/strong>.<\/p>\n<p>En Am\u00e9rica, la red tiene centros en cinco pa\u00edses, abarcando un total de trece centros ubicados en Santa Cruz y Cochabamba en Bolivia, Gobernador Valadares, Belo Horizonte, Serra y Aracaju en Brasil, Campeche en M\u00e9xico, Santo Domingo en Rep\u00fablica Dominicana y en Barquisimeto, Caracas, Carora, Maracaibo y Valencia en Venezuela.<\/p>\n<p>La campa\u00f1a de solidaridad <strong>\u00abCOMPARTIENDO MUCHA VIDA. #juventuditakaescolapios\u201d se centra en el trabajo que se realiza en cinco de estos centros socioeducativos con cerca de 1.700 ni\u00f1os, ni\u00f1as y j\u00f3venes<\/strong>.<\/p>\n<p>Desc\u00e1rgate la informaci\u00f3n de los centros:<\/p>\n<table style=\"width: 52.4863%; height: 216px;\" width=\"406\">\n<tbody>\n<tr style=\"height: 24px;\">\n<td style=\"height: 24px; width: 65.2284%;\" width=\"288\"><strong><a href=\"https:\/\/www.educa.itakaescolapios.org\/wp-content\/uploads\/2020\/07\/COCHABAMBA.pdf\" target=\"_blank\" rel=\"noopener noreferrer\">CENTRO CALASANZ<\/a><\/strong><\/td>\n<td style=\"height: 24px; width: 103.735%;\" width=\"118\">COCHABAMBA<\/td>\n<\/tr>\n<tr style=\"height: 48px;\">\n<td style=\"height: 48px; width: 65.2284%;\"><strong><a href=\"https:\/\/www.educa.itakaescolapios.org\/wp-content\/uploads\/2020\/07\/BARQUISIMETO.pdf\" target=\"_blank\" rel=\"noopener noreferrer\">CENTRO CULTURAL CALASANZ EL TROMPILLO<\/a><\/strong><\/td>\n<td style=\"height: 48px; width: 103.735%;\">BARQUISIMETO<\/td>\n<\/tr>\n<tr style=\"height: 48px;\">\n<td style=\"height: 48px; width: 65.2284%;\"><strong><a href=\"https:\/\/www.educa.itakaescolapios.org\/wp-content\/uploads\/2020\/07\/CAMPECHE.pdf\" target=\"_blank\" rel=\"noopener noreferrer\">CENTRO CULTURAL CALASANZ CAMPECHE<\/a><\/strong><\/td>\n<td style=\"height: 48px; width: 103.735%;\">CHAPOT\u00d3N<\/td>\n<\/tr>\n<tr style=\"height: 48px;\">\n<td style=\"height: 48px; width: 65.2284%;\"><strong><a href=\"https:\/\/www.educa.itakaescolapios.org\/wp-content\/uploads\/2020\/07\/LA-PUYA.pdf\" target=\"_blank\" rel=\"noopener noreferrer\">CENTRO CULTURAL CALASANZ LA PUYA<\/a><\/strong><\/td>\n<td style=\"height: 48px; width: 103.735%;\">SANTO DOMINGO<\/td>\n<\/tr>\n<tr style=\"height: 48px;\">\n<td style=\"height: 48px; width: 65.2284%;\"><strong><a href=\"https:\/\/www.educa.itakaescolapios.org\/wp-content\/uploads\/2020\/07\/ARACAJU.pdf\" target=\"_blank\" rel=\"noopener noreferrer\">CENTRO SOCIAL SANTA TEREZINHA<\/a><\/strong><\/td>\n<td style=\"height: 48px; width: 103.735%;\">ARACAJU<\/td>\n<\/tr>\n<\/tbody>\n<\/table>\n<p>&nbsp;<\/p>\n<p><strong>V\u00cdDEOS CON TESTIMONIOS DEL VOLUNTARIADO Y PERSONAL DE LOS CENTROS CALASANZ<\/strong><\/p>\n<p><iframe loading=\"lazy\" src=\"https:\/\/www.youtube.com\/embed\/E7V2mQIAS7w\" width=\"252\" height=\"142\" frameborder=\"0\" allowfullscreen=\"allowfullscreen\" data-mce-fragment=\"1\"><\/iframe> <iframe loading=\"lazy\" src=\"https:\/\/www.youtube.com\/embed\/UKjMrr9pcrc\" width=\"252\" height=\"142\" frameborder=\"0\" allowfullscreen=\"allowfullscreen\" data-mce-fragment=\"1\"><\/iframe><\/p>\n<p><iframe loading=\"lazy\" src=\"https:\/\/www.youtube.com\/embed\/eusmwuOOptA\" width=\"252\" height=\"142\" frameborder=\"0\" allowfullscreen=\"allowfullscreen\" data-mce-fragment=\"1\"><\/iframe> <iframe loading=\"lazy\" src=\"https:\/\/www.youtube.com\/embed\/iD1ZWkDUnB8\" width=\"252\" height=\"142\" frameborder=\"0\" allowfullscreen=\"allowfullscreen\" data-mce-fragment=\"1\"><\/iframe><\/p>\n<p><iframe loading=\"lazy\" src=\"https:\/\/www.youtube.com\/embed\/6I3i6b5hnfg\" width=\"252\" height=\"142\" frameborder=\"0\" allowfullscreen=\"allowfullscreen\" data-mce-fragment=\"1\"><\/iframe> <iframe loading=\"lazy\" src=\"https:\/\/www.youtube.com\/embed\/1aBgLHdFu7E\" width=\"252\" height=\"142\" frameborder=\"0\" allowfullscreen=\"allowfullscreen\" data-mce-fragment=\"1\"><\/iframe><\/p>\n<p><iframe loading=\"lazy\" src=\"https:\/\/www.youtube.com\/embed\/6o3or783_vs\" width=\"252\" height=\"142\" frameborder=\"0\" allowfullscreen=\"allowfullscreen\" data-mce-fragment=\"1\"><\/iframe><\/p>","protected":false},"excerpt":{"rendered":"<p>Ci spiace, ma questo articolo \u00e8 disponibile soltanto in Spagnolo Europeo.Itaka-Escolapios cuenta con una red de Centros culturales o socioeducativos que tienen como objetivo fomentar la [&hellip;]<\/p>\n","protected":false},"author":1,"featured_media":0,"parent":2273,"menu_order":0,"comment_status":"closed","ping_status":"closed","template":"","meta":[],"acf":[],"_links":{"self":[{"href":"https:\/\/www.educa.itakaescolapios.org\/it\/wp-json\/wp\/v2\/pages\/2309"}],"collection":[{"href":"https:\/\/www.educa.itakaescolapios.org\/it\/wp-json\/wp\/v2\/pages"}],"about":[{"href":"https:\/\/www.educa.itakaescolapios.org\/it\/wp-json\/wp\/v2\/types\/page"}],"author":[{"embeddable":true,"href":"https:\/\/www.educa.itakaescolapios.org\/it\/wp-json\/wp\/v2\/users\/1"}],"replies":[{"embeddable":true,"href":"https:\/\/www.educa.itakaescolapios.org\/it\/wp-json\/wp\/v2\/comments?post=2309"}],"version-history":[{"count":3,"href":"https:\/\/www.educa.itakaescolapios.org\/it\/wp-json\/wp\/v2\/pages\/2309\/revisions"}],"predecessor-version":[{"id":2317,"href":"https:\/\/www.educa.itakaescolapios.org\/it\/wp-json\/wp\/v2\/pages\/2309\/revisions\/2317"}],"up":[{"embeddable":true,"href":"https:\/\/www.educa.itakaescolapios.org\/it\/wp-json\/wp\/v2\/pages\/2273"}],"wp:attachment":[{"href":"https:\/\/www.educa.itakaescolapios.org\/it\/wp-json\/wp\/v2\/media?parent=2309"}],"curies":[{"name":"wp","href":"https:\/\/api.w.org\/{rel}","templated":true}]}}