{"id":2337,"date":"2020-07-02T21:28:41","date_gmt":"2020-07-02T19:28:41","guid":{"rendered":"https:\/\/www.educa.itakaescolapios.org\/?page_id=2337"},"modified":"2020-07-02T21:28:41","modified_gmt":"2020-07-02T19:28:41","slug":"carteleria-y-otros-recursos","status":"publish","type":"page","link":"https:\/\/www.educa.itakaescolapios.org\/it\/campanas\/2019-2020-compartiendo-mucha-vida\/carteleria-y-otros-recursos","title":{"rendered":"CARTELER\u00cdA Y OTROS RECURSOS"},"content":{"rendered":"<p class=\"qtranxs-available-languages-message qtranxs-available-languages-message-it\">Ci spiace, ma questo articolo \u00e8 disponibile soltanto in <a href=\"https:\/\/www.educa.itakaescolapios.org\/es\/wp-json\/wp\/v2\/pages\/2337\" class=\"qtranxs-available-language-link qtranxs-available-language-link-es\" title=\"Espa\u00f1ol\">Spagnolo Europeo<\/a>.<\/p><p>En esta secci\u00f3n puedes descargarte toda la carteler\u00eda y otros recursos\u00a0que\u00a0pueden ayudarte a\u00a0presentar\u00a0la campa\u00f1a y a\u00a0dinamizarla en tu centro educativo, grupo de tiempo libre, parroquia, \u2026<\/p>\n<table style=\"width: 93.1489%;\" width=\"463\">\n<tbody>\n<tr>\n<td style=\"width: 16.3823%;\" width=\"80\"><strong>I<\/strong><strong>DIOMA<\/strong><\/td>\n<td style=\"width: 26.4505%;\" width=\"136\"><strong>LOGO CAMPA\u00d1A<\/strong><\/td>\n<td style=\"width: 26.1092%;\" width=\"136\"><strong>CARTEL CAMPA\u00d1A<\/strong><\/td>\n<td style=\"width: 153.584%;\" width=\"111\"><strong>CARTEL DE AGRADECIMIENTO<\/strong><\/td>\n<\/tr>\n<tr>\n<td style=\"width: 16.3823%;\" width=\"80\"><strong>Espa\u00f1ol<\/strong><\/td>\n<td style=\"width: 26.4505%;\" width=\"136\"><a href=\"https:\/\/www.itakaescolapios.org\/wp-content\/uploads\/2019\/11\/LOGO-CAMPA\u00d1A-ITAKA-1920_01-ESP.pdf\" target=\"_blank\" rel=\"noopener noreferrer\">COMPARTIENDO MUCHA VIDA<\/a><\/td>\n<td style=\"width: 26.1092%;\" width=\"136\"><strong><a href=\"https:\/\/www.itakaescolapios.org\/wp-content\/uploads\/2019\/11\/CARTEL-ITAKA-C1920-_01-ESP.pdf\" target=\"_blank\" rel=\"noopener noreferrer\">CAMPA\u00d1A DE SOLIDARIDAD<\/a><\/strong><\/td>\n<td style=\"width: 153.584%;\" width=\"111\"><a href=\"https:\/\/www.itakaescolapios.org\/wp-content\/uploads\/2019\/11\/cartel-GRACIAS-2019-ESP.pdf\" target=\"_blank\" rel=\"noopener noreferrer\">GRACIAS<\/a><\/td>\n<\/tr>\n<tr>\n<td style=\"width: 16.3823%;\" width=\"80\"><strong>Franc\u00e9s<\/strong><\/td>\n<td style=\"width: 26.4505%;\" width=\"136\"><a href=\"https:\/\/www.itakaescolapios.org\/wp-content\/uploads\/2019\/11\/LOGO-CAMPA\u00d1A-ITAKA-1920_03-FRA.pdf\" target=\"_blank\" rel=\"noopener noreferrer\">PARTAGEANT LA VIE EN ABONDANCE<\/a><\/td>\n<td style=\"width: 26.1092%;\" width=\"136\"><strong><a href=\"https:\/\/www.itakaescolapios.org\/wp-content\/uploads\/2019\/11\/CARTEL-ITAKA-C1920-_03-FRA.pdf\" target=\"_blank\" rel=\"noopener noreferrer\">CAMPAGNE DE SOLIDARIT\u00c9<\/a><\/strong><\/td>\n<td style=\"width: 153.584%;\" width=\"111\"><a href=\"https:\/\/www.itakaescolapios.org\/wp-content\/uploads\/2019\/11\/cartel-GRACIAS-2019-FRA.pdf\" target=\"_blank\" rel=\"noopener noreferrer\">MERCI<\/a><\/td>\n<\/tr>\n<tr>\n<td style=\"width: 16.3823%;\" width=\"80\"><strong>Ingl\u00e9s<\/strong><\/td>\n<td style=\"width: 26.4505%;\" width=\"136\"><a href=\"https:\/\/www.itakaescolapios.org\/wp-content\/uploads\/2019\/11\/LOGO-CAMPA\u00d1A-ITAKA-1920_02-ENG.pdf\" target=\"_blank\" rel=\"noopener noreferrer\">SHARING LIFE<\/a><\/td>\n<td style=\"width: 26.1092%;\" width=\"136\"><strong><a href=\"https:\/\/www.itakaescolapios.org\/wp-content\/uploads\/2019\/11\/CARTEL-ITAKA-C1920-_02-ING.pdf\" target=\"_blank\" rel=\"noopener noreferrer\">SOLIDARITY CAMPAIGN<\/a><\/strong><\/td>\n<td style=\"width: 153.584%;\" width=\"111\"><a href=\"https:\/\/www.itakaescolapios.org\/wp-content\/uploads\/2019\/11\/cartel-GRACIAS-2019-ENG.pdf\" target=\"_blank\" rel=\"noopener noreferrer\">THANKS<\/a><\/td>\n<\/tr>\n<tr>\n<td style=\"width: 16.3823%;\" width=\"80\"><strong>Portugu\u00e9s<\/strong><\/td>\n<td style=\"width: 26.4505%;\" width=\"136\"><a href=\"https:\/\/www.itakaescolapios.org\/wp-content\/uploads\/2019\/11\/LOGO-CAMPA\u00d1A-ITAKA-1920-_14-PORT.pdf\">PARTILHANDO MUITA VIDA<\/a><\/td>\n<td style=\"width: 26.1092%;\" width=\"136\"><strong><a href=\"https:\/\/www.itakaescolapios.org\/wp-content\/uploads\/2019\/11\/CARTEL-ITAKA-C1920-_14-port.pdf\" target=\"_blank\" rel=\"noopener noreferrer\">CAMPANHA DE SOLIDARIDADE<\/a><\/strong><\/td>\n<td style=\"width: 153.584%;\" width=\"111\"><a href=\"https:\/\/www.itakaescolapios.org\/wp-content\/uploads\/2019\/11\/cartel-GRACIAS-2019-PORT.pdf\" target=\"_blank\" rel=\"noopener noreferrer\">GRA\u00e7AS<\/a><\/td>\n<\/tr>\n<tr>\n<td style=\"width: 16.3823%;\" width=\"80\"><strong>Euskera<\/strong><\/td>\n<td style=\"width: 26.4505%;\" width=\"136\"><a href=\"https:\/\/www.itakaescolapios.org\/wp-content\/uploads\/2019\/11\/LOGO-CAMPA\u00d1A-ITAKA-1920_12-EUSK.pdf\" target=\"_blank\" rel=\"noopener noreferrer\">BIZITZA PARTEKATUZ<\/a><\/td>\n<td style=\"width: 26.1092%;\" width=\"136\"><strong><a href=\"https:\/\/www.itakaescolapios.org\/wp-content\/uploads\/2019\/11\/CARTEL-ITAKA-C1920-_12-EUSK.pdf\" target=\"_blank\" rel=\"noopener noreferrer\">ELKARTASUN KANPAINA<\/a><\/strong><\/td>\n<td style=\"width: 153.584%;\" width=\"111\"><a href=\"https:\/\/www.itakaescolapios.org\/wp-content\/uploads\/2019\/11\/cartel-GRACIAS-2019-EUSK.pdf\" target=\"_blank\" rel=\"noopener noreferrer\">ZURI ESKER<\/a><\/td>\n<\/tr>\n<tr>\n<td style=\"width: 16.3823%;\" width=\"80\"><strong>Gallego<\/strong><\/td>\n<td style=\"width: 26.4505%;\" width=\"136\"><a href=\"https:\/\/www.itakaescolapios.org\/wp-content\/uploads\/2019\/11\/LOGO-CAMPA\u00d1A-ITAKA-1920_08-GAL.pdf\" target=\"_blank\" rel=\"noopener noreferrer\">COMPARTINDO MOITA VIDA<\/a><\/td>\n<td style=\"width: 26.1092%;\" width=\"136\"><strong><a href=\"https:\/\/www.itakaescolapios.org\/wp-content\/uploads\/2019\/11\/CARTEL-ITAKA-C1920-_08-GAL.pdf\" target=\"_blank\" rel=\"noopener noreferrer\">CAMPA\u00d1A DE SOLIDARIEDADE<\/a><\/strong><\/td>\n<td style=\"width: 153.584%;\" width=\"111\"><\/td>\n<\/tr>\n<tr>\n<td style=\"width: 16.3823%;\" width=\"80\"><strong>Indonesio<\/strong><\/td>\n<td style=\"width: 26.4505%;\" width=\"136\"><a href=\"https:\/\/www.itakaescolapios.org\/wp-content\/uploads\/2019\/11\/LOGO-CAMPA\u00d1A-ITAKA-1920_04-INDO.pdf\" target=\"_blank\" rel=\"noopener noreferrer\">BERGAGI BANYAK KEHIDUPAN<\/a><\/td>\n<td style=\"width: 26.1092%;\" width=\"136\"><strong><a href=\"https:\/\/www.itakaescolapios.org\/wp-content\/uploads\/2019\/11\/CARTEL-ITAKA-C1920-_04-INDO.pdf\" target=\"_blank\" rel=\"noopener noreferrer\">KAMPANYE SOLIDARITAS<\/a><\/strong><\/td>\n<td style=\"width: 153.584%;\" width=\"111\"><\/td>\n<\/tr>\n<tr>\n<td style=\"width: 16.3823%;\" width=\"80\"><strong>Lingala<\/strong><\/td>\n<td style=\"width: 26.4505%;\" width=\"136\"><a href=\"https:\/\/www.itakaescolapios.org\/wp-content\/uploads\/2019\/11\/LOGO-CAMPA\u00d1A-ITAKA-1920_10-LING.pdf\">KOKABOLA BOMOY EBELE<\/a><\/td>\n<td style=\"width: 26.1092%;\" width=\"136\"><strong><a href=\"https:\/\/www.itakaescolapios.org\/wp-content\/uploads\/2019\/11\/CARTEL-ITAKA-C1920-_10-LING.pdf\" target=\"_blank\" rel=\"noopener noreferrer\">MILULU YA LISUNGAMI<\/a><\/strong><\/td>\n<td style=\"width: 153.584%;\" width=\"111\"><\/td>\n<\/tr>\n<tr>\n<td style=\"width: 16.3823%;\" width=\"80\"><strong>Maya<\/strong><\/td>\n<td style=\"width: 26.4505%;\" width=\"136\"><a href=\"https:\/\/www.itakaescolapios.org\/wp-content\/uploads\/2019\/11\/LOGO-CAMPA\u00d1A-ITAKA-1920_07-MAY.pdf\" target=\"_blank\" rel=\"noopener noreferrer\">M\u00daUK KUXTAL<\/a><\/td>\n<td style=\"width: 26.1092%;\" width=\"136\"><strong><a href=\"https:\/\/www.itakaescolapios.org\/wp-content\/uploads\/2019\/11\/CARTEL-ITAKA-C1920-_07-MAYA.pdf\" target=\"_blank\" rel=\"noopener noreferrer\">CAMPA\u00d1A DE SOLIDARIDAD<\/a><\/strong><\/td>\n<td style=\"width: 153.584%;\" width=\"111\"><\/td>\n<\/tr>\n<tr>\n<td style=\"width: 16.3823%;\" width=\"80\"><strong>Quechua<\/strong><\/td>\n<td style=\"width: 26.4505%;\" width=\"136\"><a href=\"https:\/\/www.itakaescolapios.org\/wp-content\/uploads\/2019\/11\/LOGO-CAMPA\u00d1A-ITAKA-1920-_13-QUECH.pdf\">ASKHA KAUSAYTA KUSKACHASPA<\/a><\/td>\n<td style=\"width: 26.1092%;\" width=\"136\"><strong><a href=\"https:\/\/www.itakaescolapios.org\/wp-content\/uploads\/2019\/11\/CARTEL-ITAKA-C1920-_13-quechua.pdf\" target=\"_blank\" rel=\"noopener noreferrer\">SUNGUCHAKUY RUWAY<\/a><\/strong><\/td>\n<td style=\"width: 153.584%;\" width=\"111\"><\/td>\n<\/tr>\n<tr>\n<td style=\"width: 16.3823%;\" width=\"80\"><strong>Tagalog<\/strong><\/td>\n<td style=\"width: 26.4505%;\" width=\"136\"><a href=\"https:\/\/www.itakaescolapios.org\/wp-content\/uploads\/2019\/11\/LOGO-CAMPA\u00d1A-ITAKA-1920_06-TAG.pdf\" target=\"_blank\" rel=\"noopener noreferrer\">PAGBABAHIGANAN NG BUHAY<\/a><\/td>\n<td style=\"width: 26.1092%;\" width=\"136\"><strong><a href=\"https:\/\/www.itakaescolapios.org\/wp-content\/uploads\/2019\/11\/CARTEL-ITAKA-C1920-_06-TAG.pdf\" target=\"_blank\" rel=\"noopener noreferrer\">KAMPANYA PARA SA PAGKAKAISA<\/a><\/strong><\/td>\n<td style=\"width: 153.584%;\" width=\"111\"><a href=\"https:\/\/www.itakaescolapios.org\/wp-content\/uploads\/2019\/11\/cartel-GRACIAS-2019-TAG.pdf\" target=\"_blank\" rel=\"noopener noreferrer\">MARAMIT SAMALAT<\/a><\/td>\n<\/tr>\n<tr>\n<td style=\"width: 16.3823%;\" width=\"80\"><strong>Valenciano<\/strong><\/td>\n<td style=\"width: 26.4505%;\" width=\"136\"><a href=\"https:\/\/www.itakaescolapios.org\/wp-content\/uploads\/2019\/11\/LOGO-CAMPA\u00d1A-ITAKA-1920_09.-VAL.pdf\" target=\"_blank\" rel=\"noopener noreferrer\">COMPARTINT MOLTA VIDA<\/a><\/td>\n<td style=\"width: 26.1092%;\" width=\"136\"><strong><a href=\"https:\/\/www.itakaescolapios.org\/wp-content\/uploads\/2019\/11\/CARTEL-ITAKA-C1920-_09-VAL.pdf\" target=\"_blank\" rel=\"noopener noreferrer\">CAMPANYA DE SOLIDARITAT<\/a><\/strong><\/td>\n<td style=\"width: 153.584%;\" width=\"111\"><a href=\"https:\/\/www.itakaescolapios.org\/wp-content\/uploads\/2019\/11\/cartel-GRACIAS-2019-VAL.pdf\" target=\"_blank\" rel=\"noopener noreferrer\">GR\u00c0C\u00cdES<\/a><\/td>\n<\/tr>\n<tr>\n<td style=\"width: 16.3823%;\" width=\"80\"><strong>Visaya<\/strong><\/td>\n<td style=\"width: 26.4505%;\" width=\"136\"><a href=\"https:\/\/www.itakaescolapios.org\/wp-content\/uploads\/2019\/11\/LOGO-CAMPA\u00d1A-ITAKA-1920_05-VIS.pdf\" target=\"_blank\" rel=\"noopener noreferrer\">PAGPAAMBIT SA KINABUHI<\/a><\/td>\n<td style=\"width: 26.1092%;\" width=\"136\"><strong><a href=\"https:\/\/www.itakaescolapios.org\/wp-content\/uploads\/2019\/11\/CARTEL-ITAKA-C1920-_05-VIS.pdf\" target=\"_blank\" rel=\"noopener noreferrer\">KAMPANYA PARA SA PAGKAKAISA<\/a><\/strong><\/td>\n<td style=\"width: 153.584%;\" width=\"111\">GRACIAS<\/td>\n<\/tr>\n<tr>\n<td style=\"width: 16.3823%;\" width=\"80\"><strong>Wolof<\/strong><\/td>\n<td style=\"width: 26.4505%;\" width=\"136\"><a href=\"https:\/\/www.itakaescolapios.org\/wp-content\/uploads\/2019\/11\/LOGO-CAMPA\u00d1A-ITAKA-1920_11-WOL.pdf\" target=\"_blank\" rel=\"noopener noreferrer\">SEDDO DUND GU BARE<\/a><\/td>\n<td style=\"width: 26.1092%;\" width=\"136\"><strong><a href=\"https:\/\/www.itakaescolapios.org\/wp-content\/uploads\/2019\/11\/CARTEL-ITAKA-C1920-_11-WOL.pdf\" target=\"_blank\" rel=\"noopener noreferrer\">Y\u00cbNGU-Y\u00cbNGU NDIMB\u00cbLANTE<\/a><\/strong><\/td>\n<td style=\"width: 153.584%;\"><\/td>\n<\/tr>\n<\/tbody>\n<\/table>\n<h2><\/h2>\n<h2>Descarga la informaci\u00f3n de la campa\u00f1a que aparece en el bolet\u00edn de este curso:<\/h2>\n<table style=\"width: 92.9928%;\" width=\"317\">\n<tbody>\n<tr>\n<td style=\"width: 41.9558%;\" width=\"134\">ESPA\u00d1OL<\/td>\n<td style=\"width: 359.621%;\" width=\"183\"><strong><a href=\"https:\/\/www.itakaescolapios.org\/wp-content\/uploads\/2019\/11\/REVISTA-DE-CAMPAN\u0303A-1920.pdf\" target=\"_blank\" rel=\"noopener noreferrer\">REVISTA DE CAMPAN\u0303A<\/a><\/strong><\/td>\n<\/tr>\n<tr>\n<td style=\"width: 41.9558%;\">INGL\u00c9S<\/td>\n<td style=\"width: 359.621%;\">CAMPAIGN MAGAZINE<\/td>\n<\/tr>\n<tr>\n<td style=\"width: 41.9558%;\">FRANC\u00c9S<\/td>\n<td style=\"width: 359.621%;\">MAGAZINE DE CAMPAGNE<\/td>\n<\/tr>\n<tr>\n<td style=\"width: 41.9558%;\">PORTUGU\u00c9S<\/td>\n<td style=\"width: 359.621%;\">REVISTA DE CAMPANHA<\/td>\n<\/tr>\n<tr>\n<td style=\"width: 41.9558%;\">EUSKERA \u2013 ESPA\u00d1OL<\/td>\n<td style=\"width: 359.621%;\">KANPAINA ALDIZKARIA<\/td>\n<\/tr>\n<\/tbody>\n<\/table>\n<p><\/p>","protected":false},"excerpt":{"rendered":"<p>Ci spiace, ma questo articolo \u00e8 disponibile soltanto in Spagnolo Europeo.En esta secci\u00f3n puedes descargarte toda la carteler\u00eda y otros recursos\u00a0que\u00a0pueden ayudarte a\u00a0presentar\u00a0la campa\u00f1a y a\u00a0dinamizarla [&hellip;]<\/p>\n","protected":false},"author":1,"featured_media":0,"parent":2273,"menu_order":0,"comment_status":"closed","ping_status":"closed","template":"","meta":[],"acf":[],"_links":{"self":[{"href":"https:\/\/www.educa.itakaescolapios.org\/it\/wp-json\/wp\/v2\/pages\/2337"}],"collection":[{"href":"https:\/\/www.educa.itakaescolapios.org\/it\/wp-json\/wp\/v2\/pages"}],"about":[{"href":"https:\/\/www.educa.itakaescolapios.org\/it\/wp-json\/wp\/v2\/types\/page"}],"author":[{"embeddable":true,"href":"https:\/\/www.educa.itakaescolapios.org\/it\/wp-json\/wp\/v2\/users\/1"}],"replies":[{"embeddable":true,"href":"https:\/\/www.educa.itakaescolapios.org\/it\/wp-json\/wp\/v2\/comments?post=2337"}],"version-history":[{"count":1,"href":"https:\/\/www.educa.itakaescolapios.org\/it\/wp-json\/wp\/v2\/pages\/2337\/revisions"}],"predecessor-version":[{"id":2338,"href":"https:\/\/www.educa.itakaescolapios.org\/it\/wp-json\/wp\/v2\/pages\/2337\/revisions\/2338"}],"up":[{"embeddable":true,"href":"https:\/\/www.educa.itakaescolapios.org\/it\/wp-json\/wp\/v2\/pages\/2273"}],"wp:attachment":[{"href":"https:\/\/www.educa.itakaescolapios.org\/it\/wp-json\/wp\/v2\/media?parent=2337"}],"curies":[{"name":"wp","href":"https:\/\/api.w.org\/{rel}","templated":true}]}}