{"id":2355,"date":"2020-07-02T21:40:55","date_gmt":"2020-07-02T19:40:55","guid":{"rendered":"https:\/\/www.educa.itakaescolapios.org\/?page_id=2355"},"modified":"2020-07-02T22:10:43","modified_gmt":"2020-07-02T20:10:43","slug":"acto-central","status":"publish","type":"page","link":"https:\/\/www.educa.itakaescolapios.org\/it\/semanas-de-la-paz\/2019-2020-viviendo-la-paz\/acto-central","title":{"rendered":"ACTO CENTRAL"},"content":{"rendered":"<p class=\"qtranxs-available-languages-message qtranxs-available-languages-message-it\">Ci spiace, ma questo articolo \u00e8 disponibile soltanto in <a href=\"https:\/\/www.educa.itakaescolapios.org\/es\/wp-json\/wp\/v2\/pages\/2355\" class=\"qtranxs-available-language-link qtranxs-available-language-link-es\" title=\"Espa\u00f1ol\">Spagnolo Europeo<\/a>.<\/p><p><img decoding=\"async\" loading=\"lazy\" class=\"alignleft size-full wp-image-2356\" src=\"https:\/\/www.educa.itakaescolapios.org\/wp-content\/uploads\/2020\/07\/GLOBOS-300x200-1.png\" alt=\"\" width=\"300\" height=\"200\" srcset=\"https:\/\/www.educa.itakaescolapios.org\/wp-content\/uploads\/2020\/07\/GLOBOS-300x200-1.png 300w, https:\/\/www.educa.itakaescolapios.org\/wp-content\/uploads\/2020\/07\/GLOBOS-300x200-1-250x167.png 250w\" sizes=\"(max-width: 300px) 100vw, 300px\" \/>Son muchos los centros educativos en los que se encuentra instaurado un acto central con el objetivo de conmemortar el d\u00eda escolar de la Noviolencia y la Paz. Cada vez son m\u00e1s numerosas las globadas, o las concentraciones en zonas cercanas a nuestros colegios con el objetivo de que toda la ciudadan\u00eda pueda unirse a nuestra rehibindicaci\u00f3n.<\/p>\n<p><strong>Propuesta de actividad<\/strong><\/p>\n<p>La celebraci\u00f3n del D\u00eda Escolar por la No-violencia y la Paz no tiene porqu\u00e9 ser demasiado larga ni densa, sobre todo si durante la semana hemos trabajado en el aula a trav\u00e9s de las sesiones propuestas para cada curso.<\/p>\n<p>Se propone dedicar una hora aproximadamente, ya sea por la tarde o al final de la ma\u00f1ana, para que todo el colegio se pueda unir en la movilizaci\u00f3n por la paz.<\/p>\n<p><strong><a href=\"https:\/\/www.educa.itakaescolapios.org\/wp-content\/uploads\/2020\/07\/ACTO-CENTRAL.pdf\" target=\"_blank\" rel=\"noopener noreferrer\">ACTO CENTRAL<\/a><\/strong><\/p>","protected":false},"excerpt":{"rendered":"<p>Ci spiace, ma questo articolo \u00e8 disponibile soltanto in Spagnolo Europeo.Son muchos los centros educativos en los que se encuentra instaurado un acto central con el [&hellip;]<\/p>\n","protected":false},"author":1,"featured_media":0,"parent":2339,"menu_order":4,"comment_status":"closed","ping_status":"closed","template":"","meta":[],"acf":[],"_links":{"self":[{"href":"https:\/\/www.educa.itakaescolapios.org\/it\/wp-json\/wp\/v2\/pages\/2355"}],"collection":[{"href":"https:\/\/www.educa.itakaescolapios.org\/it\/wp-json\/wp\/v2\/pages"}],"about":[{"href":"https:\/\/www.educa.itakaescolapios.org\/it\/wp-json\/wp\/v2\/types\/page"}],"author":[{"embeddable":true,"href":"https:\/\/www.educa.itakaescolapios.org\/it\/wp-json\/wp\/v2\/users\/1"}],"replies":[{"embeddable":true,"href":"https:\/\/www.educa.itakaescolapios.org\/it\/wp-json\/wp\/v2\/comments?post=2355"}],"version-history":[{"count":1,"href":"https:\/\/www.educa.itakaescolapios.org\/it\/wp-json\/wp\/v2\/pages\/2355\/revisions"}],"predecessor-version":[{"id":2358,"href":"https:\/\/www.educa.itakaescolapios.org\/it\/wp-json\/wp\/v2\/pages\/2355\/revisions\/2358"}],"up":[{"embeddable":true,"href":"https:\/\/www.educa.itakaescolapios.org\/it\/wp-json\/wp\/v2\/pages\/2339"}],"wp:attachment":[{"href":"https:\/\/www.educa.itakaescolapios.org\/it\/wp-json\/wp\/v2\/media?parent=2355"}],"curies":[{"name":"wp","href":"https:\/\/api.w.org\/{rel}","templated":true}]}}