{"id":251,"date":"2018-04-03T13:43:05","date_gmt":"2018-04-03T11:43:05","guid":{"rendered":"http:\/\/www.educa.itakaescolapios.org\/?page_id=251"},"modified":"2018-04-03T13:52:37","modified_gmt":"2018-04-03T11:52:37","slug":"itaka-escolapios-y-la-educacion-primaria","status":"publish","type":"page","link":"https:\/\/www.educa.itakaescolapios.org\/it\/campanas\/2012-2013-la-educacion-multiplica-el-futuro\/itaka-escolapios-y-la-educacion-primaria","title":{"rendered":"Itaka-Escolapios y la educaci\u00f3n primaria"},"content":{"rendered":"<p class=\"qtranxs-available-languages-message qtranxs-available-languages-message-it\">Ci spiace, ma questo articolo \u00e8 disponibile soltanto in <a href=\"https:\/\/www.educa.itakaescolapios.org\/es\/wp-json\/wp\/v2\/pages\/251\" class=\"qtranxs-available-language-link qtranxs-available-language-link-es\" title=\"Espa\u00f1ol\">Spagnolo Europeo<\/a>.<\/p><p><a href=\"http:\/\/www.itakaescolapios.org\/campanas\/itaka-escolapios-y-la-educacion-primaria\/colegio-primaria-el-trompillo-3\/\" rel=\"attachment wp-att-4513\"><img decoding=\"async\" loading=\"lazy\" class=\"aligncenter  wp-image-4513\" title=\"Colegio primaria El Trompillo (3)\" src=\"http:\/\/www.itakaescolapios.org\/wp-content\/uploads\/2012\/11\/Colegio-primaria-El-Trompillo-3-1024x536.jpg\" alt=\"\" width=\"622\" height=\"260\" \/><\/a><\/p>\n<p>Cerca de 5.000 ni\u00f1os y ni\u00f1as acuden diariamente a las trece escuelas que Itaka-Escolapios impulsa en Bolivia, Camer\u00fan e India.<\/p>\n<p>Mil de esos alumnos ya alumnas se acercan a nuestra escuela en el municipio boliviano de Anzaldo a m\u00e1s de 3.000 metros de altitud. Otros mil tienen que caminar por zonas boscosas para llegar a la escuela Calasanz de Kamda o acercarse desde la costa del Oce\u00e1no Indico a la escuela Villa Natharet de Aryanad, ambas en la India. Finalmente cerca de tres mil asisten a las diez escuelas que mantenemos en Camer\u00fan: San Miguel en Futru, San Agust\u00edn en Mbelem, San Jos\u00e9 de Calasanz en Menteh, San Antonio en Bamenjou, Santa Teresa en Toba, San Mauricio en Latsit, San Fabian en Mboum, San Gabriel en Toumi, San Miguel en Ndang y San Jos\u00e9 de Calasanz en Bafia.<\/p>\n<p>Pinchando en los siguientes apartados podr\u00e1s ver la actividad de Itaka-Escolapios en cada una de ellas:<\/p>\n<ul>\n<li><a href=\"http:\/\/www.itakaescolapios.org\/que-hacemos\/apoyo-a-centros-escolares\/escuela-de-anzaldo-bolivia\/\">Escuela de Anzaldo (Bolivia)<\/a><\/li>\n<li><a href=\"http:\/\/www.itakaescolapios.org\/que-hacemos\/apoyo-a-centros-escolares\/escuela-de-kamda-india\/\">Escuela Calasanz de Kamda (India)<\/a><\/li>\n<li><a href=\"http:\/\/www.itakaescolapios.org\/que-hacemos\/apoyo-a-centros-escolares\/escuela-de-aryanad-india\/\">Escuela Villa Natharet de Aryanad (India)<\/a><\/li>\n<li><a href=\"http:\/\/www.itakaescolapios.org\/que-hacemos\/apoyo-a-centros-escolares\/escuelas-primarias-de-bamenda-camerun\/\">Escuelas primarias de Bamenda (Camer\u00fan)<\/a><\/li>\n<li><a href=\"http:\/\/www.itakaescolapios.org\/que-hacemos\/apoyo-a-centros-escolares\/escuelas-primarias-de-bamendjou-camerun\/\">Escuelas primarias de Bamendjou (Camer\u00fan)<\/a><\/li>\n<li><a href=\"http:\/\/www.itakaescolapios.org\/que-hacemos\/apoyo-a-centros-escolares\/escuela-primaria-de-bafia-camerun\/\">Escuela primaria de Bafia (Camer\u00fan)<\/a><\/li>\n<\/ul>\n<p>Adem\u00e1s de este trabajo directo en las aulas son otras las realidades que tienen relaci\u00f3n directa con la educaci\u00f3n primaria y de las que es responsable Itaka-Escolapios: el programa jornada ampliada que desarrollamos en los centros socio educativos de las ciudades de <a href=\"http:\/\/www.itakaescolapios.org\/que-hacemos\/centros-socio-educativos\/cse-serra-brasil\/\">Serra<\/a> y <a href=\"http:\/\/www.itakaescolapios.org\/que-hacemos\/centros-socio-educativos\/cse-governador-de-valadares-brasil\/\">Governador de Valadares <\/a>en Brasil, el centro de necesidades educativas especiales del barrio de <a href=\"http:\/\/www.itakaescolapios.org\/que-hacemos\/centros-socio-educativos\/centro-de-necesidades-educativas-especiales-de-lomas-en-valencia-venezuela\/\">Lomas <\/a>en la ciudad venezolana de Valencia o el programa de becas en <a href=\"http:\/\/www.itakaescolapios.org\/que-hacemos\/apoyo-a-centros-escolares\/becas-escolares-de-nicaragua-y-republica-dominicana\/\">Centro Am\u00e9rica<\/a>, son un claro ejemplo de ello.<\/p>","protected":false},"excerpt":{"rendered":"<p>Ci spiace, ma questo articolo \u00e8 disponibile soltanto in Spagnolo Europeo. Cerca de 5.000 ni\u00f1os y ni\u00f1as acuden diariamente a las trece escuelas que Itaka-Escolapios impulsa [&hellip;]<\/p>\n","protected":false},"author":1,"featured_media":0,"parent":230,"menu_order":4,"comment_status":"closed","ping_status":"closed","template":"","meta":[],"acf":[],"_links":{"self":[{"href":"https:\/\/www.educa.itakaescolapios.org\/it\/wp-json\/wp\/v2\/pages\/251"}],"collection":[{"href":"https:\/\/www.educa.itakaescolapios.org\/it\/wp-json\/wp\/v2\/pages"}],"about":[{"href":"https:\/\/www.educa.itakaescolapios.org\/it\/wp-json\/wp\/v2\/types\/page"}],"author":[{"embeddable":true,"href":"https:\/\/www.educa.itakaescolapios.org\/it\/wp-json\/wp\/v2\/users\/1"}],"replies":[{"embeddable":true,"href":"https:\/\/www.educa.itakaescolapios.org\/it\/wp-json\/wp\/v2\/comments?post=251"}],"version-history":[{"count":1,"href":"https:\/\/www.educa.itakaescolapios.org\/it\/wp-json\/wp\/v2\/pages\/251\/revisions"}],"predecessor-version":[{"id":252,"href":"https:\/\/www.educa.itakaescolapios.org\/it\/wp-json\/wp\/v2\/pages\/251\/revisions\/252"}],"up":[{"embeddable":true,"href":"https:\/\/www.educa.itakaescolapios.org\/it\/wp-json\/wp\/v2\/pages\/230"}],"wp:attachment":[{"href":"https:\/\/www.educa.itakaescolapios.org\/it\/wp-json\/wp\/v2\/media?parent=251"}],"curies":[{"name":"wp","href":"https:\/\/api.w.org\/{rel}","templated":true}]}}