{"id":2618,"date":"2020-10-20T09:48:46","date_gmt":"2020-10-20T07:48:46","guid":{"rendered":"https:\/\/www.educa.itakaescolapios.org\/?page_id=2618"},"modified":"2021-05-24T12:11:58","modified_gmt":"2021-05-24T10:11:58","slug":"2020-2021-reiniciando-para-transformar","status":"publish","type":"page","link":"https:\/\/www.educa.itakaescolapios.org\/it\/campanas\/2020-2021-reiniciando-para-transformar","title":{"rendered":"2020-2021 Reiniciando para transformar"},"content":{"rendered":"<p>https:\/\/youtu.be\/k1V16Gm5fjA<\/p>\n<p>La red Itaka-Escolapios, todos los a\u00f1os realiza una campa\u00f1a de solidaridad a nivel internacional, para ayudar, colaborar, sostener alg\u00fan proyecto concreto de la Misi\u00f3n escolapia con los ni\u00f1os, ni\u00f1as y j\u00f3venes, especialmente m\u00e1s necesitados. Recordar\u00e1s campa\u00f1as como \u201cAl ritmo del Congo\u201d, \u201cEl tesoro de Senegal\u201d, \u201cAl encuentro de Atamb\u00faa\u201d\u2026<\/p>\n<p>Pero este a\u00f1o, Itaka-Escolapios, comprendiendo el momento que vivimos, la situaci\u00f3n de pandemia, propone no apoyar un proyecto concreto, sino la <strong>colaboraci\u00f3n con la Misi\u00f3n escolapia en General<\/strong> para socorrer y apoyar cualquier proyecto, a varios proyectos, con las personas m\u00e1s necesitadas que est\u00e9n necesitando soporte en este momento de dificultad.<\/p>\n<p>La pandemia est\u00e1 provocando mucha vulnerabilidad, no solamente a las personas, sino tambi\u00e9n a las instituciones. Tambi\u00e9n en los proyectos concretos que como escolapios, desde Itaka-Escolapios, estamos sosteniendo.<\/p>\n<p>El lema de esta campa\u00f1a \u201c<strong>Reiniciando para transformar<\/strong>\u201d quiere poner en valor que, aunque Itaka-Escolapios nunca se ha parado, ya que hemos intentado dar respuesta a las necesidades sociales con nuevas iniciativas, tal vez m\u00e1s creativas, queremos Reactivar nuestra solidaridad para continuar transform\u00e1ndonos y transformando.<\/p>\n<p>Para poder alcanzar este objetivo de transformaci\u00f3n personal para la transformaci\u00f3n social hemos dise\u00f1ado la campa\u00f1a <strong>utilizando la metodolog\u00eda de \u201cDesign for change\u201d<\/strong>-\u201cDise\u00f1o para el cambio\u201d.<\/p>\n<p>Esta metodolog\u00eda busca la partici\u00f3n de las personas y la transformaci\u00f3n de la sociedad.<\/p>\n<p>La tripulaci\u00f3n Itaka-Escolapios te llevar\u00e1 por los siguientes pasos de esta metodolog\u00eda (Siente, Imagina, Act\u00faa, Evol\u00faa y Comparte) para poder alcanzar el objetivo final de transformar la realidad <strong>colaborando con la Misi\u00f3n escolapia<\/strong>.<\/p>\n<p>&nbsp;<\/p>\n<h3><span style=\"text-decoration: underline;\"><strong>Pincha en los v\u00ednculos para acceder a m\u00e1s contenido de la campa\u00f1a:<\/strong><\/span><\/h3>\n<ul class=\"children\">\n<li class=\"page_item page-item-2621\"><a href=\"https:\/\/www.educa.itakaescolapios.org\/campanas\/2020-2021-reiniciando-para-transformar\/recordando-la-campana-compartiendo-mucha-vida\">Recordando la campa\u00f1a \u00abCompartiendo mucha vida\u00bb<\/a><\/li>\n<li><\/li>\n<li class=\"page_item page-item-2623\"><a href=\"https:\/\/www.educa.itakaescolapios.org\/campanas\/2020-2021-reiniciando-para-transformar\/sesion-formativa-design-for-change\">Sesi\u00f3n Formativa \u00abDesign for change\u00bb<\/a><\/li>\n<li><\/li>\n<li class=\"page_item page-item-2658 page_item_has_children current_page_item\"><a href=\"https:\/\/www.educa.itakaescolapios.org\/campanas\/2020-2021-reiniciando-para-transformar\/siente\" aria-current=\"page\">\u00a1Siente!<\/a>\n<ul>\n<li style=\"list-style-type: none;\">\n<ul class=\"children\">\n<li class=\"page_item page-item-2664\"><a href=\"https:\/\/www.educa.itakaescolapios.org\/campanas\/2020-2021-reiniciando-para-transformar\/siente\/presentacion-orden-fraternidad-mc\">Presentaci\u00f3n. Orden-Fraternidad-MC<\/a><\/li>\n<li class=\"page_item page-item-2673\"><a href=\"https:\/\/www.educa.itakaescolapios.org\/campanas\/2020-2021-reiniciando-para-transformar\/siente\/presentacion-coordinador-general-itaka-escolapios\">Presentaci\u00f3n Coordinador General Itaka-Escolapios<\/a><a href=\"https:\/\/www.educa.itakaescolapios.org\/campanas\/2020-2021-reiniciando-para-transformar\/siente\"><img decoding=\"async\" loading=\"lazy\" class=\"alignright size-medium wp-image-2975\" src=\"https:\/\/www.educa.itakaescolapios.org\/wp-content\/uploads\/2020\/11\/mano-click-verde-por-dos-300x156.jpg\" alt=\"\" width=\"300\" height=\"156\" srcset=\"https:\/\/www.educa.itakaescolapios.org\/wp-content\/uploads\/2020\/11\/mano-click-verde-por-dos-300x156.jpg 300w, https:\/\/www.educa.itakaescolapios.org\/wp-content\/uploads\/2020\/11\/mano-click-verde-por-dos-1024x532.jpg 1024w, https:\/\/www.educa.itakaescolapios.org\/wp-content\/uploads\/2020\/11\/mano-click-verde-por-dos-768x399.jpg 768w, https:\/\/www.educa.itakaescolapios.org\/wp-content\/uploads\/2020\/11\/mano-click-verde-por-dos-1536x799.jpg 1536w, https:\/\/www.educa.itakaescolapios.org\/wp-content\/uploads\/2020\/11\/mano-click-verde-por-dos-2048x1065.jpg 2048w, https:\/\/www.educa.itakaescolapios.org\/wp-content\/uploads\/2020\/11\/mano-click-verde-por-dos-250x130.jpg 250w\" sizes=\"(max-width: 300px) 100vw, 300px\" \/><\/a><\/li>\n<li class=\"page_item page-item-2675\"><a href=\"https:\/\/www.educa.itakaescolapios.org\/campanas\/2020-2021-reiniciando-para-transformar\/siente\/testimonios\">Testimonios (2\u00a0 a +18)<\/a><\/li>\n<li class=\"page_item page-item-2693\"><a href=\"https:\/\/www.educa.itakaescolapios.org\/campanas\/2020-2021-reiniciando-para-transformar\/siente\/oramos-con-calasanz\">Oramos con Calasanz (8 a +18)<\/a><\/li>\n<li class=\"page_item page-item-2699\"><a href=\"https:\/\/www.educa.itakaescolapios.org\/campanas\/2020-2021-reiniciando-para-transformar\/siente\/impacto-y-respuesta-de-itaka-escolapios\">impacto y respuesta de itaka-escolapios (14 a +18)<\/a><\/li>\n<li class=\"page_item page-item-2706\"><a href=\"https:\/\/www.educa.itakaescolapios.org\/campanas\/2020-2021-reiniciando-para-transformar\/siente\/conociendo-a-la-tripulacion-itaka-escolapios\">Conociendo a la Tripulaci\u00f3n ITaka-Escolapios (2 a 7)<\/a><\/li>\n<li class=\"page_item page-item-2713\"><a href=\"https:\/\/www.educa.itakaescolapios.org\/campanas\/2020-2021-reiniciando-para-transformar\/siente\/mapamundi\">Mapamundi (2 a 7)<\/a><\/li>\n<li class=\"page_item page-item-2718\"><a href=\"https:\/\/www.educa.itakaescolapios.org\/campanas\/2020-2021-reiniciando-para-transformar\/siente\/capsula-del-tiempo\">C\u00e1psula del tiempo (2 a +18)<\/a><\/li>\n<li class=\"page_item page-item-2725\"><a href=\"https:\/\/www.educa.itakaescolapios.org\/campanas\/2020-2021-reiniciando-para-transformar\/siente\/familia-transformadora\">Familia Transformadora (2 a +18)<\/a><\/li>\n<li class=\"page_item page-item-2721\"><a href=\"https:\/\/www.educa.itakaescolapios.org\/campanas\/2020-2021-reiniciando-para-transformar\/siente\/compara-y-contrasta\">Compara y Contrasta (8 a +18)<\/a><\/li>\n<li class=\"page_item page-item-2727\"><a href=\"https:\/\/www.educa.itakaescolapios.org\/campanas\/2020-2021-reiniciando-para-transformar\/siente\/buzon-solidario\">Buz\u00f3n solidario (2\u00a0 a +18)<\/a><\/li>\n<\/ul>\n<\/li>\n<\/ul>\n<\/li>\n<li><\/li>\n<li class=\"page_item page-item-2734 page_item_has_children\"><a href=\"https:\/\/www.educa.itakaescolapios.org\/campanas\/2020-2021-reiniciando-para-transformar\/imagina\">\u00a1Imagina!<\/a>\n<ul>\n<li style=\"list-style-type: none;\">\n<ul class=\"children\">\n<li class=\"page_item page-item-2740\"><a href=\"https:\/\/www.educa.itakaescolapios.org\/campanas\/2020-2021-reiniciando-para-transformar\/imagina\/cuento-la-tripulacion-se-queda-en-casa\">Cuento: La tripulaci\u00f3n se queda en casa (2 a 7)<\/a><\/li>\n<li class=\"page_item page-item-2745\"><a href=\"https:\/\/www.educa.itakaescolapios.org\/campanas\/2020-2021-reiniciando-para-transformar\/imagina\/asamblea\">Asamblea (8 a +18)<\/a><\/li>\n<li><\/li>\n<\/ul>\n<\/li>\n<\/ul>\n<\/li>\n<li class=\"page_item page-item-2751 page_item_has_children\"><a href=\"https:\/\/www.educa.itakaescolapios.org\/campanas\/2020-2021-reiniciando-para-transformar\/actua\">\u00a1Act\u00faa!<\/a>\n<ul>\n<li style=\"list-style-type: none;\">\n<ul class=\"children\">\n<li class=\"page_item page-item-2754\"><a href=\"https:\/\/www.educa.itakaescolapios.org\/campanas\/2020-2021-reiniciando-para-transformar\/actua\/pequenas-acciones-reinician-grandes-cambios\">Peque\u00f1as acciones reinician grandes cambios (2 a 12)<\/a><a href=\"https:\/\/www.educa.itakaescolapios.org\/campanas\/2020-2021-reiniciando-para-transformar\/imagina\"><img decoding=\"async\" loading=\"lazy\" class=\"alignright wp-image-2695\" src=\"https:\/\/www.educa.itakaescolapios.org\/wp-content\/uploads\/2020\/11\/CALASANZ_COLOR-229x300.jpg\" alt=\"\" width=\"180\" height=\"236\" srcset=\"https:\/\/www.educa.itakaescolapios.org\/wp-content\/uploads\/2020\/11\/CALASANZ_COLOR-229x300.jpg 229w, https:\/\/www.educa.itakaescolapios.org\/wp-content\/uploads\/2020\/11\/CALASANZ_COLOR-782x1024.jpg 782w, https:\/\/www.educa.itakaescolapios.org\/wp-content\/uploads\/2020\/11\/CALASANZ_COLOR-768x1006.jpg 768w, https:\/\/www.educa.itakaescolapios.org\/wp-content\/uploads\/2020\/11\/CALASANZ_COLOR-1172x1536.jpg 1172w, https:\/\/www.educa.itakaescolapios.org\/wp-content\/uploads\/2020\/11\/CALASANZ_COLOR-1563x2048.jpg 1563w, https:\/\/www.educa.itakaescolapios.org\/wp-content\/uploads\/2020\/11\/CALASANZ_COLOR-250x328.jpg 250w, https:\/\/www.educa.itakaescolapios.org\/wp-content\/uploads\/2020\/11\/CALASANZ_COLOR-scaled.jpg 1954w\" sizes=\"(max-width: 180px) 100vw, 180px\" \/><\/a><\/li>\n<li class=\"page_item page-item-2860 current_page_item\"><a href=\"https:\/\/www.educa.itakaescolapios.org\/campanas\/2020-2021-reiniciando-para-transformar\/actua\/transformando\" aria-current=\"page\">Transformando (8 a +18)<\/a><\/li>\n<\/ul>\n<\/li>\n<\/ul>\n<\/li>\n<li><\/li>\n<li class=\"page_item page-item-2758\"><a href=\"https:\/\/www.educa.itakaescolapios.org\/campanas\/2020-2021-reiniciando-para-transformar\/evolua\">\u00a1Evol\u00faa!<\/a><\/li>\n<li><\/li>\n<li class=\"page_item page-item-2762\"><a href=\"https:\/\/www.educa.itakaescolapios.org\/campanas\/2020-2021-reiniciando-para-transformar\/comparte\">\u00a1Comparte!<\/a><\/li>\n<li><\/li>\n<li class=\"page_item page-item-3101\"><a href=\"https:\/\/www.educa.itakaescolapios.org\/campanas\/2020-2021-reiniciando-para-transformar\/movimiento-calasanz\">Movimiento Calasanz<\/a><\/li>\n<li><\/li>\n<li class=\"page_item page-item-2864 page_item_has_children\"><a href=\"https:\/\/www.educa.itakaescolapios.org\/campanas\/2020-2021-reiniciando-para-transformar\/carteleria-y-ambientacion\">Carteler\u00eda y ambientaci\u00f3n<\/a><\/li>\n<\/ul>\n<p>&nbsp;<\/p>\n<p style=\"padding-left: 40px;\"><a href=\"https:\/\/www.educa.itakaescolapios.org\/campanas\/2020-2021-reiniciando-para-transformar\/movimiento-calasanz\">MOVIMIENTO CALASANZ (8 A +18)<\/a><\/p>\n<p>&nbsp;<\/p>\n<p>&nbsp;<\/p>","protected":false},"excerpt":{"rendered":"<p>https:\/\/youtu.be\/k1V16Gm5fjA La red Itaka-Escolapios, todos los a\u00f1os realiza una campa\u00f1a de solidaridad a nivel internacional, para ayudar, colaborar, sostener alg\u00fan proyecto concreto de la Misi\u00f3n escolapia [&hellip;]<\/p>\n","protected":false},"author":5,"featured_media":2801,"parent":70,"menu_order":1,"comment_status":"closed","ping_status":"closed","template":"","meta":[],"acf":[],"_links":{"self":[{"href":"https:\/\/www.educa.itakaescolapios.org\/it\/wp-json\/wp\/v2\/pages\/2618"}],"collection":[{"href":"https:\/\/www.educa.itakaescolapios.org\/it\/wp-json\/wp\/v2\/pages"}],"about":[{"href":"https:\/\/www.educa.itakaescolapios.org\/it\/wp-json\/wp\/v2\/types\/page"}],"author":[{"embeddable":true,"href":"https:\/\/www.educa.itakaescolapios.org\/it\/wp-json\/wp\/v2\/users\/5"}],"replies":[{"embeddable":true,"href":"https:\/\/www.educa.itakaescolapios.org\/it\/wp-json\/wp\/v2\/comments?post=2618"}],"version-history":[{"count":123,"href":"https:\/\/www.educa.itakaescolapios.org\/it\/wp-json\/wp\/v2\/pages\/2618\/revisions"}],"predecessor-version":[{"id":4726,"href":"https:\/\/www.educa.itakaescolapios.org\/it\/wp-json\/wp\/v2\/pages\/2618\/revisions\/4726"}],"up":[{"embeddable":true,"href":"https:\/\/www.educa.itakaescolapios.org\/it\/wp-json\/wp\/v2\/pages\/70"}],"wp:featuredmedia":[{"embeddable":true,"href":"https:\/\/www.educa.itakaescolapios.org\/it\/wp-json\/wp\/v2\/media\/2801"}],"wp:attachment":[{"href":"https:\/\/www.educa.itakaescolapios.org\/it\/wp-json\/wp\/v2\/media?parent=2618"}],"curies":[{"name":"wp","href":"https:\/\/api.w.org\/{rel}","templated":true}]}}