{"id":2745,"date":"2020-11-04T18:53:17","date_gmt":"2020-11-04T17:53:17","guid":{"rendered":"https:\/\/www.educa.itakaescolapios.org\/?page_id=2745"},"modified":"2021-01-03T11:07:09","modified_gmt":"2021-01-03T10:07:09","slug":"asamblea","status":"publish","type":"page","link":"https:\/\/www.educa.itakaescolapios.org\/it\/campanas\/2020-2021-reiniciando-para-transformar\/imagina\/asamblea","title":{"rendered":"Asamblea (8 a +18)"},"content":{"rendered":"<p class=\"qtranxs-available-languages-message qtranxs-available-languages-message-it\">Ci spiace, ma questo articolo \u00e8 disponibile soltanto in <a href=\"https:\/\/www.educa.itakaescolapios.org\/es\/wp-json\/wp\/v2\/pages\/2745\" class=\"qtranxs-available-language-link qtranxs-available-language-link-es\" title=\"Espa\u00f1ol\">Spagnolo Europeo<\/a>, <a href=\"https:\/\/www.educa.itakaescolapios.org\/en\/wp-json\/wp\/v2\/pages\/2745\" class=\"qtranxs-available-language-link qtranxs-available-language-link-en\" title=\"English\">Inglese Americano<\/a>, <a href=\"https:\/\/www.educa.itakaescolapios.org\/eu\/wp-json\/wp\/v2\/pages\/2745\" class=\"qtranxs-available-language-link qtranxs-available-language-link-eu\" title=\"Euskera\">Basco<\/a>, <a href=\"https:\/\/www.educa.itakaescolapios.org\/fr\/wp-json\/wp\/v2\/pages\/2745\" class=\"qtranxs-available-language-link qtranxs-available-language-link-fr\" title=\"Fran\u00e7ais\">Francese<\/a> e <a href=\"https:\/\/www.educa.itakaescolapios.org\/pt\/wp-json\/wp\/v2\/pages\/2745\" class=\"qtranxs-available-language-link qtranxs-available-language-link-pt\" title=\"Portugu\u00eas\">Portoghese Europeo<\/a>.<\/p><p><\/p>\n<p style=\"text-align: justify;\"><img decoding=\"async\" loading=\"lazy\" class=\"alignright size-medium wp-image-2746\" src=\"https:\/\/www.educa.itakaescolapios.org\/wp-content\/uploads\/2020\/11\/QUISAP_COLOR-214x300.jpg\" alt=\"\" width=\"214\" height=\"300\" srcset=\"https:\/\/www.educa.itakaescolapios.org\/wp-content\/uploads\/2020\/11\/QUISAP_COLOR-214x300.jpg 214w, https:\/\/www.educa.itakaescolapios.org\/wp-content\/uploads\/2020\/11\/QUISAP_COLOR-731x1024.jpg 731w, https:\/\/www.educa.itakaescolapios.org\/wp-content\/uploads\/2020\/11\/QUISAP_COLOR-768x1075.jpg 768w, https:\/\/www.educa.itakaescolapios.org\/wp-content\/uploads\/2020\/11\/QUISAP_COLOR-1097x1536.jpg 1097w, https:\/\/www.educa.itakaescolapios.org\/wp-content\/uploads\/2020\/11\/QUISAP_COLOR-1463x2048.jpg 1463w, https:\/\/www.educa.itakaescolapios.org\/wp-content\/uploads\/2020\/11\/QUISAP_COLOR-250x350.jpg 250w, https:\/\/www.educa.itakaescolapios.org\/wp-content\/uploads\/2020\/11\/QUISAP_COLOR-scaled.jpg 1829w\" sizes=\"(max-width: 214px) 100vw, 214px\" \/>Estamos en el segundo paso de la metodolog\u00eda <em>Dise\u00f1o para el cambio<\/em>. Se trata de proponer el mayor n\u00famero de ideas posible (y cuanto m\u00e1s locas, mejor) para resolver la situaci\u00f3n elegida. Con la soluci\u00f3n m\u00e1s interesante para el grupo se hace un prototipo, se prueba, y se elabora un plan de acci\u00f3n. <strong>Lo importante es ser conscientes de que se va a emprender un cambio real.<\/strong> Quiz\u00e1s haya que aterrizar la idea inicial y hacerla \u201crealizable\u201d: es una oportunidad para conseguir llevar a cabo su proyecto sin depender de nadie. \u00bfCu\u00e1l es el ingrediente clave? Desarrolla CREATIVIDAD.<\/p>\n<p style=\"text-align: justify;\">Desde el equipo que desarrolla las actividades de la campa\u00f1a te proponemos elij\u00e1is dos representantes por clase para realizar una asamblea en horario escolar. Se puede plantear por etapas, ciclos o como asamblea \u00fanica seg\u00fan el n\u00famero de alumnos\/as que tenemos en el colegio. La propuesta es hacer algo visible, que \u201crompa\u201d de alguna manera el ritmo de clases y que podamos visibilizar en RRSS, web del colegio\u2026<\/p>\n<p style=\"text-align: justify;\">Como hemos explicado, el objetivo es lanzar multitud de ideas que puedan transformar alguna de las situaciones que hemos analizado en la fase del SENTIR.<\/p>\n<p style=\"text-align: justify;\">La propuesta de <strong>acciones metodol\u00f3gicas<\/strong> para llevar a cabo esta fase son las siguientes:<\/p>\n<ul>\n<li style=\"text-align: justify;\"><strong>Lluvia de ideas<\/strong><\/li>\n<li style=\"text-align: justify;\"><strong>L\u00e1pices al centro: <\/strong>Es una estructura de aprendizaje cooperativo simple. Los alumnos\/as se agrupan de cuatro en cuatro, cada uno con una hoja de papel y un l\u00e1piz (o bol\u00edgrafo). De uno en uno lanzan una idea que aporte alguna soluci\u00f3n para las situaciones que hemos visto en la fase del sentir. En ese momento, los l\u00e1pices est\u00e1n en el centro. Cuando se ha debatido y la acci\u00f3n parece buena o aceptable, todos la escriben en el papel. El objetivo es el di\u00e1logo, la interacci\u00f3n y la participaci\u00f3n equilibrada de los miembros del grupo.<\/li>\n<\/ul>\n<ul style=\"text-align: justify;\">\n<li><strong>Los pares discuten: <\/strong>El profesor\/a plantea una situaci\u00f3n de las que se han visto en la fa<\/li>\n<li>se de SENTIR y los miembros de la pareja buscan la soluci\u00f3n. A la se\u00f1al del profesorado debaten durante el tiempo fijado (en funci\u00f3n de la dificultad del tema) y exponen la soluci\u00f3n mutua al resto del equipo.<\/li>\n<\/ul>\n<p style=\"text-align: justify;\">Esta estructura busca la interacci\u00f3n simult\u00e1nea, participaci\u00f3n equilibrada e interdependencia positiva<\/p>\n<p style=\"text-align: justify;\">Recogidas las acciones que se han propuesto en asamblea, los representantes vuelven a las aulas.<\/p>\n<p style=\"padding-left: 40px;\"><a href=\"https:\/\/www.educa.itakaescolapios.org\/wp-content\/uploads\/2020\/11\/asamblea-.pdf\" target=\"_blank\" rel=\"noopener noreferrer\">Ficha PDF Asamblea<\/a><\/p>\n<p><a href=\"https:\/\/www.educa.itakaescolapios.org\/wp-content\/uploads\/2020\/11\/asamblea-.pdf\" target=\"_blank\" rel=\"noopener noreferrer\"><img decoding=\"async\" loading=\"lazy\" class=\"alignleft wp-image-3014 size-medium\" src=\"https:\/\/www.educa.itakaescolapios.org\/wp-content\/uploads\/2020\/11\/mano-click-verde-en-el-medio-300x107.jpg\" alt=\"\" width=\"300\" height=\"107\" srcset=\"https:\/\/www.educa.itakaescolapios.org\/wp-content\/uploads\/2020\/11\/mano-click-verde-en-el-medio-300x107.jpg 300w, https:\/\/www.educa.itakaescolapios.org\/wp-content\/uploads\/2020\/11\/mano-click-verde-en-el-medio-1024x366.jpg 1024w, https:\/\/www.educa.itakaescolapios.org\/wp-content\/uploads\/2020\/11\/mano-click-verde-en-el-medio-768x275.jpg 768w, https:\/\/www.educa.itakaescolapios.org\/wp-content\/uploads\/2020\/11\/mano-click-verde-en-el-medio-1536x549.jpg 1536w, https:\/\/www.educa.itakaescolapios.org\/wp-content\/uploads\/2020\/11\/mano-click-verde-en-el-medio-2048x732.jpg 2048w, https:\/\/www.educa.itakaescolapios.org\/wp-content\/uploads\/2020\/11\/mano-click-verde-en-el-medio-250x89.jpg 250w\" sizes=\"(max-width: 300px) 100vw, 300px\" \/><\/a><\/p>\n<p>&nbsp;<\/p>\n<p>&nbsp;<\/p>\n<p>&nbsp;<\/p>\n<p>&nbsp;<\/p>\n<p>&nbsp;<\/p>","protected":false},"excerpt":{"rendered":"<p>Ci spiace, ma questo articolo \u00e8 disponibile soltanto in Spagnolo Europeo, Inglese Americano, Basco, Francese e Portoghese Europeo. Estamos en el segundo paso de la metodolog\u00eda [&hellip;]<\/p>\n","protected":false},"author":5,"featured_media":0,"parent":2734,"menu_order":2,"comment_status":"closed","ping_status":"closed","template":"","meta":[],"acf":[],"_links":{"self":[{"href":"https:\/\/www.educa.itakaescolapios.org\/it\/wp-json\/wp\/v2\/pages\/2745"}],"collection":[{"href":"https:\/\/www.educa.itakaescolapios.org\/it\/wp-json\/wp\/v2\/pages"}],"about":[{"href":"https:\/\/www.educa.itakaescolapios.org\/it\/wp-json\/wp\/v2\/types\/page"}],"author":[{"embeddable":true,"href":"https:\/\/www.educa.itakaescolapios.org\/it\/wp-json\/wp\/v2\/users\/5"}],"replies":[{"embeddable":true,"href":"https:\/\/www.educa.itakaescolapios.org\/it\/wp-json\/wp\/v2\/comments?post=2745"}],"version-history":[{"count":17,"href":"https:\/\/www.educa.itakaescolapios.org\/it\/wp-json\/wp\/v2\/pages\/2745\/revisions"}],"predecessor-version":[{"id":4243,"href":"https:\/\/www.educa.itakaescolapios.org\/it\/wp-json\/wp\/v2\/pages\/2745\/revisions\/4243"}],"up":[{"embeddable":true,"href":"https:\/\/www.educa.itakaescolapios.org\/it\/wp-json\/wp\/v2\/pages\/2734"}],"wp:attachment":[{"href":"https:\/\/www.educa.itakaescolapios.org\/it\/wp-json\/wp\/v2\/media?parent=2745"}],"curies":[{"name":"wp","href":"https:\/\/api.w.org\/{rel}","templated":true}]}}