{"id":2751,"date":"2020-11-04T19:01:25","date_gmt":"2020-11-04T18:01:25","guid":{"rendered":"https:\/\/www.educa.itakaescolapios.org\/?page_id=2751"},"modified":"2021-01-03T11:27:20","modified_gmt":"2021-01-03T10:27:20","slug":"actua","status":"publish","type":"page","link":"https:\/\/www.educa.itakaescolapios.org\/it\/campanas\/2020-2021-reiniciando-para-transformar\/actua","title":{"rendered":"\u00a1Act\u00faa!"},"content":{"rendered":"<p class=\"qtranxs-available-languages-message qtranxs-available-languages-message-it\">Ci spiace, ma questo articolo \u00e8 disponibile soltanto in <a href=\"https:\/\/www.educa.itakaescolapios.org\/es\/wp-json\/wp\/v2\/pages\/2751\" class=\"qtranxs-available-language-link qtranxs-available-language-link-es\" title=\"Espa\u00f1ol\">Spagnolo Europeo<\/a>, <a href=\"https:\/\/www.educa.itakaescolapios.org\/en\/wp-json\/wp\/v2\/pages\/2751\" class=\"qtranxs-available-language-link qtranxs-available-language-link-en\" title=\"English\">Inglese Americano<\/a>, <a href=\"https:\/\/www.educa.itakaescolapios.org\/eu\/wp-json\/wp\/v2\/pages\/2751\" class=\"qtranxs-available-language-link qtranxs-available-language-link-eu\" title=\"Euskera\">Basco<\/a>, <a href=\"https:\/\/www.educa.itakaescolapios.org\/fr\/wp-json\/wp\/v2\/pages\/2751\" class=\"qtranxs-available-language-link qtranxs-available-language-link-fr\" title=\"Fran\u00e7ais\">Francese<\/a> e <a href=\"https:\/\/www.educa.itakaescolapios.org\/pt\/wp-json\/wp\/v2\/pages\/2751\" class=\"qtranxs-available-language-link qtranxs-available-language-link-pt\" title=\"Portugu\u00eas\">Portoghese Europeo<\/a>.<\/p><p><img decoding=\"async\" loading=\"lazy\" class=\"alignright wp-image-2752\" src=\"https:\/\/www.educa.itakaescolapios.org\/wp-content\/uploads\/2020\/11\/ACTUA-Cartel-DFC-Espan\u0303a-516x730-2-251x300.png\" alt=\"\" width=\"35%\" height=\"35%\" srcset=\"https:\/\/www.educa.itakaescolapios.org\/wp-content\/uploads\/2020\/11\/ACTUA-Cartel-DFC-Espan\u0303a-516x730-2-251x300.png 251w, https:\/\/www.educa.itakaescolapios.org\/wp-content\/uploads\/2020\/11\/ACTUA-Cartel-DFC-Espan\u0303a-516x730-2-250x299.png 250w, https:\/\/www.educa.itakaescolapios.org\/wp-content\/uploads\/2020\/11\/ACTUA-Cartel-DFC-Espan\u0303a-516x730-2.png 441w\" sizes=\"(max-width: 251px) 100vw, 251px\" \/>No podemos dejar de dar respuesta a las necesidades de nuestra sociedad, a los problemas de nuestro mundo.<\/p>\n<p>No podemos dejar que los Misi\u00f3n escolapia no pueda atender, como se merecen, a los ni\u00f1os, ni\u00f1as, j\u00f3venes, las personas en general\u2026 y especialmente a las personas que est\u00e1n en situaci\u00f3n de mayor vulnerabilidad.<\/p>\n<p>No podemos dejar que, tantos y tantos proyectos que hemos impulsado durante a\u00f1os desde la red Itaka-Escolapios, se ralenticen o tal vez hasta desaparezcan.<\/p>\n<p><strong>Llega el momento de actuar<\/strong>.<\/p>\n<p>Estamos en la cuarta tercera fase de la metodolog\u00eda \u201cDesign for change-Dise\u00f1o para el cambio\u201d, ACT\u00daA.<\/p>\n<p>A continuaci\u00f3n te proponemos algunas actividades que, tal vez, te puedan ayudar a actuar.<\/p>\n<p>Recuerda, todas las acciones que impulsamos desde <strong>Sensibilizaci\u00f3n Itaka-Escolapios nos deben servir para transformarnos y transformar la sociedad<\/strong>, si no es as\u00ed, habr\u00e1n sido, simplemente. \u201cpalabras que se lleva el viento\u201d.<\/p>\n<p>&nbsp;<\/p>\n<p style=\"padding-left: 40px;\"><a href=\"https:\/\/www.educa.itakaescolapios.org\/campanas\/2020-2021-reiniciando-para-transformar\/actua\/pequenas-acciones-reinician-grandes-cambios\">PEQUE\u00d1AS ACCIONES REINICIAN GRANDES CAMBIOS (2 &#8211; 12)<\/a><\/p>\n<p style=\"padding-left: 40px;\"><a href=\"https:\/\/www.educa.itakaescolapios.org\/campanas\/2020-2021-reiniciando-para-transformar\/actua\/transformando\">TRANSFORMANDO (8 A +18)<\/a><\/p>\n<p>&nbsp;<\/p>\n<p style=\"padding-left: 40px;\"><img decoding=\"async\" loading=\"lazy\" class=\"size-medium wp-image-2974 alignright\" src=\"https:\/\/www.educa.itakaescolapios.org\/wp-content\/uploads\/2020\/11\/mano-click-verde-por-tres-300x107.jpg\" alt=\"\" width=\"300\" height=\"107\" srcset=\"https:\/\/www.educa.itakaescolapios.org\/wp-content\/uploads\/2020\/11\/mano-click-verde-por-tres-300x107.jpg 300w, https:\/\/www.educa.itakaescolapios.org\/wp-content\/uploads\/2020\/11\/mano-click-verde-por-tres-1024x364.jpg 1024w, https:\/\/www.educa.itakaescolapios.org\/wp-content\/uploads\/2020\/11\/mano-click-verde-por-tres-768x273.jpg 768w, https:\/\/www.educa.itakaescolapios.org\/wp-content\/uploads\/2020\/11\/mano-click-verde-por-tres-1536x546.jpg 1536w, https:\/\/www.educa.itakaescolapios.org\/wp-content\/uploads\/2020\/11\/mano-click-verde-por-tres-2048x729.jpg 2048w, https:\/\/www.educa.itakaescolapios.org\/wp-content\/uploads\/2020\/11\/mano-click-verde-por-tres-250x89.jpg 250w\" sizes=\"(max-width: 300px) 100vw, 300px\" \/><\/p>\n<p><\/p>","protected":false},"excerpt":{"rendered":"<p>Ci spiace, ma questo articolo \u00e8 disponibile soltanto in Spagnolo Europeo, Inglese Americano, Basco, Francese e Portoghese Europeo.No podemos dejar de dar respuesta a las necesidades [&hellip;]<\/p>\n","protected":false},"author":5,"featured_media":0,"parent":2618,"menu_order":4,"comment_status":"closed","ping_status":"closed","template":"","meta":[],"acf":[],"_links":{"self":[{"href":"https:\/\/www.educa.itakaescolapios.org\/it\/wp-json\/wp\/v2\/pages\/2751"}],"collection":[{"href":"https:\/\/www.educa.itakaescolapios.org\/it\/wp-json\/wp\/v2\/pages"}],"about":[{"href":"https:\/\/www.educa.itakaescolapios.org\/it\/wp-json\/wp\/v2\/types\/page"}],"author":[{"embeddable":true,"href":"https:\/\/www.educa.itakaescolapios.org\/it\/wp-json\/wp\/v2\/users\/5"}],"replies":[{"embeddable":true,"href":"https:\/\/www.educa.itakaescolapios.org\/it\/wp-json\/wp\/v2\/comments?post=2751"}],"version-history":[{"count":40,"href":"https:\/\/www.educa.itakaescolapios.org\/it\/wp-json\/wp\/v2\/pages\/2751\/revisions"}],"predecessor-version":[{"id":4255,"href":"https:\/\/www.educa.itakaescolapios.org\/it\/wp-json\/wp\/v2\/pages\/2751\/revisions\/4255"}],"up":[{"embeddable":true,"href":"https:\/\/www.educa.itakaescolapios.org\/it\/wp-json\/wp\/v2\/pages\/2618"}],"wp:attachment":[{"href":"https:\/\/www.educa.itakaescolapios.org\/it\/wp-json\/wp\/v2\/media?parent=2751"}],"curies":[{"name":"wp","href":"https:\/\/api.w.org\/{rel}","templated":true}]}}