{"id":2758,"date":"2020-11-04T23:34:12","date_gmt":"2020-11-04T22:34:12","guid":{"rendered":"https:\/\/www.educa.itakaescolapios.org\/?page_id=2758"},"modified":"2020-11-24T13:26:16","modified_gmt":"2020-11-24T12:26:16","slug":"evolua","status":"publish","type":"page","link":"https:\/\/www.educa.itakaescolapios.org\/it\/campanas\/2020-2021-reiniciando-para-transformar\/evolua","title":{"rendered":"\u00a1Evol\u00faa!"},"content":{"rendered":"<p class=\"qtranxs-available-languages-message qtranxs-available-languages-message-it\">Ci spiace, ma questo articolo \u00e8 disponibile soltanto in <a href=\"https:\/\/www.educa.itakaescolapios.org\/es\/wp-json\/wp\/v2\/pages\/2758\" class=\"qtranxs-available-language-link qtranxs-available-language-link-es\" title=\"Espa\u00f1ol\">Spagnolo Europeo<\/a>, <a href=\"https:\/\/www.educa.itakaescolapios.org\/en\/wp-json\/wp\/v2\/pages\/2758\" class=\"qtranxs-available-language-link qtranxs-available-language-link-en\" title=\"English\">Inglese Americano<\/a>, <a href=\"https:\/\/www.educa.itakaescolapios.org\/eu\/wp-json\/wp\/v2\/pages\/2758\" class=\"qtranxs-available-language-link qtranxs-available-language-link-eu\" title=\"Euskera\">Basco<\/a>, <a href=\"https:\/\/www.educa.itakaescolapios.org\/fr\/wp-json\/wp\/v2\/pages\/2758\" class=\"qtranxs-available-language-link qtranxs-available-language-link-fr\" title=\"Fran\u00e7ais\">Francese<\/a> e <a href=\"https:\/\/www.educa.itakaescolapios.org\/pt\/wp-json\/wp\/v2\/pages\/2758\" class=\"qtranxs-available-language-link qtranxs-available-language-link-pt\" title=\"Portugu\u00eas\">Portoghese Europeo<\/a>.<\/p><p><\/p>\n<p style=\"text-align: justify;\"><img decoding=\"async\" loading=\"lazy\" class=\"alignright wp-image-2787\" src=\"https:\/\/www.educa.itakaescolapios.org\/wp-content\/uploads\/2020\/11\/EVOLUA-Cartel-DFC-516x730-2-251x300.png\" alt=\"\" width=\"35%\" height=\"35%\" srcset=\"https:\/\/www.educa.itakaescolapios.org\/wp-content\/uploads\/2020\/11\/EVOLUA-Cartel-DFC-516x730-2-251x300.png 251w, https:\/\/www.educa.itakaescolapios.org\/wp-content\/uploads\/2020\/11\/EVOLUA-Cartel-DFC-516x730-2-250x299.png 250w, https:\/\/www.educa.itakaescolapios.org\/wp-content\/uploads\/2020\/11\/EVOLUA-Cartel-DFC-516x730-2.png 437w\" sizes=\"(max-width: 251px) 100vw, 251px\" \/>Llega el momento de la reflexi\u00f3n, de evaluar, la experiencia vivida y encontrar las claves para evolucionar de cara a acciones futuras. Esta fase es clave, ya que el verdadero crecimiento viene como consecuencia de la reflexi\u00f3n sobre la vivencia. <strong>Necesitamos desarrollar el PENSAMIENTO CR\u00cdTICO y valorar el alcance de nuestras acciones.<\/strong><\/p>\n<p style=\"text-align: justify;\">Estamos en la cuarta fase de la metodolog\u00eda \u201cDesign for change\u201d, <strong>EVOL\u00daA (evaluar y evolucionar)<\/strong>.<\/p>\n<p style=\"text-align: justify;\">Os proponemos <strong>dos herramientas sencillas<\/strong> para la evaluaci\u00f3n, que permitan, tanto reflexionar como imaginar, sus proyectos m\u00e1s all\u00e1 del momento presente.<\/p>\n<p style=\"text-align: justify;\"><strong>1. An\u00e9cdotas:<\/strong><br \/>\nPide a tus alumnos que dibujen una an\u00e9cdota que les haya ocurrido durante el proyecto y que les despierte emociones. Una vez terminados los dibujos, pod\u00e9is compartirlos comentando cada an\u00e9cdota, o peg\u00e1ndolas en un panel para que todo el grupo pueda verlas.<\/p>\n<p style=\"text-align: justify;\"><strong>2. Diferente\/dif\u00edcil\/ aprendido:<\/strong><br \/>\nDivididos en grupos de tres, proponles que lleguen a un consenso de equipo sobre algo que les haya parecido diferente, algo dif\u00edcil y algo que hayan aprendido. P\u00eddeles que lo escriban en un post-it y lo peguen en tres paneles en los que aparezcan las preguntas: \u00bfqu\u00e9 nos ha parecido diferente?, \u00bfqu\u00e9 nos ha parecido dif\u00edcil?, y \u00bfqu\u00e9 hemos aprendido? Despu\u00e9s, puedes leerlos en alto y comentarlos con todo el grupo.<\/p>\n<p style=\"text-align: justify;\">Estas dos herramientas para la evaluaci\u00f3n facilitan una reflexi\u00f3n final en grupo en la que, m\u00e1s informalmente, pueden compartir aquello que quieran.<\/p>\n<p style=\"text-align: justify;\">Dedica un tiempo a este momento final del grupo, pues es probable que las reflexiones m\u00e1s valiosas aparezcan aqu\u00ed.<\/p>\n<p><\/p>","protected":false},"excerpt":{"rendered":"<p>Ci spiace, ma questo articolo \u00e8 disponibile soltanto in Spagnolo Europeo, Inglese Americano, Basco, Francese e Portoghese Europeo. Llega el momento de la reflexi\u00f3n, de evaluar, [&hellip;]<\/p>\n","protected":false},"author":5,"featured_media":0,"parent":2618,"menu_order":5,"comment_status":"closed","ping_status":"closed","template":"","meta":[],"acf":[],"_links":{"self":[{"href":"https:\/\/www.educa.itakaescolapios.org\/it\/wp-json\/wp\/v2\/pages\/2758"}],"collection":[{"href":"https:\/\/www.educa.itakaescolapios.org\/it\/wp-json\/wp\/v2\/pages"}],"about":[{"href":"https:\/\/www.educa.itakaescolapios.org\/it\/wp-json\/wp\/v2\/types\/page"}],"author":[{"embeddable":true,"href":"https:\/\/www.educa.itakaescolapios.org\/it\/wp-json\/wp\/v2\/users\/5"}],"replies":[{"embeddable":true,"href":"https:\/\/www.educa.itakaescolapios.org\/it\/wp-json\/wp\/v2\/comments?post=2758"}],"version-history":[{"count":14,"href":"https:\/\/www.educa.itakaescolapios.org\/it\/wp-json\/wp\/v2\/pages\/2758\/revisions"}],"predecessor-version":[{"id":3802,"href":"https:\/\/www.educa.itakaescolapios.org\/it\/wp-json\/wp\/v2\/pages\/2758\/revisions\/3802"}],"up":[{"embeddable":true,"href":"https:\/\/www.educa.itakaescolapios.org\/it\/wp-json\/wp\/v2\/pages\/2618"}],"wp:attachment":[{"href":"https:\/\/www.educa.itakaescolapios.org\/it\/wp-json\/wp\/v2\/media?parent=2758"}],"curies":[{"name":"wp","href":"https:\/\/api.w.org\/{rel}","templated":true}]}}