{"id":308,"date":"2018-04-04T10:59:07","date_gmt":"2018-04-04T08:59:07","guid":{"rendered":"http:\/\/www.educa.itakaescolapios.org\/?page_id=308"},"modified":"2018-04-04T10:59:07","modified_gmt":"2018-04-04T08:59:07","slug":"la-tripulacion-itaka-escolapios","status":"publish","type":"page","link":"https:\/\/www.educa.itakaescolapios.org\/it\/campanas\/2015-2016-al-encuentro-con-atambua\/la-tripulacion-itaka-escolapios","title":{"rendered":"LA TRIPULACI\u00d3N ITAKA-ESCOLAPIOS"},"content":{"rendered":"<p class=\"qtranxs-available-languages-message qtranxs-available-languages-message-it\">Ci spiace, ma questo articolo \u00e8 disponibile soltanto in <a href=\"https:\/\/www.educa.itakaescolapios.org\/es\/wp-json\/wp\/v2\/pages\/308\" class=\"qtranxs-available-language-link qtranxs-available-language-link-es\" title=\"Espa\u00f1ol\">Spagnolo Europeo<\/a>.<\/p><p><\/p>\n<p style=\"text-align: justify;\"><a href=\"http:\/\/www.itakaescolapios.org\/wp-content\/uploads\/2015\/10\/BARCO-COLOR-CON-FONDO.jpg\"><img decoding=\"async\" loading=\"lazy\" class=\"wp-image-13516 aligncenter\" alt=\"BARCO COLOR CON FONDO\" src=\"http:\/\/www.itakaescolapios.org\/wp-content\/uploads\/2015\/10\/BARCO-COLOR-CON-FONDO-1024x731.jpg\" width=\"505\" height=\"361\" \/><\/a><\/p>\n<p style=\"text-align: justify;\">Somos un grupo de grumetes capitaneados por San Jos\u00e9 de Calasanz que viajamos surcando los mares en nuestro barco de papel, descubriendo la realidad escolapia alrededor del mundo. Este a\u00f1o, nos hemos propuesto una gran aventura, viajar al encuentro de Atamb\u00faa. Con nosotros descubrir\u00e1s \u00e9sta maravillosa ciudad de Indonesia a la que llegaron los Escolapios hace 2 a\u00f1os.<\/p>\n<p style=\"text-align: justify;\"><span style=\"color: #ff6600;\"><strong><a href=\"http:\/\/www.itakaescolapios.org\/wp-content\/uploads\/2015\/10\/CALASANZ.pdf\"><span style=\"color: #ff6600;\">CALASANZ<\/span><\/a>.<\/strong><\/span> Es el capit\u00e1n del barco, el m\u00e1ximo responsable de todo lo que sucede en la nave. Su empe\u00f1o: llenar de &#8220;Piedad y Letras&#8221; todos los rincones del mundo.<\/p>\n<p style=\"text-align: justify;\"><strong><span style=\"color: #ff6600;\"><a href=\"http:\/\/www.itakaescolapios.org\/wp-content\/uploads\/2015\/10\/LOOK.pdf\"><span style=\"color: #ff6600;\">LOOK<\/span><\/a><\/span><\/strong>, asi\u00e1tico, es un gran conocedor de Indonesia. Es el vig\u00eda del barco, el encargado de velar y avisar de cualquier peligro que pueda surgir. En el barco, se pasa el d\u00eda en la cofa (torre de vigilancia) desde donde observa las posibles amenazas y avisa de la llegada a tierra o al destino.<\/p>\n<p style=\"text-align: justify;\"><strong><span style=\"color: #808080;\"><span style=\"color: #ff6600;\"><a href=\"http:\/\/www.itakaescolapios.org\/wp-content\/uploads\/2015\/11\/SUKAL.pdf\"><span style=\"color: #ff6600;\">SUKAL<\/span><\/a><\/span>,<\/span><\/strong> europeo, es el cocinero del barco y el mayor de los grumetes. Es el encargado de que todos y todas est\u00e9n bien alimentados. Le encanta sorprender con alimentos de diferentes pa\u00edses y probar todo tipo de ingredientes. Su lema es &#8220;hay que ponerle sal a la vida&#8221;.<\/p>\n<p style=\"text-align: justify;\"><span style=\"color: #808080;\"><strong><span style=\"color: #ff6600;\"><a href=\"http:\/\/www.itakaescolapios.org\/wp-content\/uploads\/2015\/11\/MARINE.pdf\"><span style=\"color: #ff6600;\">MARINE<\/span><\/a><\/span>,<\/strong><\/span> africana, pese a ser la m\u00e1s joven es la 1er oficial del barco. Es la que junto con el capit\u00e1n dirige la nave por mares y oc\u00e9anos. Tiene la habilidad de descifrar mapas, y un gran sentido de la orientaci\u00f3n, le llaman la peque\u00f1a GPS.<\/p>\n<p style=\"text-align: justify;\"><strong><span style=\"color: #808080;\"><span style=\"color: #ff6600;\"><a href=\"http:\/\/www.itakaescolapios.org\/wp-content\/uploads\/2015\/11\/BLA.pdf\"><span style=\"color: #ff6600;\">BLA<\/span><\/a><\/span>,<\/span><\/strong> centroamericana, es la telegrafista. Su misi\u00f3n, comunicar y difundir todo lo que ocurra. Si alg\u00fan barco se acerca, si se avecina tormenta, mandar un S.O.S, enviar telegramas a las familias para que sepan c\u00f3mo est\u00e1n\u2026 Una curiosidad, sabe hablar en morse.<\/p>\n<p style=\"text-align: justify;\"><span style=\"color: #808080;\"><strong><span style=\"color: #ff6600;\"><a href=\"http:\/\/www.itakaescolapios.org\/wp-content\/uploads\/2015\/11\/JIWA.pdf\"><span style=\"color: #ff6600;\">JIWA<\/span><\/a><\/span>,<\/strong><\/span> sudamericana, es la jefa de m\u00e1quinas. La responsable de mantener en funcionamiento todos los equipos mec\u00e1nicos del barco. Su pasi\u00f3n: montar, desmontar y arreglar todo lo que hay en el interior del barco.<\/p>\n<h3 style=\"text-align: justify;\"><span style=\"color: #333333;\">\u00bfTe unes a la aventura? \u00bfQuieres ser uno de nuestros grumetes? \u00a1S\u00fabete al barco!<\/span><b><\/b><\/h3>\n<p>A continuaci\u00f3n puedes encontrar los elementos b\u00e1sicos para convertirte en grumete de la tripulaci\u00f3n Itaka-Escolapios. Disfr\u00e1zate y s\u00fabete al barco. Juntos iremos al encuentro con Atamb\u00faa.<\/p>\n<table style=\"width: 613px; height: 254px;\" width=\"613\" border=\"1\" cellspacing=\"0\" cellpadding=\"0\">\n<tbody>\n<tr>\n<td rowspan=\"2\" width=\"75\"><span style=\"color: #808000;\"><strong>GRUMETE<\/strong><\/span><\/td>\n<td style=\"text-align: center;\" rowspan=\"2\" width=\"112\"><strong><span style=\"color: #333333;\">GORRO<\/span><\/strong><\/td>\n<td valign=\"top\" width=\"390\"><a href=\"http:\/\/www.disfrazcasero.com\/2012\/06\/gorro-de-marinero-de-papel-para-disfraz.html\">h<\/a><a href=\"http:\/\/www.disfrazcasero.com\/2012\/06\/gorro-de-marinero-de-papel-para-disfraz.html\">ttp:\/\/www.disfrazcasero.com\/2012\/06\/gorro-de-marinero-de-papel-para-disfraz.html<\/a><\/td>\n<\/tr>\n<tr>\n<td valign=\"top\" width=\"390\"><a href=\"https:\/\/www.youtube.com\/watch?v=mxNN51bOiIM\">https:\/\/www.youtube.com\/watch?v=mxNN51bOiIM<\/a><\/td>\n<\/tr>\n<tr>\n<td rowspan=\"4\" width=\"75\"><span style=\"color: #808000;\"><strong>LOOK<\/strong><\/span><\/td>\n<td style=\"text-align: center;\" rowspan=\"2\" width=\"112\"><span style=\"color: #333333;\"><strong>CATALEJO<\/strong><\/span><\/td>\n<td valign=\"top\" width=\"390\"><a href=\"http:\/\/www.dibujosparapintar.com\/manualidades_catalejo.html\">h<\/a><a href=\"http:\/\/www.dibujosparapintar.com\/manualidades_catalejo.html\">ttp:\/\/www.dibujosparapintar.com\/manualidades_catalejo.html<\/a><\/td>\n<\/tr>\n<tr>\n<td valign=\"top\" width=\"390\"><a href=\"http:\/\/manualidades.euroresidentes.com\/2013\/05\/como-hacer-un-catalejo-casero.html\">h<\/a><a href=\"http:\/\/manualidades.euroresidentes.com\/2013\/05\/como-hacer-un-catalejo-casero.html\">ttp:\/\/manualidades.euroresidentes.com\/2013\/05\/como-hacer-un-catalejo-casero.html<\/a><\/td>\n<\/tr>\n<tr>\n<td style=\"text-align: center;\" rowspan=\"2\" width=\"112\"><strong><span style=\"color: #333333;\">CALEIDOSCOPIO<\/span><\/strong><\/td>\n<td valign=\"top\" width=\"390\"><a href=\"https:\/\/www.youtube.com\/watch?v=Vj1wNMPTSEM\">https:\/\/www.youtube.com\/watch?v=Vj1wNMPTSEM<\/a><\/td>\n<\/tr>\n<tr>\n<td valign=\"top\" width=\"390\"><a href=\"https:\/\/www.youtube.com\/watch?v=oVyuSDSB0A8\">https:\/\/www.youtube.com\/watch?v=oVyuSDSB0A8<\/a><\/td>\n<\/tr>\n<tr>\n<td width=\"75\"><strong><span style=\"color: #808000;\">MARINE<\/span><\/strong><\/td>\n<td style=\"text-align: center;\" width=\"112\"><strong><span style=\"color: #333333;\">TIM\u00d3N   DE BARCO<\/span><\/strong><\/td>\n<td valign=\"top\" width=\"390\"><a href=\"http:\/\/www.aventurasencasa.com\/recursos\/timon\">http:\/\/www.aventurasencasa.com\/recursos\/timon<\/a><\/td>\n<\/tr>\n<tr>\n<td rowspan=\"2\" width=\"75\"><strong><span style=\"color: #808000;\">SUKAL<\/span><\/strong><\/td>\n<td style=\"text-align: center;\" rowspan=\"2\" width=\"112\"><strong><span style=\"color: #333333;\">GORRO   DE CHEF<\/span><\/strong><\/td>\n<td valign=\"top\" width=\"390\"><a href=\"http:\/\/www.guiademanualidades.com\/sombrero-de-chef-para-ninos-26745.htm\">http:\/\/www.guiademanualidades.com\/sombrero-de-chef-para-ninos-26745.htm<\/a><\/td>\n<\/tr>\n<tr>\n<td valign=\"top\" width=\"390\"><a href=\"https:\/\/www.youtube.com\/watch?v=oVyuSDSB0A8\">https:\/\/www.youtube.com\/watch?v=oVyuSDSB0A8<\/a><\/td>\n<\/tr>\n<tr>\n<td rowspan=\"2\" width=\"75\"><strong><span style=\"color: #808000;\">BLA<\/span><\/strong><\/td>\n<td style=\"text-align: center;\" rowspan=\"2\" width=\"112\"><strong><span style=\"color: #333333;\">DISPOSITIVO   MORSE<\/span><\/strong><\/td>\n<td valign=\"top\" width=\"390\"><a href=\"https:\/\/es.answers.yahoo.com\/question\/index?qid=20080929194250AAz9soV\">https:\/\/es.answers.yahoo.com\/question\/index?qid=20080929194250AAz9soV<\/a><\/td>\n<\/tr>\n<tr>\n<td valign=\"top\" width=\"390\"><a href=\"http:\/\/www.ehowenespanol.com\/construir-manipulador-practicar-codigo-morse-como_194702\/\">http:\/\/www.ehowenespanol.com\/construir-manipulador-practicar-codigo-morse-como_194702\/<\/a><\/td>\n<\/tr>\n<tr>\n<td width=\"75\"><strong><span style=\"color: #808000;\">JIWA<\/span><\/strong><\/td>\n<td style=\"text-align: center;\" width=\"112\"><strong><span style=\"color: #333333;\">HERRAMIENTAS<\/span><\/strong><\/td>\n<td valign=\"top\" width=\"390\"><a href=\"http:\/\/www.itakaescolapios.org\/wp-content\/uploads\/2015\/10\/Herramientas.pdf\">HERRAMIENTAS<\/a><\/td>\n<\/tr>\n<\/tbody>\n<\/table>\n<p><\/p>","protected":false},"excerpt":{"rendered":"<p>Ci spiace, ma questo articolo \u00e8 disponibile soltanto in Spagnolo Europeo. Somos un grupo de grumetes capitaneados por San Jos\u00e9 de Calasanz que viajamos surcando los [&hellip;]<\/p>\n","protected":false},"author":1,"featured_media":0,"parent":236,"menu_order":4,"comment_status":"closed","ping_status":"closed","template":"","meta":[],"acf":[],"_links":{"self":[{"href":"https:\/\/www.educa.itakaescolapios.org\/it\/wp-json\/wp\/v2\/pages\/308"}],"collection":[{"href":"https:\/\/www.educa.itakaescolapios.org\/it\/wp-json\/wp\/v2\/pages"}],"about":[{"href":"https:\/\/www.educa.itakaescolapios.org\/it\/wp-json\/wp\/v2\/types\/page"}],"author":[{"embeddable":true,"href":"https:\/\/www.educa.itakaescolapios.org\/it\/wp-json\/wp\/v2\/users\/1"}],"replies":[{"embeddable":true,"href":"https:\/\/www.educa.itakaescolapios.org\/it\/wp-json\/wp\/v2\/comments?post=308"}],"version-history":[{"count":1,"href":"https:\/\/www.educa.itakaescolapios.org\/it\/wp-json\/wp\/v2\/pages\/308\/revisions"}],"predecessor-version":[{"id":309,"href":"https:\/\/www.educa.itakaescolapios.org\/it\/wp-json\/wp\/v2\/pages\/308\/revisions\/309"}],"up":[{"embeddable":true,"href":"https:\/\/www.educa.itakaescolapios.org\/it\/wp-json\/wp\/v2\/pages\/236"}],"wp:attachment":[{"href":"https:\/\/www.educa.itakaescolapios.org\/it\/wp-json\/wp\/v2\/media?parent=308"}],"curies":[{"name":"wp","href":"https:\/\/api.w.org\/{rel}","templated":true}]}}