{"id":320,"date":"2018-04-04T11:01:39","date_gmt":"2018-04-04T09:01:39","guid":{"rendered":"http:\/\/www.educa.itakaescolapios.org\/?page_id=320"},"modified":"2023-05-05T12:42:59","modified_gmt":"2023-05-05T10:42:59","slug":"otros-recursos","status":"publish","type":"page","link":"https:\/\/www.educa.itakaescolapios.org\/it\/campanas\/2015-2016-al-encuentro-con-atambua\/otros-recursos","title":{"rendered":"OTROS RECURSOS"},"content":{"rendered":"<p class=\"qtranxs-available-languages-message qtranxs-available-languages-message-it\">Ci spiace, ma questo articolo \u00e8 disponibile soltanto in <a href=\"https:\/\/www.educa.itakaescolapios.org\/es\/wp-json\/wp\/v2\/pages\/320\" class=\"qtranxs-available-language-link qtranxs-available-language-link-es\" title=\"Espa\u00f1ol\">Spagnolo Europeo<\/a>.<\/p><p>En esta secci\u00f3n puedes descargarte otros recursos que pueden ayudarte a presentar la campa\u00f1a y a dinamizarla en tu centro educativo, grupo de tiempo libre, parroquia, \u2026<\/p>\n<p>Desc\u00e1rgate en el siguiente enlace el powerpoint que presenta la Campa\u00f1a de Solidaridad<\/p>\n<p style=\"text-align: center;\"><a href=\"https:\/\/mega.nz\/#!p5B2ibxQ!Q3fqXVPiBdzh1i_RWlgrt9E_GNpTJ7cepkuMt_Xwyx4\" target=\"_blank\" rel=\"noopener\"><span style=\"color: #808000;\"><span style=\"color: #808000;\"><strong><span style=\"color: #0000ff;\">AL ENCUENTRO CON ATAMBUA<\/span><\/strong><\/span><\/span><\/a><\/p>\n<p style=\"text-align: justify;\">Si te es m\u00e1s c\u00f3modo, a continuaci\u00f3n puedes pinchar en el video presentaci\u00f3n de la Campa\u00f1a de Solidaridad<\/p>\n<p><iframe loading=\"lazy\" title=\"Al encuentro con Atambua (PPT)\" width=\"500\" height=\"375\" src=\"https:\/\/www.youtube.com\/embed\/t-uSgmHIroY?feature=oembed\" frameborder=\"0\" allow=\"accelerometer; autoplay; clipboard-write; encrypted-media; gyroscope; picture-in-picture; web-share\" allowfullscreen><\/iframe><\/p>\n<p style=\"text-align: justify;\">La comunidad escolapia de Atamb\u00faa nos ha enviado dos videos que nos ayudan a situar el proyecto y a conocer la realidad escolapia en Indonesia.<\/p>\n<p><iframe loading=\"lazy\" title=\"Proyecto Escolapio en Atamb\u00faa (Indonesia)\" width=\"500\" height=\"281\" src=\"https:\/\/www.youtube.com\/embed\/gfKSu0Y1MtA?feature=oembed\" frameborder=\"0\" allow=\"accelerometer; autoplay; clipboard-write; encrypted-media; gyroscope; picture-in-picture; web-share\" allowfullscreen><\/iframe><\/p>\n<p><iframe loading=\"lazy\" title=\"Proyecto de educaci\u00f3n no formal Escolapio en Atamb\u00faa (Indonesia)\" width=\"500\" height=\"281\" src=\"https:\/\/www.youtube.com\/embed\/P_2ivuEHXBE?feature=oembed\" frameborder=\"0\" allow=\"accelerometer; autoplay; clipboard-write; encrypted-media; gyroscope; picture-in-picture; web-share\" allowfullscreen><\/iframe><\/p>\n<p>Desc\u00e1rgate la revista de solidaridad de Itaka-Escolapios de este curso 2015-2016<\/p>\n<ul>\n<li style=\"list-style-type: none;\">\n<ul>\n<li><span style=\"color: #86913b;\"><strong><a href=\"http:\/\/www.itakaescolapios.org\/wp-content\/uploads\/2015\/11\/boletin-solidaridad-2014-15-impr.pdf\"><span style=\"color: #86913b;\">BOLET\u00cdN DE SOLIDARIDAD &#8211; REVISTA DE CAMPA\u00d1A<\/span><\/a><\/strong><\/span><\/li>\n<li><span style=\"color: #86913b;\"><strong><a href=\"http:\/\/www.itakaescolapios.org\/wp-content\/uploads\/2015\/11\/boletin-solidaridad-eusk-1516-impr.pdf\"><span style=\"color: #86913b;\">BOLET\u00cdN DE SOLIDARIDAD BILING\u00dcE (EUSKERA-ESPA\u00d1OL)<\/span><\/a><\/strong><\/span><\/li>\n<\/ul>\n<\/li>\n<\/ul>\n<p><\/p>","protected":false},"excerpt":{"rendered":"<p>Ci spiace, ma questo articolo \u00e8 disponibile soltanto in Spagnolo Europeo.En esta secci\u00f3n puedes descargarte otros recursos que pueden ayudarte a presentar la campa\u00f1a y a [&hellip;]<\/p>\n","protected":false},"author":1,"featured_media":0,"parent":236,"menu_order":8,"comment_status":"closed","ping_status":"closed","template":"","meta":[],"acf":[],"_links":{"self":[{"href":"https:\/\/www.educa.itakaescolapios.org\/it\/wp-json\/wp\/v2\/pages\/320"}],"collection":[{"href":"https:\/\/www.educa.itakaescolapios.org\/it\/wp-json\/wp\/v2\/pages"}],"about":[{"href":"https:\/\/www.educa.itakaescolapios.org\/it\/wp-json\/wp\/v2\/types\/page"}],"author":[{"embeddable":true,"href":"https:\/\/www.educa.itakaescolapios.org\/it\/wp-json\/wp\/v2\/users\/1"}],"replies":[{"embeddable":true,"href":"https:\/\/www.educa.itakaescolapios.org\/it\/wp-json\/wp\/v2\/comments?post=320"}],"version-history":[{"count":2,"href":"https:\/\/www.educa.itakaescolapios.org\/it\/wp-json\/wp\/v2\/pages\/320\/revisions"}],"predecessor-version":[{"id":7597,"href":"https:\/\/www.educa.itakaescolapios.org\/it\/wp-json\/wp\/v2\/pages\/320\/revisions\/7597"}],"up":[{"embeddable":true,"href":"https:\/\/www.educa.itakaescolapios.org\/it\/wp-json\/wp\/v2\/pages\/236"}],"wp:attachment":[{"href":"https:\/\/www.educa.itakaescolapios.org\/it\/wp-json\/wp\/v2\/media?parent=320"}],"curies":[{"name":"wp","href":"https:\/\/api.w.org\/{rel}","templated":true}]}}