{"id":4957,"date":"2021-10-26T12:38:35","date_gmt":"2021-10-26T10:38:35","guid":{"rendered":"https:\/\/www.educa.itakaescolapios.org\/?page_id=4957"},"modified":"2021-12-09T09:26:09","modified_gmt":"2021-12-09T08:26:09","slug":"recordando-la-campana-reiniciando-para-transformar","status":"publish","type":"page","link":"https:\/\/www.educa.itakaescolapios.org\/it\/campanas\/2021-2022-centros-que-cambian-cambia-tu-centro\/recordando-la-campana-reiniciando-para-transformar","title":{"rendered":"Recordando la campa\u00f1a &#8220;Reiniciando para transformar&#8221;"},"content":{"rendered":"<p class=\"qtranxs-available-languages-message qtranxs-available-languages-message-it\">Ci spiace, ma questo articolo \u00e8 disponibile soltanto in <a href=\"https:\/\/www.educa.itakaescolapios.org\/es\/wp-json\/wp\/v2\/pages\/4957\" class=\"qtranxs-available-language-link qtranxs-available-language-link-es\" title=\"Espa\u00f1ol\">Spagnolo Europeo<\/a>, <a href=\"https:\/\/www.educa.itakaescolapios.org\/en\/wp-json\/wp\/v2\/pages\/4957\" class=\"qtranxs-available-language-link qtranxs-available-language-link-en\" title=\"English\">Inglese Americano<\/a>, <a href=\"https:\/\/www.educa.itakaescolapios.org\/eu\/wp-json\/wp\/v2\/pages\/4957\" class=\"qtranxs-available-language-link qtranxs-available-language-link-eu\" title=\"Euskera\">Basco<\/a>, <a href=\"https:\/\/www.educa.itakaescolapios.org\/fr\/wp-json\/wp\/v2\/pages\/4957\" class=\"qtranxs-available-language-link qtranxs-available-language-link-fr\" title=\"Fran\u00e7ais\">Francese<\/a> e <a href=\"https:\/\/www.educa.itakaescolapios.org\/pt\/wp-json\/wp\/v2\/pages\/4957\" class=\"qtranxs-available-language-link qtranxs-available-language-link-pt\" title=\"Portugu\u00eas\">Portoghese Europeo<\/a>.<\/p><p>La campa\u00f1a de solidaridad escolapia 20-21 la realizamos en un contexto de pandemia mundial por el Covid-19.<\/p>\n<p>Esta pandemia ha provocado mucha vulnerabilidad, no solamente a las personas, sino tambi\u00e9n a las instituciones. Tambi\u00e9n a los proyectos concretos que, como escolapios, desde Itaka-Escolapios, estamos sosteniendo.<\/p>\n<p>Por lo tanto, todo lo recaudado fue destinado a cubrir el gasto ordinario de la Misi\u00f3n escolapia.<\/p>\n<p>Con el lema \u201c<strong>Reiniciando para transformar<\/strong>\u201d quisimos poner en valor que, aunque Itaka-Escolapios nunca se par\u00f3, ya que continuamos intentando dar respuesta a las necesidades sociales con nuevas iniciativas, tal vez m\u00e1s creativas, quisimos reactivar nuestra solidaridad para continuar transform\u00e1ndonos y transformando.<\/p>\n<p style=\"text-align: justify;\"><img decoding=\"async\" loading=\"lazy\" src=\"https:\/\/www.educa.itakaescolapios.org\/wp-content\/uploads\/2021\/11\/CARTEL-GRACIAS-2021.jpg\" alt=\"\" width=\"99%\" height=\"99%\" \/><\/p>\n<p><img decoding=\"async\" src=\"https:\/\/www.educa.itakaescolapios.org\/wp-content\/uploads\/2021\/11\/CARTEL-GRACIAS-2021-WEB.pdf\" alt=\"\" \/><\/p>","protected":false},"excerpt":{"rendered":"<p>Ci spiace, ma questo articolo \u00e8 disponibile soltanto in Spagnolo Europeo, Inglese Americano, Basco, Francese e Portoghese Europeo.La campa\u00f1a de solidaridad escolapia 20-21 la realizamos en [&hellip;]<\/p>\n","protected":false},"author":5,"featured_media":0,"parent":4946,"menu_order":1,"comment_status":"closed","ping_status":"closed","template":"","meta":[],"acf":[],"_links":{"self":[{"href":"https:\/\/www.educa.itakaescolapios.org\/it\/wp-json\/wp\/v2\/pages\/4957"}],"collection":[{"href":"https:\/\/www.educa.itakaescolapios.org\/it\/wp-json\/wp\/v2\/pages"}],"about":[{"href":"https:\/\/www.educa.itakaescolapios.org\/it\/wp-json\/wp\/v2\/types\/page"}],"author":[{"embeddable":true,"href":"https:\/\/www.educa.itakaescolapios.org\/it\/wp-json\/wp\/v2\/users\/5"}],"replies":[{"embeddable":true,"href":"https:\/\/www.educa.itakaescolapios.org\/it\/wp-json\/wp\/v2\/comments?post=4957"}],"version-history":[{"count":23,"href":"https:\/\/www.educa.itakaescolapios.org\/it\/wp-json\/wp\/v2\/pages\/4957\/revisions"}],"predecessor-version":[{"id":5723,"href":"https:\/\/www.educa.itakaescolapios.org\/it\/wp-json\/wp\/v2\/pages\/4957\/revisions\/5723"}],"up":[{"embeddable":true,"href":"https:\/\/www.educa.itakaescolapios.org\/it\/wp-json\/wp\/v2\/pages\/4946"}],"wp:attachment":[{"href":"https:\/\/www.educa.itakaescolapios.org\/it\/wp-json\/wp\/v2\/media?parent=4957"}],"curies":[{"name":"wp","href":"https:\/\/api.w.org\/{rel}","templated":true}]}}