{"id":5043,"date":"2021-10-26T12:44:05","date_gmt":"2021-10-26T10:44:05","guid":{"rendered":"https:\/\/www.educa.itakaescolapios.org\/?page_id=5043"},"modified":"2021-12-10T19:36:48","modified_gmt":"2021-12-10T18:36:48","slug":"mision-coeducacion","status":"publish","type":"page","link":"https:\/\/www.educa.itakaescolapios.org\/it\/campanas\/2021-2022-centros-que-cambian-cambia-tu-centro\/actividades\/mision-coeducacion","title":{"rendered":"Misi\u00f3n COEDUCACI\u00d3N"},"content":{"rendered":"<p class=\"qtranxs-available-languages-message qtranxs-available-languages-message-it\">Ci spiace, ma questo articolo \u00e8 disponibile soltanto in <a href=\"https:\/\/www.educa.itakaescolapios.org\/es\/wp-json\/wp\/v2\/pages\/5043\" class=\"qtranxs-available-language-link qtranxs-available-language-link-es\" title=\"Espa\u00f1ol\">Spagnolo Europeo<\/a>, <a href=\"https:\/\/www.educa.itakaescolapios.org\/en\/wp-json\/wp\/v2\/pages\/5043\" class=\"qtranxs-available-language-link qtranxs-available-language-link-en\" title=\"English\">Inglese Americano<\/a>, <a href=\"https:\/\/www.educa.itakaescolapios.org\/eu\/wp-json\/wp\/v2\/pages\/5043\" class=\"qtranxs-available-language-link qtranxs-available-language-link-eu\" title=\"Euskera\">Basco<\/a>, <a href=\"https:\/\/www.educa.itakaescolapios.org\/fr\/wp-json\/wp\/v2\/pages\/5043\" class=\"qtranxs-available-language-link qtranxs-available-language-link-fr\" title=\"Fran\u00e7ais\">Francese<\/a> e <a href=\"https:\/\/www.educa.itakaescolapios.org\/pt\/wp-json\/wp\/v2\/pages\/5043\" class=\"qtranxs-available-language-link qtranxs-available-language-link-pt\" title=\"Portugu\u00eas\">Portoghese Europeo<\/a>.<\/p><p><\/p>\n<p style=\"text-align: justify;\"><img decoding=\"async\" loading=\"lazy\" class=\"alignright\" style=\"margin: 5px;\" src=\"https:\/\/www.educa.itakaescolapios.org\/wp-content\/uploads\/2021\/10\/Misi\u00f3n-COEDUCACION.png\" alt=\"\" width=\"60%\" height=\"60%\" \/><span style=\"font-family: arial, helvetica, sans-serif;\">Los centros Escolapios est\u00e1n llamados a ser centros defensores de la igualdad, con sus participantes, en su entorno y en todo el mundo.<br \/>\nComo en Kikonka, Rep\u00fablica Democr\u00e1tica del Congo donde una escuela materno infantil facilita la conciliaci\u00f3n familiar y da acceso a las mujeres a formaci\u00f3n agr\u00edcola mejorando sus ingresos y empoder\u00e1ndolas.<br \/>\nElikia, Esengo junto a Marine nos invitan a la Misi\u00f3n Coeducaci\u00f3n. Participa y consigue el diploma de la coeducaci\u00f3n. Porque vivimos en un mundo desigual que discrimina por sistema el acceso de las mujeres a educaci\u00f3n y a ingresos El <\/span><a style=\"font-family: arial, helvetica, sans-serif;\" href=\"https:\/\/www.un.org\/sustainabledevelopment\/es\/gender-equality\/\" target=\"_blank\" rel=\"noopener noreferrer\">objetivo 5 de los Objetivos de Desarrollo Sostenible<\/a><span style=\"font-family: arial, helvetica, sans-serif;\"> de la ONU para el 2030 establece \u201cLograr la igualdad entre los g\u00e9neros y empoderar a todas las mujeres y las ni\u00f1as\u201d Participa en la Misi\u00f3n Coeducaci\u00f3n para que todas las personas que formamos la comunidad educativa reflexionemos sobre la situaci\u00f3n de las ni\u00f1as y mujeres en nuestro entorno y nos comprometamos a defender una igualdad con la que ganamos todas las personas. Porque, en palabras de las Naciones Unidas \u201cLa igualdad de g\u00e9nero no solo es un derecho humano fundamental, sino que es uno de los fundamentos esenciales para construir un mundo pac\u00edfico, pr\u00f3spero y sostenible.\u201d<\/span><\/p>\n<p style=\"text-align: justify;\"><span style=\"font-family: arial, helvetica, sans-serif;\">Cuentas con numerosas actividades para sacar adelante la misi\u00f3n coeducaci\u00f3n y con una carta de enhorabuena de Dorotea para cuando lo consigas. (<a href=\"https:\/\/www.educa.itakaescolapios.org\/wp-content\/uploads\/2021\/11\/Carta-Dorotea-fin-coeducacio%CC%81n.pdf\" target=\"_blank\" rel=\"noopener noreferrer\">Carta final de misi\u00f3n.<\/a>)<\/span><\/p>\n<p><img decoding=\"async\" loading=\"lazy\" class=\"alignright size-medium wp-image-2975\" style=\"font-family: arial, helvetica, sans-serif;\" src=\"https:\/\/www.educa.itakaescolapios.org\/wp-content\/uploads\/2020\/11\/mano-click-verde-por-dos-300x156.jpg\" alt=\"\" width=\"20%\" height=\"20%\" srcset=\"https:\/\/www.educa.itakaescolapios.org\/wp-content\/uploads\/2020\/11\/mano-click-verde-por-dos-300x156.jpg 300w, https:\/\/www.educa.itakaescolapios.org\/wp-content\/uploads\/2020\/11\/mano-click-verde-por-dos-1024x532.jpg 1024w, https:\/\/www.educa.itakaescolapios.org\/wp-content\/uploads\/2020\/11\/mano-click-verde-por-dos-768x399.jpg 768w, https:\/\/www.educa.itakaescolapios.org\/wp-content\/uploads\/2020\/11\/mano-click-verde-por-dos-1536x799.jpg 1536w, https:\/\/www.educa.itakaescolapios.org\/wp-content\/uploads\/2020\/11\/mano-click-verde-por-dos-2048x1065.jpg 2048w, https:\/\/www.educa.itakaescolapios.org\/wp-content\/uploads\/2020\/11\/mano-click-verde-por-dos-250x130.jpg 250w\" sizes=\"(max-width: 300px) 100vw, 300px\" \/><\/p>\n<p>&nbsp;<\/p>\n<p style=\"padding-left: 120px;\"><a href=\"https:\/\/www.educa.itakaescolapios.org\/coeducacion\/gana-la-igualdad\" target=\"_blank\" rel=\"noopener noreferrer\"><span style=\"font-family: arial, helvetica, sans-serif;\">Gana la igualdad (3 a 18 a\u00f1os)<\/span><\/a><\/p>\n<p style=\"padding-left: 120px;\"><span style=\"font-family: arial, helvetica, sans-serif;\"><a href=\"https:\/\/www.educa.itakaescolapios.org\/coeducacion\/erase-una-vez\" target=\"_blank\" rel=\"noopener noreferrer\">\u00c9rase otra vez (relectura de cuentos tradicionales)(8 a 14 a\u00f1os)<\/a><\/span><\/p>\n<p style=\"padding-left: 120px;\"><span style=\"font-family: arial, helvetica, sans-serif;\"><a href=\"https:\/\/www.educa.itakaescolapios.org\/coeducacion\/la-princesa-que-no-queria-ser-salvada\" target=\"_blank\" rel=\"noopener noreferrer\">La princesa que no quer\u00eda ser salvada (6 a 8 a\u00f1os)<\/a><\/span><\/p>\n<p style=\"padding-left: 120px;\"><span style=\"font-family: arial, helvetica, sans-serif;\"><a href=\"https:\/\/www.educa.itakaescolapios.org\/coeducacion\/que-igualdad-queremos\" target=\"_blank\" rel=\"noopener noreferrer\">Purl. \u00bfQu\u00e9 igualdad queremos? (desde 16 a\u00f1os)<\/a><\/span><\/p>\n<p style=\"padding-left: 120px;\"><span style=\"font-family: arial, helvetica, sans-serif;\"><a href=\"https:\/\/www.educa.itakaescolapios.org\/coeducacion\/hay-canciones-y-canciones\" target=\"_blank\" rel=\"noopener noreferrer\">Hay canciones&#8230; y canciones (de 12 a 18 a\u00f1os)<\/a><\/span><\/p>\n<p style=\"padding-left: 120px;\"><span style=\"font-family: arial, helvetica, sans-serif;\"><a href=\"https:\/\/www.educa.itakaescolapios.org\/coeducacion\/como-una-chica\" target=\"_blank\" rel=\"noopener noreferrer\">Como una chica (desde 10 a\u00f1os)<\/a><\/span><\/p>\n<p style=\"padding-left: 120px;\"><span style=\"font-family: arial, helvetica, sans-serif;\"><a href=\"https:\/\/www.educa.itakaescolapios.org\/coeducacion\/321-metafora-solidaridad\" target=\"_blank\" rel=\"noopener noreferrer\">Debate sobre la igualdad (desde 12 a\u00f1os)<\/a><\/span><\/p>\n<p style=\"padding-left: 120px;\"><span style=\"font-family: arial, helvetica, sans-serif;\"><a href=\"https:\/\/www.educa.itakaescolapios.org\/coeducacion\/que-significa-ser-un-hombre\" target=\"_blank\" rel=\"noopener noreferrer\">\u00bfQu\u00e9 significa ser un hombre? (desde 10 a\u00f1os)<\/a><\/span><\/p>\n<p>&nbsp;<\/p>\n<hr \/>\n<p><\/p>","protected":false},"excerpt":{"rendered":"<p>Ci spiace, ma questo articolo \u00e8 disponibile soltanto in Spagnolo Europeo, Inglese Americano, Basco, Francese e Portoghese Europeo. Los centros Escolapios est\u00e1n llamados a ser centros [&hellip;]<\/p>\n","protected":false},"author":5,"featured_media":0,"parent":5117,"menu_order":5,"comment_status":"closed","ping_status":"closed","template":"","meta":[],"acf":[],"_links":{"self":[{"href":"https:\/\/www.educa.itakaescolapios.org\/it\/wp-json\/wp\/v2\/pages\/5043"}],"collection":[{"href":"https:\/\/www.educa.itakaescolapios.org\/it\/wp-json\/wp\/v2\/pages"}],"about":[{"href":"https:\/\/www.educa.itakaescolapios.org\/it\/wp-json\/wp\/v2\/types\/page"}],"author":[{"embeddable":true,"href":"https:\/\/www.educa.itakaescolapios.org\/it\/wp-json\/wp\/v2\/users\/5"}],"replies":[{"embeddable":true,"href":"https:\/\/www.educa.itakaescolapios.org\/it\/wp-json\/wp\/v2\/comments?post=5043"}],"version-history":[{"count":22,"href":"https:\/\/www.educa.itakaescolapios.org\/it\/wp-json\/wp\/v2\/pages\/5043\/revisions"}],"predecessor-version":[{"id":5833,"href":"https:\/\/www.educa.itakaescolapios.org\/it\/wp-json\/wp\/v2\/pages\/5043\/revisions\/5833"}],"up":[{"embeddable":true,"href":"https:\/\/www.educa.itakaescolapios.org\/it\/wp-json\/wp\/v2\/pages\/5117"}],"wp:attachment":[{"href":"https:\/\/www.educa.itakaescolapios.org\/it\/wp-json\/wp\/v2\/media?parent=5043"}],"curies":[{"name":"wp","href":"https:\/\/api.w.org\/{rel}","templated":true}]}}