{"id":5923,"date":"2021-12-30T09:45:57","date_gmt":"2021-12-30T08:45:57","guid":{"rendered":"https:\/\/www.educa.itakaescolapios.org\/?page_id=5923"},"modified":"2023-05-05T13:28:29","modified_gmt":"2023-05-05T11:28:29","slug":"mision-paz-y-derechos-humanos","status":"publish","type":"page","link":"https:\/\/www.educa.itakaescolapios.org\/it\/semanas-de-la-paz\/2021-2022-tu-eres-el-cambio\/mision-paz-y-derechos-humanos","title":{"rendered":"MISI\u00d3N PAZ y DERECHOS HUMANOS"},"content":{"rendered":"<p class=\"qtranxs-available-languages-message qtranxs-available-languages-message-it\">Ci spiace, ma questo articolo \u00e8 disponibile soltanto in <a href=\"https:\/\/www.educa.itakaescolapios.org\/es\/wp-json\/wp\/v2\/pages\/5923\" class=\"qtranxs-available-language-link qtranxs-available-language-link-es\" title=\"Espa\u00f1ol\">Spagnolo Europeo<\/a>, <a href=\"https:\/\/www.educa.itakaescolapios.org\/eu\/wp-json\/wp\/v2\/pages\/5923\" class=\"qtranxs-available-language-link qtranxs-available-language-link-eu\" title=\"Euskera\">Basco<\/a>, <a href=\"https:\/\/www.educa.itakaescolapios.org\/fr\/wp-json\/wp\/v2\/pages\/5923\" class=\"qtranxs-available-language-link qtranxs-available-language-link-fr\" title=\"Fran\u00e7ais\">Francese<\/a> e <a href=\"https:\/\/www.educa.itakaescolapios.org\/pt\/wp-json\/wp\/v2\/pages\/5923\" class=\"qtranxs-available-language-link qtranxs-available-language-link-pt\" title=\"Portugu\u00eas\">Portoghese Europeo<\/a>.<\/p><p>&nbsp;<\/p>\n<p style=\"text-align: justify;\"><img decoding=\"async\" loading=\"lazy\" class=\"alignleft\" src=\"https:\/\/www.educa.itakaescolapios.org\/wp-content\/uploads\/2021\/12\/CARTELES-MISIONES-21225.jpg\" alt=\"\" width=\"515\" height=\"343\" \/><\/p>\n<p style=\"text-align: justify;\">Los centros Escolapios tambi\u00e9n est\u00e1n llamados a trabajar por la paz y el cumplimiento de los derechos humanos.<br \/>\nComo en Espa\u00f1a, donde la mayor\u00eda de los colegios reflexionan y celebran cada 30 de enero (en el aniversario de la muerte de Gandhi), el D\u00eda Escolar de la No violencia y la Paz.<br \/>\nAunque la misi\u00f3n que proponemos de trabajo por la paz y los derechos humanos se puede trabajar a lo largo de todo el a\u00f1o seg\u00fan la organizaci\u00f3n en cada continente o pa\u00eds, desde Itaka-Escolapios os proponemos que conozc\u00e1is algunas realidades de conflicto existentes en lugares donde estamos presentes, y tambi\u00e9n las acciones que desde las EEPP se est\u00e1n dando.<br \/>\nDe este modo, Calasanz en persona nos invita a la Misi\u00f3n Paz y Derechos Humanos, y nos recuerda que, aunque nos parezca que todos los conflictos y las guerras est\u00e1n lejos o fuera de nuestro entorno, muchas veces tenemos algo importante que decir, y sobre todo hacer. Pues cada una de nosotras y nosotros podemos generar una cultura de paz, por que: T\u00da ERES EL CAMBIO.<br \/>\nCuentas con numerosas actividades para sacar adelante la misi\u00f3n paz y ddhh y con una carta de enhorabuena de Dorotea para cuando lo consigas. (<a href=\"https:\/\/www.educa.itakaescolapios.org\/wp-content\/uploads\/2021\/12\/Carta-Dorotea-fin-paz-y-ddhh.pdf\" target=\"_blank\" rel=\"noopener noreferrer\">Carta final de misi\u00f3n<\/a>.)<\/p>\n<p>&nbsp;<\/p>\n<p><a href=\"https:\/\/www.educa.itakaescolapios.org\/semanas-de-la-paz\/2021-2022-tu-eres-el-cambio\/actividades-para-los-centros-educativos\" target=\"_blank\" rel=\"noopener noreferrer\"><strong>ACTIVIDADES PARA LOS CENTROS EDUCATIVOS<\/strong><\/a><\/p>\n<ul>\n<li style=\"list-style-type: none;\">\n<ul>\n<li style=\"list-style-type: none;\">\n<ul style=\"list-style-type: square;\">\n<li><a href=\"https:\/\/www.educa.itakaescolapios.org\/paz\/bote-de-paz\" target=\"_blank\" rel=\"noopener noreferrer\">Bote de Paz (de 3 a 7 a\u00f1os)<\/a><\/li>\n<li><a href=\"https:\/\/www.educa.itakaescolapios.org\/paz\/comite-de-la-paz\" target=\"_blank\" rel=\"noopener noreferrer\">Comit\u00e9 de la Paz (de 7 a 11 a\u00f1os)<\/a><\/li>\n<li><a href=\"https:\/\/www.educa.itakaescolapios.org\/paz\/activistas-por-la-paz-y-los-derechos-humanos\" target=\"_blank\" rel=\"noopener noreferrer\">Activistas por la Paz y los Derechos Humanos (de 12 a 15 a\u00f1os)<\/a><\/li>\n<li><a href=\"https:\/\/www.educa.itakaescolapios.org\/derecho-a-la-educacion\/escuelas-pias-en-mozambique\" target=\"_blank\" rel=\"noopener noreferrer\">Las Escuelas P\u00edas de Mozambique (de 15 a 18 a\u00f1os)<\/a><\/li>\n<li><a href=\"https:\/\/www.educa.itakaescolapios.org\/paz\/mensajes-de-paz\" target=\"_blank\" rel=\"noopener noreferrer\">Acto central: Mensajes Paz<\/a><\/li>\n<\/ul>\n<\/li>\n<\/ul>\n<\/li>\n<\/ul>\n<p>&nbsp;<\/p>\n<p><a href=\"https:\/\/www.educa.itakaescolapios.org\/semanas-de-la-paz\/2021-2022-tu-eres-el-cambio\/oraciones-por-la-paz\" target=\"_blank\" rel=\"noopener noreferrer\"><b>ORACIONES POR\u00a0LA PAZ<\/b><\/a><\/p>\n<p>&nbsp;<\/p>\n<p><a href=\"https:\/\/www.educa.itakaescolapios.org\/eu\/semanas-de-la-paz\/2021-2022-tu-eres-el-cambio\/actividades-para-el-movimiento-calasanz\" target=\"_blank\" rel=\"noopener noreferrer\"><strong>ACTIVIDADES PARA EL MOVIMIENTO CALASANZ<\/strong><\/a><\/p>\n<ul>\n<li style=\"list-style-type: none;\">\n<ul>\n<li style=\"list-style-type: none;\">\n<ul style=\"list-style-type: square;\">\n<li><a href=\"https:\/\/www.educa.itakaescolapios.org\/paz\/mi-casa-de-la-paz\" target=\"_blank\" rel=\"noopener noreferrer\">Mi casa de la Paz (de 3 a 7 a\u00f1os)<\/a><\/li>\n<li><a href=\"https:\/\/www.educa.itakaescolapios.org\/paz\/transplantando-amistades\" target=\"_blank\" rel=\"noopener noreferrer\">Transplantando amistados (de 7 a 11 a\u00f1os)<\/a><\/li>\n<li><a href=\"https:\/\/www.educa.itakaescolapios.org\/paz\/mensajeras-de-la-paz\" target=\"_blank\" rel=\"noopener noreferrer\">Mensajeros de Paz (de 12 a 15 a\u00f1os)<\/a><\/li>\n<li><a href=\"https:\/\/www.educa.itakaescolapios.org\/derecho-a-la-educacion\/la-paz-es-el-camino\" target=\"_blank\" rel=\"noopener noreferrer\">La paz es el camino (de 15 a 18 a\u00f1os)<\/a><\/li>\n<li><a href=\"https:\/\/www.educa.itakaescolapios.org\/paz\/tips-para-discutir-bien\" target=\"_blank\" rel=\"noopener noreferrer\">Tips para discutir bien (m\u00e1s de 18 a\u00f1os)<\/a><\/li>\n<\/ul>\n<\/li>\n<\/ul>\n<\/li>\n<\/ul>\n<p><a href=\"https:\/\/www.educa.itakaescolapios.org\/semanas-de-la-paz\/2021-2022-tu-eres-el-cambio\/actividades-para-adultos\" target=\"_blank\" rel=\"noopener noreferrer\"><strong>ACTIVIDADES PARA PERSONAS ADULTAS<\/strong><\/a><\/p>\n<ul>\n<li style=\"list-style-type: none;\">\n<ul>\n<li style=\"list-style-type: none;\">\n<ul style=\"list-style-type: square;\">\n<li><a href=\"https:\/\/www.educa.itakaescolapios.org\/derecho-a-la-educacion\/fraternidad-mision-paz-y-ddhh\" target=\"_blank\" rel=\"noopener noreferrer\">Fraternidad<\/a><\/li>\n<li><a href=\"https:\/\/www.educa.itakaescolapios.org\/derecho-a-la-educacion\/mision-compartida-campana-paz-y-ddhh\" target=\"_blank\" rel=\"noopener noreferrer\">Misi\u00f3n Compartida<\/a><\/li>\n<\/ul>\n<\/li>\n<\/ul>\n<\/li>\n<\/ul>\n<p><\/p>","protected":false},"excerpt":{"rendered":"<p>Ci spiace, ma questo articolo \u00e8 disponibile soltanto in Spagnolo Europeo, Basco, Francese e Portoghese Europeo.&nbsp; Los centros Escolapios tambi\u00e9n est\u00e1n llamados a trabajar por la [&hellip;]<\/p>\n","protected":false},"author":5,"featured_media":0,"parent":5902,"menu_order":0,"comment_status":"closed","ping_status":"closed","template":"","meta":[],"acf":[],"_links":{"self":[{"href":"https:\/\/www.educa.itakaescolapios.org\/it\/wp-json\/wp\/v2\/pages\/5923"}],"collection":[{"href":"https:\/\/www.educa.itakaescolapios.org\/it\/wp-json\/wp\/v2\/pages"}],"about":[{"href":"https:\/\/www.educa.itakaescolapios.org\/it\/wp-json\/wp\/v2\/types\/page"}],"author":[{"embeddable":true,"href":"https:\/\/www.educa.itakaescolapios.org\/it\/wp-json\/wp\/v2\/users\/5"}],"replies":[{"embeddable":true,"href":"https:\/\/www.educa.itakaescolapios.org\/it\/wp-json\/wp\/v2\/comments?post=5923"}],"version-history":[{"count":62,"href":"https:\/\/www.educa.itakaescolapios.org\/it\/wp-json\/wp\/v2\/pages\/5923\/revisions"}],"predecessor-version":[{"id":7602,"href":"https:\/\/www.educa.itakaescolapios.org\/it\/wp-json\/wp\/v2\/pages\/5923\/revisions\/7602"}],"up":[{"embeddable":true,"href":"https:\/\/www.educa.itakaescolapios.org\/it\/wp-json\/wp\/v2\/pages\/5902"}],"wp:attachment":[{"href":"https:\/\/www.educa.itakaescolapios.org\/it\/wp-json\/wp\/v2\/media?parent=5923"}],"curies":[{"name":"wp","href":"https:\/\/api.w.org\/{rel}","templated":true}]}}