{"id":6357,"date":"2022-11-02T09:54:53","date_gmt":"2022-11-02T08:54:53","guid":{"rendered":"https:\/\/www.educa.itakaescolapios.org\/?page_id=6357"},"modified":"2023-02-14T13:08:42","modified_gmt":"2023-02-14T12:08:42","slug":"recordamos-centros-que-cambian-cambia-tu-centro","status":"publish","type":"page","link":"https:\/\/www.educa.itakaescolapios.org\/it\/campanas\/2022-2023-una-voz-un-millon-de-cambios\/recordamos-centros-que-cambian-cambia-tu-centro","title":{"rendered":"Recordando: Centros que cambian, Cambia tu centro"},"content":{"rendered":"<p class=\"qtranxs-available-languages-message qtranxs-available-languages-message-it\">Ci spiace, ma questo articolo \u00e8 disponibile soltanto in <a href=\"https:\/\/www.educa.itakaescolapios.org\/es\/wp-json\/wp\/v2\/pages\/6357\" class=\"qtranxs-available-language-link qtranxs-available-language-link-es\" title=\"Espa\u00f1ol\">Spagnolo Europeo<\/a>, <a href=\"https:\/\/www.educa.itakaescolapios.org\/en\/wp-json\/wp\/v2\/pages\/6357\" class=\"qtranxs-available-language-link qtranxs-available-language-link-en\" title=\"English\">Inglese Americano<\/a>, <a href=\"https:\/\/www.educa.itakaescolapios.org\/eu\/wp-json\/wp\/v2\/pages\/6357\" class=\"qtranxs-available-language-link qtranxs-available-language-link-eu\" title=\"Euskera\">Basco<\/a>, <a href=\"https:\/\/www.educa.itakaescolapios.org\/fr\/wp-json\/wp\/v2\/pages\/6357\" class=\"qtranxs-available-language-link qtranxs-available-language-link-fr\" title=\"Fran\u00e7ais\">Francese<\/a> e <a href=\"https:\/\/www.educa.itakaescolapios.org\/pt\/wp-json\/wp\/v2\/pages\/6357\" class=\"qtranxs-available-language-link qtranxs-available-language-link-pt\" title=\"Portugu\u00eas\">Portoghese Europeo<\/a>.<\/p><p><span style=\"font-family: arial, helvetica, sans-serif;\">\u00a1GRACIAS!<\/span><\/p>\n<p><span style=\"font-family: arial, helvetica, sans-serif;\">Hace aproximadamente un a\u00f1o, se abr\u00eda un nuevo espacio en esta misma web para presentar la campa\u00f1a \u201c<em>Centros que cambian, cambia tu centro\u201d.<\/em> Una campa\u00f1a en<\/span><span style=\"font-family: arial, helvetica, sans-serif;\">focada a potencia y apoyar la fuerza transformadora de la educaci\u00f3n de nuestros centros educativos, muy diferentes entre s\u00ed, pero con algo en com\u00fan: desarrollar la misi\u00f3n escolapia a trav\u00e9s de acciones que van m\u00e1s all\u00e1 de las aulas.<img decoding=\"async\" loading=\"lazy\" class=\"alignright\" style=\"font-family: arial, helvetica, sans-serif; text-align: justify;\" src=\"https:\/\/www.educa.itakaescolapios.org\/wp-content\/uploads\/2021\/11\/Dorotea-portada-.png\" alt=\"\" width=\"20%\" height=\"20%\" \/><\/span><\/p>\n<p><span style=\"font-family: arial, helvetica, sans-serif;\">Esta campa\u00f1a se ha desarrollado durante 12 meses en 10 pa\u00edses y m\u00e1s de 60 localidades o presencias. En cada lugar se ha llevado a cabo en un momento determinado, seg\u00fan la organizaci\u00f3n propia, pero la fuerza que da unirse en una misma acci\u00f3n con un mismo prop\u00f3sito favorece lograr que, efectivamente, podamos cambiar nuestros centros, para que conviertan en centros que, a su vez, cambien su entorno.<\/span><\/p>\n<p><span style=\"font-family: arial, helvetica, sans-serif;\">A lo largo del a\u00f1o, durante la campa\u00f1a 2021-2022, pusimos en valor la figura de las educadoras y educadores escolapios que comparten su vida por todas y cada una de las personas (peque\u00f1as y grandes) con las que se topan en su tarea diaria. Una figura representada por Dorotea, la nueva tripulante que acompa\u00f1a desde entonces a Calasanz y sus amigos en cada una de las misiones a las que se enfrentan. Este a\u00f1o, por supuesto, seguiremos contando con ella.<\/span><\/p>\n<p><span style=\"font-family: arial, helvetica, sans-serif;\">Estamos convencidas que, los educadores y educadoras son claves para la misi\u00f3n escolapia, y por eso consideramos muy importante poder cerrar la campa\u00f1a \u201c<em>Centros que cambian, cambia tu centro\u201d <\/em>envi\u00e1ndoles una carta de agradecimiento por su labor y entrega. Por eso, os invitamos a hacer esa tarea con quienes ten\u00e9is m\u00e1s cerca <a href=\"https:\/\/www.educa.itakaescolapios.org\/wp-content\/uploads\/2022\/11\/02.01a.-Muchas-gracias-EDUCADORES.pdf\">(Enlace a la carta de educadores\/as)<\/a> <img decoding=\"async\" loading=\"lazy\" class=\"alignright size-medium wp-image-2975\" src=\"https:\/\/www.educa.itakaescolapios.org\/wp-content\/uploads\/2020\/11\/mano-click-verde-por-dos-300x156.jpg\" alt=\"\" width=\"20%\" height=\"20%\" srcset=\"https:\/\/www.educa.itakaescolapios.org\/wp-content\/uploads\/2020\/11\/mano-click-verde-por-dos-300x156.jpg 300w, https:\/\/www.educa.itakaescolapios.org\/wp-content\/uploads\/2020\/11\/mano-click-verde-por-dos-1024x532.jpg 1024w, https:\/\/www.educa.itakaescolapios.org\/wp-content\/uploads\/2020\/11\/mano-click-verde-por-dos-768x399.jpg 768w, https:\/\/www.educa.itakaescolapios.org\/wp-content\/uploads\/2020\/11\/mano-click-verde-por-dos-1536x799.jpg 1536w, https:\/\/www.educa.itakaescolapios.org\/wp-content\/uploads\/2020\/11\/mano-click-verde-por-dos-2048x1065.jpg 2048w, https:\/\/www.educa.itakaescolapios.org\/wp-content\/uploads\/2020\/11\/mano-click-verde-por-dos-250x130.jpg 250w\" sizes=\"(max-width: 300px) 100vw, 300px\" \/><\/span><\/p>\n<p><span style=\"font-family: arial, helvetica, sans-serif;\">Por \u00faltimo, recordarte que puedes descargar aqu\u00ed mismo el <a href=\"https:\/\/www.educa.itakaescolapios.org\/wp-content\/uploads\/2022\/11\/ES.CARTEL-GRACIAS-por-2021-22.pdf\" target=\"_blank\" rel=\"noopener noreferrer\">cartel de agradecimiento<\/a>, con los detalles de la recaudaci\u00f3n total de la campa\u00f1a para hacerlo llegar a los ni\u00f1os, ni\u00f1as, j\u00f3venes, familias, religiosos, fraternidad, etc.; que ha colaborado para lograr estos resultados.<\/span><\/p>\n<p><span style=\"font-family: arial, helvetica, sans-serif;\">Y, de nuevo: \u00a1GRACIAS!\u00a0<\/span><\/p>\n<p>&nbsp;<\/p>\n<p>&nbsp;<\/p>\n<p><span style=\"font-family: arial, helvetica, sans-serif;\">Carteles de agradecimiento en distintos idiomas y monedas:<\/span><\/p>\n<table style=\"border-collapse: collapse; width: 100%; height: 230px;\" border=\"1\">\n<tbody>\n<tr style=\"height: 33px;\">\n<td style=\"width: 32.9888%; height: 33px;\" height=\"34\"><span style=\"font-family: arial, helvetica, sans-serif;\"><strong><span style=\"color: #000000;\">ESPA\u00d1OL<\/span><\/strong><\/span><\/td>\n<td style=\"width: 8.3764%; text-align: center;\"><a href=\"https:\/\/www.educa.itakaescolapios.org\/wp-content\/uploads\/2022\/12\/ES.Gracias-EUR-scaled.jpg\" target=\"_blank\" rel=\"noopener noreferrer\"><span style=\"font-family: arial, helvetica, sans-serif;\">EUR<\/span><\/a><\/td>\n<td style=\"width: 8.3764%; text-align: center;\"><a href=\"https:\/\/www.educa.itakaescolapios.org\/wp-content\/uploads\/2022\/12\/ES.Gracias-BOB-scaled.jpg\" target=\"_blank\" rel=\"noopener noreferrer\"><span style=\"font-family: arial, helvetica, sans-serif;\">BOB<\/span><\/a><\/td>\n<td style=\"width: 16.7528%; text-align: center;\"><a href=\"https:\/\/www.educa.itakaescolapios.org\/wp-content\/uploads\/2022\/12\/ES.Gracias-MXN-scaled.jpg\" target=\"_blank\" rel=\"noopener noreferrer\"><span style=\"font-family: arial, helvetica, sans-serif;\">MXN<\/span><\/a><\/td>\n<td style=\"width: 33.5056%; text-align: center; height: 33px;\"><a href=\"https:\/\/www.educa.itakaescolapios.org\/wp-content\/uploads\/2022\/12\/ES.Gracias-USD-scaled.jpg\" target=\"_blank\" rel=\"noopener noreferrer\"><span style=\"font-family: arial, helvetica, sans-serif;\">USD<\/span><\/a><\/td>\n<\/tr>\n<tr style=\"height: 33px;\">\n<td style=\"width: 32.9888%; height: 33px;\" height=\"34\"><span style=\"font-family: arial, helvetica, sans-serif;\"><strong><span style=\"color: #000000;\">INGL\u00c9S<\/span><\/strong><\/span><\/td>\n<td style=\"width: 8.3764%; text-align: center;\"><a href=\"https:\/\/www.educa.itakaescolapios.org\/wp-content\/uploads\/2022\/12\/EN.Thanks-INR.jpg\" target=\"_blank\" rel=\"noopener noreferrer\"><span style=\"font-family: arial, helvetica, sans-serif;\">INR<\/span><\/a><\/td>\n<td style=\"width: 8.3764%; text-align: center;\"><a href=\"https:\/\/www.educa.itakaescolapios.org\/wp-content\/uploads\/2022\/12\/EN.Thanks-PHP-scaled.jpg\" target=\"_blank\" rel=\"noopener noreferrer\"><span style=\"font-family: arial, helvetica, sans-serif;\">PHP<\/span><\/a><\/td>\n<td style=\"width: 16.7528%; text-align: center;\"><a href=\"https:\/\/www.educa.itakaescolapios.org\/wp-content\/uploads\/2022\/12\/EN.Thanks-XAF-scaled.jpg\" target=\"_blank\" rel=\"noopener noreferrer\"><span style=\"font-family: arial, helvetica, sans-serif;\">XAF<\/span><\/a><\/td>\n<td style=\"width: 33.5056%; height: 33px; text-align: center;\"><\/td>\n<\/tr>\n<tr style=\"height: 33px;\">\n<td style=\"width: 32.9888%; height: 33px;\" height=\"34\"><span style=\"color: #000000; font-family: arial, helvetica, sans-serif;\"><strong>FRANC\u00c9S<\/strong><\/span><\/td>\n<td style=\"width: 8.3764%; text-align: center;\"><a href=\"https:\/\/www.educa.itakaescolapios.org\/wp-content\/uploads\/2022\/12\/FR.Merci-XOF-scaled.jpg\" target=\"_blank\" rel=\"noopener noreferrer\"><span style=\"font-family: arial, helvetica, sans-serif;\">XOF<\/span><\/a><\/td>\n<td style=\"width: 8.3764%; text-align: center;\"><a href=\"https:\/\/www.educa.itakaescolapios.org\/wp-content\/uploads\/2022\/12\/FR.Merci-XAF-scaled.jpg\" target=\"_blank\" rel=\"noopener noreferrer\"><span style=\"font-family: arial, helvetica, sans-serif;\">XAF<\/span><\/a><\/td>\n<td style=\"width: 16.7528%; text-align: center;\"><\/td>\n<td style=\"width: 33.5056%; height: 33px; text-align: center;\"><\/td>\n<\/tr>\n<tr style=\"height: 33px;\">\n<td style=\"width: 32.9888%; height: 33px;\" height=\"34\"><span style=\"color: #000000; font-family: arial, helvetica, sans-serif;\"><strong>PORTUGU\u00c9S<\/strong><\/span><\/td>\n<td style=\"width: 8.3764%; text-align: center;\"><a href=\"https:\/\/www.educa.itakaescolapios.org\/wp-content\/uploads\/2022\/12\/PT.Obrigado-BRL-scaled.jpg\" target=\"_blank\" rel=\"noopener noreferrer\"><span style=\"font-family: arial, helvetica, sans-serif;\">BRL<\/span><\/a><\/td>\n<td style=\"width: 8.3764%; text-align: center;\"><a href=\"https:\/\/www.educa.itakaescolapios.org\/wp-content\/uploads\/2022\/12\/PT.Obrigado-MZN-scaled.jpg\" target=\"_blank\" rel=\"noopener noreferrer\"><span style=\"font-family: arial, helvetica, sans-serif;\">MZN<\/span><\/a><\/td>\n<td style=\"width: 16.7528%; text-align: center;\"><\/td>\n<td style=\"width: 33.5056%; height: 33px; text-align: center;\"><\/td>\n<\/tr>\n<tr style=\"height: 33px;\">\n<td style=\"width: 32.9888%; height: 33px;\" height=\"34\"><span style=\"color: #000000; font-family: arial, helvetica, sans-serif;\"><strong>EUSKERA<\/strong><\/span><\/td>\n<td style=\"width: 8.3764%; text-align: center;\"><a href=\"https:\/\/www.educa.itakaescolapios.org\/wp-content\/uploads\/2022\/12\/EU.Eskerrik-asko-EUR-scaled.jpg\" target=\"_blank\" rel=\"noopener noreferrer\"><span style=\"font-family: arial, helvetica, sans-serif;\">EUR<\/span><\/a><\/td>\n<td style=\"width: 8.3764%; text-align: center;\"><\/td>\n<td style=\"width: 16.7528%; text-align: center;\"><\/td>\n<td style=\"width: 33.5056%; height: 33px; text-align: center;\"><\/td>\n<\/tr>\n<tr style=\"height: 32px;\">\n<td style=\"width: 32.9888%; height: 32px;\" height=\"34\"><span style=\"color: #000000; font-family: arial, helvetica, sans-serif;\"><strong>VALENCIANO<\/strong><\/span><\/td>\n<td style=\"width: 8.3764%; text-align: center;\"><a href=\"https:\/\/www.educa.itakaescolapios.org\/wp-content\/uploads\/2022\/12\/VA.Gr\u00e0cies-EUR-scaled.jpg\" target=\"_blank\" rel=\"noopener noreferrer\"><span style=\"font-family: arial, helvetica, sans-serif;\">EUR<\/span><\/a><\/td>\n<td style=\"width: 8.3764%; text-align: center;\"><\/td>\n<td style=\"width: 16.7528%; text-align: center;\"><\/td>\n<td style=\"width: 33.5056%; height: 32px; text-align: center;\"><\/td>\n<\/tr>\n<\/tbody>\n<\/table>\n<p><img decoding=\"async\" loading=\"lazy\" class=\"aligncenter\" src=\"https:\/\/www.educa.itakaescolapios.org\/wp-content\/uploads\/2022\/12\/multiple-gracias-scaled.jpg\" alt=\"\" width=\"100%\" height=\"100%\" \/><\/p>","protected":false},"excerpt":{"rendered":"<p>Ci spiace, ma questo articolo \u00e8 disponibile soltanto in Spagnolo Europeo, Inglese Americano, Basco, Francese e Portoghese Europeo.\u00a1GRACIAS! Hace aproximadamente un a\u00f1o, se abr\u00eda un nuevo [&hellip;]<\/p>\n","protected":false},"author":5,"featured_media":0,"parent":6355,"menu_order":1,"comment_status":"closed","ping_status":"closed","template":"","meta":[],"acf":[],"_links":{"self":[{"href":"https:\/\/www.educa.itakaescolapios.org\/it\/wp-json\/wp\/v2\/pages\/6357"}],"collection":[{"href":"https:\/\/www.educa.itakaescolapios.org\/it\/wp-json\/wp\/v2\/pages"}],"about":[{"href":"https:\/\/www.educa.itakaescolapios.org\/it\/wp-json\/wp\/v2\/types\/page"}],"author":[{"embeddable":true,"href":"https:\/\/www.educa.itakaescolapios.org\/it\/wp-json\/wp\/v2\/users\/5"}],"replies":[{"embeddable":true,"href":"https:\/\/www.educa.itakaescolapios.org\/it\/wp-json\/wp\/v2\/comments?post=6357"}],"version-history":[{"count":33,"href":"https:\/\/www.educa.itakaescolapios.org\/it\/wp-json\/wp\/v2\/pages\/6357\/revisions"}],"predecessor-version":[{"id":7251,"href":"https:\/\/www.educa.itakaescolapios.org\/it\/wp-json\/wp\/v2\/pages\/6357\/revisions\/7251"}],"up":[{"embeddable":true,"href":"https:\/\/www.educa.itakaescolapios.org\/it\/wp-json\/wp\/v2\/pages\/6355"}],"wp:attachment":[{"href":"https:\/\/www.educa.itakaescolapios.org\/it\/wp-json\/wp\/v2\/media?parent=6357"}],"curies":[{"name":"wp","href":"https:\/\/api.w.org\/{rel}","templated":true}]}}