{"id":6395,"date":"2022-11-02T13:46:18","date_gmt":"2022-11-02T12:46:18","guid":{"rendered":"https:\/\/www.educa.itakaescolapios.org\/?page_id=6395"},"modified":"2023-02-15T14:12:27","modified_gmt":"2023-02-15T13:12:27","slug":"evaluacion","status":"publish","type":"page","link":"https:\/\/www.educa.itakaescolapios.org\/it\/campanas\/2022-2023-una-voz-un-millon-de-cambios\/evaluacion","title":{"rendered":"Evaluaci\u00f3n"},"content":{"rendered":"<p class=\"qtranxs-available-languages-message qtranxs-available-languages-message-it\">Ci spiace, ma questo articolo \u00e8 disponibile soltanto in <a href=\"https:\/\/www.educa.itakaescolapios.org\/es\/wp-json\/wp\/v2\/pages\/6395\" class=\"qtranxs-available-language-link qtranxs-available-language-link-es\" title=\"Espa\u00f1ol\">Spagnolo Europeo<\/a>, <a href=\"https:\/\/www.educa.itakaescolapios.org\/en\/wp-json\/wp\/v2\/pages\/6395\" class=\"qtranxs-available-language-link qtranxs-available-language-link-en\" title=\"English\">Inglese Americano<\/a>, <a href=\"https:\/\/www.educa.itakaescolapios.org\/eu\/wp-json\/wp\/v2\/pages\/6395\" class=\"qtranxs-available-language-link qtranxs-available-language-link-eu\" title=\"Euskera\">Basco<\/a>, <a href=\"https:\/\/www.educa.itakaescolapios.org\/fr\/wp-json\/wp\/v2\/pages\/6395\" class=\"qtranxs-available-language-link qtranxs-available-language-link-fr\" title=\"Fran\u00e7ais\">Francese<\/a> e <a href=\"https:\/\/www.educa.itakaescolapios.org\/pt\/wp-json\/wp\/v2\/pages\/6395\" class=\"qtranxs-available-language-link qtranxs-available-language-link-pt\" title=\"Portugu\u00eas\">Portoghese Europeo<\/a>.<\/p><p><\/p>\n<p style=\"text-align: left;\"><span style=\"font-family: arial, helvetica, sans-serif;\">Queremos conocer c\u00f3mo se ha desarrollado la campa\u00f1a de solidaridad en tu centro. Saber qu\u00e9 misiones y actividades has realizado y c\u00f3mo han funcionado nos ayudar\u00e1 a impulsar mejores campa\u00f1as en el futuro.<\/span><\/p>\n<p style=\"text-align: left;\"><span style=\"font-family: arial, helvetica, sans-serif;\">Para hacerlo disponemos de un cuestionario on line. Se debe rellenar un formulario por cada centro participante. Contacta con <a href=\"mailto:educa@itakaescolapios.org\" target=\"_blank\" rel=\"noopener noreferrer\">educa@itakaescolapios.org<\/a>\u00a0 y te facilitaremos el enlace para responder.<\/span><\/p>\n<p><span style=\"font-family: arial, helvetica, sans-serif;\"><img decoding=\"async\" loading=\"lazy\" class=\"align:center alignleft\" src=\"https:\/\/www.educa.itakaescolapios.org\/wp-content\/uploads\/2022\/11\/ES.CARTEL-campan\u0303a-2023.png\" alt=\"\" width=\"90%\" height=\"90%\" \/><\/span><\/p>","protected":false},"excerpt":{"rendered":"<p>Ci spiace, ma questo articolo \u00e8 disponibile soltanto in Spagnolo Europeo, Inglese Americano, Basco, Francese e Portoghese Europeo. Queremos conocer c\u00f3mo se ha desarrollado la campa\u00f1a [&hellip;]<\/p>\n","protected":false},"author":5,"featured_media":0,"parent":6355,"menu_order":6,"comment_status":"closed","ping_status":"closed","template":"","meta":[],"acf":[],"_links":{"self":[{"href":"https:\/\/www.educa.itakaescolapios.org\/it\/wp-json\/wp\/v2\/pages\/6395"}],"collection":[{"href":"https:\/\/www.educa.itakaescolapios.org\/it\/wp-json\/wp\/v2\/pages"}],"about":[{"href":"https:\/\/www.educa.itakaescolapios.org\/it\/wp-json\/wp\/v2\/types\/page"}],"author":[{"embeddable":true,"href":"https:\/\/www.educa.itakaescolapios.org\/it\/wp-json\/wp\/v2\/users\/5"}],"replies":[{"embeddable":true,"href":"https:\/\/www.educa.itakaescolapios.org\/it\/wp-json\/wp\/v2\/comments?post=6395"}],"version-history":[{"count":8,"href":"https:\/\/www.educa.itakaescolapios.org\/it\/wp-json\/wp\/v2\/pages\/6395\/revisions"}],"predecessor-version":[{"id":7301,"href":"https:\/\/www.educa.itakaescolapios.org\/it\/wp-json\/wp\/v2\/pages\/6395\/revisions\/7301"}],"up":[{"embeddable":true,"href":"https:\/\/www.educa.itakaescolapios.org\/it\/wp-json\/wp\/v2\/pages\/6355"}],"wp:attachment":[{"href":"https:\/\/www.educa.itakaescolapios.org\/it\/wp-json\/wp\/v2\/media?parent=6395"}],"curies":[{"name":"wp","href":"https:\/\/api.w.org\/{rel}","templated":true}]}}