{"id":717,"date":"2018-05-24T16:58:47","date_gmt":"2018-05-24T14:58:47","guid":{"rendered":"http:\/\/www.educa.itakaescolapios.org\/?page_id=717"},"modified":"2020-11-05T13:27:57","modified_gmt":"2020-11-05T12:27:57","slug":"2013-2014-semana-de-la-paz","status":"publish","type":"page","link":"https:\/\/www.educa.itakaescolapios.org\/it\/semanas-de-la-paz\/2013-2014-semana-de-la-paz","title":{"rendered":"2013-2014 Estamos por la Paz"},"content":{"rendered":"<p class=\"qtranxs-available-languages-message qtranxs-available-languages-message-it\">Ci spiace, ma questo articolo \u00e8 disponibile soltanto in <a href=\"https:\/\/www.educa.itakaescolapios.org\/es\/wp-json\/wp\/v2\/pages\/717\" class=\"qtranxs-available-language-link qtranxs-available-language-link-es\" title=\"Espa\u00f1ol\">Spagnolo Europeo<\/a>.<\/p><p><\/p>\n<p style=\"text-align: right;\"><img decoding=\"async\" loading=\"lazy\" class=\"alignleft size-medium wp-image-1536\" src=\"http:\/\/www.educa.itakaescolapios.org\/wp-content\/uploads\/2018\/12\/Ghandi-667x1024-195x300.png\" alt=\"\" width=\"195\" height=\"300\" srcset=\"https:\/\/www.educa.itakaescolapios.org\/wp-content\/uploads\/2018\/12\/Ghandi-667x1024-195x300.png 195w, https:\/\/www.educa.itakaescolapios.org\/wp-content\/uploads\/2018\/12\/Ghandi-667x1024.png 667w, https:\/\/www.educa.itakaescolapios.org\/wp-content\/uploads\/2018\/12\/Ghandi-667x1024-250x384.png 250w\" sizes=\"(max-width: 195px) 100vw, 195px\" \/>\u00a0<i>\u201cEn definitiva \u00bfd\u00f3nde empiezan los derechos humanos universales? Pues en peque\u00f1os lugares, cerca de nosotros; en lugares tan pr\u00f3ximos y peque\u00f1os que no<\/i> <i>aparecen en los mapas. Esos son los lugares en los que cada hombre, mujer y ni\u00f1o busca ser igual ante la ley, en las oportunidades, en la dignidad sin discriminaci\u00f3n. Si esos derechos no significan nada en esos lugares tampoco significan nada en ninguna otra parte. Sin una acci\u00f3n decidida de los ciudadanos para defender esos derechos a su alrededor, no se har\u00e1n progresos en el resto del mundo\u201d<\/i><\/p>\n<p style=\"text-align: right;\" align=\"right\"><i>Eleanor Roosvelt.- \u201cEn nuestras manos\u201d, <\/i><\/p>\n<p style=\"text-align: right;\" align=\"right\"><i>Discurso pronunciado en Marzo de 1958, con ocasi\u00f3n del X aniversario de la Declaraci\u00f3n Universal de Derechos Humanos<\/i><\/p>\n<p>&nbsp;<\/p>\n<p style=\"text-align: justify;\">La defensa del cumplimiento de los derechos humanos para todos los pueblos nos incumbe a todas y todos. En este sentido la sociedad civil se ha de concienciar cada vez m\u00e1s de la gran responsabilidad que tiene en la construcci\u00f3n de un mundo m\u00e1s justo. Es necesario buscar f\u00f3rmulas para trabajar una <b>EDUCACI\u00d3N EN VALORES<\/b> que, progresivamente y desde la infancia, lleve a planteamientos de compromiso y participaci\u00f3n de la sociedad civil en los problemas sociales que nos rodean e incumben a todos.<\/p>\n<p style=\"text-align: justify;\">En este contexto, la escuela se ha convertido en un lugar privilegiado donde poder desarrollar este tipo de actividades, debido a su enorme potencial transformador sobre la persona. La formaci\u00f3n para la paz, la cooperaci\u00f3n y la solidaridad entre los pueblos es, una de las principales finalidades que se plantea este sistema educativo, y por eso se trabaja de modo transversal desde la implantaci\u00f3n de la LOGSE. Sin embargo, el trabajar continuamente desde las transversales estos conceptos (la paz, concretamente, dentro de Educaci\u00f3n Moral, Educaci\u00f3n para la Convivencia y la Paz) no impide que sintamos la necesidad de que existan fechas concretas, que nos recuerden que todav\u00eda hay situaciones sociales complejas.<\/p>\n<p style=\"text-align: justify;\">Esta celebraci\u00f3n es, por tanto, una oportunidad m\u00e1s de contribuir a que los centros escolares se conviertan en instrumentos de paz y entendimiento entre personas de distinta formaci\u00f3n, raza, cultura y religi\u00f3n. No hemos de olvidar que la escuela es un reflejo de una sociedad con la que comparte defectos, pero en ella tambi\u00e9n se educa para la vida y se busca desarrollar en los alumnos las capacidades y competencias necesarias para una participaci\u00f3n social activa.<\/p>\n<p style=\"text-align: justify;\">Por todo ello, hemos de contribuir, a trav\u00e9s de la educaci\u00f3n, a la concienciaci\u00f3n de todos en la construcci\u00f3n de un mundo mejor, un mundo m\u00e1s justo y m\u00e1s humano que permita que todos los individuos tengan la misma oportunidad de desarrollar plenamente sus facultades en el seno de una sociedad democr\u00e1tica, libre, justa, responsable y en paz.<\/p>\n<p style=\"text-align: justify;\"><span style=\"color: #800080;\"><b>D\u00eda Escolar de la No-violencia y la Paz<\/b><\/span><\/p>\n<p style=\"text-align: justify;\">El D\u00eda Escolar de la No Violencia y la Paz, se celebra el 30 de enero de cada a\u00f1o para conmemorar la muerte del l\u00edder nacional y espiritual de la India, el Mahatma Gandhi, el 30 de Enero de 1948.<\/p>\n<p style=\"text-align: justify;\">Natural de la India, Gandhi dedic\u00f3 gran parte de su vida a la lucha a favor de los derechos de las personas y los pueblos, siempre a trav\u00e9s de acciones pac\u00edficas, basadas en la no violencia. En 1948 Gandhi mor\u00eda asesinado, v\u00edctima del enfrentamiento entre musulmanes e hind\u00faes que viv\u00eda su pa\u00eds. Su figura, seguida por millones de personas, ha continuado creciendo hasta llegar hasta nuestros d\u00edas como el m\u00e1ximo exponente del pacifismo mundial.<\/p>\n<p style=\"text-align: justify;\">Desde 1964, gracias al inspector de ense\u00f1anza andaluz Lorenzo Vidal, se celebra en Espa\u00f1a el D\u00eda Escolar de la No Violencia y la Paz (DENIP, reconocido por la Unesco en 1993). Se trata de una jornada seglar educativa, en la que se recuerda la necesidad de la educaci\u00f3n para la tolerancia, la solidaridad, el respeto a los Derechos Humanos, la no violencia y la paz. <strong>El lema de este d\u00eda es: &#8216;amor universal, no-violencia y paz. El amor universal es mejor que el ego\u00edsmo, la no-violencia es mejor que la violencia y la paz es mejor que la guerra&#8217;.<\/strong><\/p>\n<p style=\"text-align: justify;\">\n<p><\/p>","protected":false},"excerpt":{"rendered":"<p>Ci spiace, ma questo articolo \u00e8 disponibile soltanto in Spagnolo Europeo. \u00a0\u201cEn definitiva \u00bfd\u00f3nde empiezan los derechos humanos universales? Pues en peque\u00f1os lugares, cerca de nosotros; [&hellip;]<\/p>\n","protected":false},"author":1,"featured_media":2396,"parent":713,"menu_order":98,"comment_status":"closed","ping_status":"closed","template":"","meta":[],"acf":[],"_links":{"self":[{"href":"https:\/\/www.educa.itakaescolapios.org\/it\/wp-json\/wp\/v2\/pages\/717"}],"collection":[{"href":"https:\/\/www.educa.itakaescolapios.org\/it\/wp-json\/wp\/v2\/pages"}],"about":[{"href":"https:\/\/www.educa.itakaescolapios.org\/it\/wp-json\/wp\/v2\/types\/page"}],"author":[{"embeddable":true,"href":"https:\/\/www.educa.itakaescolapios.org\/it\/wp-json\/wp\/v2\/users\/1"}],"replies":[{"embeddable":true,"href":"https:\/\/www.educa.itakaescolapios.org\/it\/wp-json\/wp\/v2\/comments?post=717"}],"version-history":[{"count":4,"href":"https:\/\/www.educa.itakaescolapios.org\/it\/wp-json\/wp\/v2\/pages\/717\/revisions"}],"predecessor-version":[{"id":2397,"href":"https:\/\/www.educa.itakaescolapios.org\/it\/wp-json\/wp\/v2\/pages\/717\/revisions\/2397"}],"up":[{"embeddable":true,"href":"https:\/\/www.educa.itakaescolapios.org\/it\/wp-json\/wp\/v2\/pages\/713"}],"wp:featuredmedia":[{"embeddable":true,"href":"https:\/\/www.educa.itakaescolapios.org\/it\/wp-json\/wp\/v2\/media\/2396"}],"wp:attachment":[{"href":"https:\/\/www.educa.itakaescolapios.org\/it\/wp-json\/wp\/v2\/media?parent=717"}],"curies":[{"name":"wp","href":"https:\/\/api.w.org\/{rel}","templated":true}]}}