{"id":735,"date":"2018-05-24T17:03:57","date_gmt":"2018-05-24T15:03:57","guid":{"rendered":"http:\/\/www.educa.itakaescolapios.org\/?page_id=735"},"modified":"2020-11-05T13:29:11","modified_gmt":"2020-11-05T12:29:11","slug":"2017-2018-semana-de-la-paz","status":"publish","type":"page","link":"https:\/\/www.educa.itakaescolapios.org\/it\/semanas-de-la-paz\/2017-2018-semana-de-la-paz","title":{"rendered":"2017-2018 El tesoro de la Paz"},"content":{"rendered":"<p class=\"qtranxs-available-languages-message qtranxs-available-languages-message-it\">Ci spiace, ma questo articolo \u00e8 disponibile soltanto in <a href=\"https:\/\/www.educa.itakaescolapios.org\/es\/wp-json\/wp\/v2\/pages\/735\" class=\"qtranxs-available-language-link qtranxs-available-language-link-es\" title=\"Espa\u00f1ol\">Spagnolo Europeo<\/a>.<\/p><p><a href=\"http:\/\/www.itakaescolapios.org\/wp-content\/uploads\/2018\/01\/paz.jpg\"><img decoding=\"async\" loading=\"lazy\" class=\"wp-image-21738 alignleft\" src=\"http:\/\/www.itakaescolapios.org\/wp-content\/uploads\/2018\/01\/paz-300x178.jpg\" alt=\"paz\" width=\"300\" height=\"178\" \/><\/a>Entendemos por noviolencia (Tomado de la Campa\u00f1a Noviolencia 2018):<\/p>\n<p style=\"text-align: justify;\">1: Es una forma de cultura que pone en el centro la dignidad de toda persona y que por tanto entiende que las relaciones entre personas y pueblos pueden y deben regirse por los valores que definen a la persona.<\/p>\n<p style=\"text-align: justify;\">2: Es la manera m\u00e1s elevada de relacionarse, es el amor. El amor es una fuerza transformadora que permite superar cualquier conflicto.<\/p>\n<p style=\"text-align: justify;\">3: Es una experiencia, ya consolidada en la historia, que permite romper la espiral de la violencia y poner en marcha nuevas formas de relacionarse en todos los planos de la vida: Personal, social, pol\u00edtico, econ\u00f3mico,\u2026<\/p>\n<p style=\"text-align: justify;\">4: Siempre es activa, siempre se compromete con la realidad de los que son aplastados por las injusticias, siempre toma partido, siempre ensaya posibilidades creativas de encuentro.<\/p>\n<p style=\"text-align: justify;\">5: Es una t\u00e9cnica y es una filosof\u00eda. Es una forma de pol\u00edtica y de espiritualidad. Tiene dimensi\u00f3n personal y dimensi\u00f3n colectiva. Es testimonial y es eficaz. Todo a la vez. La experiencia hist\u00f3rica demuestra que cuando estas caracter\u00edsticas han ido juntas siempre ha habido una transformaci\u00f3n liberadora.<\/p>\n<p style=\"text-align: justify;\">6: Tiene una historia ya consolidada, aunque muy desconocida. La noviolencia est\u00e1 operando eficazmente hoy en el mundo, aunque no lo sepamos. Tenemos obligaci\u00f3n de conocer esas experiencias, aprender de ellas y poner en marcha nuevas posibilidades respetando las valiosas aportaciones que otros nos han hecho.<\/p>\n<p style=\"text-align: justify;\">7: Es una corriente de lucha, protagonizada por los m\u00e1s empobrecidos y por aquellos que han querido ponerse de su lado. Es un espacio de compromiso a medida de toda persona y de todas las personas. Todo el mundo puede practicar la noviolencia.<\/p>\n<p><\/p>","protected":false},"excerpt":{"rendered":"<p>Ci spiace, ma questo articolo \u00e8 disponibile soltanto in Spagnolo Europeo.Entendemos por noviolencia (Tomado de la Campa\u00f1a Noviolencia 2018): 1: Es una forma de cultura que [&hellip;]<\/p>\n","protected":false},"author":1,"featured_media":2390,"parent":713,"menu_order":94,"comment_status":"closed","ping_status":"closed","template":"","meta":[],"acf":[],"_links":{"self":[{"href":"https:\/\/www.educa.itakaescolapios.org\/it\/wp-json\/wp\/v2\/pages\/735"}],"collection":[{"href":"https:\/\/www.educa.itakaescolapios.org\/it\/wp-json\/wp\/v2\/pages"}],"about":[{"href":"https:\/\/www.educa.itakaescolapios.org\/it\/wp-json\/wp\/v2\/types\/page"}],"author":[{"embeddable":true,"href":"https:\/\/www.educa.itakaescolapios.org\/it\/wp-json\/wp\/v2\/users\/1"}],"replies":[{"embeddable":true,"href":"https:\/\/www.educa.itakaescolapios.org\/it\/wp-json\/wp\/v2\/comments?post=735"}],"version-history":[{"count":3,"href":"https:\/\/www.educa.itakaescolapios.org\/it\/wp-json\/wp\/v2\/pages\/735\/revisions"}],"predecessor-version":[{"id":2391,"href":"https:\/\/www.educa.itakaescolapios.org\/it\/wp-json\/wp\/v2\/pages\/735\/revisions\/2391"}],"up":[{"embeddable":true,"href":"https:\/\/www.educa.itakaescolapios.org\/it\/wp-json\/wp\/v2\/pages\/713"}],"wp:featuredmedia":[{"embeddable":true,"href":"https:\/\/www.educa.itakaescolapios.org\/it\/wp-json\/wp\/v2\/media\/2390"}],"wp:attachment":[{"href":"https:\/\/www.educa.itakaescolapios.org\/it\/wp-json\/wp\/v2\/media?parent=735"}],"curies":[{"name":"wp","href":"https:\/\/api.w.org\/{rel}","templated":true}]}}