{"id":7679,"date":"2023-11-14T12:03:09","date_gmt":"2023-11-14T11:03:09","guid":{"rendered":"https:\/\/www.educa.itakaescolapios.org\/?page_id=7679"},"modified":"2024-12-09T17:55:53","modified_gmt":"2024-12-09T16:55:53","slug":"2023-2024-en-algun-lugar-del-mundo","status":"publish","type":"page","link":"https:\/\/www.educa.itakaescolapios.org\/it\/campanas\/2023-2024-en-algun-lugar-del-mundo","title":{"rendered":"2023-2024 En alg\u00fan lugar del mundo"},"content":{"rendered":"<p class=\"qtranxs-available-languages-message qtranxs-available-languages-message-it\">Ci spiace, ma questo articolo \u00e8 disponibile soltanto in <a href=\"https:\/\/www.educa.itakaescolapios.org\/es\/wp-json\/wp\/v2\/pages\/7679\" class=\"qtranxs-available-language-link qtranxs-available-language-link-es\" title=\"Espa\u00f1ol\">Spagnolo Europeo<\/a>, <a href=\"https:\/\/www.educa.itakaescolapios.org\/en\/wp-json\/wp\/v2\/pages\/7679\" class=\"qtranxs-available-language-link qtranxs-available-language-link-en\" title=\"English\">Inglese Americano<\/a>, <a href=\"https:\/\/www.educa.itakaescolapios.org\/eu\/wp-json\/wp\/v2\/pages\/7679\" class=\"qtranxs-available-language-link qtranxs-available-language-link-eu\" title=\"Euskera\">Basco<\/a>, <a href=\"https:\/\/www.educa.itakaescolapios.org\/fr\/wp-json\/wp\/v2\/pages\/7679\" class=\"qtranxs-available-language-link qtranxs-available-language-link-fr\" title=\"Fran\u00e7ais\">Francese<\/a> e <a href=\"https:\/\/www.educa.itakaescolapios.org\/pt\/wp-json\/wp\/v2\/pages\/7679\" class=\"qtranxs-available-language-link qtranxs-available-language-link-pt\" title=\"Portugu\u00eas\">Portoghese Europeo<\/a>.<\/p><p>&nbsp;<\/p>\n<p style=\"text-align: justify;\"><span style=\"font-family: arial, helvetica, sans-serif;\">Una de nuestras claves para impulsar la misi\u00f3n escolapia en todo el mundo, es el trabajo en un modelo de sensibilizaci\u00f3n que procure la transformaci\u00f3n social. Por eso, junto a otras iniciativas, desde hace muchos a\u00f1os cuidamos especialmente las campa\u00f1as de solidaridad con las que, cada a\u00f1o, damos conocer mejor las acciones, proyectos y obras compartidas en la red internacional de Itaka-Escolapios.<br \/>\nNo resulta extra\u00f1o escuchar lemas como, por ejemplo: <em>\u201cAl encuentro con Atambua\u201d, \u201cEl tesoro de Senegal\u201d, \u201cAl ritmo del Congo\u201d, \u201cCentros que cambian, cambia tu centro\u201d<\/em>, o en el curso pasado, \u201c<em>Una voz, un mill\u00f3n de cambios<\/em>&#8220;.<\/span><\/p>\n<p style=\"text-align: justify;\"><span style=\"font-family: arial, helvetica, sans-serif;\">Durante este curso, a trav\u00e9s del lema \u201c<em>En alg\u00fan lugar del mundo\u2026<\/em>\u201d, queremos invitaros a conocer y reflexionar sobre las diversas realidades que existen m\u00e1s all\u00e1 de nuestro entorno inmediato, as\u00ed como explorar, comprender y mejorar nuestro mundo desde la educaci\u00f3n, tanto formal como no formal. Este lema nos impulsa a reconocer que cada rinc\u00f3n del planeta tiene su propia historia, cultura y desaf\u00edos \u00fanicos, y nos recuerda que nuestras acciones pueden tener un impacto significativo en el bienestar de otras personas y en la construcci\u00f3n de un mundo m\u00e1s justo y humano, un mundo \u201ccomo Dios manda\u201d<\/span><\/p>\n<p style=\"text-align: justify;\"><span style=\"font-family: arial, helvetica, sans-serif;\">Para ello, desde Itaka-Escolapios, queremos animaros a fomentar en nuestros ni\u00f1os, ni\u00f1as y j\u00f3venes: la curiosidad, la empat\u00eda y el respeto por otras culturas y contextos no siempre cercanos; pero tambi\u00e9n a acompa\u00f1arles en el descubrimiento de determinados problemas sociales y en la b\u00fasqueda de soluciones. Porque ellos y ellas, tienen mucho que decir y aportar al mundo. Son el futuro y la esperanza.<\/span><\/p>\n<p style=\"text-align: center;\"><iframe loading=\"lazy\" src=\"\/\/www.youtube.com\/embed\/0tEvDHvWZ1k\" width=\"100%\" height=\"400\" allowfullscreen=\"allowfullscreen\" data-mce-fragment=\"1\"><span data-mce-type=\"bookmark\" style=\"display: inline-block; width: 0px; overflow: hidden; line-height: 0;\" class=\"mce_SELRES_start\">\ufeff<\/span>&lt;span data-mce-type=&#8221;bookmark&#8221; style=&#8221;display: inline-block; width: 0px; overflow: hidden; line-height: 0;&#8221; class=&#8221;mce_SELRES_start&#8221;&gt;\ufeff&lt;\/span&gt;<\/iframe><\/p>\n<p>&nbsp;<\/p>\n<ul class=\"children\">\n<li class=\"page_item page-item-5055\" style=\"text-align: left;\"><span style=\"text-decoration: underline;\"><span style=\"font-size: 20px;\"><a href=\"https:\/\/www.educa.itakaescolapios.org\/campanas\/2023-2024-en-algun-lugar-del-mundo\/recordando-una-voz-un-millon-de-cambios\" target=\"_blank\" rel=\"noopener\"><span style=\"font-family: arial, helvetica, sans-serif;\">Recordando \u00abUna voz, un mill\u00f3n de cambios\u00bb<\/span><\/a><\/span><\/span><\/li>\n<li class=\"page_item page-item-5055\" style=\"text-align: left;\"><span style=\"text-decoration: underline;\"><span style=\"font-family: arial, helvetica, sans-serif; font-size: 20px;\"><a href=\"https:\/\/www.educa.itakaescolapios.org\/campanas\/2023-2024-en-algun-lugar-del-mundo\/conoce-mejor-la-campana-en-algun-lugar-del-mundo\" target=\"_blank\" rel=\"noopener\">Presentaci\u00f3n de la campa\u00f1a \u00abEn alg\u00fan lugar del mundo\u00bb<\/a><\/span><\/span><\/li>\n<li class=\"page_item page-item-5055\" style=\"text-align: left;\"><span style=\"text-decoration: underline;\"><span style=\"font-family: arial, helvetica, sans-serif; font-size: 20px;\"><a href=\"https:\/\/www.educa.itakaescolapios.org\/campanas\/2023-2024-en-algun-lugar-del-mundo\/metodologia-de-la-campana-en-algun-lugar-del-mundo\" target=\"_blank\" rel=\"noopener\">Metodolog\u00eda de trabajo<\/a><\/span><\/span><\/li>\n<li class=\"page_item page-item-5055\" style=\"text-align: left;\"><span style=\"text-decoration: underline;\"><span style=\"font-family: arial, helvetica, sans-serif; font-size: 20px;\"><a href=\"https:\/\/www.educa.itakaescolapios.org\/campanas\/2023-2024-en-algun-lugar-del-mundo\/carteleria-y-ambientacion-en-algun-lugar-del-mundo\" target=\"_blank\" rel=\"noopener\">Actividades carteler\u00eda y ambientaci\u00f3n<\/a><\/span><\/span><\/li>\n<li class=\"page_item page-item-5055\" style=\"text-align: left;\"><span style=\"text-decoration: underline;\"><span style=\"font-family: arial, helvetica, sans-serif; font-size: 20px;\"><a href=\"https:\/\/www.educa.itakaescolapios.org\/campanas\/2023-2024-en-algun-lugar-del-mundo\/7784-2\" target=\"_blank\" rel=\"noopener\">Buenas pr\u00e1cticas<\/a><\/span><\/span><\/li>\n<li class=\"page_item page-item-5055\" style=\"text-align: left;\"><span style=\"text-decoration: underline;\"><span style=\"font-family: arial, helvetica, sans-serif; font-size: 20px;\"><a href=\"https:\/\/www.educa.itakaescolapios.org\/campanas\/2023-2024-en-algun-lugar-del-mundo\/evaluacion-en-algun-lugar-del-mundo\" target=\"_blank\" rel=\"noopener\">Evaluaci\u00f3n<\/a><\/span><\/span><\/li>\n<li class=\"page_item page-item-5055\" style=\"text-align: left;\"><span style=\"text-decoration: underline;\"><span style=\"font-family: arial, helvetica, sans-serif; font-size: 20px;\"><a href=\"https:\/\/www.educa.itakaescolapios.org\/campanas\/2023-2024-en-algun-lugar-del-mundo\/haz-un-donativo\" target=\"_blank\" rel=\"noopener\">Donativos<\/a><\/span><\/span><\/li>\n<\/ul>\n<p><img decoding=\"async\" loading=\"lazy\" class=\"aligncenter\" style=\"font-family: arial, helvetica, sans-serif; font-size: 20px;\" src=\"https:\/\/www.educa.itakaescolapios.org\/wp-content\/uploads\/2020\/11\/mano-click-verde-en-el-medio-scaled.jpg\" alt=\"\" width=\"20%\" height=\"20%\" \/><\/p>","protected":false},"excerpt":{"rendered":"<p>Ci spiace, ma questo articolo \u00e8 disponibile soltanto in Spagnolo Europeo, Inglese Americano, Basco, Francese e Portoghese Europeo.&nbsp; Una de nuestras claves para impulsar la misi\u00f3n [&hellip;]<\/p>\n","protected":false},"author":7,"featured_media":7745,"parent":70,"menu_order":0,"comment_status":"closed","ping_status":"closed","template":"","meta":[],"acf":[],"_links":{"self":[{"href":"https:\/\/www.educa.itakaescolapios.org\/it\/wp-json\/wp\/v2\/pages\/7679"}],"collection":[{"href":"https:\/\/www.educa.itakaescolapios.org\/it\/wp-json\/wp\/v2\/pages"}],"about":[{"href":"https:\/\/www.educa.itakaescolapios.org\/it\/wp-json\/wp\/v2\/types\/page"}],"author":[{"embeddable":true,"href":"https:\/\/www.educa.itakaescolapios.org\/it\/wp-json\/wp\/v2\/users\/7"}],"replies":[{"embeddable":true,"href":"https:\/\/www.educa.itakaescolapios.org\/it\/wp-json\/wp\/v2\/comments?post=7679"}],"version-history":[{"count":36,"href":"https:\/\/www.educa.itakaescolapios.org\/it\/wp-json\/wp\/v2\/pages\/7679\/revisions"}],"predecessor-version":[{"id":8668,"href":"https:\/\/www.educa.itakaescolapios.org\/it\/wp-json\/wp\/v2\/pages\/7679\/revisions\/8668"}],"up":[{"embeddable":true,"href":"https:\/\/www.educa.itakaescolapios.org\/it\/wp-json\/wp\/v2\/pages\/70"}],"wp:featuredmedia":[{"embeddable":true,"href":"https:\/\/www.educa.itakaescolapios.org\/it\/wp-json\/wp\/v2\/media\/7745"}],"wp:attachment":[{"href":"https:\/\/www.educa.itakaescolapios.org\/it\/wp-json\/wp\/v2\/media?parent=7679"}],"curies":[{"name":"wp","href":"https:\/\/api.w.org\/{rel}","templated":true}]}}