{"id":7699,"date":"2023-11-13T16:03:39","date_gmt":"2023-11-13T15:03:39","guid":{"rendered":"https:\/\/www.educa.itakaescolapios.org\/?page_id=7699"},"modified":"2024-02-14T11:05:52","modified_gmt":"2024-02-14T10:05:52","slug":"metodologia-de-la-campana-en-algun-lugar-del-mundo","status":"publish","type":"page","link":"https:\/\/www.educa.itakaescolapios.org\/it\/campanas\/2023-2024-en-algun-lugar-del-mundo\/metodologia-de-la-campana-en-algun-lugar-del-mundo","title":{"rendered":"Metodolog\u00eda de la campa\u00f1a"},"content":{"rendered":"<p class=\"qtranxs-available-languages-message qtranxs-available-languages-message-it\">Ci spiace, ma questo articolo \u00e8 disponibile soltanto in <a href=\"https:\/\/www.educa.itakaescolapios.org\/es\/wp-json\/wp\/v2\/pages\/7699\" class=\"qtranxs-available-language-link qtranxs-available-language-link-es\" title=\"Espa\u00f1ol\">Spagnolo Europeo<\/a>, <a href=\"https:\/\/www.educa.itakaescolapios.org\/en\/wp-json\/wp\/v2\/pages\/7699\" class=\"qtranxs-available-language-link qtranxs-available-language-link-en\" title=\"English\">Inglese Americano<\/a>, <a href=\"https:\/\/www.educa.itakaescolapios.org\/eu\/wp-json\/wp\/v2\/pages\/7699\" class=\"qtranxs-available-language-link qtranxs-available-language-link-eu\" title=\"Euskera\">Basco<\/a> e <a href=\"https:\/\/www.educa.itakaescolapios.org\/pt\/wp-json\/wp\/v2\/pages\/7699\" class=\"qtranxs-available-language-link qtranxs-available-language-link-pt\" title=\"Portugu\u00eas\">Portoghese Europeo<\/a>.<\/p><p>&nbsp;<\/p>\n<p style=\"text-align: justify;\"><span style=\"font-family: arial, helvetica, sans-serif;\">Un a\u00f1o m\u00e1s, os damos la bienvenida a esta web, y os agradecemos el trabajo que a partir de ahora vais a hacer en vuestro centro para el desarrollo de la Campa\u00f1a de Solidaridad: \u201cEn alg\u00fan lugar del mundo.&#8221;<\/span><\/p>\n<p style=\"text-align: justify;\"><span style=\"font-family: arial, helvetica, sans-serif;\">Como siempre, proponemos una campa\u00f1a que intenta adaptarse a las diversas formas de trabajarla, facilitando as\u00ed su desarrollo en cada una de las obras, proyectos y presencias de los cuatro continentes donde impulsamos la misi\u00f3n escolapia a trav\u00e9s de la red Itaka-Escolapios.<\/span><\/p>\n<p style=\"text-align: justify;\"><span style=\"font-family: arial, helvetica, sans-serif;\">En este curso, teniendo en cuenta los objetivos de la Campa\u00f1a de Solidaridad y escuchando vuestras propuestas de mejora, se plantea un nuevo enfoque que puede ayudar a profundizar mejor en los proyectos que se presentan, as\u00ed como en el valor o tem\u00e1tica que da nombre a cada misi\u00f3n. Un enfoque centrado en el desarrollo de sencillos proyectos interdisciplinares de Aprendizaje-Servicio como propuesta para el aula, con los que se busca una mayor significatividad de los aprendizajes curriculares al poder poner en pr\u00e1ctica, para la mejora de la sociedad, todo lo aprendido en las diferentes materias.<\/span><\/p>\n<p style=\"text-align: justify;\"><span style=\"font-family: arial, helvetica, sans-serif;\">Por eso, las cinco misiones propuestas se trabajar\u00e1n por franjas de edades exclusivamente. De modo que, en cada una de ellas, tanto en el aula como en el Movimiento Calasanz, tratar\u00e1n una sola tem\u00e1tica vinculada a uno o dos proyectos escolapios, tal y como se indica en esta tabla resumen:<\/span><\/p>\n<p style=\"text-align: left;\"><a href=\"https:\/\/www.educa.itakaescolapios.org\/wp-content\/uploads\/2023\/11\/ESQUEMA-CAMPANA-ITAKA-CI23.24.pdf\" target=\"_blank\" rel=\"noopener\"><span style=\"font-family: arial, helvetica, sans-serif;\"><img decoding=\"async\" loading=\"lazy\" class=\"aligncenter\" style=\"font-family: arial, helvetica, sans-serif; text-align: justify;\" src=\"https:\/\/www.educa.itakaescolapios.org\/wp-content\/uploads\/2023\/11\/ESQUEMA-CAMPANA-ITAKA-CI23.24-scaled.jpg\" alt=\"\" width=\"836\" height=\"592\" \/><\/span><\/a><\/p>\n<p style=\"text-align: justify;\"><span style=\"font-family: arial, helvetica, sans-serif;\">No nos olvidamos de los m\u00e1s mayores (Equipos de Misi\u00f3n Compartida, Claustros y Comunidades de la Fraternidad) pues tienen el privilegio de contar con propuestas espec\u00edficas en cada una de las misiones.<\/span><\/p>\n<p style=\"text-align: justify;\"><span style=\"font-family: arial, helvetica, sans-serif;\">Ni tampoco el compromiso de seguir impulsando la construcci\u00f3n del Pacto Educativo Global pues, a trav\u00e9s de las actividades dise\u00f1adas se trabajar\u00e1n, por ejemplo, los Derechos de la Infancia o la reflexi\u00f3n sobre la necesaria renovaci\u00f3n de la econom\u00eda y la pol\u00edtica de nuestra sociedad. Dos de los retos de los que nos habla el Papa en su propuesta.<\/span><\/p>\n<p style=\"text-align: justify;\"><span style=\"font-family: arial, helvetica, sans-serif;\">Recordad que, una de las claves del \u00e9xito es <span style=\"text-decoration: underline;\"><mark><strong><a href=\"https:\/\/www.educa.itakaescolapios.org\/campanas\/2023-2024-en-algun-lugar-del-mundo\/carteleria-y-ambientacion-en-algun-lugar-del-mundo\" target=\"_blank\" rel=\"noopener\">preparar bien la Campa\u00f1a de Solidaridad conociendo todos los recursos que os ofrecemos<\/a><\/strong><\/mark>:<\/span> actividades para el Movimiento Calasanz, proyectos de Aprendizaje-Servicio, actividades para trabajar con personas adultas vinculadas a las EEPP, videos, canciones, fichas de los proyectos, etc. Os invitamos a navegar y descubrir todas las propuestas de la mano de nuestra querida tripulaci\u00f3n de Itaka-Escolapios, capitaneada por Calasanz.<\/span><\/p>\n<p style=\"text-align: justify;\"><span style=\"font-family: arial, helvetica, sans-serif;\">Y, para terminar, tened en cuenta que vuestra experiencia es clave para mejorar cada a\u00f1o, por eso os pedimos que, si realizas actividades propias diferentes a las aqu\u00ed se plantean, por favor, comp\u00e1rtelas para que se puedan publicar e inspirar a otros centros, de modo que poco a poco, hagamos crecer nuestra red. Env\u00eda tus aportaciones y\/o comentarios a <span style=\"text-decoration: underline;\"><a href=\"mailto:educa@itakaescolapios.org\">educa@itakaescolapios.org<\/a>.<\/span><\/span><\/p>\n<p style=\"text-align: justify;\"><span style=\"font-family: arial, helvetica, sans-serif;\">\u00c1nimo y muchas gracias de antemano por tanto esfuerzo e ilusi\u00f3n. \u00a1Qu\u00e9 comience la aventura!<\/span><\/p>\n<p><\/p>","protected":false},"excerpt":{"rendered":"<p>Ci spiace, ma questo articolo \u00e8 disponibile soltanto in Spagnolo Europeo, Inglese Americano, Basco e Portoghese Europeo.&nbsp; Un a\u00f1o m\u00e1s, os damos la bienvenida a esta [&hellip;]<\/p>\n","protected":false},"author":9,"featured_media":0,"parent":7679,"menu_order":3,"comment_status":"closed","ping_status":"closed","template":"","meta":[],"acf":[],"_links":{"self":[{"href":"https:\/\/www.educa.itakaescolapios.org\/it\/wp-json\/wp\/v2\/pages\/7699"}],"collection":[{"href":"https:\/\/www.educa.itakaescolapios.org\/it\/wp-json\/wp\/v2\/pages"}],"about":[{"href":"https:\/\/www.educa.itakaescolapios.org\/it\/wp-json\/wp\/v2\/types\/page"}],"author":[{"embeddable":true,"href":"https:\/\/www.educa.itakaescolapios.org\/it\/wp-json\/wp\/v2\/users\/9"}],"replies":[{"embeddable":true,"href":"https:\/\/www.educa.itakaescolapios.org\/it\/wp-json\/wp\/v2\/comments?post=7699"}],"version-history":[{"count":20,"href":"https:\/\/www.educa.itakaescolapios.org\/it\/wp-json\/wp\/v2\/pages\/7699\/revisions"}],"predecessor-version":[{"id":8406,"href":"https:\/\/www.educa.itakaescolapios.org\/it\/wp-json\/wp\/v2\/pages\/7699\/revisions\/8406"}],"up":[{"embeddable":true,"href":"https:\/\/www.educa.itakaescolapios.org\/it\/wp-json\/wp\/v2\/pages\/7679"}],"wp:attachment":[{"href":"https:\/\/www.educa.itakaescolapios.org\/it\/wp-json\/wp\/v2\/media?parent=7699"}],"curies":[{"name":"wp","href":"https:\/\/api.w.org\/{rel}","templated":true}]}}