{"id":7705,"date":"2023-11-13T16:48:23","date_gmt":"2023-11-13T15:48:23","guid":{"rendered":"https:\/\/www.educa.itakaescolapios.org\/?page_id=7705"},"modified":"2024-03-26T11:10:04","modified_gmt":"2024-03-26T10:10:04","slug":"carteleria-y-ambientacion-en-algun-lugar-del-mundo","status":"publish","type":"page","link":"https:\/\/www.educa.itakaescolapios.org\/it\/campanas\/2023-2024-en-algun-lugar-del-mundo\/carteleria-y-ambientacion-en-algun-lugar-del-mundo","title":{"rendered":"Actividades carteler\u00eda y ambientaci\u00f3n"},"content":{"rendered":"<p class=\"qtranxs-available-languages-message qtranxs-available-languages-message-it\">Ci spiace, ma questo articolo \u00e8 disponibile soltanto in <a href=\"https:\/\/www.educa.itakaescolapios.org\/es\/wp-json\/wp\/v2\/pages\/7705\" class=\"qtranxs-available-language-link qtranxs-available-language-link-es\" title=\"Espa\u00f1ol\">Spagnolo Europeo<\/a>, <a href=\"https:\/\/www.educa.itakaescolapios.org\/en\/wp-json\/wp\/v2\/pages\/7705\" class=\"qtranxs-available-language-link qtranxs-available-language-link-en\" title=\"English\">Inglese Americano<\/a>, <a href=\"https:\/\/www.educa.itakaescolapios.org\/eu\/wp-json\/wp\/v2\/pages\/7705\" class=\"qtranxs-available-language-link qtranxs-available-language-link-eu\" title=\"Euskera\">Basco<\/a>, <a href=\"https:\/\/www.educa.itakaescolapios.org\/fr\/wp-json\/wp\/v2\/pages\/7705\" class=\"qtranxs-available-language-link qtranxs-available-language-link-fr\" title=\"Fran\u00e7ais\">Francese<\/a> e <a href=\"https:\/\/www.educa.itakaescolapios.org\/pt\/wp-json\/wp\/v2\/pages\/7705\" class=\"qtranxs-available-language-link qtranxs-available-language-link-pt\" title=\"Portugu\u00eas\">Portoghese Europeo<\/a>.<\/p><p><\/p>\n<p lang=\"en-US\" style=\"text-align: justify;\" align=\"CENTER\"><span style=\"font-family: arial, helvetica, sans-serif;\">Tanto si tienes ya experiencia como si est\u00e1s empezando, debemos recordar que la clave del \u00e9xito es el cari\u00f1o, ilusi\u00f3n y entrega en la preparaci\u00f3n de la Campa\u00f1a de Solidaridad. Para ello <strong>es importante que conozcas todos los recursos que os ofrecemos, <\/strong> por eso a continuaci\u00f3n encontrar\u00e1s un listado completo de todos ellos.<\/span><\/p>\n<p lang=\"en-US\" style=\"text-align: justify;\" align=\"CENTER\"><span style=\"font-family: arial, helvetica, sans-serif;\">Os invitamos a navegar y descubrir todas las propuestas de la mano de nuestra querida tripulaci\u00f3n de Itaka-Escolapios, capitaneada por Calasanz. (A continuaci\u00f3n se enumeran todos los contenidos con sus enlaces directos)<\/span><\/p>\n<p lang=\"en-US\" align=\"CENTER\"><img decoding=\"async\" loading=\"lazy\" class=\"alignright\" src=\"https:\/\/www.educa.itakaescolapios.org\/wp-content\/uploads\/2020\/07\/ELIKIA-ESENGO_color-scaled.jpg\" alt=\"\" width=\"312\" height=\"437\" \/><\/p>\n<ol>\n<li lang=\"en-US\" style=\"text-align: justify;\"><span style=\"font-family: arial, helvetica, sans-serif;\"><a href=\"https:\/\/www.educa.itakaescolapios.org\/wp-content\/uploads\/2024\/01\/TODAS_Esp.pdf\" target=\"_blank\" rel=\"noopener\"><span style=\"text-decoration: underline;\">Fichas de proyectos<\/span><\/a>.<\/span><\/li>\n<li><span style=\"font-family: arial, helvetica, sans-serif;\"><a href=\"https:\/\/www.educa.itakaescolapios.org\/wp-content\/uploads\/2023\/11\/Presentacion-EN-ALGUN-LUGAR-DEL-MUNDO.pdf\" target=\"_blank\" rel=\"noopener\"><span style=\"text-decoration: underline;\">Presentaci\u00f3n al equipo educativo<\/span><\/a>.<\/span><\/li>\n<li lang=\"en-US\" style=\"text-align: justify;\"><a href=\"https:\/\/www.educa.itakaescolapios.org\/campanas\/2023-2024-en-algun-lugar-del-mundo\/carteleria-y-ambientacion-en-algun-lugar-del-mundo\/actividades-para-la-transformacion-social\" target=\"_blank\" rel=\"noopener\"><span style=\"font-family: arial, helvetica, sans-serif;\"><span style=\"text-decoration: underline;\">Actividades para trabajar<\/span>.<\/span><\/a><\/li>\n<li lang=\"en-US\" style=\"text-align: justify;\"><span style=\"font-family: arial, helvetica, sans-serif;\"><a href=\"https:\/\/www.educa.itakaescolapios.org\/wp-content\/uploads\/2023\/11\/ESQUEMA-CAMPANA-ITAKA.pdf\" target=\"_blank\" rel=\"noopener\"><span style=\"text-decoration: underline;\">Tabla presentaci\u00f3n misiones<\/span><\/a>.<\/span><\/li>\n<li lang=\"en-US\" style=\"text-align: justify;\"><span style=\"font-family: arial, helvetica, sans-serif;\"><a href=\"https:\/\/www.educa.itakaescolapios.org\/wp-content\/uploads\/2023\/11\/CARTEL-CI-2324-ESP.pdf\" target=\"_blank\" rel=\"noopener\"><span style=\"text-decoration: underline;\">Cartel de la campa\u00f1a<\/span><\/a>.<br \/>\n<\/span><\/li>\n<li lang=\"en-US\" style=\"text-align: justify;\"><span style=\"font-family: arial, helvetica, sans-serif;\"><a href=\"https:\/\/www.youtube.com\/watch?v=0tEvDHvWZ1k\" target=\"_blank\" rel=\"noopener\"><span style=\"text-decoration: underline;\">Video promocional<\/span><\/a>.<\/span><\/li>\n<li lang=\"en-US\" style=\"text-align: justify;\"><span style=\"font-family: arial, helvetica, sans-serif;\"><span style=\"text-decoration: underline;\"><a href=\"https:\/\/www.youtube.com\/watch?v=MouQS0ZRT0I\" target=\"_blank\" rel=\"noopener\">Video presentaci\u00f3n<\/a><\/span>.<\/span><\/li>\n<li lang=\"en-US\" style=\"text-align: justify;\"><span style=\"font-family: arial, helvetica, sans-serif;\">Cartel de agradecimiento (<span style=\"text-decoration: underline;\"><a href=\"https:\/\/www.educa.itakaescolapios.org\/wp-content\/uploads\/2023\/11\/Cartel-GRACIAS-ESP-dolar.png\" target=\"_blank\" rel=\"noopener\">dolar <\/a><\/span>\/ <span style=\"text-decoration: underline;\"><a href=\"https:\/\/www.educa.itakaescolapios.org\/wp-content\/uploads\/2023\/11\/Cartel-GRACIAS-EPS-euro.png\" target=\"_blank\" rel=\"noopener\">euro <\/a><\/span>\/ todos los idiomas y divisas aqu\u00ed).<\/span><\/li>\n<li lang=\"en-US\" style=\"text-align: justify;\"><span style=\"font-family: arial, helvetica, sans-serif;\"><a href=\"https:\/\/www.educa.itakaescolapios.org\/wp-content\/uploads\/2023\/11\/LOGO-CAMPANA-ITAKA-2324-scaled.jpg\" target=\"_blank\" rel=\"noopener\"><span style=\"text-decoration: underline;\">Logotipo<\/span> <\/a>(otros idiomas <a href=\"https:\/\/www.educa.itakaescolapios.org\/wp-content\/uploads\/2023\/11\/LOGOS-23-24.zip\" target=\"_blank\" rel=\"noopener\"><span style=\"text-decoration: underline;\">aqu\u00ed<\/span><\/a>)<\/span><\/li>\n<li lang=\"en-US\" style=\"text-align: justify;\"><span style=\"font-family: arial, helvetica, sans-serif;\">Banner (<span style=\"text-decoration: underline;\"><a href=\"https:\/\/www.educa.itakaescolapios.org\/wp-content\/uploads\/2023\/11\/BANNER-PORTADA-FB-CI-2324-ESP-scaled.jpg\" target=\"_blank\" rel=\"noopener\">horizontal<\/a> <\/span>\/ <span style=\"text-decoration: underline;\"><a href=\"https:\/\/www.educa.itakaescolapios.org\/wp-content\/uploads\/2023\/11\/BANNER-CUADRADO-CI-2324-ESP-scaled.jpg\" target=\"_blank\" rel=\"noopener\">cuadrado<\/a><\/span>)<\/span><\/li>\n<li lang=\"en-US\" style=\"text-align: justify;\"><span style=\"text-decoration: underline;\"><span style=\"font-family: arial, helvetica, sans-serif;\"><a href=\"https:\/\/www.educa.itakaescolapios.org\/personajes\" target=\"_blank\" rel=\"noopener\">Personajes<\/a>.<\/span><\/span><\/li>\n<\/ol>\n<h3><span style=\"font-family: arial, helvetica, sans-serif; font-size: 20px;\"><strong><u><img decoding=\"async\" loading=\"lazy\" class=\"aligncenter\" src=\"https:\/\/www.educa.itakaescolapios.org\/wp-content\/uploads\/2020\/11\/mano-click-verde-en-el-medio-scaled.jpg\" alt=\"\" width=\"20%\" height=\"20%\" \/><\/u><\/strong><\/span><\/h3>\n<p>&nbsp;<\/p>\n<p><span style=\"font-family: arial, helvetica, sans-serif;\"><img decoding=\"async\" loading=\"lazy\" class=\"aligncenter\" src=\"https:\/\/www.educa.itakaescolapios.org\/wp-content\/uploads\/2023\/11\/BANNER-PORTADA-FB-CI-2324-ESP-scaled.jpg\" alt=\"\" width=\"100%\" height=\"100%\" \/><\/span><\/p>\n<p>&nbsp;<\/p>","protected":false},"excerpt":{"rendered":"<p>Ci spiace, ma questo articolo \u00e8 disponibile soltanto in Spagnolo Europeo, Inglese Americano, Basco, Francese e Portoghese Europeo. Tanto si tienes ya experiencia como si est\u00e1s [&hellip;]<\/p>\n","protected":false},"author":9,"featured_media":0,"parent":7679,"menu_order":4,"comment_status":"closed","ping_status":"closed","template":"","meta":[],"acf":[],"_links":{"self":[{"href":"https:\/\/www.educa.itakaescolapios.org\/it\/wp-json\/wp\/v2\/pages\/7705"}],"collection":[{"href":"https:\/\/www.educa.itakaescolapios.org\/it\/wp-json\/wp\/v2\/pages"}],"about":[{"href":"https:\/\/www.educa.itakaescolapios.org\/it\/wp-json\/wp\/v2\/types\/page"}],"author":[{"embeddable":true,"href":"https:\/\/www.educa.itakaescolapios.org\/it\/wp-json\/wp\/v2\/users\/9"}],"replies":[{"embeddable":true,"href":"https:\/\/www.educa.itakaescolapios.org\/it\/wp-json\/wp\/v2\/comments?post=7705"}],"version-history":[{"count":51,"href":"https:\/\/www.educa.itakaescolapios.org\/it\/wp-json\/wp\/v2\/pages\/7705\/revisions"}],"predecessor-version":[{"id":8476,"href":"https:\/\/www.educa.itakaescolapios.org\/it\/wp-json\/wp\/v2\/pages\/7705\/revisions\/8476"}],"up":[{"embeddable":true,"href":"https:\/\/www.educa.itakaescolapios.org\/it\/wp-json\/wp\/v2\/pages\/7679"}],"wp:attachment":[{"href":"https:\/\/www.educa.itakaescolapios.org\/it\/wp-json\/wp\/v2\/media?parent=7705"}],"curies":[{"name":"wp","href":"https:\/\/api.w.org\/{rel}","templated":true}]}}