{"id":7784,"date":"2023-11-16T14:09:20","date_gmt":"2023-11-16T13:09:20","guid":{"rendered":"https:\/\/www.educa.itakaescolapios.org\/?page_id=7784"},"modified":"2024-03-07T17:12:15","modified_gmt":"2024-03-07T16:12:15","slug":"7784-2","status":"publish","type":"page","link":"https:\/\/www.educa.itakaescolapios.org\/it\/campanas\/2023-2024-en-algun-lugar-del-mundo\/7784-2","title":{"rendered":"Buenas pr\u00e1cticas"},"content":{"rendered":"<p class=\"qtranxs-available-languages-message qtranxs-available-languages-message-it\">Ci spiace, ma questo articolo \u00e8 disponibile soltanto in <a href=\"https:\/\/www.educa.itakaescolapios.org\/es\/wp-json\/wp\/v2\/pages\/7784\" class=\"qtranxs-available-language-link qtranxs-available-language-link-es\" title=\"Espa\u00f1ol\">Spagnolo Europeo<\/a>, <a href=\"https:\/\/www.educa.itakaescolapios.org\/en\/wp-json\/wp\/v2\/pages\/7784\" class=\"qtranxs-available-language-link qtranxs-available-language-link-en\" title=\"English\">Inglese Americano<\/a>, <a href=\"https:\/\/www.educa.itakaescolapios.org\/eu\/wp-json\/wp\/v2\/pages\/7784\" class=\"qtranxs-available-language-link qtranxs-available-language-link-eu\" title=\"Euskera\">Basco<\/a>, <a href=\"https:\/\/www.educa.itakaescolapios.org\/fr\/wp-json\/wp\/v2\/pages\/7784\" class=\"qtranxs-available-language-link qtranxs-available-language-link-fr\" title=\"Fran\u00e7ais\">Francese<\/a> e <a href=\"https:\/\/www.educa.itakaescolapios.org\/pt\/wp-json\/wp\/v2\/pages\/7784\" class=\"qtranxs-available-language-link qtranxs-available-language-link-pt\" title=\"Portugu\u00eas\">Portoghese Europeo<\/a>.<\/p><p><span style=\"font-family: arial, helvetica, sans-serif;\">En este apartado recogemos las acciones que realizas localmente para desarrollar la campa\u00f1a.<\/span><\/p>\n<p><span style=\"font-family: arial, helvetica, sans-serif;\">Env\u00eda tus acciones (alguna foto y algunas l\u00edneas explicativas, si lo deseas) a este correo electr\u00f3nico: <span style=\"text-decoration: underline;\"><a href=\"mailto:educa@itakaescolapios.org\">educa@itakaescolapios.org<\/a><\/span><\/span><\/p>\n<p><span style=\"font-family: arial, helvetica, sans-serif;\">Recogeremos todas tus acciones.<\/span><\/p>\n<p><span style=\"font-family: arial, helvetica, sans-serif;\">Puede que tus acciones inspiren a otras sedes en el desarrollo de su campa\u00f1a.<\/span><\/p>\n<p><span style=\"font-family: arial, helvetica, sans-serif;\">ANIMATE A COMPARTIR<\/span><\/p>\n<hr \/>\n<p><span style=\"font-family: arial, helvetica, sans-serif;\">Desde Pamplona el curso pasado compartieron estos stickers que podemos usar libremente.<\/span><\/p>\n<table style=\"border-collapse: collapse; width: 100%;\" border=\"1\">\n<tbody>\n<tr>\n<td style=\"width: 16.6667%; text-align: center;\"><a href=\"https:\/\/www.educa.itakaescolapios.org\/wp-content\/uploads\/2023\/02\/calasanz-Sticker.png\" target=\"_blank\" rel=\"noopener\"><img decoding=\"async\" loading=\"lazy\" src=\"https:\/\/www.educa.itakaescolapios.org\/wp-content\/uploads\/2023\/02\/calasanz-Sticker.png\" alt=\"\" width=\"65%\" height=\"65%\" \/><\/a><\/td>\n<td style=\"width: 16.6667%; text-align: center;\"><a href=\"https:\/\/www.educa.itakaescolapios.org\/wp-content\/uploads\/2023\/02\/Bla-Sticker.png\" target=\"_blank\" rel=\"noopener\"><img decoding=\"async\" loading=\"lazy\" src=\"https:\/\/www.educa.itakaescolapios.org\/wp-content\/uploads\/2023\/02\/Bla-Sticker.png\" alt=\"\" width=\"65%\" height=\"65%\" \/><\/a><\/td>\n<td style=\"width: 16.6667%; text-align: center;\"><a href=\"https:\/\/www.educa.itakaescolapios.org\/wp-content\/uploads\/2023\/02\/look-Sticker.png\" target=\"_blank\" rel=\"noopener\"><img decoding=\"async\" loading=\"lazy\" src=\"https:\/\/www.educa.itakaescolapios.org\/wp-content\/uploads\/2023\/02\/look-Sticker.png\" alt=\"\" width=\"65%\" height=\"65%\" \/><\/a><\/td>\n<td style=\"width: 16.6667%; text-align: center;\"><a href=\"https:\/\/www.educa.itakaescolapios.org\/wp-content\/uploads\/2023\/02\/Jiwa-Sticker.png\" target=\"_blank\" rel=\"noopener\"><img decoding=\"async\" loading=\"lazy\" src=\"https:\/\/www.educa.itakaescolapios.org\/wp-content\/uploads\/2023\/02\/Jiwa-Sticker.png\" alt=\"\" width=\"65%\" height=\"65%\" \/><\/a><\/td>\n<td style=\"width: 16.6667%; text-align: center;\"><a href=\"https:\/\/www.educa.itakaescolapios.org\/wp-content\/uploads\/2023\/02\/sukal-Sticker.png\" target=\"_blank\" rel=\"noopener\"><img decoding=\"async\" loading=\"lazy\" src=\"https:\/\/www.educa.itakaescolapios.org\/wp-content\/uploads\/2023\/02\/sukal-Sticker.png\" alt=\"\" width=\"65%\" height=\"65%\" \/><\/a><\/td>\n<td style=\"width: 16.6667%; text-align: center;\"><a href=\"https:\/\/www.educa.itakaescolapios.org\/wp-content\/uploads\/2023\/02\/marine-sticker.png\" target=\"_blank\" rel=\"noopener\"><img decoding=\"async\" loading=\"lazy\" src=\"https:\/\/www.educa.itakaescolapios.org\/wp-content\/uploads\/2023\/02\/marine-sticker.png\" alt=\"\" width=\"65%\" height=\"65%\" \/><\/a><\/td>\n<\/tr>\n<\/tbody>\n<\/table>\n<p>&nbsp;<\/p>\n<hr \/>\n<p><span style=\"font-family: arial, helvetica, sans-serif;\">Desde Zaragoza comparten una \u00e1nimada canci\u00f3n: Mi Lugar<\/span><\/p>\n<p><audio src=\"https:\/\/www.educa.itakaescolapios.org\/wp-content\/uploads\/2024\/03\/MI-LUGAR.mp3\" controls=\"controls\"><\/audio><\/p>\n<p><span style=\"font-family: arial, helvetica, sans-serif;\">Pinchando a continuaci\u00f3n puedes acceder a la <a href=\"https:\/\/www.educa.itakaescolapios.org\/wp-content\/uploads\/2024\/03\/MI-LUGAR-NO-VOZ.mp3\" target=\"_blank\" rel=\"noopener\"><span style=\"text-decoration: underline;\">m\u00fasica sin voz<\/span><\/a> o a la <a href=\"https:\/\/www.educa.itakaescolapios.org\/wp-content\/uploads\/2024\/03\/MI-LUGAR.docx\" target=\"_blank\" rel=\"noopener\"><span style=\"text-decoration: underline;\">letra de la canci\u00f3n<\/span>.<\/a><\/span><\/p>\n<p><img decoding=\"async\" loading=\"lazy\" class=\"aligncenter\" src=\"https:\/\/www.educa.itakaescolapios.org\/wp-content\/uploads\/2020\/11\/mano-click-verde-en-el-medio-scaled.jpg\" alt=\"\" width=\"15%\" height=\"15%\" \/><\/p>\n<p><span style=\"font-family: arial, helvetica, sans-serif;\">\u00a0La provincia de Betania tambi\u00e9n tiene una canci\u00f3n que quiere compartir:<\/span><\/p>\n<p><iframe loading=\"lazy\" title=\"Mi lugar\" width=\"500\" height=\"281\" src=\"https:\/\/www.youtube.com\/embed\/XDCQ_FThvOQ?feature=oembed\" frameborder=\"0\" allow=\"accelerometer; autoplay; clipboard-write; encrypted-media; gyroscope; picture-in-picture; web-share\" allowfullscreen><\/iframe><\/p>\n<p><span style=\"font-family: arial, helvetica, sans-serif;\"><img decoding=\"async\" loading=\"lazy\" class=\"aligncenter\" src=\"https:\/\/www.educa.itakaescolapios.org\/wp-content\/uploads\/2023\/11\/BANNER-PORTADA-FB-CI-2324-ESP-scaled.jpg\" alt=\"\" width=\"100%\" height=\"100%\" \/><\/span><\/p>","protected":false},"excerpt":{"rendered":"<p>Ci spiace, ma questo articolo \u00e8 disponibile soltanto in Spagnolo Europeo, Inglese Americano, Basco, Francese e Portoghese Europeo.En este apartado recogemos las acciones que realizas localmente [&hellip;]<\/p>\n","protected":false},"author":9,"featured_media":0,"parent":7679,"menu_order":5,"comment_status":"closed","ping_status":"closed","template":"","meta":[],"acf":[],"_links":{"self":[{"href":"https:\/\/www.educa.itakaescolapios.org\/it\/wp-json\/wp\/v2\/pages\/7784"}],"collection":[{"href":"https:\/\/www.educa.itakaescolapios.org\/it\/wp-json\/wp\/v2\/pages"}],"about":[{"href":"https:\/\/www.educa.itakaescolapios.org\/it\/wp-json\/wp\/v2\/types\/page"}],"author":[{"embeddable":true,"href":"https:\/\/www.educa.itakaescolapios.org\/it\/wp-json\/wp\/v2\/users\/9"}],"replies":[{"embeddable":true,"href":"https:\/\/www.educa.itakaescolapios.org\/it\/wp-json\/wp\/v2\/comments?post=7784"}],"version-history":[{"count":19,"href":"https:\/\/www.educa.itakaescolapios.org\/it\/wp-json\/wp\/v2\/pages\/7784\/revisions"}],"predecessor-version":[{"id":8468,"href":"https:\/\/www.educa.itakaescolapios.org\/it\/wp-json\/wp\/v2\/pages\/7784\/revisions\/8468"}],"up":[{"embeddable":true,"href":"https:\/\/www.educa.itakaescolapios.org\/it\/wp-json\/wp\/v2\/pages\/7679"}],"wp:attachment":[{"href":"https:\/\/www.educa.itakaescolapios.org\/it\/wp-json\/wp\/v2\/media?parent=7784"}],"curies":[{"name":"wp","href":"https:\/\/api.w.org\/{rel}","templated":true}]}}