{"id":8555,"date":"2024-11-14T16:25:48","date_gmt":"2024-11-14T15:25:48","guid":{"rendered":"https:\/\/www.educa.itakaescolapios.org\/?page_id=8555"},"modified":"2025-03-11T09:18:43","modified_gmt":"2025-03-11T08:18:43","slug":"actividades-carteleria-y-ambientacion","status":"publish","type":"page","link":"https:\/\/www.educa.itakaescolapios.org\/it\/campanas\/2024-2025-abriendo-caminos\/actividades-carteleria-y-ambientacion","title":{"rendered":"Actividades carteler\u00eda y ambientaci\u00f3n"},"content":{"rendered":"<p class=\"qtranxs-available-languages-message qtranxs-available-languages-message-it\">Ci spiace, ma questo articolo \u00e8 disponibile soltanto in <a href=\"https:\/\/www.educa.itakaescolapios.org\/es\/wp-json\/wp\/v2\/pages\/8555\" class=\"qtranxs-available-language-link qtranxs-available-language-link-es\" title=\"Espa\u00f1ol\">Spagnolo Europeo<\/a>, <a href=\"https:\/\/www.educa.itakaescolapios.org\/en\/wp-json\/wp\/v2\/pages\/8555\" class=\"qtranxs-available-language-link qtranxs-available-language-link-en\" title=\"English\">Inglese Americano<\/a>, <a href=\"https:\/\/www.educa.itakaescolapios.org\/eu\/wp-json\/wp\/v2\/pages\/8555\" class=\"qtranxs-available-language-link qtranxs-available-language-link-eu\" title=\"Euskera\">Basco<\/a>, <a href=\"https:\/\/www.educa.itakaescolapios.org\/fr\/wp-json\/wp\/v2\/pages\/8555\" class=\"qtranxs-available-language-link qtranxs-available-language-link-fr\" title=\"Fran\u00e7ais\">Francese<\/a> e <a href=\"https:\/\/www.educa.itakaescolapios.org\/pt\/wp-json\/wp\/v2\/pages\/8555\" class=\"qtranxs-available-language-link qtranxs-available-language-link-pt\" title=\"Portugu\u00eas\">Portoghese Europeo<\/a>.<\/p><p><\/p>\n<p lang=\"en-US\" style=\"text-align: justify;\" align=\"CENTER\">Tanto si tienes ya experiencia como si est\u00e1s empezando, debemos recordar que la clave del \u00e9xito es el cari\u00f1o, ilusi\u00f3n y entrega en la preparaci\u00f3n de la Campa\u00f1a de Solidaridad. Para ello <strong>es importante que conozcas todos los recursos que os ofrecemos,\u00a0<\/strong>por eso a continuaci\u00f3n encontrar\u00e1s un listado completo de todos ellos.<\/p>\n<p lang=\"en-US\" style=\"text-align: justify;\" align=\"CENTER\">Os invitamos a navegar y descubrir todas las propuestas de la mano de nuestra querida tripulaci\u00f3n de Itaka-Escolapios, capitaneada por Calasanz. (A continuaci\u00f3n se enumeran todos los contenidos con sus enlaces directos)<\/p>\n<p lang=\"en-US\" align=\"CENTER\"><img decoding=\"async\" loading=\"lazy\" class=\"alignright\" src=\"https:\/\/www.educa.itakaescolapios.org\/wp-content\/uploads\/2023\/11\/SUKAL_ALPHA-731x1024-11.png\" alt=\"\" width=\"312\" height=\"437\" \/><\/p>\n<ol>\n<li lang=\"en-US\"><a href=\"https:\/\/www.educa.itakaescolapios.org\/wp-content\/uploads\/2024\/12\/conjunto-de-fichas-2425-ESP.pdf\" target=\"_blank\" rel=\"noopener\">Fichas de proyectos.<\/a><\/li>\n<li><a href=\"https:\/\/www.educa.itakaescolapios.org\/wp-content\/uploads\/2025\/01\/Presentacion-Local-Abriendo-Caminos.pdf\" target=\"_blank\" rel=\"noopener\">Presentaci\u00f3n al equipo educativo<\/a>.<\/li>\n<li lang=\"en-US\"><a href=\"https:\/\/www.educa.itakaescolapios.org\/campanas\/2024-2025-abriendo-caminos\/actividades-carteleria-y-ambientacion\/actividades-para-trabajar\" target=\"_blank\" rel=\"noopener\">Actividades para trabajar.<\/a><\/li>\n<li lang=\"en-US\"><a href=\"https:\/\/www.educa.itakaescolapios.org\/wp-content\/uploads\/2024\/11\/CARTEL-2425-ESP-scaled.jpg\" target=\"_blank\" rel=\"noopener\">Cartel de la campa\u00f1a<\/a>.<\/li>\n<li lang=\"en-US\">Cartel de agradecimiento (<a href=\"https:\/\/www.educa.itakaescolapios.org\/wp-content\/uploads\/2024\/11\/CARTEL-GRACIAS-usd-ESP-scaled.jpg\" target=\"_blank\" rel=\"noopener\">dolar\u00a0<\/a>\/\u00a0<a href=\"https:\/\/www.educa.itakaescolapios.org\/wp-content\/uploads\/2024\/11\/CARTEL-GRACIAS-Euro-ESP-scaled.jpg\" target=\"_blank\" rel=\"noopener\">euro\u00a0 )<\/a><\/li>\n<li lang=\"en-US\">Logotipo (<a href=\"https:\/\/www.educa.itakaescolapios.org\/wp-content\/uploads\/2025\/01\/LOGO-ITAKA-2425-ESP-scaled.jpg\" target=\"_blank\" rel=\"noopener\">espa\u00f1ol<\/a>, <a href=\"https:\/\/www.educa.itakaescolapios.org\/wp-content\/uploads\/2025\/01\/LOGO-ITAKA-2425-GAL-scaled.jpg\" target=\"_blank\" rel=\"noopener\">gallego<\/a> y <a href=\"https:\/\/www.educa.itakaescolapios.org\/wp-content\/uploads\/2025\/01\/LOGO-ITAKA-2425-VAL-scaled.jpg\" target=\"_blank\" rel=\"noopener\">valenciano<\/a>)<\/li>\n<li lang=\"en-US\"><a href=\"https:\/\/youtu.be\/ffHqeqbNRF8\" target=\"_blank\" rel=\"noopener\">Video sobre el lema<\/a><\/li>\n<li lang=\"en-US\"><a href=\"https:\/\/www.youtube.com\/watch?v=aey1kCOmbBE\" target=\"_blank\" rel=\"noopener\">Video promocional<\/a><\/li>\n<li lang=\"en-US\"><a href=\"https:\/\/www.educa.itakaescolapios.org\/wp-content\/uploads\/2024\/11\/Calasanz.png\">Calasanz<\/a> y su mochila (<a href=\"https:\/\/www.educa.itakaescolapios.org\/wp-content\/uploads\/2024\/11\/BRUJULA-ITAKA.png\">br\u00fajula<\/a>, <a href=\"https:\/\/www.educa.itakaescolapios.org\/wp-content\/uploads\/2024\/11\/BOTELLA-DE-AGUA-ITAKA.png\">botella<\/a>, <a href=\"https:\/\/www.educa.itakaescolapios.org\/wp-content\/uploads\/2024\/11\/LIBRO-ITAKA.png\">libro<\/a>, <a href=\"https:\/\/www.educa.itakaescolapios.org\/wp-content\/uploads\/2024\/11\/CORAZON-ITAKA.png\">coraz\u00f3n<\/a>)<\/li>\n<\/ol>\n<h3><strong><u><img decoding=\"async\" loading=\"lazy\" class=\"aligncenter\" src=\"https:\/\/www.educa.itakaescolapios.org\/wp-content\/uploads\/2020\/11\/mano-click-verde-en-el-medio-scaled.jpg\" alt=\"\" width=\"20%\" height=\"20%\" \/><\/u><\/strong><\/h3>\n<p>&nbsp;<\/p>\n<p><img decoding=\"async\" loading=\"lazy\" class=\"aligncenter\" src=\"https:\/\/www.educa.itakaescolapios.org\/wp-content\/uploads\/2024\/11\/CARTEL-2425-ESP-scaled.jpg\" alt=\"\" width=\"100%\" height=\"100%\" \/><\/p>\n<p>&nbsp;<\/p>\n<p>&nbsp;<\/p>","protected":false},"excerpt":{"rendered":"<p>Ci spiace, ma questo articolo \u00e8 disponibile soltanto in Spagnolo Europeo, Inglese Americano, Basco, Francese e Portoghese Europeo. Tanto si tienes ya experiencia como si est\u00e1s [&hellip;]<\/p>\n","protected":false},"author":7,"featured_media":0,"parent":8543,"menu_order":4,"comment_status":"closed","ping_status":"closed","template":"","meta":[],"acf":[],"_links":{"self":[{"href":"https:\/\/www.educa.itakaescolapios.org\/it\/wp-json\/wp\/v2\/pages\/8555"}],"collection":[{"href":"https:\/\/www.educa.itakaescolapios.org\/it\/wp-json\/wp\/v2\/pages"}],"about":[{"href":"https:\/\/www.educa.itakaescolapios.org\/it\/wp-json\/wp\/v2\/types\/page"}],"author":[{"embeddable":true,"href":"https:\/\/www.educa.itakaescolapios.org\/it\/wp-json\/wp\/v2\/users\/7"}],"replies":[{"embeddable":true,"href":"https:\/\/www.educa.itakaescolapios.org\/it\/wp-json\/wp\/v2\/comments?post=8555"}],"version-history":[{"count":30,"href":"https:\/\/www.educa.itakaescolapios.org\/it\/wp-json\/wp\/v2\/pages\/8555\/revisions"}],"predecessor-version":[{"id":8927,"href":"https:\/\/www.educa.itakaescolapios.org\/it\/wp-json\/wp\/v2\/pages\/8555\/revisions\/8927"}],"up":[{"embeddable":true,"href":"https:\/\/www.educa.itakaescolapios.org\/it\/wp-json\/wp\/v2\/pages\/8543"}],"wp:attachment":[{"href":"https:\/\/www.educa.itakaescolapios.org\/it\/wp-json\/wp\/v2\/media?parent=8555"}],"curies":[{"name":"wp","href":"https:\/\/api.w.org\/{rel}","templated":true}]}}