{"id":9137,"date":"2025-12-05T16:07:44","date_gmt":"2025-12-05T15:07:44","guid":{"rendered":"https:\/\/www.educa.itakaescolapios.org\/?page_id=9137"},"modified":"2026-02-19T14:33:36","modified_gmt":"2026-02-19T13:33:36","slug":"carteleria-2","status":"publish","type":"page","link":"https:\/\/www.educa.itakaescolapios.org\/it\/campanas\/2025-2026-25-anos-extendiendo-raices\/actividades-carteleria-y-ambientacion\/carteleria-2","title":{"rendered":"Carteler\u00eda y personajes"},"content":{"rendered":"<p class=\"qtranxs-available-languages-message qtranxs-available-languages-message-it\">Ci spiace, ma questo articolo \u00e8 disponibile soltanto in <a href=\"https:\/\/www.educa.itakaescolapios.org\/es\/wp-json\/wp\/v2\/pages\/9137\" class=\"qtranxs-available-language-link qtranxs-available-language-link-es\" title=\"Espa\u00f1ol\">Spagnolo Europeo<\/a>, <a href=\"https:\/\/www.educa.itakaescolapios.org\/en\/wp-json\/wp\/v2\/pages\/9137\" class=\"qtranxs-available-language-link qtranxs-available-language-link-en\" title=\"English\">Inglese Americano<\/a> e <a href=\"https:\/\/www.educa.itakaescolapios.org\/eu\/wp-json\/wp\/v2\/pages\/9137\" class=\"qtranxs-available-language-link qtranxs-available-language-link-eu\" title=\"Euskera\">Basco<\/a>.<\/p><p><\/p>\n<p data-pm-slice=\"1 1 []\"><img decoding=\"async\" loading=\"lazy\" class=\"size-medium wp-image-9171 alignleft\" src=\"https:\/\/www.educa.itakaescolapios.org\/wp-content\/uploads\/2025\/12\/calasanz-carteles-219x300.png\" alt=\"\" width=\"219\" height=\"300\" srcset=\"https:\/\/www.educa.itakaescolapios.org\/wp-content\/uploads\/2025\/12\/calasanz-carteles-219x300.png 219w, https:\/\/www.educa.itakaescolapios.org\/wp-content\/uploads\/2025\/12\/calasanz-carteles-747x1024.png 747w, https:\/\/www.educa.itakaescolapios.org\/wp-content\/uploads\/2025\/12\/calasanz-carteles-768x1052.png 768w, https:\/\/www.educa.itakaescolapios.org\/wp-content\/uploads\/2025\/12\/calasanz-carteles-250x343.png 250w, https:\/\/www.educa.itakaescolapios.org\/wp-content\/uploads\/2025\/12\/calasanz-carteles.png 864w\" sizes=\"(max-width: 219px) 100vw, 219px\" \/>Una imagen vale m\u00e1s que mil palabras, y este a\u00f1o queremos que nuestras paredes hablen de celebraci\u00f3n. La carteler\u00eda de la campa\u00f1a <strong>&#8220;25 a\u00f1os extendiendo ra\u00edces&#8221;<\/strong> est\u00e1 dise\u00f1ada para llenar de color y mensaje nuestros colegios, parroquias y centros de tiempo libre.<\/p>\n<p>El cartel de este curso es especial: visualiza la fuerza de nuestra historia (la ra\u00edz) y la alegr\u00eda de nuestro presente (los frutos). Queremos que est\u00e9 presente en cada pasillo, en cada aula y en cada tabl\u00f3n de anuncios, record\u00e1ndonos que somos parte de una gran familia que sigue creciendo.<\/p>\n<p><span style=\"color: #99cc00;\"><a style=\"color: #99cc00;\" href=\"https:\/\/www.educa.itakaescolapios.org\/wp-content\/uploads\/2025\/12\/CARTEL-CAMPANA-2526-_ESP.pdf\">CARTEL CAMPAN\u0303A ESP<\/a><\/span><\/p>\n<p><span style=\"color: #99cc00;\"><a style=\"color: #99cc00;\" href=\"https:\/\/www.educa.itakaescolapios.org\/wp-content\/uploads\/2025\/12\/CARTEL-GRACIAS-2025-ESP.pdf\" target=\"_blank\" rel=\"noopener\">CARTEL GRACIAS ESP<\/a><\/span><\/p>\n<p><span style=\"color: #99cc00;\"><a style=\"color: #99cc00;\" href=\"https:\/\/www.educa.itakaescolapios.org\/wp-content\/uploads\/2025\/12\/ESP-LOGO-CAMPANA-2526.pdf\" target=\"_blank\" rel=\"noopener\">LOGO CAM<\/a><\/span><a style=\"color: #99cc00;\" href=\"https:\/\/www.educa.itakaescolapios.org\/wp-content\/uploads\/2025\/12\/ESP-LOGO-CAMPANA-2526.pdf\" target=\"_blank\" rel=\"noopener\">PA\u00d1A<\/a><\/p>\n<p><span style=\"color: #99cc00;\"><a style=\"color: #99cc00;\" href=\"https:\/\/www.educa.itakaescolapios.org\/wp-content\/uploads\/2025\/12\/Personajes.pdf\" target=\"_blank\" rel=\"noopener\">PERSONAJES<\/a><\/span><\/p>\n<p><img decoding=\"async\" loading=\"lazy\" class=\"alignnone\" src=\"https:\/\/www.educa.itakaescolapios.org\/wp-content\/uploads\/2020\/11\/mano-click-verde-en-el-medio-scaled.jpg\" width=\"238\" height=\"85\" \/><\/p>\n\n\t\t<style type=\"text\/css\">\n\t\t\t#gallery-1 {\n\t\t\t\tmargin: auto;\n\t\t\t}\n\t\t\t#gallery-1 .gallery-item {\n\t\t\t\tfloat: left;\n\t\t\t\tmargin-top: 10px;\n\t\t\t\ttext-align: center;\n\t\t\t\twidth: 25%;\n\t\t\t}\n\t\t\t#gallery-1 img {\n\t\t\t\tborder: 2px solid #cfcfcf;\n\t\t\t}\n\t\t\t#gallery-1 .gallery-caption {\n\t\t\t\tmargin-left: 0;\n\t\t\t}\n\t\t\t\/* see gallery_shortcode() in wp-includes\/media.php *\/\n\t\t<\/style>\n\t\t<div id='gallery-1' class='gallery galleryid-9137 gallery-columns-4 gallery-size-thumbnail'><dl class='gallery-item'>\n\t\t\t<dt class='gallery-icon portrait'>\n\t\t\t\t<a href='https:\/\/www.educa.itakaescolapios.org\/wp-content\/uploads\/2025\/12\/calasanz-riendo.png'><img width=\"150\" height=\"150\" src=\"https:\/\/www.educa.itakaescolapios.org\/wp-content\/uploads\/2025\/12\/calasanz-riendo-150x150.png\" class=\"attachment-thumbnail size-thumbnail\" alt=\"\" decoding=\"async\" loading=\"lazy\" \/><\/a>\n\t\t\t<\/dt><\/dl><dl class='gallery-item'>\n\t\t\t<dt class='gallery-icon portrait'>\n\t\t\t\t<a href='https:\/\/www.educa.itakaescolapios.org\/wp-content\/uploads\/2025\/12\/Calasanz-rezando.png'><img width=\"150\" height=\"150\" src=\"https:\/\/www.educa.itakaescolapios.org\/wp-content\/uploads\/2025\/12\/Calasanz-rezando-150x150.png\" class=\"attachment-thumbnail size-thumbnail\" alt=\"\" decoding=\"async\" loading=\"lazy\" \/><\/a>\n\t\t\t<\/dt><\/dl><dl class='gallery-item'>\n\t\t\t<dt class='gallery-icon portrait'>\n\t\t\t\t<a href='https:\/\/www.educa.itakaescolapios.org\/wp-content\/uploads\/2025\/12\/Calasanz-escribiendo.png'><img width=\"150\" height=\"150\" src=\"https:\/\/www.educa.itakaescolapios.org\/wp-content\/uploads\/2025\/12\/Calasanz-escribiendo-150x150.png\" class=\"attachment-thumbnail size-thumbnail\" alt=\"\" decoding=\"async\" loading=\"lazy\" \/><\/a>\n\t\t\t<\/dt><\/dl><dl class='gallery-item'>\n\t\t\t<dt class='gallery-icon portrait'>\n\t\t\t\t<a href='https:\/\/www.educa.itakaescolapios.org\/wp-content\/uploads\/2025\/12\/calasanz-carteles.png'><img width=\"150\" height=\"150\" src=\"https:\/\/www.educa.itakaescolapios.org\/wp-content\/uploads\/2025\/12\/calasanz-carteles-150x150.png\" class=\"attachment-thumbnail size-thumbnail\" alt=\"\" decoding=\"async\" loading=\"lazy\" \/><\/a>\n\t\t\t<\/dt><\/dl><br style=\"clear: both\" \/><dl class='gallery-item'>\n\t\t\t<dt class='gallery-icon portrait'>\n\t\t\t\t<a href='https:\/\/www.educa.itakaescolapios.org\/wp-content\/uploads\/2025\/12\/Dorotea-explicando.png'><img width=\"150\" height=\"150\" src=\"https:\/\/www.educa.itakaescolapios.org\/wp-content\/uploads\/2025\/12\/Dorotea-explicando-150x150.png\" class=\"attachment-thumbnail size-thumbnail\" alt=\"\" decoding=\"async\" loading=\"lazy\" \/><\/a>\n\t\t\t<\/dt><\/dl><dl class='gallery-item'>\n\t\t\t<dt class='gallery-icon portrait'>\n\t\t\t\t<a href='https:\/\/www.educa.itakaescolapios.org\/wp-content\/uploads\/2025\/12\/Dorotea-bailando.jpg'><img width=\"150\" height=\"150\" src=\"https:\/\/www.educa.itakaescolapios.org\/wp-content\/uploads\/2025\/12\/Dorotea-bailando-150x150.jpg\" class=\"attachment-thumbnail size-thumbnail\" alt=\"\" decoding=\"async\" loading=\"lazy\" \/><\/a>\n\t\t\t<\/dt><\/dl><dl class='gallery-item'>\n\t\t\t<dt class='gallery-icon portrait'>\n\t\t\t\t<a href='https:\/\/www.educa.itakaescolapios.org\/wp-content\/uploads\/2025\/12\/Dorotea-alfabetizacion-adultos.png'><img width=\"150\" height=\"150\" src=\"https:\/\/www.educa.itakaescolapios.org\/wp-content\/uploads\/2025\/12\/Dorotea-alfabetizacion-adultos-150x150.png\" class=\"attachment-thumbnail size-thumbnail\" alt=\"\" decoding=\"async\" loading=\"lazy\" \/><\/a>\n\t\t\t<\/dt><\/dl><dl class='gallery-item'>\n\t\t\t<dt class='gallery-icon portrait'>\n\t\t\t\t<a href='https:\/\/www.educa.itakaescolapios.org\/wp-content\/uploads\/2025\/12\/BLA1.png'><img width=\"150\" height=\"150\" src=\"https:\/\/www.educa.itakaescolapios.org\/wp-content\/uploads\/2025\/12\/BLA1-150x150.png\" class=\"attachment-thumbnail size-thumbnail\" alt=\"\" decoding=\"async\" loading=\"lazy\" \/><\/a>\n\t\t\t<\/dt><\/dl><br style=\"clear: both\" \/><dl class='gallery-item'>\n\t\t\t<dt class='gallery-icon portrait'>\n\t\t\t\t<a href='https:\/\/www.educa.itakaescolapios.org\/wp-content\/uploads\/2025\/12\/Bla-2.png'><img width=\"150\" height=\"150\" src=\"https:\/\/www.educa.itakaescolapios.org\/wp-content\/uploads\/2025\/12\/Bla-2-150x150.png\" class=\"attachment-thumbnail size-thumbnail\" alt=\"\" decoding=\"async\" loading=\"lazy\" \/><\/a>\n\t\t\t<\/dt><\/dl><dl class='gallery-item'>\n\t\t\t<dt class='gallery-icon portrait'>\n\t\t\t\t<a href='https:\/\/www.educa.itakaescolapios.org\/wp-content\/uploads\/2025\/12\/Bla-1.png'><img width=\"150\" height=\"150\" src=\"https:\/\/www.educa.itakaescolapios.org\/wp-content\/uploads\/2025\/12\/Bla-1-150x150.png\" class=\"attachment-thumbnail size-thumbnail\" alt=\"\" decoding=\"async\" loading=\"lazy\" \/><\/a>\n\t\t\t<\/dt><\/dl><dl class='gallery-item'>\n\t\t\t<dt class='gallery-icon portrait'>\n\t\t\t\t<a href='https:\/\/www.educa.itakaescolapios.org\/wp-content\/uploads\/2025\/12\/Sukal-jugando.png'><img width=\"150\" height=\"150\" src=\"https:\/\/www.educa.itakaescolapios.org\/wp-content\/uploads\/2025\/12\/Sukal-jugando-150x150.png\" class=\"attachment-thumbnail size-thumbnail\" alt=\"\" decoding=\"async\" loading=\"lazy\" \/><\/a>\n\t\t\t<\/dt><\/dl><dl class='gallery-item'>\n\t\t\t<dt class='gallery-icon portrait'>\n\t\t\t\t<a href='https:\/\/www.educa.itakaescolapios.org\/wp-content\/uploads\/2025\/12\/Sukal-cocinando-comedor.jpg'><img width=\"150\" height=\"150\" src=\"https:\/\/www.educa.itakaescolapios.org\/wp-content\/uploads\/2025\/12\/Sukal-cocinando-comedor-150x150.jpg\" class=\"attachment-thumbnail size-thumbnail\" alt=\"\" decoding=\"async\" loading=\"lazy\" \/><\/a>\n\t\t\t<\/dt><\/dl><br style=\"clear: both\" \/><dl class='gallery-item'>\n\t\t\t<dt class='gallery-icon portrait'>\n\t\t\t\t<a href='https:\/\/www.educa.itakaescolapios.org\/wp-content\/uploads\/2025\/12\/quisap-leyendo.png'><img width=\"150\" height=\"150\" src=\"https:\/\/www.educa.itakaescolapios.org\/wp-content\/uploads\/2025\/12\/quisap-leyendo-150x150.png\" class=\"attachment-thumbnail size-thumbnail\" alt=\"\" decoding=\"async\" loading=\"lazy\" \/><\/a>\n\t\t\t<\/dt><\/dl><dl class='gallery-item'>\n\t\t\t<dt class='gallery-icon portrait'>\n\t\t\t\t<a href='https:\/\/www.educa.itakaescolapios.org\/wp-content\/uploads\/2025\/12\/Quisap-aula.png'><img width=\"150\" height=\"150\" src=\"https:\/\/www.educa.itakaescolapios.org\/wp-content\/uploads\/2025\/12\/Quisap-aula-150x150.png\" class=\"attachment-thumbnail size-thumbnail\" alt=\"\" decoding=\"async\" loading=\"lazy\" \/><\/a>\n\t\t\t<\/dt><\/dl><dl class='gallery-item'>\n\t\t\t<dt class='gallery-icon portrait'>\n\t\t\t\t<a href='https:\/\/www.educa.itakaescolapios.org\/wp-content\/uploads\/2025\/12\/Quisap-1.png'><img width=\"150\" height=\"150\" src=\"https:\/\/www.educa.itakaescolapios.org\/wp-content\/uploads\/2025\/12\/Quisap-1-150x150.png\" class=\"attachment-thumbnail size-thumbnail\" alt=\"\" decoding=\"async\" loading=\"lazy\" \/><\/a>\n\t\t\t<\/dt><\/dl><dl class='gallery-item'>\n\t\t\t<dt class='gallery-icon portrait'>\n\t\t\t\t<a href='https:\/\/www.educa.itakaescolapios.org\/wp-content\/uploads\/2025\/12\/Marine-3.png'><img width=\"150\" height=\"150\" src=\"https:\/\/www.educa.itakaescolapios.org\/wp-content\/uploads\/2025\/12\/Marine-3-150x150.png\" class=\"attachment-thumbnail size-thumbnail\" alt=\"\" decoding=\"async\" loading=\"lazy\" \/><\/a>\n\t\t\t<\/dt><\/dl><br style=\"clear: both\" \/><dl class='gallery-item'>\n\t\t\t<dt class='gallery-icon portrait'>\n\t\t\t\t<a href='https:\/\/www.educa.itakaescolapios.org\/wp-content\/uploads\/2025\/12\/Marine-2-1.png'><img width=\"150\" height=\"150\" src=\"https:\/\/www.educa.itakaescolapios.org\/wp-content\/uploads\/2025\/12\/Marine-2-1-150x150.png\" class=\"attachment-thumbnail size-thumbnail\" alt=\"\" decoding=\"async\" loading=\"lazy\" \/><\/a>\n\t\t\t<\/dt><\/dl><dl class='gallery-item'>\n\t\t\t<dt class='gallery-icon portrait'>\n\t\t\t\t<a href='https:\/\/www.educa.itakaescolapios.org\/wp-content\/uploads\/2025\/12\/Marine-1.png'><img width=\"150\" height=\"150\" src=\"https:\/\/www.educa.itakaescolapios.org\/wp-content\/uploads\/2025\/12\/Marine-1-150x150.png\" class=\"attachment-thumbnail size-thumbnail\" alt=\"\" decoding=\"async\" loading=\"lazy\" \/><\/a>\n\t\t\t<\/dt><\/dl><dl class='gallery-item'>\n\t\t\t<dt class='gallery-icon portrait'>\n\t\t\t\t<a href='https:\/\/www.educa.itakaescolapios.org\/wp-content\/uploads\/2025\/12\/look-senalando.png'><img width=\"150\" height=\"150\" src=\"https:\/\/www.educa.itakaescolapios.org\/wp-content\/uploads\/2025\/12\/look-senalando-150x150.png\" class=\"attachment-thumbnail size-thumbnail\" alt=\"\" decoding=\"async\" loading=\"lazy\" \/><\/a>\n\t\t\t<\/dt><\/dl><dl class='gallery-item'>\n\t\t\t<dt class='gallery-icon portrait'>\n\t\t\t\t<a href='https:\/\/www.educa.itakaescolapios.org\/wp-content\/uploads\/2025\/12\/look-saltando.png'><img width=\"150\" height=\"150\" src=\"https:\/\/www.educa.itakaescolapios.org\/wp-content\/uploads\/2025\/12\/look-saltando-150x150.png\" class=\"attachment-thumbnail size-thumbnail\" alt=\"\" decoding=\"async\" loading=\"lazy\" \/><\/a>\n\t\t\t<\/dt><\/dl><br style=\"clear: both\" \/><dl class='gallery-item'>\n\t\t\t<dt class='gallery-icon portrait'>\n\t\t\t\t<a href='https:\/\/www.educa.itakaescolapios.org\/wp-content\/uploads\/2025\/12\/Jiwa-campamentos.png'><img width=\"150\" height=\"150\" src=\"https:\/\/www.educa.itakaescolapios.org\/wp-content\/uploads\/2025\/12\/Jiwa-campamentos-150x150.png\" class=\"attachment-thumbnail size-thumbnail\" alt=\"\" decoding=\"async\" loading=\"lazy\" \/><\/a>\n\t\t\t<\/dt><\/dl><dl class='gallery-item'>\n\t\t\t<dt class='gallery-icon portrait'>\n\t\t\t\t<a href='https:\/\/www.educa.itakaescolapios.org\/wp-content\/uploads\/2025\/12\/Jiwa-alegre.png'><img width=\"150\" height=\"150\" src=\"https:\/\/www.educa.itakaescolapios.org\/wp-content\/uploads\/2025\/12\/Jiwa-alegre-150x150.png\" class=\"attachment-thumbnail size-thumbnail\" alt=\"\" decoding=\"async\" loading=\"lazy\" \/><\/a>\n\t\t\t<\/dt><\/dl><dl class='gallery-item'>\n\t\t\t<dt class='gallery-icon portrait'>\n\t\t\t\t<a href='https:\/\/www.educa.itakaescolapios.org\/wp-content\/uploads\/2025\/12\/Elykia-leyendo-1.png'><img width=\"150\" height=\"150\" src=\"https:\/\/www.educa.itakaescolapios.org\/wp-content\/uploads\/2025\/12\/Elykia-leyendo-1-150x150.png\" class=\"attachment-thumbnail size-thumbnail\" alt=\"\" decoding=\"async\" loading=\"lazy\" \/><\/a>\n\t\t\t<\/dt><\/dl><dl class='gallery-item'>\n\t\t\t<dt class='gallery-icon portrait'>\n\t\t\t\t<a href='https:\/\/www.educa.itakaescolapios.org\/wp-content\/uploads\/2025\/12\/Elikia-2.png'><img width=\"150\" height=\"150\" src=\"https:\/\/www.educa.itakaescolapios.org\/wp-content\/uploads\/2025\/12\/Elikia-2-150x150.png\" class=\"attachment-thumbnail size-thumbnail\" alt=\"\" decoding=\"async\" loading=\"lazy\" \/><\/a>\n\t\t\t<\/dt><\/dl><br style=\"clear: both\" \/><dl class='gallery-item'>\n\t\t\t<dt class='gallery-icon portrait'>\n\t\t\t\t<a href='https:\/\/www.educa.itakaescolapios.org\/wp-content\/uploads\/2025\/12\/Elikia-1.png'><img width=\"150\" height=\"150\" src=\"https:\/\/www.educa.itakaescolapios.org\/wp-content\/uploads\/2025\/12\/Elikia-1-150x150.png\" class=\"attachment-thumbnail size-thumbnail\" alt=\"\" decoding=\"async\" loading=\"lazy\" \/><\/a>\n\t\t\t<\/dt><\/dl>\n\t\t\t<br style='clear: both' \/>\n\t\t<\/div>\n\n<p>&nbsp;<\/p>","protected":false},"excerpt":{"rendered":"<p>Ci spiace, ma questo articolo \u00e8 disponibile soltanto in Spagnolo Europeo, Inglese Americano e Basco. Una imagen vale m\u00e1s que mil palabras, y este a\u00f1o queremos [&hellip;]<\/p>\n","protected":false},"author":11,"featured_media":0,"parent":9088,"menu_order":6,"comment_status":"closed","ping_status":"closed","template":"","meta":[],"acf":[],"_links":{"self":[{"href":"https:\/\/www.educa.itakaescolapios.org\/it\/wp-json\/wp\/v2\/pages\/9137"}],"collection":[{"href":"https:\/\/www.educa.itakaescolapios.org\/it\/wp-json\/wp\/v2\/pages"}],"about":[{"href":"https:\/\/www.educa.itakaescolapios.org\/it\/wp-json\/wp\/v2\/types\/page"}],"author":[{"embeddable":true,"href":"https:\/\/www.educa.itakaescolapios.org\/it\/wp-json\/wp\/v2\/users\/11"}],"replies":[{"embeddable":true,"href":"https:\/\/www.educa.itakaescolapios.org\/it\/wp-json\/wp\/v2\/comments?post=9137"}],"version-history":[{"count":13,"href":"https:\/\/www.educa.itakaescolapios.org\/it\/wp-json\/wp\/v2\/pages\/9137\/revisions"}],"predecessor-version":[{"id":9503,"href":"https:\/\/www.educa.itakaescolapios.org\/it\/wp-json\/wp\/v2\/pages\/9137\/revisions\/9503"}],"up":[{"embeddable":true,"href":"https:\/\/www.educa.itakaescolapios.org\/it\/wp-json\/wp\/v2\/pages\/9088"}],"wp:attachment":[{"href":"https:\/\/www.educa.itakaescolapios.org\/it\/wp-json\/wp\/v2\/media?parent=9137"}],"curies":[{"name":"wp","href":"https:\/\/api.w.org\/{rel}","templated":true}]}}