{"id":9312,"date":"2026-01-08T13:23:24","date_gmt":"2026-01-08T12:23:24","guid":{"rendered":"https:\/\/www.educa.itakaescolapios.org\/?page_id=9312"},"modified":"2026-01-20T11:39:21","modified_gmt":"2026-01-20T10:39:21","slug":"2026-25-anos-construyendo-paz","status":"publish","type":"page","link":"https:\/\/www.educa.itakaescolapios.org\/it\/semanas-de-la-paz\/2026-25-anos-construyendo-paz","title":{"rendered":"2026- 25 a\u00f1os construyendo PAZ"},"content":{"rendered":"<p class=\"qtranxs-available-languages-message qtranxs-available-languages-message-it\">Ci spiace, ma questo articolo \u00e8 disponibile soltanto in <a href=\"https:\/\/www.educa.itakaescolapios.org\/es\/wp-json\/wp\/v2\/pages\/9312\" class=\"qtranxs-available-language-link qtranxs-available-language-link-es\" title=\"Espa\u00f1ol\">Spagnolo Europeo<\/a> e <a href=\"https:\/\/www.educa.itakaescolapios.org\/eu\/wp-json\/wp\/v2\/pages\/9312\" class=\"qtranxs-available-language-link qtranxs-available-language-link-eu\" title=\"Euskera\">Basco<\/a>.<\/p><p>&nbsp;<\/p>\n<p style=\"font-weight: 400; text-align: justify;\">En este nuevo a\u00f1o 2026, celebramos los 25 a\u00f1os de Itaka-Escolapios. 25 a\u00f1os de camino, avance y crecimiento, siempre con una mirada comprometida con el mundo a trav\u00e9s de la educaci\u00f3n.<\/p>\n<p style=\"font-weight: 400; text-align: justify;\">25 a\u00f1os en los que el TRABAJO POR LA PAZ ha sido una de las principales claves. Una clave presente desde antes de su origen pues, como es sabido, en los Escolapios de Bilbao (15 a\u00f1os antes) naci\u00f3 GESTO POR LA PAZ. Una iniciativa hist\u00f3rica no solo en Euskadi sino en toda Espa\u00f1a, que venci\u00f3 al miedo que se percib\u00eda en gran parte de la sociedad, impulsando una movilizaci\u00f3n silenciosa y pac\u00edfica en un territorio oscurecido por la violencia.<\/p>\n<p style=\"font-weight: 400; text-align: justify;\">Esa lucha silenciosa se venci\u00f3. Hace a\u00f1os que GESTO POR LA PAZ desapareci\u00f3 tras el cese definitivo de la actividad terrorista del ETA en 2011. Sin embargo, hoy d\u00eda, sigue haciendo falta personas capaces de hacer frente a la violencia. En una sociedad cada vez m\u00e1s polarizada, donde los poderosos provocan el enfrentamiento de los pueblos, sociedades y culturas, hemos de ser valientes para alzar la voz por los derechos humanos.<\/p>\n<p style=\"font-weight: 400; text-align: justify;\">Hace alg\u00fan tiempo, se comparti\u00f3 la noticia del aniversario del primer gesto por la paz, en la que Jon Ander Zarate explica muy bien el momento, las claves y los actuales retos que tenemos como ciudadanos y ciudadanas, no solo en las Escuelas P\u00edas, pero tambi\u00e9n. Merece la pena escucharlo (<a href=\"https:\/\/www.rtve.es\/play\/videos\/telenorte-pais-vasco\/gesto-paz-eta\/16832976\/\" target=\"_blank\" rel=\"noopener\">ENLACE AL VIDEO<\/a>).<\/p>\n<p style=\"font-weight: 400; text-align: justify;\">Ojal\u00e1, en todos los lugares del mundo donde estamos presentes podamos ser luz, sal y signo de paz. Que as\u00ed sea.<\/p>\n<p>&nbsp;<\/p>\n<p style=\"font-weight: 400; text-align: justify;\"><a href=\"https:\/\/www.educa.itakaescolapios.org\/semanas-de-la-paz\/2026-25-anos-construyendo-paz\/actividades-paz-2026\">PROPUESTA DE ACTIVIDADES PARA LA SEMANA DE LA PAZ 2026<\/a>.<\/p>\n<p><img decoding=\"async\" loading=\"lazy\" class=\"aligncenter\" src=\"https:\/\/www.educa.itakaescolapios.org\/wp-content\/uploads\/2026\/01\/slider-WEB-itaka-PAZ-1900-x-595-scaled.jpg\" alt=\"\" width=\"825\" height=\"275\" \/><\/p>\n<p>&nbsp;<\/p>\n<p>&nbsp;<\/p>","protected":false},"excerpt":{"rendered":"<p>Ci spiace, ma questo articolo \u00e8 disponibile soltanto in Spagnolo Europeo e Basco.&nbsp; En este nuevo a\u00f1o 2026, celebramos los 25 a\u00f1os de Itaka-Escolapios. 25 a\u00f1os [&hellip;]<\/p>\n","protected":false},"author":9,"featured_media":9317,"parent":713,"menu_order":0,"comment_status":"closed","ping_status":"closed","template":"","meta":[],"acf":[],"_links":{"self":[{"href":"https:\/\/www.educa.itakaescolapios.org\/it\/wp-json\/wp\/v2\/pages\/9312"}],"collection":[{"href":"https:\/\/www.educa.itakaescolapios.org\/it\/wp-json\/wp\/v2\/pages"}],"about":[{"href":"https:\/\/www.educa.itakaescolapios.org\/it\/wp-json\/wp\/v2\/types\/page"}],"author":[{"embeddable":true,"href":"https:\/\/www.educa.itakaescolapios.org\/it\/wp-json\/wp\/v2\/users\/9"}],"replies":[{"embeddable":true,"href":"https:\/\/www.educa.itakaescolapios.org\/it\/wp-json\/wp\/v2\/comments?post=9312"}],"version-history":[{"count":14,"href":"https:\/\/www.educa.itakaescolapios.org\/it\/wp-json\/wp\/v2\/pages\/9312\/revisions"}],"predecessor-version":[{"id":9436,"href":"https:\/\/www.educa.itakaescolapios.org\/it\/wp-json\/wp\/v2\/pages\/9312\/revisions\/9436"}],"up":[{"embeddable":true,"href":"https:\/\/www.educa.itakaescolapios.org\/it\/wp-json\/wp\/v2\/pages\/713"}],"wp:featuredmedia":[{"embeddable":true,"href":"https:\/\/www.educa.itakaescolapios.org\/it\/wp-json\/wp\/v2\/media\/9317"}],"wp:attachment":[{"href":"https:\/\/www.educa.itakaescolapios.org\/it\/wp-json\/wp\/v2\/media?parent=9312"}],"curies":[{"name":"wp","href":"https:\/\/api.w.org\/{rel}","templated":true}]}}