{"id":9324,"date":"2026-01-08T13:47:13","date_gmt":"2026-01-08T12:47:13","guid":{"rendered":"https:\/\/www.educa.itakaescolapios.org\/?page_id=9324"},"modified":"2026-01-21T08:37:58","modified_gmt":"2026-01-21T07:37:58","slug":"actividades-paz-2026","status":"publish","type":"page","link":"https:\/\/www.educa.itakaescolapios.org\/it\/semanas-de-la-paz\/2026-25-anos-construyendo-paz\/actividades-paz-2026","title":{"rendered":"Actividades PAZ 2026"},"content":{"rendered":"<p class=\"qtranxs-available-languages-message qtranxs-available-languages-message-it\">Ci spiace, ma questo articolo \u00e8 disponibile soltanto in <a href=\"https:\/\/www.educa.itakaescolapios.org\/es\/wp-json\/wp\/v2\/pages\/9324\" class=\"qtranxs-available-language-link qtranxs-available-language-link-es\" title=\"Espa\u00f1ol\">Spagnolo Europeo<\/a> e <a href=\"https:\/\/www.educa.itakaescolapios.org\/eu\/wp-json\/wp\/v2\/pages\/9324\" class=\"qtranxs-available-language-link qtranxs-available-language-link-eu\" title=\"Euskera\">Basco<\/a>.<\/p><p>M\u00e1s de 25 a\u00f1os de trabajo por la PAZ no van a detenerse mientras siga haciendo falta educar a las nuevas generaciones en la importancia de buscar el mejor modo de generar ambientes y actitudes pac\u00edficas all\u00e1 donde estamos presentes. La educaci\u00f3n para la paz es una de las principales herramientas de trabajo por la inclusi\u00f3n y la equidad, y poder as\u00ed generar una base s\u00f3lida para una convivencia social positiva.<\/p>\n<p>Es tiempo de construir la PAZ y hacer valer los Derechos Humanos en todos los contextos en donde nos desarrollemos, es tiempo de trabajar por un ambiente de paz en nuestro entorno, y m\u00e1s all\u00e1 de \u00e9l.<\/p>\n<p>Os dejamos una <strong>propuesta de actividades y ambientaci\u00f3n<\/strong> para el trabajo tanto en la escuela como en el Movimiento Calasanz.<\/p>\n<p>&nbsp;<\/p>\n<p>AMBIENTACI\u00d3N<\/p>\n<ul>\n<li style=\"list-style-type: none;\">\n<ul>\n<li><span style=\"text-decoration: underline;\"><strong>Logotipo (<a href=\"https:\/\/www.educa.itakaescolapios.org\/wp-content\/uploads\/2026\/01\/logo-PAZ-2526-ESP.png\" target=\"_blank\" rel=\"noopener\">completo<\/a>\/<a href=\"https:\/\/www.educa.itakaescolapios.org\/wp-content\/uploads\/2026\/01\/PAJARO-PAZ-2526.png\" target=\"_blank\" rel=\"noopener\">ave<\/a>)<\/strong><\/span><\/li>\n<li><span style=\"text-decoration: underline;\"><strong>Banner (<a href=\"https:\/\/www.educa.itakaescolapios.org\/wp-content\/uploads\/2026\/01\/BANNER-EDUCA-PAZ-2526-1536X1672-ESP-scaled.jpg\" target=\"_blank\" rel=\"noopener\">cuadrado<\/a>\/<a href=\"https:\/\/www.educa.itakaescolapios.org\/wp-content\/uploads\/2026\/01\/slider-WEB-itaka-PAZ-1900-x-595-scaled.jpg\" target=\"_blank\" rel=\"noopener\">horizontal<\/a>)<\/strong><\/span><\/li>\n<li><strong><span style=\"text-decoration: underline;\">Cartel (<a href=\"https:\/\/www.educa.itakaescolapios.org\/wp-content\/uploads\/2026\/01\/CARTEL-PAZ-2526-ESP.pdf\" target=\"_blank\" rel=\"noopener\">pdf<\/a>\/<a href=\"https:\/\/www.educa.itakaescolapios.org\/wp-content\/uploads\/2026\/01\/CARTEL-PAZ-2526-ESP-scaled.jpg\" target=\"_blank\" rel=\"noopener\">jpg<\/a>)<\/span><\/strong><\/li>\n<li><strong><span style=\"text-decoration: underline;\"><a href=\"https:\/\/www.educa.itakaescolapios.org\/wp-content\/uploads\/2026\/01\/Oraciones-por-edades.pdf\" target=\"_blank\" rel=\"noopener\">ORACIONES POR EDADES<\/a>.<\/span><\/strong><\/li>\n<\/ul>\n<\/li>\n<\/ul>\n<p>ACTIVIDADES<\/p>\n<ul>\n<li style=\"list-style-type: none;\">\n<ul>\n<li><a href=\"https:\/\/www.educa.itakaescolapios.org\/paz\/cuentos-para-la-paz\" target=\"_blank\" rel=\"noopener\"><strong><span style=\"text-decoration: underline;\">Cuentos para la PAZ (3 a 5 a\u00f1os).<\/span><\/strong><\/a><\/li>\n<li><span style=\"text-decoration: underline;\"><strong><a href=\"https:\/\/www.educa.itakaescolapios.org\/paz\/juegos-y-dinamicas-de-paz\" target=\"_blank\" rel=\"noopener\">Juegos y din\u00e1micas de PAZ (6 a 8 a\u00f1os)<\/a>.<\/strong><\/span><\/li>\n<li><strong><span style=\"text-decoration: underline;\"><a href=\"https:\/\/www.educa.itakaescolapios.org\/paz\/cadena-de-transmision\" target=\"_blank\" rel=\"noopener\">Cadena de transmisi\u00f3n (8 a 10 a\u00f1os)<\/a>.<\/span><\/strong><\/li>\n<li><a href=\"https:\/\/www.educa.itakaescolapios.org\/paz\/la-ciudad-del-caos\" target=\"_blank\" rel=\"noopener\"><strong><span style=\"text-decoration: underline;\">La ciudad del c<\/span><\/strong><strong><span style=\"text-decoration: underline;\">a<\/span><\/strong><strong><span style=\"text-decoration: underline;\">os<\/span><\/strong><strong><span style=\"text-decoration: underline;\"> (10 a 12 a\u00f1os).<\/span><\/strong><\/a><\/li>\n<li><a href=\"https:\/\/www.educa.itakaescolapios.org\/paz\/el-pasillo-de-la-consciencia\" target=\"_blank\" rel=\"noopener\"><strong><span style=\"text-decoration: underline;\">El pasillo de la consciencia (12-14 a\u00f1os).<\/span><\/strong><\/a><\/li>\n<li><a href=\"https:\/\/www.educa.itakaescolapios.org\/paz\/bingo-de-los-derechos-humanos\" target=\"_blank\" rel=\"noopener\"><strong><span style=\"text-decoration: underline;\">Bingo de los Derechos Humanos (14 a 16 a\u00f1os).<\/span><\/strong><\/a><\/li>\n<li><strong><span style=\"text-decoration: underline;\"><a href=\"https:\/\/www.educa.itakaescolapios.org\/paz\/fondo-norte-fondo-sur\" target=\"_blank\" rel=\"noopener\">Fondo norte\/Fondo Sur (16 a 18 a\u00f1os)<\/a>.<\/span><\/strong><\/li>\n<li><a href=\"https:\/\/www.educa.itakaescolapios.org\/paz\/caminemos-por-la-paz-un-llamado-a-la-paz-y-el-buen-obrar-desde-tu-raiz\" target=\"_blank\" rel=\"noopener\"><strong><span style=\"text-decoration: underline;\">ACTIVIDAD CENTRAL 1. Caminemos por la paz.<\/span><\/strong><\/a><\/li>\n<li><strong><span style=\"text-decoration: underline;\"><a href=\"https:\/\/www.educa.itakaescolapios.org\/paz\/el-arbol-de-la-paz\" target=\"_blank\" rel=\"noopener\">ACTIVIDAD CENTRAL 2. El \u00e1rbol de la paz<\/a>.<\/span><\/strong><\/li>\n<\/ul>\n<\/li>\n<\/ul>\n<p><\/p>","protected":false},"excerpt":{"rendered":"<p>Ci spiace, ma questo articolo \u00e8 disponibile soltanto in Spagnolo Europeo e Basco.M\u00e1s de 25 a\u00f1os de trabajo por la PAZ no van a detenerse mientras [&hellip;]<\/p>\n","protected":false},"author":9,"featured_media":0,"parent":9312,"menu_order":1,"comment_status":"closed","ping_status":"closed","template":"","meta":[],"acf":[],"_links":{"self":[{"href":"https:\/\/www.educa.itakaescolapios.org\/it\/wp-json\/wp\/v2\/pages\/9324"}],"collection":[{"href":"https:\/\/www.educa.itakaescolapios.org\/it\/wp-json\/wp\/v2\/pages"}],"about":[{"href":"https:\/\/www.educa.itakaescolapios.org\/it\/wp-json\/wp\/v2\/types\/page"}],"author":[{"embeddable":true,"href":"https:\/\/www.educa.itakaescolapios.org\/it\/wp-json\/wp\/v2\/users\/9"}],"replies":[{"embeddable":true,"href":"https:\/\/www.educa.itakaescolapios.org\/it\/wp-json\/wp\/v2\/comments?post=9324"}],"version-history":[{"count":57,"href":"https:\/\/www.educa.itakaescolapios.org\/it\/wp-json\/wp\/v2\/pages\/9324\/revisions"}],"predecessor-version":[{"id":9455,"href":"https:\/\/www.educa.itakaescolapios.org\/it\/wp-json\/wp\/v2\/pages\/9324\/revisions\/9455"}],"up":[{"embeddable":true,"href":"https:\/\/www.educa.itakaescolapios.org\/it\/wp-json\/wp\/v2\/pages\/9312"}],"wp:attachment":[{"href":"https:\/\/www.educa.itakaescolapios.org\/it\/wp-json\/wp\/v2\/media?parent=9324"}],"curies":[{"name":"wp","href":"https:\/\/api.w.org\/{rel}","templated":true}]}}