{"id":1420,"date":"2018-11-28T13:11:06","date_gmt":"2018-11-28T12:11:06","guid":{"rendered":"http:\/\/www.educa.itakaescolapios.org\/?page_id=1420"},"modified":"2024-06-19T10:40:50","modified_gmt":"2024-06-19T08:40:50","slug":"centro-educa","status":"publish","type":"page","link":"https:\/\/www.educa.itakaescolapios.org\/pt\/centro-educa","title":{"rendered":"Como se tornar um centro EDUCA"},"content":{"rendered":"<p>Educa \u00e9 uma rede de centros educacionais para a transforma\u00e7\u00e3o social. Centros que querem se tornar lugares comprometidos com a constru\u00e7\u00e3o de um mundo mais justo e solid\u00e1rio. Querem faz\u00ea-lo compartilhando recursos educacionais, campanhas tem\u00e1ticas e atividades de aprendizagem e servi\u00e7o.<\/p>\n<p>Para que um centro educacional fa\u00e7a parte do Educa, a decis\u00e3o deve ser partilhada por toda a comunidade educativa e expressa explicitamente atrav\u00e9s das equipes de dire\u00e7\u00e3o.<\/p>\n<p>No documento de ades\u00e3o voc\u00ea pode saber mais sobre o que implica aderir-se a esta rede. Entre em contato com <a href=\"mailto:educa@itakaescolapios.org\">educa@itakaescolapios.org<\/a> para resolver d\u00favidas ou obter mais informa\u00e7\u00f5es.<\/p>\n<p class=\"western\"><span style=\"font-family: Calibri, serif;\"><span style=\"font-size: medium;\"><br \/>\n<\/span><\/span>Baixe o documento:\u00a0 \u00a0<a href=\"https:\/\/www.educa.itakaescolapios.org\/wp-content\/uploads\/2024\/06\/PT_adesao-e-compromiso-Educa.itakaescolapios_PT.pdf\" target=\"_blank\" rel=\"noopener noreferrer\">Ades\u00e3o e compromisso Educa.itakaescolapios.\u00a0<\/a> <a href=\"https:\/\/www.educa.itakaescolapios.org\/wp-content\/uploads\/2021\/12\/PT_adesao-e-compromiso-Educa.itakaescolapios_PT.pdf\" target=\"_blank\" rel=\"noopener noreferrer\"><img decoding=\"async\" loading=\"lazy\" class=\"alignright wp-image-2974 size-medium\" src=\"https:\/\/www.educa.itakaescolapios.org\/wp-content\/uploads\/2020\/11\/mano-click-verde-por-tres-300x107.jpg\" alt=\"\" width=\"300\" height=\"107\" srcset=\"https:\/\/www.educa.itakaescolapios.org\/wp-content\/uploads\/2020\/11\/mano-click-verde-por-tres-300x107.jpg 300w, https:\/\/www.educa.itakaescolapios.org\/wp-content\/uploads\/2020\/11\/mano-click-verde-por-tres-1024x364.jpg 1024w, https:\/\/www.educa.itakaescolapios.org\/wp-content\/uploads\/2020\/11\/mano-click-verde-por-tres-768x273.jpg 768w, https:\/\/www.educa.itakaescolapios.org\/wp-content\/uploads\/2020\/11\/mano-click-verde-por-tres-1536x546.jpg 1536w, https:\/\/www.educa.itakaescolapios.org\/wp-content\/uploads\/2020\/11\/mano-click-verde-por-tres-2048x729.jpg 2048w, https:\/\/www.educa.itakaescolapios.org\/wp-content\/uploads\/2020\/11\/mano-click-verde-por-tres-250x89.jpg 250w\" sizes=\"(max-width: 300px) 100vw, 300px\" \/><\/a><span style=\"font-family: Calibri, serif;\"><span style=\"font-size: medium;\"><br \/>\n<\/span><\/span><\/p>\n<p><\/p>","protected":false},"excerpt":{"rendered":"<p>Educa \u00e9 uma rede de centros educacionais para a transforma\u00e7\u00e3o social. Centros que querem se tornar lugares comprometidos com a constru\u00e7\u00e3o de um mundo mais justo [&hellip;]<\/p>\n","protected":false},"author":1,"featured_media":0,"parent":0,"menu_order":5,"comment_status":"closed","ping_status":"closed","template":"","meta":[],"acf":[],"_links":{"self":[{"href":"https:\/\/www.educa.itakaescolapios.org\/pt\/wp-json\/wp\/v2\/pages\/1420"}],"collection":[{"href":"https:\/\/www.educa.itakaescolapios.org\/pt\/wp-json\/wp\/v2\/pages"}],"about":[{"href":"https:\/\/www.educa.itakaescolapios.org\/pt\/wp-json\/wp\/v2\/types\/page"}],"author":[{"embeddable":true,"href":"https:\/\/www.educa.itakaescolapios.org\/pt\/wp-json\/wp\/v2\/users\/1"}],"replies":[{"embeddable":true,"href":"https:\/\/www.educa.itakaescolapios.org\/pt\/wp-json\/wp\/v2\/comments?post=1420"}],"version-history":[{"count":88,"href":"https:\/\/www.educa.itakaescolapios.org\/pt\/wp-json\/wp\/v2\/pages\/1420\/revisions"}],"predecessor-version":[{"id":8497,"href":"https:\/\/www.educa.itakaescolapios.org\/pt\/wp-json\/wp\/v2\/pages\/1420\/revisions\/8497"}],"wp:attachment":[{"href":"https:\/\/www.educa.itakaescolapios.org\/pt\/wp-json\/wp\/v2\/media?parent=1420"}],"curies":[{"name":"wp","href":"https:\/\/api.w.org\/{rel}","templated":true}]}}