{"id":1594,"date":"2018-12-13T10:13:48","date_gmt":"2018-12-13T09:13:48","guid":{"rendered":"http:\/\/www.educa.itakaescolapios.org\/?page_id=1594"},"modified":"2018-12-13T10:13:48","modified_gmt":"2018-12-13T09:13:48","slug":"dia-escolar-de-la-no-violencia-y-la-paz","status":"publish","type":"page","link":"https:\/\/www.educa.itakaescolapios.org\/pt\/semanas-de-la-paz\/2014-2015-semana-de-la-paz\/dia-escolar-de-la-no-violencia-y-la-paz","title":{"rendered":"D\u00cdA ESCOLAR DE LA NO-VIOLENCIA Y LA PAZ"},"content":{"rendered":"<p class=\"qtranxs-available-languages-message qtranxs-available-languages-message-pt\">Desculpe, este conte\u00fado s\u00f3 est\u00e1 dispon\u00edvel em <a href=\"https:\/\/www.educa.itakaescolapios.org\/es\/wp-json\/wp\/v2\/pages\/1594\" class=\"qtranxs-available-language-link qtranxs-available-language-link-es\" title=\"Espa\u00f1ol\">Espanhol Europeu<\/a>.<\/p><p><\/p>\n<p><img decoding=\"async\" loading=\"lazy\" class=\"alignright size-medium wp-image-1595\" src=\"http:\/\/www.educa.itakaescolapios.org\/wp-content\/uploads\/2018\/12\/pau-300x270.jpg\" alt=\"\" width=\"300\" height=\"270\" srcset=\"https:\/\/www.educa.itakaescolapios.org\/wp-content\/uploads\/2018\/12\/pau-300x270.jpg 300w, https:\/\/www.educa.itakaescolapios.org\/wp-content\/uploads\/2018\/12\/pau-250x225.jpg 250w, https:\/\/www.educa.itakaescolapios.org\/wp-content\/uploads\/2018\/12\/pau.jpg 396w\" sizes=\"(max-width: 300px) 100vw, 300px\" \/>El D\u00eda Escolar de la No Violencia y la Paz, se celebra el 30 de enero de cada a\u00f1o conmemorando la muerte del l\u00edder nacional y espiritual de la India, el Mahatma Gandhi, el 30 de Enero de 1948. Natural de la India, Gandhi dedic\u00f3 gran parte de su vida a la lucha a favor de los derechos de las personas y los pueblos, siempre a trav\u00e9s de acciones pac\u00edficas, basadas en la no violencia. En 1948 Gandhi mor\u00eda asesinado, v\u00edctima del enfrentamiento entre musulmanes e hind\u00faes que viv\u00eda su pa\u00eds. Su figura, seguida por millones de personas, ha continuado creciendo hasta llegar hasta nuestros d\u00edas como el m\u00e1ximo exponente del pacifismo mundial.<\/p>\n<p>Desde 1964, gracias al inspector de ense\u00f1anza andaluz Lorenzo Vidal, se celebra en Espa\u00f1a el D\u00eda Escolar de la No Violencia y la Paz (DENIP, reconocido por la Unesco en 1993). Se trata de una jornada educativa, en la que se recuerda la necesidad de la educaci\u00f3n para la tolerancia, la solidaridad, el respeto a los Derechos Humanos, la no violencia y la paz. El lema de este d\u00eda es: \u2018amor universal, no-violencia y paz. El amor universal es mejor que el ego\u00edsmo, la no- violencia es mejor que la violencia y la paz es mejor que la guerra\u2019.<\/p>\n<p><\/p>","protected":false},"excerpt":{"rendered":"<p>Desculpe, este conte\u00fado s\u00f3 est\u00e1 dispon\u00edvel em Espanhol Europeu. El D\u00eda Escolar de la No Violencia y la Paz, se celebra el 30 de enero de [&hellip;]<\/p>\n","protected":false},"author":1,"featured_media":0,"parent":727,"menu_order":0,"comment_status":"closed","ping_status":"closed","template":"","meta":[],"acf":[],"_links":{"self":[{"href":"https:\/\/www.educa.itakaescolapios.org\/pt\/wp-json\/wp\/v2\/pages\/1594"}],"collection":[{"href":"https:\/\/www.educa.itakaescolapios.org\/pt\/wp-json\/wp\/v2\/pages"}],"about":[{"href":"https:\/\/www.educa.itakaescolapios.org\/pt\/wp-json\/wp\/v2\/types\/page"}],"author":[{"embeddable":true,"href":"https:\/\/www.educa.itakaescolapios.org\/pt\/wp-json\/wp\/v2\/users\/1"}],"replies":[{"embeddable":true,"href":"https:\/\/www.educa.itakaescolapios.org\/pt\/wp-json\/wp\/v2\/comments?post=1594"}],"version-history":[{"count":1,"href":"https:\/\/www.educa.itakaescolapios.org\/pt\/wp-json\/wp\/v2\/pages\/1594\/revisions"}],"predecessor-version":[{"id":1596,"href":"https:\/\/www.educa.itakaescolapios.org\/pt\/wp-json\/wp\/v2\/pages\/1594\/revisions\/1596"}],"up":[{"embeddable":true,"href":"https:\/\/www.educa.itakaescolapios.org\/pt\/wp-json\/wp\/v2\/pages\/727"}],"wp:attachment":[{"href":"https:\/\/www.educa.itakaescolapios.org\/pt\/wp-json\/wp\/v2\/media?parent=1594"}],"curies":[{"name":"wp","href":"https:\/\/api.w.org\/{rel}","templated":true}]}}