{"id":1675,"date":"2018-12-13T11:53:53","date_gmt":"2018-12-13T10:53:53","guid":{"rendered":"http:\/\/www.educa.itakaescolapios.org\/?page_id=1675"},"modified":"2018-12-13T11:53:53","modified_gmt":"2018-12-13T10:53:53","slug":"oramos-por-la-paz","status":"publish","type":"page","link":"https:\/\/www.educa.itakaescolapios.org\/pt\/semanas-de-la-paz\/2016-2017-semana-de-la-paz\/oramos-por-la-paz","title":{"rendered":"ORAMOS POR LA PAZ"},"content":{"rendered":"<p class=\"qtranxs-available-languages-message qtranxs-available-languages-message-pt\">Desculpe, este conte\u00fado s\u00f3 est\u00e1 dispon\u00edvel em <a href=\"https:\/\/www.educa.itakaescolapios.org\/es\/wp-json\/wp\/v2\/pages\/1675\" class=\"qtranxs-available-language-link qtranxs-available-language-link-es\" title=\"Espa\u00f1ol\">Espanhol Europeu<\/a>.<\/p><p><\/p>\n<p><img decoding=\"async\" loading=\"lazy\" class=\"alignleft size-medium wp-image-1676\" src=\"http:\/\/www.educa.itakaescolapios.org\/wp-content\/uploads\/2018\/12\/5b501786-215x300.gif\" alt=\"\" width=\"215\" height=\"300\" srcset=\"https:\/\/www.educa.itakaescolapios.org\/wp-content\/uploads\/2018\/12\/5b501786-215x300.gif 215w, https:\/\/www.educa.itakaescolapios.org\/wp-content\/uploads\/2018\/12\/5b501786-250x348.gif 250w\" sizes=\"(max-width: 215px) 100vw, 215px\" \/>Os proponemos destinar un momento del d\u00eda a orar por la paz en el mundo. Os facilitamos para ello un material que puedes descargarte a continuaci\u00f3n:<\/p>\n<p><strong><a href=\"http:\/\/www.educa.itakaescolapios.org\/wp-content\/uploads\/2018\/12\/oraciones-a\u00f1o-jubilar-Semana-Paz-2017-castellano1.pdf\">Oraciones Semana por la paz <\/a><\/strong><\/p>\n<p><strong><a href=\"http:\/\/www.educa.itakaescolapios.org\/wp-content\/uploads\/2018\/12\/oraciones-a\u00f1o-jubilar-Semana-Paz-2017-eus-cas1.pdf\">Oraciones Semana por la Paz <\/a>(EUSK-ESP)<\/strong><\/p>\n<p><strong><a href=\"http:\/\/www.educa.itakaescolapios.org\/wp-content\/uploads\/2018\/12\/Oraci\u00f3n-ecum\u00e9nica-por-la-paz.pdf\">Oraci\u00f3n ecum\u00e9nica por la paz<\/a><\/strong><\/p>\n<p><\/p>","protected":false},"excerpt":{"rendered":"<p>Desculpe, este conte\u00fado s\u00f3 est\u00e1 dispon\u00edvel em Espanhol Europeu. Os proponemos destinar un momento del d\u00eda a orar por la paz en el mundo. Os facilitamos [&hellip;]<\/p>\n","protected":false},"author":1,"featured_media":0,"parent":733,"menu_order":0,"comment_status":"closed","ping_status":"closed","template":"","meta":[],"acf":[],"_links":{"self":[{"href":"https:\/\/www.educa.itakaescolapios.org\/pt\/wp-json\/wp\/v2\/pages\/1675"}],"collection":[{"href":"https:\/\/www.educa.itakaescolapios.org\/pt\/wp-json\/wp\/v2\/pages"}],"about":[{"href":"https:\/\/www.educa.itakaescolapios.org\/pt\/wp-json\/wp\/v2\/types\/page"}],"author":[{"embeddable":true,"href":"https:\/\/www.educa.itakaescolapios.org\/pt\/wp-json\/wp\/v2\/users\/1"}],"replies":[{"embeddable":true,"href":"https:\/\/www.educa.itakaescolapios.org\/pt\/wp-json\/wp\/v2\/comments?post=1675"}],"version-history":[{"count":1,"href":"https:\/\/www.educa.itakaescolapios.org\/pt\/wp-json\/wp\/v2\/pages\/1675\/revisions"}],"predecessor-version":[{"id":1680,"href":"https:\/\/www.educa.itakaescolapios.org\/pt\/wp-json\/wp\/v2\/pages\/1675\/revisions\/1680"}],"up":[{"embeddable":true,"href":"https:\/\/www.educa.itakaescolapios.org\/pt\/wp-json\/wp\/v2\/pages\/733"}],"wp:attachment":[{"href":"https:\/\/www.educa.itakaescolapios.org\/pt\/wp-json\/wp\/v2\/media?parent=1675"}],"curies":[{"name":"wp","href":"https:\/\/api.w.org\/{rel}","templated":true}]}}