{"id":1762,"date":"2019-02-25T12:55:53","date_gmt":"2019-02-25T11:55:53","guid":{"rendered":"http:\/\/www.educa.itakaescolapios.org\/?page_id=1762"},"modified":"2019-05-15T17:57:47","modified_gmt":"2019-05-15T15:57:47","slug":"en-tus-manos","status":"publish","type":"page","link":"https:\/\/www.educa.itakaescolapios.org\/pt\/campanas\/2018-2019-al-ritmo-de-congo\/en-tus-manos","title":{"rendered":"EN TUS MANOS"},"content":{"rendered":"<p class=\"qtranxs-available-languages-message qtranxs-available-languages-message-pt\">Desculpe, este conte\u00fado s\u00f3 est\u00e1 dispon\u00edvel em <a href=\"https:\/\/www.educa.itakaescolapios.org\/es\/wp-json\/wp\/v2\/pages\/1762\" class=\"qtranxs-available-language-link qtranxs-available-language-link-es\" title=\"Espa\u00f1ol\">Espanhol Europeu<\/a> e <a href=\"https:\/\/www.educa.itakaescolapios.org\/eu\/wp-json\/wp\/v2\/pages\/1762\" class=\"qtranxs-available-language-link qtranxs-available-language-link-eu\" title=\"Euskera\">Basco<\/a>.<\/p><p><\/p>\n<p><img decoding=\"async\" loading=\"lazy\" class=\"wp-image-1763  aligncenter\" src=\"http:\/\/www.educa.itakaescolapios.org\/wp-content\/uploads\/2019\/02\/\u00edndice.jpeg\" alt=\"\" width=\"565\" height=\"271\" srcset=\"https:\/\/www.educa.itakaescolapios.org\/wp-content\/uploads\/2019\/02\/\u00edndice.jpeg 800w, https:\/\/www.educa.itakaescolapios.org\/wp-content\/uploads\/2019\/02\/\u00edndice-300x144.jpeg 300w, https:\/\/www.educa.itakaescolapios.org\/wp-content\/uploads\/2019\/02\/\u00edndice-768x369.jpeg 768w, https:\/\/www.educa.itakaescolapios.org\/wp-content\/uploads\/2019\/02\/\u00edndice-250x120.jpeg 250w\" sizes=\"(max-width: 565px) 100vw, 565px\" \/><\/p>\n<p>La campa\u00f1a de solidaridad de Itaka-Escolapios aborda este a\u00f1o un nuevo e ilusionante reto: dirigimos nuestras miradas y esfuerzos a la Rep\u00fablica Democr\u00e1tica del Congo, un pa\u00eds en pleno coraz\u00f3n de \u00c1frica que encarna como ninguno la fuerza, la riqueza y los sue\u00f1os del continente, aunque tambi\u00e9n sus graves problemas e injusticias.<\/p>\n<p>Los escolapios llegaron a la R.D. Congo en fechas aun recientes, en 2014, para llevar a este rinc\u00f3n del mundo la misi\u00f3n educativa, social y pastoral comenzada por Calasanz y que tanta falta hace. Una presencia que es inicialmente peque\u00f1a -en la capital Kinshasa y en Kikonka-, aunque llamada a dar mucho fruto e ir extendi\u00e9ndose a otros lugares del pa\u00eds. Actualmente, las Escuelas P\u00edas en la RDC forman parte de la provincia escolapia de \u00c1frica Central, junto a Camer\u00fan, Guinea Ecuatorial y Gab\u00f3n, pa\u00edses que as\u00ed mismo viven una din\u00e1mica de crecimiento en la misi\u00f3n, y en los cuales est\u00e1 tambi\u00e9n presente Itaka-Escolapios desde hace tiempo, acompa\u00f1ando este proceso e impulsando numerosos proyectos.<\/p>\n<p>Con todo ello, se hace necesario en este momento dar un fuerte empuj\u00f3n solidario a la misi\u00f3n en Congo y esta campa\u00f1a es una gran oportunidad para ello. Queremos dar a conocer la importante labor que los escolapios realizan ya en este pa\u00eds, y tambi\u00e9n los planes para que dicha labor crezca en el futuro. Algo que solo ser\u00e1 posible si cuentan con el apoyo de quienes nos sentimos corresponsables de esta gran tarea.<\/p>\n<p>La misi\u00f3n escolapia en la Rep\u00fablica Democr\u00e1tica del Congo se desarrolla en un contexto especialmente dif\u00edcil, por la gran inestabilidad pol\u00edtica y la persistencia de graves carencias para la mayor parte de su poblaci\u00f3n, que vive en la pobreza. Es por eso tambi\u00e9n que el trabajo all\u00e1 es tan necesario. No olvidemos que RDC se halla entre los pa\u00edses con desarrollo humano m\u00e1s bajo (puesto 176 de 189), lo cual es la dolorosa demostraci\u00f3n de c\u00f3mo los enormes recursos naturales del pa\u00eds no redundan en beneficio de su gente, sino m\u00e1s bien al contrario: son causa de mayor desigualdad, de injusta explotaci\u00f3n, de conflictos sociales y guerras alentadas por poderosos intereses ajenos al pa\u00eds\u2026<\/p>\n<p>Pero la realidad de la R.D. Congo, afortunadamente, no se reduce a esta imagen de negatividad: el pa\u00eds posee un gran potencialidad cultural y humano gracias al que cabe aspirar a un futuro mejor, que ha de ser construido con la ayuda especialmente de la educaci\u00f3n. Y como ejemplo de lo mucho que puede ense\u00f1ar y aportar al mundo, tomamos el ritmo de su m\u00fasica, ese lenguaje que con tanta facilidad traspasa fronteras y que nos ayuda a conectarnos unas personas y otras, unos pueblos y otros. La m\u00fasica tendr\u00e1 pues un papel importante en esta campa\u00f1a que nos \u201cenredar\u00e1\u201d a Itaka-Escolapios con los ritmos del Congo.<\/p>\n<p>Siguiendo el lema de este curso, la campa\u00f1a de solidaridad pone EN TUS MANOS -nuestras manos- los desaf\u00edos y necesidades de la misi\u00f3n escolapia en la R.D. Congo. Y junto a ello, los sue\u00f1os de tantas ni\u00f1as, ni\u00f1os y j\u00f3venes que son los verdaderos protagonistas de nuestros proyectos all\u00e1. Para que gracias a la participaci\u00f3n y la solidaridad de toda la red Itaka-Escolapios puedan tener en sus manos el futuro que se merecen, tanto ellas y ellos como su pa\u00eds.<\/p>\n<p><\/p>","protected":false},"excerpt":{"rendered":"<p>Desculpe, este conte\u00fado s\u00f3 est\u00e1 dispon\u00edvel em Espanhol Europeu e Basco. La campa\u00f1a de solidaridad de Itaka-Escolapios aborda este a\u00f1o un nuevo e ilusionante reto: dirigimos [&hellip;]<\/p>\n","protected":false},"author":1,"featured_media":0,"parent":1750,"menu_order":0,"comment_status":"closed","ping_status":"closed","template":"","meta":[],"acf":[],"_links":{"self":[{"href":"https:\/\/www.educa.itakaescolapios.org\/pt\/wp-json\/wp\/v2\/pages\/1762"}],"collection":[{"href":"https:\/\/www.educa.itakaescolapios.org\/pt\/wp-json\/wp\/v2\/pages"}],"about":[{"href":"https:\/\/www.educa.itakaescolapios.org\/pt\/wp-json\/wp\/v2\/types\/page"}],"author":[{"embeddable":true,"href":"https:\/\/www.educa.itakaescolapios.org\/pt\/wp-json\/wp\/v2\/users\/1"}],"replies":[{"embeddable":true,"href":"https:\/\/www.educa.itakaescolapios.org\/pt\/wp-json\/wp\/v2\/comments?post=1762"}],"version-history":[{"count":4,"href":"https:\/\/www.educa.itakaescolapios.org\/pt\/wp-json\/wp\/v2\/pages\/1762\/revisions"}],"predecessor-version":[{"id":2130,"href":"https:\/\/www.educa.itakaescolapios.org\/pt\/wp-json\/wp\/v2\/pages\/1762\/revisions\/2130"}],"up":[{"embeddable":true,"href":"https:\/\/www.educa.itakaescolapios.org\/pt\/wp-json\/wp\/v2\/pages\/1750"}],"wp:attachment":[{"href":"https:\/\/www.educa.itakaescolapios.org\/pt\/wp-json\/wp\/v2\/media?parent=1762"}],"curies":[{"name":"wp","href":"https:\/\/api.w.org\/{rel}","templated":true}]}}