{"id":1814,"date":"2019-02-27T16:57:06","date_gmt":"2019-02-27T15:57:06","guid":{"rendered":"http:\/\/www.educa.itakaescolapios.org\/?page_id=1814"},"modified":"2021-06-02T16:26:21","modified_gmt":"2021-06-02T14:26:21","slug":"participa","status":"publish","type":"page","link":"https:\/\/www.educa.itakaescolapios.org\/pt\/participa","title":{"rendered":"Participe"},"content":{"rendered":"<p>Ser um membro do projeto Educa, permite fazer parte de uma rede de comunidades educacionais para transforma\u00e7\u00e3o.<\/p>\n<p>1\u00ba Passo: Como fazer parte da rede Educa<\/p>\n<p style=\"padding-left: 40px;\">1. Ao acessar a guia &#8220;Como se tornar um centro educacional&#8221; deste site.<br \/>\n2. Preencher o documento &#8220;Adhesion and commitment to educa.itakaescolapios&#8221; e envi\u00e1-lo para educa@itakaescolapios.org<\/p>\n<p>2\u00ba Passo: Como participar do projeto Educa (uma vez que voc\u00ea tenha aderido ao projeto)<\/p>\n<p style=\"padding-left: 40px;\">1. Avan\u00e7ar na transforma\u00e7\u00e3o social: Fazer sua realidade educacional avan\u00e7ar em seu envolvimento na transforma\u00e7\u00e3o social completando as etapas estabelecidas no documento &#8220;Adhesion and commitment educ.itakaescolapios&#8221;.<br \/>\n2. Carregando propostas educativas transformadoras para www.educa.itakaescolapios.org: Voc\u00ea poder\u00e1 compartilhar, com a rede de comunidades educativas para a transforma\u00e7\u00e3o social Educa, os recursos educativos e as experi\u00eancias de transforma\u00e7\u00e3o social que voc\u00ea gerar.<br \/>\nPara carregar um recurso ou experi\u00eancia, preencha o formul\u00e1rio no final destas linhas.<\/p>\n<p>A rede de comunidades educacionais para a transforma\u00e7\u00e3o social educa.itakaescolapios \u00e9 uma rede viva que criamos juntos.<\/p>\n<p>Encorajamos voc\u00ea a participar e compartilhar suas propostas educativas transformadoras.<\/p>\n<p>&nbsp;<\/p>\n<p><div class=\"wpcf7 no-js\" id=\"wpcf7-f2510-o5\" lang=\"es-ES\" dir=\"ltr\">\n<div class=\"screen-reader-response\"><p role=\"status\" aria-live=\"polite\" aria-atomic=\"true\"><\/p> <ul><\/ul><\/div>\n<form action=\"\/pt\/wp-json\/wp\/v2\/pages\/1814#wpcf7-f2510-o5\" method=\"post\" class=\"wpcf7-form init\" aria-label=\"Formulario de contacto\" enctype=\"multipart\/form-data\" novalidate=\"novalidate\" data-status=\"init\">\n<div style=\"display: none;\">\n<input type=\"hidden\" name=\"_wpcf7\" value=\"2510\" \/>\n<input type=\"hidden\" name=\"_wpcf7_version\" value=\"5.7.2\" \/>\n<input type=\"hidden\" name=\"_wpcf7_locale\" value=\"es_ES\" \/>\n<input type=\"hidden\" name=\"_wpcf7_unit_tag\" value=\"wpcf7-f2510-o5\" \/>\n<input type=\"hidden\" name=\"_wpcf7_container_post\" value=\"0\" \/>\n<input type=\"hidden\" name=\"_wpcf7_posted_data_hash\" value=\"\" \/>\n<\/div>\n<div id=\"formulario_propuestas\">\n\t<p>Preencha, neste formul\u00e1rio, os espa\u00e7os pertinentes, de acordo com a proposta que voc\u00ea deseja compartilhar na rede Educa\u2026 Um recurso educativo, uma experi\u00eancia transformadora, um projeto de aprendizagem solid\u00e1ria ou outros.\n\t<\/p>\n\t<p><label><strong>Tipo de proposta:<\/strong><\/label><br \/>\n<span class=\"wpcf7-form-control-wrap\" data-name=\"tipo_recurso\"><span class=\"wpcf7-form-control wpcf7-checkbox wpcf7-validates-as-required wpcf7-exclusive-checkbox\"><span class=\"wpcf7-list-item first\"><input type=\"checkbox\" name=\"tipo_recurso\" value=\"Recurso educativo\" tabindex=\"\" \/><span class=\"wpcf7-list-item-label\">Recurso educativo<\/span><\/span><span class=\"wpcf7-list-item\"><input type=\"checkbox\" name=\"tipo_recurso\" value=\"Experi\u00eancia transformadora\" tabindex=\"\" \/><span class=\"wpcf7-list-item-label\">Experi\u00eancia transformadora<\/span><\/span><span class=\"wpcf7-list-item\"><input type=\"checkbox\" name=\"tipo_recurso\" value=\"Projeto de aprendizagem solid\u00e1ria\" tabindex=\"\" \/><span class=\"wpcf7-list-item-label\">Projeto de aprendizagem solid\u00e1ria<\/span><\/span><span class=\"wpcf7-list-item last\"><input type=\"checkbox\" name=\"tipo_recurso\" value=\"Outros\" tabindex=\"\" \/><span class=\"wpcf7-list-item-label\">Outros<\/span><\/span><\/span><\/span>\n\t<\/p>\n\t<p><label><strong>T\u00edtulo de la propuesta:<\/strong><br \/>\n<span class=\"wpcf7-form-control-wrap\" data-name=\"titulo\"><input size=\"40\" class=\"wpcf7-form-control wpcf7-text wpcf7-validates-as-required form-lg\" aria-required=\"true\" aria-invalid=\"false\" value=\"\" type=\"text\" name=\"titulo\" \/><\/span> <\/label>\n\t<\/p>\n\t<p><label><strong>Objetivos:<\/strong><span class=\"wpcf7-form-control-wrap\" data-name=\"objetivos\"><textarea cols=\"40\" rows=\"10\" class=\"wpcf7-form-control wpcf7-textarea wpcf7-validates-as-required form-lg\" aria-required=\"true\" aria-invalid=\"false\" name=\"objetivos\"><\/textarea><\/span> <\/label>\n\t<\/p>\n\t<p><label><strong>\u00c2mbito:<\/strong>(podem-se marcar v\u00e1rios \u00e2mbitos) pode-se ver uma defini\u00e7\u00e3o concreta dos \u00e2mbitos<a href=\"https:\/\/www.educa.itakaescolapios.org\/wp-content\/uploads\/2021\/03\/Descripci\u00f3n-de-los-\u00e1mbitos-pt.pdf\" target=\"blank\"> aqui<\/a>.<br \/>\n<\/label><br \/>\n<span class=\"wpcf7-form-control-wrap\" data-name=\"ambito\"><span class=\"wpcf7-form-control wpcf7-checkbox wpcf7-validates-as-required\"><span class=\"wpcf7-list-item first\"><span class=\"wpcf7-list-item-label\">Coeduca\u00e7\u00e3o<\/span><input type=\"checkbox\" name=\"ambito[]\" value=\"Coeduca\u00e7\u00e3o\" tabindex=\"\" \/><\/span><span class=\"wpcf7-list-item\"><span class=\"wpcf7-list-item-label\">Paz<\/span><input type=\"checkbox\" name=\"ambito[]\" value=\"Paz\" tabindex=\"\" \/><\/span><span class=\"wpcf7-list-item\"><span class=\"wpcf7-list-item-label\">Sustentabilidade<\/span><input type=\"checkbox\" name=\"ambito[]\" value=\"Sustentabilidade\" tabindex=\"\" \/><\/span><span class=\"wpcf7-list-item\"><span class=\"wpcf7-list-item-label\">Interculturalidade<\/span><input type=\"checkbox\" name=\"ambito[]\" value=\"Interculturalidade\" tabindex=\"\" \/><\/span><span class=\"wpcf7-list-item\"><span class=\"wpcf7-list-item-label\">Abordagem global-local<\/span><input type=\"checkbox\" name=\"ambito[]\" value=\"Abordagem global-local\" tabindex=\"\" \/><\/span><span class=\"wpcf7-list-item\"><span class=\"wpcf7-list-item-label\">Luta contra a exclus\u00e3o<\/span><input type=\"checkbox\" name=\"ambito[]\" value=\"Luta contra a exclus\u00e3o\" tabindex=\"\" \/><\/span><span class=\"wpcf7-list-item last\"><span class=\"wpcf7-list-item-label\">Direito \u00e0 educa\u00e7\u00e3o<\/span><input type=\"checkbox\" name=\"ambito[]\" value=\"Direito \u00e0 educa\u00e7\u00e3o\" tabindex=\"\" \/><\/span><\/span><\/span>\n\t<\/p>\n\t<p><label><strong>Idade das pessoas-alvo: <\/strong> (podem-se verificar v\u00e1rias idades) <\/label><br \/>\n<span class=\"wpcf7-form-control-wrap\" data-name=\"checkbox-edades\"><span class=\"wpcf7-form-control wpcf7-checkbox wpcf7-validates-as-required\"><span class=\"wpcf7-list-item first\"><input type=\"checkbox\" name=\"checkbox-edades[]\" value=\"3-5 anos\" tabindex=\"\" \/><span class=\"wpcf7-list-item-label\">3-5 anos<\/span><\/span><span class=\"wpcf7-list-item\"><input type=\"checkbox\" name=\"checkbox-edades[]\" value=\"6-8 anos\" tabindex=\"\" \/><span class=\"wpcf7-list-item-label\">6-8 anos<\/span><\/span><span class=\"wpcf7-list-item\"><input type=\"checkbox\" name=\"checkbox-edades[]\" value=\"8-10 anos\" tabindex=\"\" \/><span class=\"wpcf7-list-item-label\">8-10 anos<\/span><\/span><span class=\"wpcf7-list-item\"><input type=\"checkbox\" name=\"checkbox-edades[]\" value=\"10-12 anos\" tabindex=\"\" \/><span class=\"wpcf7-list-item-label\">10-12 anos<\/span><\/span><span class=\"wpcf7-list-item\"><input type=\"checkbox\" name=\"checkbox-edades[]\" value=\"12-14 anos\" tabindex=\"\" \/><span class=\"wpcf7-list-item-label\">12-14 anos<\/span><\/span><span class=\"wpcf7-list-item\"><input type=\"checkbox\" name=\"checkbox-edades[]\" value=\"14-16 anos\" tabindex=\"\" \/><span class=\"wpcf7-list-item-label\">14-16 anos<\/span><\/span><span class=\"wpcf7-list-item\"><input type=\"checkbox\" name=\"checkbox-edades[]\" value=\"16-18 anos\" tabindex=\"\" \/><span class=\"wpcf7-list-item-label\">16-18 anos<\/span><\/span><span class=\"wpcf7-list-item last\"><input type=\"checkbox\" name=\"checkbox-edades[]\" value=\"+ 18 anos\" tabindex=\"\" \/><span class=\"wpcf7-list-item-label\">+ 18 anos<\/span><\/span><\/span><\/span>\n\t<\/p>\n\t<p><label><strong>Desenvolvimento:<\/strong><span class=\"wpcf7-form-control-wrap\" data-name=\"desarrollo\"><textarea cols=\"40\" rows=\"10\" class=\"wpcf7-form-control wpcf7-textarea form-lg\" aria-invalid=\"false\" name=\"desarrollo\"><\/textarea><\/span><\/label>\n\t<\/p>\n\t<p>- <strong>Anexos:<\/strong>(podem-se anexar documentos, imagens, cartazes etc.). Se voc\u00ea encontrar dificuldades para anexar, voc\u00ea pode se comunicar via educa@itakaescolapios.org ou colocar, na caixa de texto, um link para o local onde voc\u00ea pode acessar o anexo em caso de p\u00fablico, caixa de entrega, onedrive, mega, youtube etc.)\n\t<\/p>\n\t<p><span class=\"wpcf7-form-control-wrap\" data-name=\"archivo\"><input size=\"40\" class=\"wpcf7-form-control wpcf7-file\" accept=\".doc,.docx,.jpg,.jpeg,.png,.gif,.txt,.odt,.xls,.xlsx,.bmp,.pptx,.ppt\" aria-invalid=\"false\" type=\"file\" name=\"archivo\" \/><\/span>\n\t<\/p>\n\t<p><span class=\"wpcf7-form-control-wrap\" data-name=\"otro-archivo\"><input size=\"40\" class=\"wpcf7-form-control wpcf7-file\" accept=\".doc,.docx,.jpg,.jpeg,.png,.gif,.txt,.odt,.xls,.xlsx,.bmp,.pptx,.ppt\" aria-invalid=\"false\" type=\"file\" name=\"otro-archivo\" \/><\/span>\n\t<\/p>\n\t<p><span class=\"wpcf7-form-control-wrap\" data-name=\"otro-archivo-mas\"><input size=\"40\" class=\"wpcf7-form-control wpcf7-file\" accept=\".doc,.docx,.jpg,.jpeg,.png,.gif,.txt,.odt,.xls,.xlsx,.bmp,.pptx,.ppt\" aria-invalid=\"false\" type=\"file\" name=\"otro-archivo-mas\" \/><\/span>\n\t<\/p>\n\t<p><span class=\"wpcf7-form-control-wrap\" data-name=\"repositorio\"><input size=\"40\" class=\"wpcf7-form-control wpcf7-text form-lg\" aria-invalid=\"false\" placeholder=\"URL: dropbox, onedrive, mega..\" value=\"\" type=\"text\" name=\"repositorio\" \/><\/span>\n\t<\/p>\n\t<p><label><strong>Contato de refer\u00eancia para maiores informa\u00e7\u00f5es <\/strong>(escola, par\u00f3quia, sede, Centro Social etc.)<\/label><br \/>\n<span class=\"wpcf7-form-control-wrap\" data-name=\"correo_electronico\"><input size=\"40\" class=\"wpcf7-form-control wpcf7-text wpcf7-validates-as-required form-lg-espacio\" aria-required=\"true\" aria-invalid=\"false\" placeholder=\"Endere\u00e7o de e-mail\" value=\"\" type=\"text\" name=\"correo_electronico\" \/><\/span><br \/>\n<span class=\"wpcf7-form-control-wrap\" data-name=\"telefono\"><input size=\"40\" class=\"wpcf7-form-control wpcf7-text wpcf7-validates-as-required form-lg-espacio\" aria-required=\"true\" aria-invalid=\"false\" placeholder=\"Telefone\" value=\"\" type=\"text\" name=\"telefono\" \/><\/span>\n\t<\/p>\n\t<p><label><strong>Lugar:<\/strong><\/label><br \/>\n<span class=\"wpcf7-form-control-wrap\" data-name=\"nombre_presencia\"><input size=\"40\" class=\"wpcf7-form-control wpcf7-text wpcf7-validates-as-required form-lg-espacio\" aria-required=\"true\" aria-invalid=\"false\" placeholder=\"Nome da Presen\u00e7a (escola, par\u00f3quia, centro sociocultural...)\" value=\"\" type=\"text\" name=\"nombre_presencia\" \/><\/span><br \/>\n<span class=\"wpcf7-form-control-wrap\" data-name=\"ciudad_pueblo\"><input size=\"40\" class=\"wpcf7-form-control wpcf7-text wpcf7-validates-as-required form-lg-espacio\" aria-required=\"true\" aria-invalid=\"false\" placeholder=\"Cidade\/localidade\" value=\"\" type=\"text\" name=\"ciudad_pueblo\" \/><\/span><br \/>\n<span class=\"wpcf7-form-control-wrap\" data-name=\"pais\"><input size=\"40\" class=\"wpcf7-form-control wpcf7-text wpcf7-validates-as-required form-lg-espacio\" aria-required=\"true\" aria-invalid=\"false\" placeholder=\"Pa\u00eds\" value=\"\" type=\"text\" name=\"pais\" \/><\/span><br \/>\n<span class=\"wpcf7-form-control-wrap\" data-name=\"GPS\"><input size=\"40\" class=\"wpcf7-form-control wpcf7-text wpcf7-validates-as-required form-lg-espacio\" aria-required=\"true\" aria-invalid=\"false\" placeholder=\"Coordenadas GPS\" value=\"\" type=\"text\" name=\"GPS\" \/><\/span>\n\t<\/p>\n\t<p><input class=\"wpcf7-form-control has-spinner wpcf7-submit\" type=\"submit\" value=\"Enviar\" \/>\n\t<\/p>\n<\/div><div class=\"wpcf7-response-output\" aria-hidden=\"true\"><\/div><\/form><\/div><\/p>","protected":false},"excerpt":{"rendered":"<p>Ser um membro do projeto Educa, permite fazer parte de uma rede de comunidades educacionais para transforma\u00e7\u00e3o. 1\u00ba Passo: Como fazer parte da rede Educa 1. [&hellip;]<\/p>\n","protected":false},"author":1,"featured_media":0,"parent":0,"menu_order":16,"comment_status":"closed","ping_status":"closed","template":"","meta":[],"acf":[],"_links":{"self":[{"href":"https:\/\/www.educa.itakaescolapios.org\/pt\/wp-json\/wp\/v2\/pages\/1814"}],"collection":[{"href":"https:\/\/www.educa.itakaescolapios.org\/pt\/wp-json\/wp\/v2\/pages"}],"about":[{"href":"https:\/\/www.educa.itakaescolapios.org\/pt\/wp-json\/wp\/v2\/types\/page"}],"author":[{"embeddable":true,"href":"https:\/\/www.educa.itakaescolapios.org\/pt\/wp-json\/wp\/v2\/users\/1"}],"replies":[{"embeddable":true,"href":"https:\/\/www.educa.itakaescolapios.org\/pt\/wp-json\/wp\/v2\/comments?post=1814"}],"version-history":[{"count":13,"href":"https:\/\/www.educa.itakaescolapios.org\/pt\/wp-json\/wp\/v2\/pages\/1814\/revisions"}],"predecessor-version":[{"id":4754,"href":"https:\/\/www.educa.itakaescolapios.org\/pt\/wp-json\/wp\/v2\/pages\/1814\/revisions\/4754"}],"wp:attachment":[{"href":"https:\/\/www.educa.itakaescolapios.org\/pt\/wp-json\/wp\/v2\/media?parent=1814"}],"curies":[{"name":"wp","href":"https:\/\/api.w.org\/{rel}","templated":true}]}}