{"id":2037,"date":"2019-05-11T18:34:28","date_gmt":"2019-05-11T16:34:28","guid":{"rendered":"https:\/\/www.educa.itakaescolapios.org\/?page_id=2037"},"modified":"2023-04-18T15:26:30","modified_gmt":"2023-04-18T13:26:30","slug":"carteleria-y-otros-recursos","status":"publish","type":"page","link":"https:\/\/www.educa.itakaescolapios.org\/pt\/campanas\/2018-2019-al-ritmo-de-congo\/carteleria-y-otros-recursos","title":{"rendered":"CARTELER\u00cdA Y OTROS RECURSOS"},"content":{"rendered":"<p class=\"qtranxs-available-languages-message qtranxs-available-languages-message-pt\">Desculpe, este conte\u00fado s\u00f3 est\u00e1 dispon\u00edvel em <a href=\"https:\/\/www.educa.itakaescolapios.org\/es\/wp-json\/wp\/v2\/pages\/2037\" class=\"qtranxs-available-language-link qtranxs-available-language-link-es\" title=\"Espa\u00f1ol\">Espanhol Europeu<\/a>, <a href=\"https:\/\/www.educa.itakaescolapios.org\/en\/wp-json\/wp\/v2\/pages\/2037\" class=\"qtranxs-available-language-link qtranxs-available-language-link-en\" title=\"English\">Ingl\u00eas (Eua)<\/a>, <a href=\"https:\/\/www.educa.itakaescolapios.org\/eu\/wp-json\/wp\/v2\/pages\/2037\" class=\"qtranxs-available-language-link qtranxs-available-language-link-eu\" title=\"Euskera\">Basco<\/a> e <a href=\"https:\/\/www.educa.itakaescolapios.org\/fr\/wp-json\/wp\/v2\/pages\/2037\" class=\"qtranxs-available-language-link qtranxs-available-language-link-fr\" title=\"Fran\u00e7ais\">Franc\u00eas<\/a>.<\/p><p>En esta secci\u00f3n puedes descargarte toda la carteler\u00eda y otros recursos que pueden ayudarte a presentar la campa\u00f1a y a dinamizarla en tu centro educativo, grupo de tiempo libre, parroquia, \u2026<\/p>\n<table width=\"491\" border=\"0\" cellspacing=\"0\" cellpadding=\"0\">\n<colgroup>\n<col width=\"98\" \/>\n<col width=\"117\" \/>\n<col width=\"154\" \/>\n<col width=\"122\" \/> <\/colgroup>\n<tbody>\n<tr>\n<td width=\"98\" height=\"51\"><\/td>\n<td width=\"117\"><span style=\"color: #333333;\"><strong>LOGO CAMPA\u00d1A<\/strong><\/span><\/td>\n<td width=\"154\"><span style=\"color: #333333;\"><strong>CARTEL CAMPA\u00d1A<\/strong><\/span><\/td>\n<td width=\"122\"><strong>CARTEL AGRADECIMIENTO<\/strong><\/td>\n<\/tr>\n<tr>\n<td width=\"98\" height=\"34\"><strong><span style=\"color: #000000;\">ESPA\u00d1OL<\/span><\/strong><\/td>\n<td width=\"117\"><span style=\"color: #008000;\"><strong><a href=\"https:\/\/www.educa.itakaescolapios.org\/wp-content\/uploads\/2019\/05\/LOGO-C1819-ESP.pdf\" target=\"_blank\" rel=\"noopener noreferrer\"><span style=\"color: #008000;\">Al ritmo de Congo<\/span><\/a><\/strong><\/span><\/td>\n<td width=\"154\"><strong><span style=\"color: #800000;\"><a href=\"https:\/\/www.educa.itakaescolapios.org\/wp-content\/uploads\/2019\/05\/CARTEL-ITAKA-CASTELLANO-1819.pdf\" target=\"_blank\" rel=\"noopener noreferrer\"><span style=\"color: #800000;\">CAMPA\u00d1A DE SOLIDARIDAD<\/span><\/a><\/span><\/strong><\/td>\n<td width=\"122\"><strong><span style=\"color: #0000ff;\"><a href=\"https:\/\/www.educa.itakaescolapios.org\/wp-content\/uploads\/2019\/05\/cartel-GRACIAS-2018-ESP.pdf\"><span style=\"color: #0000ff;\">GRACIAS<\/span><\/a><\/span><\/strong><\/td>\n<\/tr>\n<tr>\n<td width=\"98\" height=\"34\"><strong><span style=\"color: #000000;\">INGL\u00c9S<\/span><\/strong><\/td>\n<td width=\"117\"><span style=\"color: #008000;\"><strong><a href=\"https:\/\/www.educa.itakaescolapios.org\/wp-content\/uploads\/2019\/05\/LOGO-C1819-ENG.pdf\" target=\"_blank\" rel=\"noopener noreferrer\"><span style=\"color: #008000;\">To the rhythm of Congo<\/span><\/a><\/strong><\/span><\/td>\n<td width=\"154\"><span style=\"color: #800000;\"><strong><a href=\"https:\/\/www.educa.itakaescolapios.org\/wp-content\/uploads\/2019\/05\/CARTEL-ITAKA-INGLES-18192.pdf\" target=\"_blank\" rel=\"noopener noreferrer\"><span style=\"color: #800000;\">SOLIDARITY CAMPAING<\/span><\/a><\/strong><\/span><\/td>\n<td width=\"122\"><strong><span style=\"color: #0000ff;\"><a href=\"https:\/\/www.educa.itakaescolapios.org\/wp-content\/uploads\/2019\/05\/cartel-GRACIAS-2018-ENG.pdf\"><span style=\"color: #0000ff;\">THANK YOU<\/span><\/a><\/span><\/strong><\/td>\n<\/tr>\n<tr>\n<td width=\"98\" height=\"34\"><span style=\"color: #000000;\"><strong>FRANC\u00c9S<\/strong><\/span><\/td>\n<td width=\"117\"><strong><span style=\"color: #008000;\"><a href=\"https:\/\/www.educa.itakaescolapios.org\/wp-content\/uploads\/2019\/05\/LOGO-C1819-FRA.pdf\" target=\"_blank\" rel=\"noopener noreferrer\"><span style=\"color: #008000;\">Au rythme du Congo<\/span><\/a><\/span><\/strong><\/td>\n<td width=\"154\"><span style=\"color: #800000;\"><strong><a href=\"https:\/\/www.educa.itakaescolapios.org\/wp-content\/uploads\/2019\/05\/CARTEL-ITAKA-FRANCES-18193.pdf\" target=\"_blank\" rel=\"noopener noreferrer\"><span style=\"color: #800000;\">CAMPAGNE DE SOLIDARIT\u00c9<\/span><\/a><\/strong><\/span><\/td>\n<td width=\"122\"><strong><span style=\"color: #0000ff;\"><a href=\"https:\/\/www.educa.itakaescolapios.org\/wp-content\/uploads\/2019\/05\/cartel-GRACIAS-2018-FRA.pdf\"><span style=\"color: #0000ff;\">MERCI<\/span><\/a><\/span><\/strong><\/td>\n<\/tr>\n<tr>\n<td width=\"98\" height=\"34\"><span style=\"color: #000000;\"><strong>PORTUGU\u00c9S<\/strong><\/span><\/td>\n<td width=\"117\"><span style=\"color: #008000;\"><strong><a href=\"https:\/\/www.educa.itakaescolapios.org\/wp-content\/uploads\/2019\/05\/LOGO-C1819-PORT.pdf\" target=\"_blank\" rel=\"noopener noreferrer\"><span style=\"color: #008000;\">Ao ritmo do Congo<\/span><\/a><\/strong><\/span><\/td>\n<td width=\"154\"><span style=\"color: #800000;\"><strong><a href=\"https:\/\/www.educa.itakaescolapios.org\/wp-content\/uploads\/2019\/05\/CARTEL-ITAKA-PORTUGU\u00c9S-18194.pdf\" target=\"_blank\" rel=\"noopener noreferrer\"><span style=\"color: #800000;\">CAMPA\u00d1A DE SOLIDARIEDADE<\/span><\/a><\/strong><\/span><\/td>\n<td width=\"122\"><span style=\"color: #0000ff;\"><strong><a href=\"https:\/\/www.educa.itakaescolapios.org\/wp-content\/uploads\/2019\/05\/cartel-GRACIAS-2018-PORT.pdf\"><span style=\"color: #0000ff;\">OBRIGADO<\/span><\/a><\/strong><\/span><\/td>\n<\/tr>\n<tr>\n<td width=\"98\" height=\"34\"><span style=\"color: #000000;\"><strong>BAHASA<\/strong><\/span><\/td>\n<td width=\"117\"><span style=\"color: #008000;\"><strong><a href=\"https:\/\/www.educa.itakaescolapios.org\/wp-content\/uploads\/2019\/05\/LOGO-C1819-BAHASA.pdf\" target=\"_blank\" rel=\"noopener noreferrer\"><span style=\"color: #008000;\">Dengan irama dari Konggo<\/span><\/a><\/strong><\/span><\/td>\n<td width=\"154\"><span style=\"color: #800000;\"><strong><a href=\"https:\/\/www.educa.itakaescolapios.org\/wp-content\/uploads\/2019\/05\/CARTEL-ITAKA-BAHASA-18196.pdf\" target=\"_blank\" rel=\"noopener noreferrer\"><span style=\"color: #800000;\">DAN LAMPANTE SOLIDARITAS<\/span><\/a><\/strong><\/span><\/td>\n<td width=\"122\"><strong><span style=\"color: #0000ff;\">TERIMA KASIH<\/span><\/strong><\/td>\n<\/tr>\n<tr>\n<td width=\"98\" height=\"34\"><span style=\"color: #000000;\"><strong>EUSKERA<\/strong><\/span><\/td>\n<td width=\"117\"><span style=\"color: #008000;\"><strong><a href=\"https:\/\/www.educa.itakaescolapios.org\/wp-content\/uploads\/2019\/05\/LOGO-C1819-EUSKERA.jpg\" target=\"_blank\" rel=\"noopener noreferrer\"><span style=\"color: #008000;\">Kongoko erritmora<\/span><\/a><\/strong><\/span><\/td>\n<td width=\"154\"><strong><span style=\"color: #800000;\"><a href=\"https:\/\/www.educa.itakaescolapios.org\/wp-content\/uploads\/2019\/05\/CARTEL-ITAKA-EUSKERA-C1819.pdf\" target=\"_blank\" rel=\"noopener noreferrer\"><span style=\"color: #800000;\">ELKARTASUN KANPAINA<\/span><\/a><\/span><\/strong><\/td>\n<td width=\"122\"><strong><span style=\"color: #0000ff;\"><a href=\"https:\/\/www.educa.itakaescolapios.org\/wp-content\/uploads\/2019\/05\/cartel-GRACIAS-2018-EUSKERA.pdf\"><span style=\"color: #0000ff;\">EUSKERA<\/span><\/a><\/span><\/strong><\/td>\n<\/tr>\n<tr>\n<td width=\"98\" height=\"34\"><span style=\"color: #000000;\"><strong>GALLEGO<\/strong><\/span><\/td>\n<td width=\"117\"><span style=\"color: #008000;\"><strong><a href=\"https:\/\/www.educa.itakaescolapios.org\/wp-content\/uploads\/2019\/05\/LOGO-C1819-PORT.pdf\"><span style=\"color: #008000;\">Ao ritmo do Congo<\/span><\/a><\/strong><\/span><\/td>\n<td width=\"154\"><strong><span style=\"color: #800000;\"><a href=\"https:\/\/www.educa.itakaescolapios.org\/wp-content\/uploads\/2019\/05\/CARTEL-ITAKA-GALLEGO-18198.pdf\" target=\"_blank\" rel=\"noopener noreferrer\"><span style=\"color: #800000;\">CAMPA\u00d1A DE SOLIDARIEDADE<\/span><\/a><\/span><\/strong><\/td>\n<td width=\"122\"><strong><span style=\"color: #0000ff;\">GRAZAS<\/span><\/strong><\/td>\n<\/tr>\n<tr>\n<td width=\"98\" height=\"34\"><span style=\"color: #000000;\"><strong>LINGALA<\/strong><\/span><\/td>\n<td width=\"117\"><span style=\"color: #008000;\"><strong><a href=\"https:\/\/www.educa.itakaescolapios.org\/wp-content\/uploads\/2019\/05\/LOGO-C1819-LINGALA.pdf\"><span style=\"color: #008000;\">Na ndenge ya Congo<\/span><\/a><\/strong><\/span><\/td>\n<td width=\"154\"><strong><span style=\"color: #800000;\"><a href=\"https:\/\/www.educa.itakaescolapios.org\/wp-content\/uploads\/2019\/05\/CARTEL-ITAKA-LINGALA-C1819.pdf\"><span style=\"color: #800000;\">MILULU YA LISUNGAMI<\/span><\/a><\/span><\/strong><\/td>\n<td width=\"122\"><\/td>\n<\/tr>\n<tr>\n<td width=\"98\" height=\"34\"><span style=\"color: #000000;\"><strong>QUECHUA<\/strong><\/span><\/td>\n<td width=\"117\"><span style=\"color: #008000;\"><strong><a href=\"https:\/\/www.educa.itakaescolapios.org\/wp-content\/uploads\/2019\/05\/LOGO-C1819-quechua.pdf\"><span style=\"color: #008000;\">Congoq tusuyninman<\/span><\/a><\/strong><\/span><\/td>\n<td width=\"154\">SUNGUCHAKUY RUWAY<\/td>\n<td width=\"122\"><strong><span style=\"color: #0000ff;\">AGRADISEYKI<\/span><\/strong><\/td>\n<\/tr>\n<tr>\n<td width=\"98\" height=\"34\"><span style=\"color: #000000;\"><strong>TAGALO<\/strong><\/span><\/td>\n<td width=\"117\"><span style=\"color: #008000;\"><strong><a href=\"https:\/\/www.educa.itakaescolapios.org\/wp-content\/uploads\/2019\/05\/LOGO-C1819-TAGALO.pdf\"><span style=\"color: #008000;\">Sa saliw ng musika sa Congo<\/span><\/a><\/strong><\/span><\/td>\n<td width=\"154\"><strong><span style=\"color: #800000;\"><a href=\"https:\/\/www.educa.itakaescolapios.org\/wp-content\/uploads\/2019\/05\/CARTEL-ITAKA-TAGALO-C1819.pdf\" target=\"_blank\" rel=\"noopener noreferrer\"><span style=\"color: #800000;\">KAMPANYA PARA SA PAGKAKAISA<\/span><\/a><\/span><\/strong><\/td>\n<td width=\"122\"><strong><span style=\"color: #0000ff;\">SALAMAT<\/span><\/strong><\/td>\n<\/tr>\n<tr>\n<td width=\"98\" height=\"34\"><span style=\"color: #000000;\"><strong>VALENCIANO<\/strong><\/span><\/td>\n<td width=\"117\"><span style=\"color: #008000;\"><strong><a href=\"https:\/\/www.educa.itakaescolapios.org\/wp-content\/uploads\/2019\/05\/LOGO-C1819-CAT.pdf\"><span style=\"color: #008000;\">Al ritme de Congo<\/span><\/a><\/strong><\/span><\/td>\n<td width=\"154\"><strong><span style=\"color: #800000;\"><a href=\"https:\/\/www.educa.itakaescolapios.org\/wp-content\/uploads\/2019\/05\/CARTEL-ITAKA-VALENCIA18197.pdf\" target=\"_blank\" rel=\"noopener noreferrer\"><span style=\"color: #800000;\"> CAMPANYA DE SOLIDARITAT<\/span><\/a><\/span><\/strong><\/td>\n<td width=\"122\"><strong><span style=\"color: #0000ff;\">GR\u00c0CIES<\/span><\/strong><\/td>\n<\/tr>\n<tr>\n<td width=\"98\" height=\"34\"><span style=\"color: #000000;\"><strong>VISAYA<\/strong><\/span><\/td>\n<td width=\"117\"><span style=\"color: #008000;\"><strong><a href=\"https:\/\/www.educa.itakaescolapios.org\/wp-content\/uploads\/2019\/05\/LOGO-C1819-visaya.pdf\" target=\"_blank\" rel=\"noopener noreferrer\"><span style=\"color: #008000;\">Ang ritmo sa Congo<\/span><\/a><\/strong><\/span><\/td>\n<td width=\"154\"><\/td>\n<td width=\"122\"><strong><span style=\"color: #0000ff;\"> <a href=\"https:\/\/www.educa.itakaescolapios.org\/wp-content\/uploads\/2019\/05\/cartel-GRACIAS-2018-VISAYA-IMPR.pdf\"><span style=\"color: #0000ff;\">SALAMAT<\/span><\/a><\/span><\/strong><\/td>\n<\/tr>\n<tr>\n<td width=\"98\" height=\"34\"><span style=\"color: #000000;\"><strong>WOLOF<\/strong><\/span><\/td>\n<td width=\"117\"><span style=\"color: #008000;\"><strong><a href=\"https:\/\/www.educa.itakaescolapios.org\/wp-content\/uploads\/2019\/05\/LOGO-C1819-WOLOF.pdf\" target=\"_blank\" rel=\"noopener noreferrer\"><span style=\"color: #008000;\">Ci xumbaay Congo<\/span><\/a><\/strong><\/span><\/td>\n<td width=\"154\"><\/td>\n<td width=\"122\"><\/td>\n<\/tr>\n<\/tbody>\n<\/table>\n<ul>\n<li>\n<h1><strong><span style=\"color: #808000;\"><a href=\"https:\/\/www.educa.itakaescolapios.org\/wp-content\/uploads\/2019\/05\/REVISTA-DE-CAMPA\u00d1A-1819.pdf\" target=\"_blank\" rel=\"noopener noreferrer\"><span style=\"color: #808000;\">REVISTA DE CAMPA\u00d1A<\/span><\/a><\/span><\/strong><\/h1>\n<\/li>\n<li>\n<h1><strong><span style=\"color: #808000;\"><a href=\"https:\/\/www.educa.itakaescolapios.org\/wp-content\/uploads\/2019\/05\/REVISTA-DE-CAMPA\u00d1A-1819-eng.pdf\" target=\"_blank\" rel=\"noopener noreferrer\"><span style=\"color: #808000;\">CAMPAIGN MAGAZINE<\/span><\/a><\/span><\/strong><\/h1>\n<\/li>\n<li>\n<h1><strong><span style=\"color: #808000;\"><a href=\"https:\/\/www.educa.itakaescolapios.org\/wp-content\/uploads\/2019\/05\/REVISTA-DE-CAMPA\u00d1A-1819-FRA.pdf\" target=\"_blank\" rel=\"noopener noreferrer\"><span style=\"color: #808000;\">MAGAZINE DE CAMPAGNE<\/span><\/a><\/span><\/strong><\/h1>\n<\/li>\n<li>\n<h1><strong><span style=\"color: #808000;\"><a href=\"https:\/\/www.educa.itakaescolapios.org\/wp-content\/uploads\/2019\/05\/REVISTA-DE-CAMPA\u00d1A-1819-port.pdf\" target=\"_blank\" rel=\"noopener noreferrer\"><span style=\"color: #808000;\">REVISTA DE CAMPANHA<\/span><\/a><\/span><\/strong><\/h1>\n<\/li>\n<li>\n<h1><strong><span style=\"color: #808000;\"><a href=\"https:\/\/www.educa.itakaescolapios.org\/wp-content\/uploads\/2019\/05\/REVISTA-DE-CAMPA\u00d1A-1819-EUSK.pdf\" target=\"_blank\" rel=\"noopener noreferrer\"><span style=\"color: #808000;\">KANPAINA ALDIZKARIA<\/span><\/a><\/span><\/strong><\/h1>\n<\/li>\n<\/ul>\n<p><\/p>","protected":false},"excerpt":{"rendered":"<p>Desculpe, este conte\u00fado s\u00f3 est\u00e1 dispon\u00edvel em Espanhol Europeu, Ingl\u00eas (Eua), Basco e Franc\u00eas.En esta secci\u00f3n puedes descargarte toda la carteler\u00eda y otros recursos que pueden [&hellip;]<\/p>\n","protected":false},"author":1,"featured_media":0,"parent":1750,"menu_order":0,"comment_status":"closed","ping_status":"closed","template":"","meta":[],"acf":[],"_links":{"self":[{"href":"https:\/\/www.educa.itakaescolapios.org\/pt\/wp-json\/wp\/v2\/pages\/2037"}],"collection":[{"href":"https:\/\/www.educa.itakaescolapios.org\/pt\/wp-json\/wp\/v2\/pages"}],"about":[{"href":"https:\/\/www.educa.itakaescolapios.org\/pt\/wp-json\/wp\/v2\/types\/page"}],"author":[{"embeddable":true,"href":"https:\/\/www.educa.itakaescolapios.org\/pt\/wp-json\/wp\/v2\/users\/1"}],"replies":[{"embeddable":true,"href":"https:\/\/www.educa.itakaescolapios.org\/pt\/wp-json\/wp\/v2\/comments?post=2037"}],"version-history":[{"count":2,"href":"https:\/\/www.educa.itakaescolapios.org\/pt\/wp-json\/wp\/v2\/pages\/2037\/revisions"}],"predecessor-version":[{"id":7577,"href":"https:\/\/www.educa.itakaescolapios.org\/pt\/wp-json\/wp\/v2\/pages\/2037\/revisions\/7577"}],"up":[{"embeddable":true,"href":"https:\/\/www.educa.itakaescolapios.org\/pt\/wp-json\/wp\/v2\/pages\/1750"}],"wp:attachment":[{"href":"https:\/\/www.educa.itakaescolapios.org\/pt\/wp-json\/wp\/v2\/media?parent=2037"}],"curies":[{"name":"wp","href":"https:\/\/api.w.org\/{rel}","templated":true}]}}