{"id":2097,"date":"2019-05-12T11:06:17","date_gmt":"2019-05-12T09:06:17","guid":{"rendered":"https:\/\/www.educa.itakaescolapios.org\/?page_id=2097"},"modified":"2019-05-12T11:12:15","modified_gmt":"2019-05-12T09:12:15","slug":"actividades-para-el-aula","status":"publish","type":"page","link":"https:\/\/www.educa.itakaescolapios.org\/pt\/semanas-de-la-paz\/2018-2019-la-paz-esta-en-tus-manos\/actividades-para-el-aula","title":{"rendered":"ACTIVIDADES PARA EL AULA"},"content":{"rendered":"<p class=\"qtranxs-available-languages-message qtranxs-available-languages-message-pt\">Desculpe, este conte\u00fado s\u00f3 est\u00e1 dispon\u00edvel em <a href=\"https:\/\/www.educa.itakaescolapios.org\/es\/wp-json\/wp\/v2\/pages\/2097\" class=\"qtranxs-available-language-link qtranxs-available-language-link-es\" title=\"Espa\u00f1ol\">Espanhol Europeu<\/a>.<\/p><p><\/p>\n<p style=\"text-align: center;\"><a href=\"https:\/\/www.educa.itakaescolapios.org\/wp-content\/uploads\/2019\/05\/Educar-para-la-paz.jpg\"><img decoding=\"async\" loading=\"lazy\" class=\" wp-image-26306 aligncenter\" alt=\"Educar para la paz\" src=\"https:\/\/www.educa.itakaescolapios.org\/wp-content\/uploads\/2019\/05\/Educar-para-la-paz.jpg\" width=\"450\" height=\"250\" \/><\/a><\/p>\n<p style=\"text-align: justify;\">Presentamos a continuaci\u00f3n una serie de actividades para el aula, una actividad por ciclo. Esperamos que sean de vuestro agrado y sirvan para trabajar el valor de la paz y la no violencia en el aula.<\/p>\n<p>Tienes recogida toda la informaci\u00f3n en la revista que puedes descargarte a continuaci\u00f3n:<\/p>\n<h2 style=\"text-align: center;\"><span style=\"color: #800000;\"><strong><a href=\"https:\/\/www.educa.itakaescolapios.org\/wp-content\/uploads\/2019\/05\/CAMPANA-PAZ-1819.pdf\" target=\"_blank\" rel=\"noopener noreferrer\"><span style=\"color: #800000;\">ACTIVIDADES <\/span><\/a><\/strong><\/span><\/h2>\n<h2 style=\"text-align: center;\"><span style=\"color: #800000;\"><strong><a href=\"https:\/\/www.educa.itakaescolapios.org\/wp-content\/uploads\/2019\/05\/CAMPANA-PAZ-1819.pdf\" target=\"_blank\" rel=\"noopener noreferrer\"><span style=\"color: #800000;\">&#8220;La paz est\u00e1 en tus manos&#8221;<\/span><\/a><\/strong><\/span><\/h2>\n<p><strong><span style=\"color: #000000;\"><span style=\"text-decoration: underline;\">Anexos generales: <\/span><\/span><\/strong><\/p>\n<p><strong><span style=\"color: #808000;\"><a href=\"https:\/\/www.educa.itakaescolapios.org\/wp-content\/uploads\/2019\/05\/1.-ANEXO-MURAL-RevistaExpo_noviolencia.pdf\" target=\"_blank\" rel=\"noopener noreferrer\"><span style=\"color: #808000;\">1. ANEXO MURAL RevistaExpo_noviolencia<\/span><\/a><\/span><\/strong><\/p>\n<p><strong><span style=\"color: #808000;\"><a href=\"https:\/\/www.educa.itakaescolapios.org\/wp-content\/uploads\/2019\/05\/2.-ANEXO-MURAL-MUJERES-activistas-por-la-paz.pdf\" target=\"_blank\" rel=\"noopener noreferrer\"><span style=\"color: #808000;\">2. ANEXO MURAL MUJERES activistas por la paz<\/span><\/a><\/span><\/strong><\/p>\n<p><strong><span style=\"color: #808000;\"><a href=\"https:\/\/www.educa.itakaescolapios.org\/wp-content\/uploads\/2019\/05\/2.1-ANEXO-MURAL-FRASES-MUJERES.pdf\" target=\"_blank\" rel=\"noopener noreferrer\"><span style=\"color: #808000;\">2.1 ANEXO MURAL FRASES MUJERES<\/span><\/a><\/span><\/strong><\/p>\n<p><strong><span style=\"text-decoration: underline; color: #000000;\">Anexos Infantil: <\/span><\/strong><\/p>\n<p><strong><span style=\"color: #808000;\"><a href=\"https:\/\/www.educa.itakaescolapios.org\/wp-content\/uploads\/2019\/05\/INF-anexo-imagen-1.pdf\" target=\"_blank\" rel=\"noopener noreferrer\"><span style=\"color: #808000;\">Anexo imagen 1<\/span><\/a><\/span><\/strong><\/p>\n<p><strong><span style=\"color: #808000;\"><a href=\"https:\/\/www.educa.itakaescolapios.org\/wp-content\/uploads\/2019\/05\/INF-anexo-imagen-2.pdf\" target=\"_blank\" rel=\"noopener noreferrer\"><span style=\"color: #808000;\">Anexo imagen 2<\/span><\/a><\/span><\/strong><\/p>\n<p><strong><span style=\"color: #808000;\"><a href=\"https:\/\/www.educa.itakaescolapios.org\/wp-content\/uploads\/2019\/05\/INF-anexo-imagen-3.pdf\" target=\"_blank\" rel=\"noopener noreferrer\"><span style=\"color: #808000;\">Anexo imagen 3<\/span><\/a><\/span><\/strong><\/p>\n<p><iframe loading=\"lazy\" src=\"https:\/\/www.youtube.com\/embed\/zcBmnSrdbYg\" height=\"105\" width=\"187\" allowfullscreen=\"\" frameborder=\"0\"><\/iframe><\/p>\n<p><span style=\"text-decoration: underline;\"><strong><span style=\"color: #000000; text-decoration: underline;\"> Anexos Primaria:<\/span><\/strong><\/span><\/p>\n<p><strong><span style=\"color: #808000;\"><a href=\"https:\/\/www.educa.itakaescolapios.org\/wp-content\/uploads\/2019\/05\/Anexo-3-1\u00ba-y-2\u00ba.pdf\" target=\"_blank\" rel=\"noopener noreferrer\"><span style=\"color: #808000;\">Anexo 3 1\u00ba y 2\u00ba<\/span><\/a><\/span><\/strong><\/p>\n<p><strong><span style=\"color: #808000;\"><a href=\"https:\/\/www.educa.itakaescolapios.org\/wp-content\/uploads\/2019\/05\/Anexo-3-3\u00ba-y-4\u00ba.pdf\" target=\"_blank\" rel=\"noopener noreferrer\"><span style=\"color: #808000;\">Anexo 3 3\u00ba y 4\u00ba<\/span><\/a><\/span><\/strong><\/p>\n<p><strong><span style=\"color: #808000;\"><a href=\"https:\/\/www.educa.itakaescolapios.org\/wp-content\/uploads\/2019\/05\/Nota-musical_ANEXO-3-.pdf\" target=\"_blank\" rel=\"noopener noreferrer\"><span style=\"color: #808000;\">Nota musical_ANEXO 3<\/span><\/a><\/span><\/strong><\/p>\n<!--[if lt IE 9]><script>document.createElement('audio');<\/script><![endif]-->\n<audio class=\"wp-audio-shortcode\" id=\"audio-2097-1\" preload=\"none\" style=\"width: 100%;\" controls=\"controls\"><source type=\"audio\/mpeg\" src=\"https:\/\/www.educa.itakaescolapios.org\/wp-content\/uploads\/2019\/05\/Rep\u00fablica-del-Congo-y-su-M\u00fasica_ANEXO-2.mp3?_=1\" \/><a href=\"https:\/\/www.educa.itakaescolapios.org\/wp-content\/uploads\/2019\/05\/Rep\u00fablica-del-Congo-y-su-M\u00fasica_ANEXO-2.mp3\">https:\/\/www.educa.itakaescolapios.org\/wp-content\/uploads\/2019\/05\/Rep\u00fablica-del-Congo-y-su-M\u00fasica_ANEXO-2.mp3<\/a><\/audio>\n<p>&nbsp;<\/p>\n<p><iframe loading=\"lazy\" src=\"https:\/\/www.youtube.com\/embed\/zhpHsydPcc8\" height=\"105\" width=\"187\" allowfullscreen=\"\" frameborder=\"0\"><\/iframe><\/p>\n<p><span style=\"text-decoration: underline;\"><span style=\"color: #000000;\"><strong>Anexos Secundaria:<\/strong><\/span><\/span><\/p>\n<p><strong><span style=\"color: #808000;\"><a href=\"https:\/\/www.educa.itakaescolapios.org\/wp-content\/uploads\/2019\/05\/ANEXOI.3\u00ba-4\u00baESO.-2018-2019.pdf\" target=\"_blank\" rel=\"noopener noreferrer\"><span style=\"color: #808000;\">ANEXOI.3\u00ba-4\u00baESO. 2018-2019<\/span><\/a><\/span><\/strong><\/p>\n<p><strong><span style=\"color: #808000;\"><a href=\"https:\/\/www.educa.itakaescolapios.org\/wp-content\/uploads\/2019\/05\/ANEXOII.3\u00ba-4\u00baESO.-2018-2019.pdf\" target=\"_blank\" rel=\"noopener noreferrer\"><span style=\"color: #808000;\">ANEXOII.3\u00ba-4\u00baESO. 2018-2019<\/span><\/a><\/span><\/strong><\/p>\n<p><span style=\"text-decoration: underline;\"><span style=\"color: #000000;\"><strong>Anexos Bachillerato y FP:<\/strong> <\/span><\/span><\/p>\n<p><iframe loading=\"lazy\" src=\"https:\/\/www.youtube.com\/embed\/ZssWT70lwUc\" height=\"105\" width=\"187\" allowfullscreen=\"\" frameborder=\"0\"><\/iframe><\/p>","protected":false},"excerpt":{"rendered":"<p>Desculpe, este conte\u00fado s\u00f3 est\u00e1 dispon\u00edvel em Espanhol Europeu. Presentamos a continuaci\u00f3n una serie de actividades para el aula, una actividad por ciclo. Esperamos que sean [&hellip;]<\/p>\n","protected":false},"author":1,"featured_media":0,"parent":2075,"menu_order":0,"comment_status":"closed","ping_status":"closed","template":"","meta":[],"acf":[],"_links":{"self":[{"href":"https:\/\/www.educa.itakaescolapios.org\/pt\/wp-json\/wp\/v2\/pages\/2097"}],"collection":[{"href":"https:\/\/www.educa.itakaescolapios.org\/pt\/wp-json\/wp\/v2\/pages"}],"about":[{"href":"https:\/\/www.educa.itakaescolapios.org\/pt\/wp-json\/wp\/v2\/types\/page"}],"author":[{"embeddable":true,"href":"https:\/\/www.educa.itakaescolapios.org\/pt\/wp-json\/wp\/v2\/users\/1"}],"replies":[{"embeddable":true,"href":"https:\/\/www.educa.itakaescolapios.org\/pt\/wp-json\/wp\/v2\/comments?post=2097"}],"version-history":[{"count":1,"href":"https:\/\/www.educa.itakaescolapios.org\/pt\/wp-json\/wp\/v2\/pages\/2097\/revisions"}],"predecessor-version":[{"id":2098,"href":"https:\/\/www.educa.itakaescolapios.org\/pt\/wp-json\/wp\/v2\/pages\/2097\/revisions\/2098"}],"up":[{"embeddable":true,"href":"https:\/\/www.educa.itakaescolapios.org\/pt\/wp-json\/wp\/v2\/pages\/2075"}],"wp:attachment":[{"href":"https:\/\/www.educa.itakaescolapios.org\/pt\/wp-json\/wp\/v2\/media?parent=2097"}],"curies":[{"name":"wp","href":"https:\/\/api.w.org\/{rel}","templated":true}]}}