{"id":2282,"date":"2020-06-21T09:03:27","date_gmt":"2020-06-21T07:03:27","guid":{"rendered":"https:\/\/www.educa.itakaescolapios.org\/?page_id=2282"},"modified":"2020-06-21T09:03:27","modified_gmt":"2020-06-21T07:03:27","slug":"video-de-agradecimiento-de-los-ninos-y-ninas-de-kikonka","status":"publish","type":"page","link":"https:\/\/www.educa.itakaescolapios.org\/pt\/campanas\/2019-2020-compartiendo-mucha-vida\/video-de-agradecimiento-de-los-ninos-y-ninas-de-kikonka","title":{"rendered":"V\u00cdDEO DE AGRADECIMIENTO DE LOS NI\u00d1OS Y NI\u00d1AS DE KIKONKA"},"content":{"rendered":"<p class=\"qtranxs-available-languages-message qtranxs-available-languages-message-pt\">Desculpe, este conte\u00fado s\u00f3 est\u00e1 dispon\u00edvel em <a href=\"https:\/\/www.educa.itakaescolapios.org\/es\/wp-json\/wp\/v2\/pages\/2282\" class=\"qtranxs-available-language-link qtranxs-available-language-link-es\" title=\"Espa\u00f1ol\">Espanhol Europeu<\/a>.<\/p><p><iframe loading=\"lazy\" src=\"https:\/\/www.youtube.com\/embed\/90aYLkfKcN4\" width=\"504\" height=\"283\" frameborder=\"0\" allowfullscreen=\"allowfullscreen\"><\/iframe><\/p>\n<p>Con la campa\u00f1a de solidaridad del curso 2018-2019 quisimos ahondar en la fuerza transformadora de la educaci\u00f3n promoviendo una educaci\u00f3n de calidad en la Rep\u00fablica Democr\u00e1tica del Congo. <strong>Setenta y ocho centros escolapios de diez pa\u00edses <\/strong>(Espa\u00f1a, Bolivia, Brasil, Venezuela, Rep\u00fablica Dominicana, Camer\u00fan, Gab\u00f3n, Senegal, Filipinas e Indonesia) trabajaron en las aulas el valor de la educaci\u00f3n como motor de cambio, conociendo la realidad escolapia la Rep\u00fablica Democr\u00e1tica del Congo.<\/p>\n<p>Adem\u00e1s de sensibilizar sobre el valor de la educaci\u00f3n, hemos recaudado fondos para la misi\u00f3n escolapia en la aglomeraci\u00f3n de Kikonka (RDC), por lo que vamos a poder enviar m\u00e1s de <strong>223.000 \u20ac<\/strong>, que mejorar\u00e1n la educaci\u00f3n de ni\u00f1os y ni\u00f1as con la rehabilitaci\u00f3n y equipamiento de la Escuela de Primaria, la mejora del saneamiento con la construcci\u00f3n de unas nuevas letrinas y la perforaci\u00f3n de dos pozos de agua y la mejora de la calidad de vida de un grupo de 100 mujeres de la aglomeraci\u00f3n.<\/p>\n<p>\u00a1Gracias! Thanks! Merci! Obrigado!<\/p>\n<p style=\"text-align: center;\"><span style=\"color: #808000;\">V\u00cdDEO REALIZADO CON LA COLABORACI\u00d3N DE ALGUNOS CENTROS QUE HAN PARTICIPADO EN LA CAMPA\u00d1A<\/span><\/p>\n<p><iframe loading=\"lazy\" src=\"https:\/\/www.youtube.com\/embed\/UjURKU_07ho\" width=\"420\" height=\"236\" frameborder=\"0\" allowfullscreen=\"allowfullscreen\"><span data-mce-type=\"bookmark\" style=\"display: inline-block; width: 0px; overflow: hidden; line-height: 0;\" class=\"mce_SELRES_start\">\ufeff<\/span><\/iframe><\/p>","protected":false},"excerpt":{"rendered":"<p>Desculpe, este conte\u00fado s\u00f3 est\u00e1 dispon\u00edvel em Espanhol Europeu. Con la campa\u00f1a de solidaridad del curso 2018-2019 quisimos ahondar en la fuerza transformadora de la educaci\u00f3n [&hellip;]<\/p>\n","protected":false},"author":1,"featured_media":0,"parent":2273,"menu_order":0,"comment_status":"closed","ping_status":"closed","template":"","meta":[],"acf":[],"_links":{"self":[{"href":"https:\/\/www.educa.itakaescolapios.org\/pt\/wp-json\/wp\/v2\/pages\/2282"}],"collection":[{"href":"https:\/\/www.educa.itakaescolapios.org\/pt\/wp-json\/wp\/v2\/pages"}],"about":[{"href":"https:\/\/www.educa.itakaescolapios.org\/pt\/wp-json\/wp\/v2\/types\/page"}],"author":[{"embeddable":true,"href":"https:\/\/www.educa.itakaescolapios.org\/pt\/wp-json\/wp\/v2\/users\/1"}],"replies":[{"embeddable":true,"href":"https:\/\/www.educa.itakaescolapios.org\/pt\/wp-json\/wp\/v2\/comments?post=2282"}],"version-history":[{"count":1,"href":"https:\/\/www.educa.itakaescolapios.org\/pt\/wp-json\/wp\/v2\/pages\/2282\/revisions"}],"predecessor-version":[{"id":2283,"href":"https:\/\/www.educa.itakaescolapios.org\/pt\/wp-json\/wp\/v2\/pages\/2282\/revisions\/2283"}],"up":[{"embeddable":true,"href":"https:\/\/www.educa.itakaescolapios.org\/pt\/wp-json\/wp\/v2\/pages\/2273"}],"wp:attachment":[{"href":"https:\/\/www.educa.itakaescolapios.org\/pt\/wp-json\/wp\/v2\/media?parent=2282"}],"curies":[{"name":"wp","href":"https:\/\/api.w.org\/{rel}","templated":true}]}}