{"id":2339,"date":"2020-07-02T21:31:12","date_gmt":"2020-07-02T19:31:12","guid":{"rendered":"https:\/\/www.educa.itakaescolapios.org\/?page_id=2339"},"modified":"2021-06-23T09:29:40","modified_gmt":"2021-06-23T07:29:40","slug":"2019-2020-viviendo-la-paz","status":"publish","type":"page","link":"https:\/\/www.educa.itakaescolapios.org\/pt\/semanas-de-la-paz\/2019-2020-viviendo-la-paz","title":{"rendered":"2019-2020 Viviendo la Paz"},"content":{"rendered":"<p class=\"qtranxs-available-languages-message qtranxs-available-languages-message-pt\">Desculpe, este conte\u00fado s\u00f3 est\u00e1 dispon\u00edvel em <a href=\"https:\/\/www.educa.itakaescolapios.org\/es\/wp-json\/wp\/v2\/pages\/2339\" class=\"qtranxs-available-language-link qtranxs-available-language-link-es\" title=\"Espa\u00f1ol\">Espanhol Europeu<\/a>.<\/p><p><img decoding=\"async\" loading=\"lazy\" class=\"size-medium wp-image-2340 alignright\" src=\"https:\/\/www.educa.itakaescolapios.org\/wp-content\/uploads\/2020\/07\/paz-300x259.png\" alt=\"\" width=\"300\" height=\"259\" srcset=\"https:\/\/www.educa.itakaescolapios.org\/wp-content\/uploads\/2020\/07\/paz-300x259.png 300w, https:\/\/www.educa.itakaescolapios.org\/wp-content\/uploads\/2020\/07\/paz-250x216.png 250w, https:\/\/www.educa.itakaescolapios.org\/wp-content\/uploads\/2020\/07\/paz.png 398w\" sizes=\"(max-width: 300px) 100vw, 300px\" \/>La defensa del cumplimiento de los derechos humanos para todos los pueblos nos incumbe a todas y todos. En este sentido la sociedad civil se ha de concienciar cada vez m\u00e1s de la gran responsabilidad que tiene en la construcci\u00f3n de un mundo m\u00e1s justo. Es necesario buscar f\u00f3rmulas para trabajar una EDUCACI\u00d3N EN VALORES que, progresivamente y desde la infancia, lleve a planteamientos de compromiso y participaci\u00f3n de la sociedad civil en los problemas sociales que nos rodean e incumben a todos.<\/p>\n<p>En este contexto, la escuela se ha convertido en un lugar privilegiado donde poder desarrollar este tipo de actividades, debido a su enorme potencial transformador sobre la persona. La formaci\u00f3n para la paz, la cooperaci\u00f3n y la solidaridad entre los pueblos es, una de las principales finalidades que se plantea este sistema educativo, y por eso se trabaja de modo transversal. Sin embargo, el trabajar continuamente desde las transversales estos conceptos no impide que sintamos la necesidad de que existan fechas concretas, que nos recuerden que todav\u00eda hay situaciones sociales complejas.<\/p>\n<p>Esta celebraci\u00f3n es, por tanto, una oportunidad m\u00e1s de contribuir a que los centros escolares se conviertan en instrumentos de paz y entendimiento entre personas de distinta formaci\u00f3n, raza, cultura y religi\u00f3n. No hemos de olvidar que la escuela es un reflejo de una sociedad con la que comparte defectos, pero en ella tambi\u00e9n se educa para la vida y se busca desarrollar en los alumnos las capacidades y competencias necesarias para una participaci\u00f3n social activa.<\/p>\n<p>Por todo ello, hemos de contribuir, a trav\u00e9s de la educaci\u00f3n, a la concienciaci\u00f3n de todos en la construcci\u00f3n de un mundo mejor, un mundo m\u00e1s justo y m\u00e1s humano que permita que todos los individuos tengan la misma oportunidad de desarrollar plenamente sus facultades en el seno de una sociedad democr\u00e1tica, libre, justa, responsable y en paz.<\/p>","protected":false},"excerpt":{"rendered":"<p>Desculpe, este conte\u00fado s\u00f3 est\u00e1 dispon\u00edvel em Espanhol Europeu.La defensa del cumplimiento de los derechos humanos para todos los pueblos nos incumbe a todas y todos. [&hellip;]<\/p>\n","protected":false},"author":1,"featured_media":2387,"parent":713,"menu_order":0,"comment_status":"closed","ping_status":"closed","template":"","meta":[],"acf":[],"_links":{"self":[{"href":"https:\/\/www.educa.itakaescolapios.org\/pt\/wp-json\/wp\/v2\/pages\/2339"}],"collection":[{"href":"https:\/\/www.educa.itakaescolapios.org\/pt\/wp-json\/wp\/v2\/pages"}],"about":[{"href":"https:\/\/www.educa.itakaescolapios.org\/pt\/wp-json\/wp\/v2\/types\/page"}],"author":[{"embeddable":true,"href":"https:\/\/www.educa.itakaescolapios.org\/pt\/wp-json\/wp\/v2\/users\/1"}],"replies":[{"embeddable":true,"href":"https:\/\/www.educa.itakaescolapios.org\/pt\/wp-json\/wp\/v2\/comments?post=2339"}],"version-history":[{"count":2,"href":"https:\/\/www.educa.itakaescolapios.org\/pt\/wp-json\/wp\/v2\/pages\/2339\/revisions"}],"predecessor-version":[{"id":4860,"href":"https:\/\/www.educa.itakaescolapios.org\/pt\/wp-json\/wp\/v2\/pages\/2339\/revisions\/4860"}],"up":[{"embeddable":true,"href":"https:\/\/www.educa.itakaescolapios.org\/pt\/wp-json\/wp\/v2\/pages\/713"}],"wp:featuredmedia":[{"embeddable":true,"href":"https:\/\/www.educa.itakaescolapios.org\/pt\/wp-json\/wp\/v2\/media\/2387"}],"wp:attachment":[{"href":"https:\/\/www.educa.itakaescolapios.org\/pt\/wp-json\/wp\/v2\/media?parent=2339"}],"curies":[{"name":"wp","href":"https:\/\/api.w.org\/{rel}","templated":true}]}}