{"id":2352,"date":"2020-07-02T21:38:57","date_gmt":"2020-07-02T19:38:57","guid":{"rendered":"https:\/\/www.educa.itakaescolapios.org\/?page_id=2352"},"modified":"2020-07-02T22:11:25","modified_gmt":"2020-07-02T20:11:25","slug":"oramos-por-la-paz","status":"publish","type":"page","link":"https:\/\/www.educa.itakaescolapios.org\/pt\/semanas-de-la-paz\/2019-2020-viviendo-la-paz\/oramos-por-la-paz","title":{"rendered":"ORAMOS POR LA PAZ"},"content":{"rendered":"<p class=\"qtranxs-available-languages-message qtranxs-available-languages-message-pt\">Desculpe, este conte\u00fado s\u00f3 est\u00e1 dispon\u00edvel em <a href=\"https:\/\/www.educa.itakaescolapios.org\/es\/wp-json\/wp\/v2\/pages\/2352\" class=\"qtranxs-available-language-link qtranxs-available-language-link-es\" title=\"Espa\u00f1ol\">Espanhol Europeu<\/a>.<\/p><p><img decoding=\"async\" loading=\"lazy\" class=\"alignleft size-full wp-image-2353\" src=\"https:\/\/www.educa.itakaescolapios.org\/wp-content\/uploads\/2020\/07\/paloma-210x300-1.png\" alt=\"\" width=\"210\" height=\"300\" \/><\/p>\n<p>Os proponemos destinar un momento del d\u00eda a orar por la paz en el mundo. Os facilitamos para ello un material que puedes descargarte a continuaci\u00f3n:<\/p>\n<ul>\n<li><strong><a href=\"https:\/\/www.educa.itakaescolapios.org\/wp-content\/uploads\/2020\/07\/ORACI\u00d3N-INFANTIL-Y-PRIMER-CICLO-DE-PRIMARIA.pdf\" target=\"_blank\" rel=\"noopener noreferrer\">ORACI\u00d3N INFANTIL Y PRIMER CICLO DE PRIMARIA (3-7 a\u00f1os)<\/a><\/strong><\/li>\n<li><strong><a href=\"https:\/\/www.educa.itakaescolapios.org\/wp-content\/uploads\/2020\/07\/ORACI\u00d3N-SEGUNDO-CICLO-DE-PRIMARIA.pdf\" target=\"_blank\" rel=\"noopener noreferrer\">ORACI\u00d3N SEGUNDO CICLO DE PRIMARIA (7-9 a\u00f1os)<\/a><\/strong><\/li>\n<li><strong><a href=\"https:\/\/www.educa.itakaescolapios.org\/wp-content\/uploads\/2020\/07\/ORACI\u00d3N-TERCER-CICLO-DE-PRIMARIA.pdf\" target=\"_blank\" rel=\"noopener noreferrer\">ORACI\u00d3N TERCER CICLO DE PRIMARIA (9-11 a\u00f1os)<\/a><\/strong><\/li>\n<li><strong><a href=\"https:\/\/www.educa.itakaescolapios.org\/wp-content\/uploads\/2020\/07\/ORACI\u00d3N-SECUNDARIA.pdf\" target=\"_blank\" rel=\"noopener noreferrer\">ORACI\u00d3N SECUNDARIA (12-16 a\u00f1os)<\/a><\/strong><\/li>\n<li><strong><a href=\"https:\/\/www.educa.itakaescolapios.org\/wp-content\/uploads\/2020\/07\/ORACI\u00d3N-BACHILLERATO.pdf\" target=\"_blank\" rel=\"noopener noreferrer\">ORACI\u00d3N BACHILLERATO (16-18 a\u00f1os)<\/a><\/strong><\/li>\n<\/ul>\n<p>&nbsp;<\/p>","protected":false},"excerpt":{"rendered":"<p>Desculpe, este conte\u00fado s\u00f3 est\u00e1 dispon\u00edvel em Espanhol Europeu. Os proponemos destinar un momento del d\u00eda a orar por la paz en el mundo. Os facilitamos [&hellip;]<\/p>\n","protected":false},"author":1,"featured_media":0,"parent":2339,"menu_order":3,"comment_status":"closed","ping_status":"closed","template":"","meta":[],"acf":[],"_links":{"self":[{"href":"https:\/\/www.educa.itakaescolapios.org\/pt\/wp-json\/wp\/v2\/pages\/2352"}],"collection":[{"href":"https:\/\/www.educa.itakaescolapios.org\/pt\/wp-json\/wp\/v2\/pages"}],"about":[{"href":"https:\/\/www.educa.itakaescolapios.org\/pt\/wp-json\/wp\/v2\/types\/page"}],"author":[{"embeddable":true,"href":"https:\/\/www.educa.itakaescolapios.org\/pt\/wp-json\/wp\/v2\/users\/1"}],"replies":[{"embeddable":true,"href":"https:\/\/www.educa.itakaescolapios.org\/pt\/wp-json\/wp\/v2\/comments?post=2352"}],"version-history":[{"count":2,"href":"https:\/\/www.educa.itakaescolapios.org\/pt\/wp-json\/wp\/v2\/pages\/2352\/revisions"}],"predecessor-version":[{"id":2383,"href":"https:\/\/www.educa.itakaescolapios.org\/pt\/wp-json\/wp\/v2\/pages\/2352\/revisions\/2383"}],"up":[{"embeddable":true,"href":"https:\/\/www.educa.itakaescolapios.org\/pt\/wp-json\/wp\/v2\/pages\/2339"}],"wp:attachment":[{"href":"https:\/\/www.educa.itakaescolapios.org\/pt\/wp-json\/wp\/v2\/media?parent=2352"}],"curies":[{"name":"wp","href":"https:\/\/api.w.org\/{rel}","templated":true}]}}