{"id":2423,"date":"2020-07-04T14:22:12","date_gmt":"2020-07-04T12:22:12","guid":{"rendered":"https:\/\/www.educa.itakaescolapios.org\/?page_id=2423"},"modified":"2020-11-05T12:55:19","modified_gmt":"2020-11-05T11:55:19","slug":"ven-a-pasarlo-bien-juega-baila-y-come","status":"publish","type":"page","link":"https:\/\/www.educa.itakaescolapios.org\/pt\/ven-a-pasarlo-bien-juega-baila-y-come","title":{"rendered":"Venha se divertir, brincar, dan\u00e7ar e comer"},"content":{"rendered":"<p><img decoding=\"async\" loading=\"lazy\" class=\"alignleft size-medium wp-image-2424\" src=\"https:\/\/www.educa.itakaescolapios.org\/wp-content\/uploads\/2020\/07\/SUKAL_ALPHA-731x1024-1-214x300.png\" alt=\"\" width=\"214\" height=\"300\" srcset=\"https:\/\/www.educa.itakaescolapios.org\/wp-content\/uploads\/2020\/07\/SUKAL_ALPHA-731x1024-1-214x300.png 214w, https:\/\/www.educa.itakaescolapios.org\/wp-content\/uploads\/2020\/07\/SUKAL_ALPHA-731x1024-1-250x350.png 250w, https:\/\/www.educa.itakaescolapios.org\/wp-content\/uploads\/2020\/07\/SUKAL_ALPHA-731x1024-1.png 731w\" sizes=\"(max-width: 214px) 100vw, 214px\" \/><\/p>\n<p>&nbsp;<\/p>\n<p>&nbsp;<\/p>\n<p>Sukal, grande conhecedor dos costumes e da cultura da Am\u00e9rica Latina, apresenta tr\u00eas folhas de atividades para trabalhar sobre tr\u00eas temas: o jogo, a dan\u00e7a e a culin\u00e1ria.<\/p>\n<p>Baixe as folhas de atividades:<\/p>\n<p><strong><a href=\"https:\/\/www.educa.itakaescolapios.org\/wp-content\/uploads\/2020\/07\/JUEGA-port.pdf\" target=\"_blank\" rel=\"noopener noreferrer\">BRINCA<\/a><\/strong><\/p>\n<p><strong><a href=\"https:\/\/www.educa.itakaescolapios.org\/wp-content\/uploads\/2020\/07\/BAILA-PORT.pdf\" target=\"_blank\" rel=\"noopener noreferrer\">DAN\u00c7A<\/a><\/strong><\/p>\n<p><strong><a href=\"https:\/\/www.educa.itakaescolapios.org\/wp-content\/uploads\/2020\/07\/cocina-del-mundo-PORT.pdf\" target=\"_blank\" rel=\"noopener noreferrer\">CULIN\u00c1RIA NO MUNDO<\/a><\/strong><\/p>\n<p>&nbsp;<\/p>\n<p>&nbsp;<\/p>\n<p>&nbsp;<\/p>\n<p>&nbsp;<\/p>\n<p>&nbsp;<\/p>\n<p>&nbsp;<\/p>\n<p>&nbsp;<\/p>","protected":false},"excerpt":{"rendered":"<p>&nbsp; &nbsp; Sukal, grande conhecedor dos costumes e da cultura da Am\u00e9rica Latina, apresenta tr\u00eas folhas de atividades para trabalhar sobre tr\u00eas temas: o jogo, a [&hellip;]<\/p>\n","protected":false},"author":1,"featured_media":0,"parent":0,"menu_order":24,"comment_status":"closed","ping_status":"closed","template":"","meta":[],"acf":[],"_links":{"self":[{"href":"https:\/\/www.educa.itakaescolapios.org\/pt\/wp-json\/wp\/v2\/pages\/2423"}],"collection":[{"href":"https:\/\/www.educa.itakaescolapios.org\/pt\/wp-json\/wp\/v2\/pages"}],"about":[{"href":"https:\/\/www.educa.itakaescolapios.org\/pt\/wp-json\/wp\/v2\/types\/page"}],"author":[{"embeddable":true,"href":"https:\/\/www.educa.itakaescolapios.org\/pt\/wp-json\/wp\/v2\/users\/1"}],"replies":[{"embeddable":true,"href":"https:\/\/www.educa.itakaescolapios.org\/pt\/wp-json\/wp\/v2\/comments?post=2423"}],"version-history":[{"count":8,"href":"https:\/\/www.educa.itakaescolapios.org\/pt\/wp-json\/wp\/v2\/pages\/2423\/revisions"}],"predecessor-version":[{"id":2438,"href":"https:\/\/www.educa.itakaescolapios.org\/pt\/wp-json\/wp\/v2\/pages\/2423\/revisions\/2438"}],"wp:attachment":[{"href":"https:\/\/www.educa.itakaescolapios.org\/pt\/wp-json\/wp\/v2\/media?parent=2423"}],"curies":[{"name":"wp","href":"https:\/\/api.w.org\/{rel}","templated":true}]}}