{"id":2658,"date":"2020-11-04T16:10:58","date_gmt":"2020-11-04T15:10:58","guid":{"rendered":"https:\/\/www.educa.itakaescolapios.org\/?page_id=2658"},"modified":"2020-12-03T13:17:18","modified_gmt":"2020-12-03T12:17:18","slug":"siente","status":"publish","type":"page","link":"https:\/\/www.educa.itakaescolapios.org\/pt\/campanas\/2020-2021-reiniciando-para-transformar\/siente","title":{"rendered":"Sinta!"},"content":{"rendered":"<p><img decoding=\"async\" loading=\"lazy\" class=\"alignright wp-image-2662\" src=\"https:\/\/www.educa.itakaescolapios.org\/wp-content\/uploads\/2020\/11\/SIENTE-Cartel-DFC-Espan\u0303a516x730-2-252x300.png\" alt=\"\" width=\"350\" height=\"416\" srcset=\"https:\/\/www.educa.itakaescolapios.org\/wp-content\/uploads\/2020\/11\/SIENTE-Cartel-DFC-Espan\u0303a516x730-2-252x300.png 252w, https:\/\/www.educa.itakaescolapios.org\/wp-content\/uploads\/2020\/11\/SIENTE-Cartel-DFC-Espan\u0303a516x730-2-250x297.png 250w, https:\/\/www.educa.itakaescolapios.org\/wp-content\/uploads\/2020\/11\/SIENTE-Cartel-DFC-Espan\u0303a516x730-2.png 433w\" sizes=\"(max-width: 350px) 100vw, 350px\" \/><\/p>\n<p>A metodologia &#8220;Design for change &#8211; Design para mudan\u00e7a&#8221; prop\u00f5e primeiro que <strong>conhe\u00e7amos a realidade, a analisemos e tenhamos empatia com as pessoas<\/strong>.<\/p>\n<p>Como bem sabemos, <strong>a pandemia est\u00e1 causando muita vulnerabilidade<\/strong>, n\u00e3o s\u00f3 \u00e0s crian\u00e7as e aos jovens, mas tamb\u00e9m \u00e0s institui\u00e7\u00f5es. Tamb\u00e9m, nos projetos espec\u00edficos que n\u00f3s, como escol\u00e1pios, atrav\u00e9s da Itaka-Escol\u00e1pios, estamos apoiando e contribuindo para a sociedade.<\/p>\n<p>Mas nesta situa\u00e7\u00e3o a <strong>Itaka-Escol\u00e1pios n\u00e3o parou<\/strong>, mas tentou continuar mantendo os projetos existentes, com muita criatividade, e iniciou novos projetos para tentar responder a novas necessidades.<\/p>\n<p>A seguir, oferecemos uma s\u00e9rie de atividades para que voc\u00ea <strong>SINTA.<\/strong><\/p>\n<p style=\"padding-left: 40px;\"><a href=\"https:\/\/www.educa.itakaescolapios.org\/campanas\/2020-2021-reiniciando-para-transformar\/siente\/presentacion-orden-fraternidad-mc\">Apresentac\u00e1o. Order-Fraternity-MC<\/a><\/p>\n<p style=\"padding-left: 40px;\"><a href=\"https:\/\/www.educa.itakaescolapios.org\/campanas\/2020-2021-reiniciando-para-transformar\/siente\/presentacion-coordinador-general-itaka-escolapios\">Apresentac\u00e1o coordinadora geral Itaka-Escolapios<\/a><\/p>\n<p style=\"padding-left: 40px;\"><a href=\"https:\/\/www.educa.itakaescolapios.org\/campanas\/2020-2021-reiniciando-para-transformar\/siente\/testimonios\">Depoimentos (2 a +18)<\/a><\/p>\n<p style=\"padding-left: 40px;\"><a href=\"https:\/\/www.educa.itakaescolapios.org\/campanas\/2020-2021-reiniciando-para-transformar\/siente\/oramos-con-calasanz\">Rezamos com Calasanz (8 a +18)<\/a><\/p>\n<p style=\"padding-left: 40px;\"><a href=\"https:\/\/www.educa.itakaescolapios.org\/campanas\/2020-2021-reiniciando-para-transformar\/siente\/impacto-y-respuesta-de-itaka-escolapios\">Impacto e resposta do Itaka-Escolapios (14 a +18)<\/a><\/p>\n<p style=\"padding-left: 40px;\"><a href=\"https:\/\/www.educa.itakaescolapios.org\/campanas\/2020-2021-reiniciando-para-transformar\/siente\/conociendo-a-la-tripulacion-itaka-escolapios\">Reunic\u00e4o da tripulac\u00e4o Itaka-Escolapios <\/a><\/p>\n<p style=\"padding-left: 40px;\"><a href=\"https:\/\/www.educa.itakaescolapios.org\/campanas\/2020-2021-reiniciando-para-transformar\/siente\/mapamundi\">Mapa mundial (2 a 7)<\/a><img decoding=\"async\" loading=\"lazy\" class=\"alignright wp-image-2974\" src=\"https:\/\/www.educa.itakaescolapios.org\/wp-content\/uploads\/2020\/11\/mano-click-verde-por-tres-300x107.jpg\" alt=\"\" width=\"392\" height=\"140\" srcset=\"https:\/\/www.educa.itakaescolapios.org\/wp-content\/uploads\/2020\/11\/mano-click-verde-por-tres-300x107.jpg 300w, https:\/\/www.educa.itakaescolapios.org\/wp-content\/uploads\/2020\/11\/mano-click-verde-por-tres-1024x364.jpg 1024w, https:\/\/www.educa.itakaescolapios.org\/wp-content\/uploads\/2020\/11\/mano-click-verde-por-tres-768x273.jpg 768w, https:\/\/www.educa.itakaescolapios.org\/wp-content\/uploads\/2020\/11\/mano-click-verde-por-tres-1536x546.jpg 1536w, https:\/\/www.educa.itakaescolapios.org\/wp-content\/uploads\/2020\/11\/mano-click-verde-por-tres-2048x729.jpg 2048w, https:\/\/www.educa.itakaescolapios.org\/wp-content\/uploads\/2020\/11\/mano-click-verde-por-tres-250x89.jpg 250w\" sizes=\"(max-width: 392px) 100vw, 392px\" \/><\/p>\n<p style=\"padding-left: 40px;\"><a href=\"https:\/\/www.educa.itakaescolapios.org\/campanas\/2020-2021-reiniciando-para-transformar\/siente\/capsula-del-tiempo\">C\u00c1PSULA DEL TIEMPO<\/a><\/p>\n<p style=\"padding-left: 40px;\"><a href=\"https:\/\/www.educa.itakaescolapios.org\/campanas\/2020-2021-reiniciando-para-transformar\/siente\/familia-transformadora\">Transformando a familia (2 a +18)<\/a><\/p>\n<p style=\"padding-left: 40px;\"><a href=\"https:\/\/www.educa.itakaescolapios.org\/campanas\/2020-2021-reiniciando-para-transformar\/siente\/compara-y-contrasta\">Comparar e contrastar (8 a +18)<\/a><\/p>\n<p style=\"padding-left: 40px;\"><a href=\"https:\/\/www.educa.itakaescolapios.org\/campanas\/2020-2021-reiniciando-para-transformar\/siente\/buzon-solidario\">Caixa de correiro solid\u00e1ria (2 a + 18)<\/a><\/p>\n<p>&nbsp;<\/p>","protected":false},"excerpt":{"rendered":"<p>A metodologia &#8220;Design for change &#8211; Design para mudan\u00e7a&#8221; prop\u00f5e primeiro que conhe\u00e7amos a realidade, a analisemos e tenhamos empatia com as pessoas. Como bem sabemos, [&hellip;]<\/p>\n","protected":false},"author":5,"featured_media":0,"parent":2618,"menu_order":3,"comment_status":"closed","ping_status":"closed","template":"","meta":[],"acf":[],"_links":{"self":[{"href":"https:\/\/www.educa.itakaescolapios.org\/pt\/wp-json\/wp\/v2\/pages\/2658"}],"collection":[{"href":"https:\/\/www.educa.itakaescolapios.org\/pt\/wp-json\/wp\/v2\/pages"}],"about":[{"href":"https:\/\/www.educa.itakaescolapios.org\/pt\/wp-json\/wp\/v2\/types\/page"}],"author":[{"embeddable":true,"href":"https:\/\/www.educa.itakaescolapios.org\/pt\/wp-json\/wp\/v2\/users\/5"}],"replies":[{"embeddable":true,"href":"https:\/\/www.educa.itakaescolapios.org\/pt\/wp-json\/wp\/v2\/comments?post=2658"}],"version-history":[{"count":39,"href":"https:\/\/www.educa.itakaescolapios.org\/pt\/wp-json\/wp\/v2\/pages\/2658\/revisions"}],"predecessor-version":[{"id":4035,"href":"https:\/\/www.educa.itakaescolapios.org\/pt\/wp-json\/wp\/v2\/pages\/2658\/revisions\/4035"}],"up":[{"embeddable":true,"href":"https:\/\/www.educa.itakaescolapios.org\/pt\/wp-json\/wp\/v2\/pages\/2618"}],"wp:attachment":[{"href":"https:\/\/www.educa.itakaescolapios.org\/pt\/wp-json\/wp\/v2\/media?parent=2658"}],"curies":[{"name":"wp","href":"https:\/\/api.w.org\/{rel}","templated":true}]}}