{"id":2675,"date":"2020-11-04T16:51:40","date_gmt":"2020-11-04T15:51:40","guid":{"rendered":"https:\/\/www.educa.itakaescolapios.org\/?page_id=2675"},"modified":"2023-05-05T13:59:50","modified_gmt":"2023-05-05T11:59:50","slug":"testimonios","status":"publish","type":"page","link":"https:\/\/www.educa.itakaescolapios.org\/pt\/campanas\/2020-2021-reiniciando-para-transformar\/siente\/testimonios","title":{"rendered":"Depoimentos (2- +18)"},"content":{"rendered":"<p>A pandemia causada pela <strong>Covid-19 atingiu duramente a sa\u00fade, a economia e a sociedade em geral<\/strong>. E atingiu especialmente as pessoas mais vulner\u00e1veis.<\/p>\n<p>Em Itaka-Escol\u00e1pios n\u00e3o ficamos alheios a esta situa\u00e7\u00e3o, todos conhecemos pessoas que adoeceram, viram sua a renda reduzir, o confinamento as afetou diretamente&#8230;<\/p>\n<p><strong>Os projetos sociais de Itaka-Escol\u00e1pios tamb\u00e9m foram afetados pela pandemia<\/strong>: fomos obrigados a paralisar as atividades de internatos, centros socioculturais, a fechar escolas, nossas entradas diminu\u00edram e tivemos at\u00e9 que adiar o in\u00edcio de novos projetos sociais&#8230;<\/p>\n<p>Mas, ao mesmo tempo, <strong>a rede Itaka-Escol\u00e1pios n\u00e3o &#8220;fechou&#8221; em momento algum<\/strong>; continuamos a responder, de forma criativa, \u00e0s demandas da sociedade.<\/p>\n<p><strong>Exemplificando: <\/strong><\/p>\n<ul>\n<li>Mantendo as <strong>atividades do movimento Calasanz<\/strong> de forma online.<\/li>\n<li><strong>Proporcionando lares<\/strong> para os desabrigados em tempos de confinamento.<\/li>\n<li>Promovendo <strong>apoio escolar online<\/strong>.<\/li>\n<li><strong>Combatendo a brecha digital<\/strong>.<\/li>\n<li>Coletando e <strong>distribuindo alimentos<\/strong>.<\/li>\n<li><strong>Fazendo panelas comunit\u00e1rias<\/strong> para alimentar a popula\u00e7\u00e3o.<\/li>\n<li>&#8230;<\/li>\n<\/ul>\n<p>Atualmente a rede Itaka-escol\u00e1pios est\u00e1 presente em 16 pa\u00edses.<\/p>\n<p>Abaixo apresentamos o <strong>testemunho de v\u00e1rias crian\u00e7as e jovens<\/strong> que descrevem a situa\u00e7\u00e3o que est\u00e3o vivenciando e a resposta que estamos dando como Escola Pia, como Itaka-Escol\u00e1pios.<\/p>\n<p><strong>Voc\u00ea tamb\u00e9m pode colaborar como volunt\u00e1rio(a) em um dos nossos projetos sociais ou com contribui\u00e7\u00f5es financeiras <\/strong>para Itaka-Escol\u00e1pios.<\/p>\n<p>&nbsp;<\/p>\n<p><strong>BOL\u00cdVIA<\/strong><\/p>\n<p><iframe loading=\"lazy\" src=\"https:\/\/www.youtube.com\/embed\/MqHplj5pCuc\" width=\"368\" height=\"215\" frameborder=\"0\" allowfullscreen=\"allowfullscreen\"><\/iframe> <iframe loading=\"lazy\" src=\"https:\/\/www.youtube.com\/embed\/hHI6-1uPKvM\" width=\"400\" height=\"215\" frameborder=\"0\" allowfullscreen=\"allowfullscreen\"><\/iframe><\/p>\n<p>&nbsp;<\/p>\n<p><strong>BRASIL<\/strong><\/p>\n<p><iframe loading=\"lazy\" src=\"https:\/\/www.youtube.com\/embed\/ULKTC5Rzv1Y\" width=\"375\" height=\"215\" frameborder=\"0\" allowfullscreen=\"allowfullscreen\"><\/iframe> <iframe loading=\"lazy\" src=\"https:\/\/www.youtube.com\/embed\/MRyiuSIbZIw\" width=\"375\" height=\"215\" frameborder=\"0\" allowfullscreen=\"allowfullscreen\"><\/iframe><\/p>\n<p><strong>CAMAR\u00f5ES<\/strong><\/p>\n<p><iframe loading=\"lazy\" src=\"https:\/\/www.youtube.com\/embed\/DFCWEEGqbWg\" width=\"382\" height=\"215\" frameborder=\"0\" allowfullscreen=\"allowfullscreen\"><\/iframe><br \/>\n<strong>ESPANHA<\/strong><\/p>\n<p><iframe loading=\"lazy\" src=\"https:\/\/www.youtube.com\/embed\/1f3ct7XJf6E\" width=\"375\" height=\"215\" frameborder=\"0\" allowfullscreen=\"allowfullscreen\"><\/iframe> <iframe loading=\"lazy\" src=\"https:\/\/www.youtube.com\/embed\/ZX9oLAXgx9s\" width=\"375\" height=\"215\" frameborder=\"0\" allowfullscreen=\"allowfullscreen\"><\/iframe><\/p>\n<p>&nbsp;<\/p>\n<p><strong>FILIPINAS<\/strong><\/p>\n<p><iframe loading=\"lazy\" src=\"https:\/\/www.youtube.com\/embed\/22G74WLs9qM\" width=\"375\" height=\"215\" frameborder=\"0\" allowfullscreen=\"allowfullscreen\"><\/iframe> <iframe loading=\"lazy\" src=\"https:\/\/www.youtube.com\/embed\/jFUMW--xiCg\" width=\"375\" height=\"215\" frameborder=\"0\" allowfullscreen=\"allowfullscreen\"><\/iframe><br \/>\n<strong>INDON\u00c9SIA<\/strong><\/p>\n<p><iframe loading=\"lazy\" src=\"https:\/\/www.youtube.com\/embed\/H6qMClXjkgo\" width=\"444\" height=\"250\" frameborder=\"0\" allowfullscreen=\"allowfullscreen\"><\/iframe><\/p>\n<p><strong>M\u00c9XICO<\/strong><\/p>\n<p><iframe loading=\"lazy\" src=\"https:\/\/www.youtube.com\/embed\/qW_NgbbCpAI\" width=\"440\" height=\"255\" frameborder=\"0\" allowfullscreen=\"allowfullscreen\"><span data-mce-type=\"bookmark\" style=\"display: inline-block; width: 0px; overflow: hidden; line-height: 0;\" class=\"mce_SELRES_start\">\ufeff<\/span><\/iframe><\/p>\n<p><strong>RD CONGO<\/strong><\/p>\n<p><iframe loading=\"lazy\" src=\"https:\/\/www.youtube.com\/embed\/JP_dh4Hxiug\" width=\"444\" height=\"250\" frameborder=\"0\" allowfullscreen=\"allowfullscreen\"><\/iframe><\/p>\n<p><strong>SENEGAL<\/strong><br \/>\n<iframe loading=\"lazy\" src=\"https:\/\/www.youtube.com\/embed\/2fnFawrZ8dA\" width=\"444\" height=\"250\" frameborder=\"0\" allowfullscreen=\"allowfullscreen\"><\/iframe><\/p>\n<p><strong>VENEZUELA<\/strong><\/p>\n<p><iframe loading=\"lazy\" src=\"https:\/\/www.youtube.com\/embed\/9toxS2alWbI\" width=\"444\" height=\"250\" frameborder=\"0\" allowfullscreen=\"allowfullscreen\"><\/iframe><\/p>","protected":false},"excerpt":{"rendered":"<p>A pandemia causada pela Covid-19 atingiu duramente a sa\u00fade, a economia e a sociedade em geral. E atingiu especialmente as pessoas mais vulner\u00e1veis. Em Itaka-Escol\u00e1pios n\u00e3o [&hellip;]<\/p>\n","protected":false},"author":5,"featured_media":0,"parent":2658,"menu_order":3,"comment_status":"closed","ping_status":"closed","template":"","meta":[],"acf":[],"_links":{"self":[{"href":"https:\/\/www.educa.itakaescolapios.org\/pt\/wp-json\/wp\/v2\/pages\/2675"}],"collection":[{"href":"https:\/\/www.educa.itakaescolapios.org\/pt\/wp-json\/wp\/v2\/pages"}],"about":[{"href":"https:\/\/www.educa.itakaescolapios.org\/pt\/wp-json\/wp\/v2\/types\/page"}],"author":[{"embeddable":true,"href":"https:\/\/www.educa.itakaescolapios.org\/pt\/wp-json\/wp\/v2\/users\/5"}],"replies":[{"embeddable":true,"href":"https:\/\/www.educa.itakaescolapios.org\/pt\/wp-json\/wp\/v2\/comments?post=2675"}],"version-history":[{"count":90,"href":"https:\/\/www.educa.itakaescolapios.org\/pt\/wp-json\/wp\/v2\/pages\/2675\/revisions"}],"predecessor-version":[{"id":7613,"href":"https:\/\/www.educa.itakaescolapios.org\/pt\/wp-json\/wp\/v2\/pages\/2675\/revisions\/7613"}],"up":[{"embeddable":true,"href":"https:\/\/www.educa.itakaescolapios.org\/pt\/wp-json\/wp\/v2\/pages\/2658"}],"wp:attachment":[{"href":"https:\/\/www.educa.itakaescolapios.org\/pt\/wp-json\/wp\/v2\/media?parent=2675"}],"curies":[{"name":"wp","href":"https:\/\/api.w.org\/{rel}","templated":true}]}}