{"id":2699,"date":"2020-11-04T17:44:09","date_gmt":"2020-11-04T16:44:09","guid":{"rendered":"https:\/\/www.educa.itakaescolapios.org\/?page_id=2699"},"modified":"2021-01-03T11:46:23","modified_gmt":"2021-01-03T10:46:23","slug":"impacto-y-respuesta-de-itaka-escolapios","status":"publish","type":"page","link":"https:\/\/www.educa.itakaescolapios.org\/pt\/campanas\/2020-2021-reiniciando-para-transformar\/siente\/impacto-y-respuesta-de-itaka-escolapios","title":{"rendered":"Impacto e resposta do Itaka-Escolapios (14 a +18)"},"content":{"rendered":"<p><img decoding=\"async\" loading=\"lazy\" class=\"alignright size-medium wp-image-2703\" src=\"https:\/\/www.educa.itakaescolapios.org\/wp-content\/uploads\/2020\/11\/JIWA_COLOR-recorte-295x300.jpg\" alt=\"\" width=\"295\" height=\"300\" srcset=\"https:\/\/www.educa.itakaescolapios.org\/wp-content\/uploads\/2020\/11\/JIWA_COLOR-recorte-295x300.jpg 295w, https:\/\/www.educa.itakaescolapios.org\/wp-content\/uploads\/2020\/11\/JIWA_COLOR-recorte-1006x1024.jpg 1006w, https:\/\/www.educa.itakaescolapios.org\/wp-content\/uploads\/2020\/11\/JIWA_COLOR-recorte-768x782.jpg 768w, https:\/\/www.educa.itakaescolapios.org\/wp-content\/uploads\/2020\/11\/JIWA_COLOR-recorte-1508x1536.jpg 1508w, https:\/\/www.educa.itakaescolapios.org\/wp-content\/uploads\/2020\/11\/JIWA_COLOR-recorte-2011x2048.jpg 2011w, https:\/\/www.educa.itakaescolapios.org\/wp-content\/uploads\/2020\/11\/JIWA_COLOR-recorte-250x255.jpg 250w\" sizes=\"(max-width: 295px) 100vw, 295px\" \/><\/p>\n<p style=\"text-align: justify;\">Todos os anos, a rede Itaka-Escolapios realiza uma campanha de solidariedade em n\u00edvel internacional, para ajudar, colaborar e apoiar algum projeto da Miss\u00e3o Piarista. Tem havido campanhas para as Filipinas, Senegal, R.D. Congo.<\/p>\n<p style=\"text-align: justify;\">Mas este ano, Itaka-Escolapios, entendendo o momento que estamos vivendo, a situa\u00e7\u00e3o de pandemia, prop\u00f5e apoiar n\u00e3o um projeto concreto, mas a Miss\u00e3o Piarista em geral, para as crian\u00e7as e jovens, especialmente os mais pobres ou mais necessitados. Tentaremos ajudar e apoiar qualquer projeto, v\u00e1rios projetos, que estejam precisando de apoio neste momento dif\u00edcil.<\/p>\n<p style=\"text-align: justify;\">A pandemia est\u00e1 causando muita vulnerabilidade, n\u00e3o apenas \u00e0s pessoas, crian\u00e7as e jovens, mas tamb\u00e9m \u00e0s institui\u00e7\u00f5es. Tamb\u00e9m para os projetos concretos que n\u00f3s, como Piaristas, de Itaka-Escolapios, estamos apoiando, estamos contribuindo.<\/p>\n<p style=\"text-align: justify;\">Por esta raz\u00e3o, <strong>esta campanha busca uma colabora\u00e7\u00e3o com a Miss\u00e3o Piarista em geral<\/strong>, em favor das crian\u00e7as mais pobres de todas as partes do mundo.<\/p>\n<p style=\"text-align: justify;\">Ent\u00e3o a rede ter\u00e1 que distribuir os frutos desta campanha de acordo com as necessidades, de acordo com os desafios concretos.<\/p>\n<p><strong><a href=\"https:\/\/www.educa.itakaescolapios.org\/wp-content\/uploads\/2021\/01\/7-impacto-y-respuesta-port.pdf\" target=\"_blank\" rel=\"noopener noreferrer\">Arquivo PDF: Impacto e resposta<\/a><\/strong><\/p>\n<p><strong><a href=\"https:\/\/www.educa.itakaescolapios.org\/wp-content\/uploads\/2020\/11\/Impacto-y-respuesta.pdf\" target=\"_blank\" rel=\"noopener noreferrer\"><img decoding=\"async\" loading=\"lazy\" class=\"alignleft size-medium wp-image-3014\" src=\"https:\/\/www.educa.itakaescolapios.org\/wp-content\/uploads\/2020\/11\/mano-click-verde-en-el-medio-300x107.jpg\" alt=\"\" width=\"300\" height=\"107\" srcset=\"https:\/\/www.educa.itakaescolapios.org\/wp-content\/uploads\/2020\/11\/mano-click-verde-en-el-medio-300x107.jpg 300w, https:\/\/www.educa.itakaescolapios.org\/wp-content\/uploads\/2020\/11\/mano-click-verde-en-el-medio-1024x366.jpg 1024w, https:\/\/www.educa.itakaescolapios.org\/wp-content\/uploads\/2020\/11\/mano-click-verde-en-el-medio-768x275.jpg 768w, https:\/\/www.educa.itakaescolapios.org\/wp-content\/uploads\/2020\/11\/mano-click-verde-en-el-medio-1536x549.jpg 1536w, https:\/\/www.educa.itakaescolapios.org\/wp-content\/uploads\/2020\/11\/mano-click-verde-en-el-medio-2048x732.jpg 2048w, https:\/\/www.educa.itakaescolapios.org\/wp-content\/uploads\/2020\/11\/mano-click-verde-en-el-medio-250x89.jpg 250w\" sizes=\"(max-width: 300px) 100vw, 300px\" \/><\/a><\/strong><\/p>\n<p>&nbsp;<\/p>","protected":false},"excerpt":{"rendered":"<p>Todos os anos, a rede Itaka-Escolapios realiza uma campanha de solidariedade em n\u00edvel internacional, para ajudar, colaborar e apoiar algum projeto da Miss\u00e3o Piarista. Tem havido [&hellip;]<\/p>\n","protected":false},"author":5,"featured_media":0,"parent":2658,"menu_order":11,"comment_status":"closed","ping_status":"closed","template":"","meta":[],"acf":[],"_links":{"self":[{"href":"https:\/\/www.educa.itakaescolapios.org\/pt\/wp-json\/wp\/v2\/pages\/2699"}],"collection":[{"href":"https:\/\/www.educa.itakaescolapios.org\/pt\/wp-json\/wp\/v2\/pages"}],"about":[{"href":"https:\/\/www.educa.itakaescolapios.org\/pt\/wp-json\/wp\/v2\/types\/page"}],"author":[{"embeddable":true,"href":"https:\/\/www.educa.itakaescolapios.org\/pt\/wp-json\/wp\/v2\/users\/5"}],"replies":[{"embeddable":true,"href":"https:\/\/www.educa.itakaescolapios.org\/pt\/wp-json\/wp\/v2\/comments?post=2699"}],"version-history":[{"count":22,"href":"https:\/\/www.educa.itakaescolapios.org\/pt\/wp-json\/wp\/v2\/pages\/2699\/revisions"}],"predecessor-version":[{"id":4271,"href":"https:\/\/www.educa.itakaescolapios.org\/pt\/wp-json\/wp\/v2\/pages\/2699\/revisions\/4271"}],"up":[{"embeddable":true,"href":"https:\/\/www.educa.itakaescolapios.org\/pt\/wp-json\/wp\/v2\/pages\/2658"}],"wp:attachment":[{"href":"https:\/\/www.educa.itakaescolapios.org\/pt\/wp-json\/wp\/v2\/media?parent=2699"}],"curies":[{"name":"wp","href":"https:\/\/api.w.org\/{rel}","templated":true}]}}