{"id":2713,"date":"2020-11-04T18:01:44","date_gmt":"2020-11-04T17:01:44","guid":{"rendered":"https:\/\/www.educa.itakaescolapios.org\/?page_id=2713"},"modified":"2021-01-03T10:55:37","modified_gmt":"2021-01-03T09:55:37","slug":"mapamundi","status":"publish","type":"page","link":"https:\/\/www.educa.itakaescolapios.org\/pt\/campanas\/2020-2021-reiniciando-para-transformar\/siente\/mapamundi","title":{"rendered":"Mapa mundial (2 a 7)"},"content":{"rendered":"<p><\/p>\n<p style=\"text-align: justify;\">Embarque com a tripula\u00e7\u00e3o para conhecer os pa\u00edses onde a Itaka-Escol\u00e1pios trabalha por um mundo melhor.<\/p>\n<p style=\"padding-left: 40px;\"><strong><a href=\"https:\/\/www.educa.itakaescolapios.org\/wp-content\/uploads\/2021\/01\/1-mapamundi-PORT.pdf\" target=\"_blank\" rel=\"noopener noreferrer\">Arquivo PDF: Mapa mundial<\/a><\/strong><\/p>\n<p style=\"padding-left: 80px;\"><a href=\"https:\/\/www.educa.itakaescolapios.org\/wp-content\/uploads\/2020\/11\/ANEXO_BANDERAS_portugu\u00e9s.pdf\">ANEXO: Bandeiras<\/a><\/p>\n<p style=\"padding-left: 80px;\"><a href=\"https:\/\/www.educa.itakaescolapios.org\/wp-content\/uploads\/2020\/11\/ANEXO_PERSONAJES_portugu\u00e9s.pdf\">ANEXO: Caracteres<\/a><\/p>\n<p style=\"padding-left: 80px;\"><a href=\"https:\/\/www.educa.itakaescolapios.org\/wp-content\/uploads\/2020\/11\/ANEXO_mapas.pdf\" target=\"_blank\" rel=\"noopener noreferrer\">ANEXO MAPAS<\/a><\/p>\n<p>&nbsp;<\/p>\n<p><img decoding=\"async\" loading=\"lazy\" class=\"aligncenter wp-image-2714\" src=\"https:\/\/www.educa.itakaescolapios.org\/wp-content\/uploads\/2020\/11\/GRUPO_COLOR-recorte-1024x532.jpg\" alt=\"\" width=\"800\" height=\"416\" srcset=\"https:\/\/www.educa.itakaescolapios.org\/wp-content\/uploads\/2020\/11\/GRUPO_COLOR-recorte-1024x532.jpg 1024w, https:\/\/www.educa.itakaescolapios.org\/wp-content\/uploads\/2020\/11\/GRUPO_COLOR-recorte-300x156.jpg 300w, https:\/\/www.educa.itakaescolapios.org\/wp-content\/uploads\/2020\/11\/GRUPO_COLOR-recorte-768x399.jpg 768w, https:\/\/www.educa.itakaescolapios.org\/wp-content\/uploads\/2020\/11\/GRUPO_COLOR-recorte-1536x798.jpg 1536w, https:\/\/www.educa.itakaescolapios.org\/wp-content\/uploads\/2020\/11\/GRUPO_COLOR-recorte-2048x1064.jpg 2048w, https:\/\/www.educa.itakaescolapios.org\/wp-content\/uploads\/2020\/11\/GRUPO_COLOR-recorte-250x130.jpg 250w\" sizes=\"(max-width: 800px) 100vw, 800px\" \/><\/p>","protected":false},"excerpt":{"rendered":"<p>Embarque com a tripula\u00e7\u00e3o para conhecer os pa\u00edses onde a Itaka-Escol\u00e1pios trabalha por um mundo melhor. Arquivo PDF: Mapa mundial ANEXO: Bandeiras ANEXO: Caracteres ANEXO MAPAS [&hellip;]<\/p>\n","protected":false},"author":5,"featured_media":0,"parent":2658,"menu_order":4,"comment_status":"closed","ping_status":"closed","template":"","meta":[],"acf":[],"_links":{"self":[{"href":"https:\/\/www.educa.itakaescolapios.org\/pt\/wp-json\/wp\/v2\/pages\/2713"}],"collection":[{"href":"https:\/\/www.educa.itakaescolapios.org\/pt\/wp-json\/wp\/v2\/pages"}],"about":[{"href":"https:\/\/www.educa.itakaescolapios.org\/pt\/wp-json\/wp\/v2\/types\/page"}],"author":[{"embeddable":true,"href":"https:\/\/www.educa.itakaescolapios.org\/pt\/wp-json\/wp\/v2\/users\/5"}],"replies":[{"embeddable":true,"href":"https:\/\/www.educa.itakaescolapios.org\/pt\/wp-json\/wp\/v2\/comments?post=2713"}],"version-history":[{"count":32,"href":"https:\/\/www.educa.itakaescolapios.org\/pt\/wp-json\/wp\/v2\/pages\/2713\/revisions"}],"predecessor-version":[{"id":4237,"href":"https:\/\/www.educa.itakaescolapios.org\/pt\/wp-json\/wp\/v2\/pages\/2713\/revisions\/4237"}],"up":[{"embeddable":true,"href":"https:\/\/www.educa.itakaescolapios.org\/pt\/wp-json\/wp\/v2\/pages\/2658"}],"wp:attachment":[{"href":"https:\/\/www.educa.itakaescolapios.org\/pt\/wp-json\/wp\/v2\/media?parent=2713"}],"curies":[{"name":"wp","href":"https:\/\/api.w.org\/{rel}","templated":true}]}}