{"id":2721,"date":"2020-11-04T18:17:54","date_gmt":"2020-11-04T17:17:54","guid":{"rendered":"https:\/\/www.educa.itakaescolapios.org\/?page_id=2721"},"modified":"2021-01-07T16:22:02","modified_gmt":"2021-01-07T15:22:02","slug":"compara-y-contrasta","status":"publish","type":"page","link":"https:\/\/www.educa.itakaescolapios.org\/pt\/campanas\/2020-2021-reiniciando-para-transformar\/siente\/compara-y-contrasta","title":{"rendered":"Comparar e contrastar (8 a +18)"},"content":{"rendered":"<p><strong>A tripula\u00e7\u00e3o nos convida a analisar o impacto<\/strong> da COVID-19 nas diferentes partes do mundo.<\/p>\n<p><img decoding=\"async\" loading=\"lazy\" class=\"alignright wp-image-2722\" src=\"https:\/\/www.educa.itakaescolapios.org\/wp-content\/uploads\/2020\/11\/SUKAL_COLORecorte-1024x1009.jpg\" alt=\"\" width=\"498\" height=\"491\" srcset=\"https:\/\/www.educa.itakaescolapios.org\/wp-content\/uploads\/2020\/11\/SUKAL_COLORecorte-1024x1009.jpg 1024w, https:\/\/www.educa.itakaescolapios.org\/wp-content\/uploads\/2020\/11\/SUKAL_COLORecorte-300x296.jpg 300w, https:\/\/www.educa.itakaescolapios.org\/wp-content\/uploads\/2020\/11\/SUKAL_COLORecorte-768x757.jpg 768w, https:\/\/www.educa.itakaescolapios.org\/wp-content\/uploads\/2020\/11\/SUKAL_COLORecorte-1536x1513.jpg 1536w, https:\/\/www.educa.itakaescolapios.org\/wp-content\/uploads\/2020\/11\/SUKAL_COLORecorte-2048x2018.jpg 2048w, https:\/\/www.educa.itakaescolapios.org\/wp-content\/uploads\/2020\/11\/SUKAL_COLORecorte-250x246.jpg 250w\" sizes=\"(max-width: 498px) 100vw, 498px\" \/><\/p>\n<p>&nbsp;<\/p>\n<p><strong><a href=\"https:\/\/www.educa.itakaescolapios.org\/wp-content\/uploads\/2021\/01\/3-2-pictionary-port.pdf\" target=\"_blank\" rel=\"noopener noreferrer\">Arquivo PDF: Pictionary (8 a 14 anos de idade)<\/a><\/strong><\/p>\n<p style=\"padding-left: 40px;\"><a href=\"https:\/\/www.educa.itakaescolapios.org\/wp-content\/uploads\/2020\/12\/ANEXO_IMAGENS.pdf\">Anexo: imagens<\/a><\/p>\n<p style=\"padding-left: 40px;\"><a href=\"https:\/\/www.educa.itakaescolapios.org\/wp-content\/uploads\/2020\/12\/ANEXO_COMPAREECONTRATE.pdf\" target=\"_blank\" rel=\"noopener noreferrer\">Anexo: comparar e contrastar<\/a><\/p>\n<p>&nbsp;<\/p>\n<p><strong><a href=\"https:\/\/www.educa.itakaescolapios.org\/wp-content\/uploads\/2021\/01\/3-1-covid-port.pdf\" target=\"_blank\" rel=\"noopener noreferrer\">Arquivo PDF: COVID 19 (14 a 16 anos de idade)<\/a><\/strong><\/p>\n<p style=\"padding-left: 40px;\"><a href=\"https:\/\/www.educa.itakaescolapios.org\/wp-content\/uploads\/2020\/12\/ANEXO_COMPAREECONTRATE.pdf\" target=\"_blank\" rel=\"noopener noreferrer\">Anexo: comparar e contrastar<\/a><\/p>\n<p style=\"padding-left: 40px;\"><a href=\"https:\/\/www.educa.itakaescolapios.org\/wp-content\/uploads\/2020\/12\/ANEXO_LINKS.pdf\" target=\"_blank\" rel=\"noopener noreferrer\">Anexo: Links<\/a><\/p>\n<p style=\"padding-left: 40px;\"><a href=\"https:\/\/www.educa.itakaescolapios.org\/wp-content\/uploads\/2020\/12\/ANEXO_TABELA.pdf\">Anexo: Tabela<\/a><\/p>\n<p>&nbsp;<\/p>\n<p><strong><a href=\"https:\/\/www.educa.itakaescolapios.org\/wp-content\/uploads\/2021\/01\/3.3-protec-ni\u00f1ez-port.pdf\" target=\"_blank\" rel=\"noopener noreferrer\">Arquivo PDF: Prote\u00e7\u00e3o \u00e0 crian\u00e7a (14 a +18)<\/a><\/strong><\/p>\n<p style=\"padding-left: 40px;\"><a href=\"https:\/\/www.educa.itakaescolapios.org\/wp-content\/uploads\/2020\/12\/Anexo-FICHA-GUTERRES_pt.pdf\" target=\"_blank\" rel=\"noopener noreferrer\">Anexo: ficheiro GUTERRES<\/a><\/p>\n<p style=\"padding-left: 40px;\"><a href=\"https:\/\/www.educa.itakaescolapios.org\/wp-content\/uploads\/2020\/12\/Anexo-FICHA-PAIS_pt.pdf\" target=\"_blank\" rel=\"noopener noreferrer\">Anexo: Perfil do pa\u00eds<\/a><\/p>\n<p>&nbsp;<\/p>\n<p><img decoding=\"async\" loading=\"lazy\" class=\"alignleft size-medium wp-image-3014\" src=\"https:\/\/www.educa.itakaescolapios.org\/wp-content\/uploads\/2020\/11\/mano-click-verde-en-el-medio-300x107.jpg\" alt=\"\" width=\"300\" height=\"107\" srcset=\"https:\/\/www.educa.itakaescolapios.org\/wp-content\/uploads\/2020\/11\/mano-click-verde-en-el-medio-300x107.jpg 300w, https:\/\/www.educa.itakaescolapios.org\/wp-content\/uploads\/2020\/11\/mano-click-verde-en-el-medio-1024x366.jpg 1024w, https:\/\/www.educa.itakaescolapios.org\/wp-content\/uploads\/2020\/11\/mano-click-verde-en-el-medio-768x275.jpg 768w, https:\/\/www.educa.itakaescolapios.org\/wp-content\/uploads\/2020\/11\/mano-click-verde-en-el-medio-1536x549.jpg 1536w, https:\/\/www.educa.itakaescolapios.org\/wp-content\/uploads\/2020\/11\/mano-click-verde-en-el-medio-2048x732.jpg 2048w, https:\/\/www.educa.itakaescolapios.org\/wp-content\/uploads\/2020\/11\/mano-click-verde-en-el-medio-250x89.jpg 250w\" sizes=\"(max-width: 300px) 100vw, 300px\" \/><\/p>\n<p>&nbsp;<\/p>\n<p>&nbsp;<\/p>","protected":false},"excerpt":{"rendered":"<p>A tripula\u00e7\u00e3o nos convida a analisar o impacto da COVID-19 nas diferentes partes do mundo. &nbsp; Arquivo PDF: Pictionary (8 a 14 anos de idade) Anexo: [&hellip;]<\/p>\n","protected":false},"author":5,"featured_media":0,"parent":2658,"menu_order":9,"comment_status":"closed","ping_status":"closed","template":"","meta":[],"acf":[],"_links":{"self":[{"href":"https:\/\/www.educa.itakaescolapios.org\/pt\/wp-json\/wp\/v2\/pages\/2721"}],"collection":[{"href":"https:\/\/www.educa.itakaescolapios.org\/pt\/wp-json\/wp\/v2\/pages"}],"about":[{"href":"https:\/\/www.educa.itakaescolapios.org\/pt\/wp-json\/wp\/v2\/types\/page"}],"author":[{"embeddable":true,"href":"https:\/\/www.educa.itakaescolapios.org\/pt\/wp-json\/wp\/v2\/users\/5"}],"replies":[{"embeddable":true,"href":"https:\/\/www.educa.itakaescolapios.org\/pt\/wp-json\/wp\/v2\/comments?post=2721"}],"version-history":[{"count":54,"href":"https:\/\/www.educa.itakaescolapios.org\/pt\/wp-json\/wp\/v2\/pages\/2721\/revisions"}],"predecessor-version":[{"id":4304,"href":"https:\/\/www.educa.itakaescolapios.org\/pt\/wp-json\/wp\/v2\/pages\/2721\/revisions\/4304"}],"up":[{"embeddable":true,"href":"https:\/\/www.educa.itakaescolapios.org\/pt\/wp-json\/wp\/v2\/pages\/2658"}],"wp:attachment":[{"href":"https:\/\/www.educa.itakaescolapios.org\/pt\/wp-json\/wp\/v2\/media?parent=2721"}],"curies":[{"name":"wp","href":"https:\/\/api.w.org\/{rel}","templated":true}]}}