{"id":2740,"date":"2020-11-04T18:43:49","date_gmt":"2020-11-04T17:43:49","guid":{"rendered":"https:\/\/www.educa.itakaescolapios.org\/?page_id=2740"},"modified":"2021-01-03T11:12:49","modified_gmt":"2021-01-03T10:12:49","slug":"cuento-la-tripulacion-se-queda-en-casa","status":"publish","type":"page","link":"https:\/\/www.educa.itakaescolapios.org\/pt\/campanas\/2020-2021-reiniciando-para-transformar\/imagina\/cuento-la-tripulacion-se-queda-en-casa","title":{"rendered":"Hist\u00f3ria: A tripula\u00e7\u00e3o fica em casa (2 a 7)"},"content":{"rendered":"<p><\/p>\n<p style=\"text-align: justify;\">A COVID-19 afetou todo o planeta, mas como somos muito diferentes, n\u00e3o o fez da mesma forma. <strong>Conhe\u00e7a, com a tripula\u00e7\u00e3o da Itaka-Escol\u00e1pios, hist\u00f3rias sobre as diferentes experi\u00eancias.<\/strong><\/p>\n<p style=\"padding-left: 40px;\"><a href=\"https:\/\/www.educa.itakaescolapios.org\/wp-content\/uploads\/2021\/01\/2-cuento-tripulaci\u00f3n-port.pdf\" target=\"_blank\" rel=\"noopener noreferrer\"><strong>Arquivo PDF: Hist\u00f3ria. A tripula\u00e7\u00e3o fica em cas<\/strong>a<\/a><\/p>\n<p style=\"padding-left: 80px;\"><a href=\"https:\/\/www.educa.itakaescolapios.org\/wp-content\/uploads\/2020\/11\/ANEXO_Cuento-Bla-es-pt_br-C.pdf\">ANEXO: Hist\u00f3ria de Bla<\/a><\/p>\n<p style=\"padding-left: 80px;\"><a href=\"https:\/\/www.educa.itakaescolapios.org\/wp-content\/uploads\/2020\/11\/ANEXO_Cuento-Calasanz-es-pt_br-C.pdf\">ANEXO: Hist\u00f3ria de Calasanz<\/a><a href=\"https:\/\/www.educa.itakaescolapios.org\/wp-content\/uploads\/2020\/11\/ANEXO_Cuento-Calasanz.pdf\" target=\"_blank\" rel=\"noopener noreferrer\"><img decoding=\"async\" loading=\"lazy\" class=\"alignright wp-image-3014 size-medium\" src=\"https:\/\/www.educa.itakaescolapios.org\/wp-content\/uploads\/2020\/11\/mano-click-verde-en-el-medio-300x107.jpg\" alt=\"\" width=\"300\" height=\"107\" srcset=\"https:\/\/www.educa.itakaescolapios.org\/wp-content\/uploads\/2020\/11\/mano-click-verde-en-el-medio-300x107.jpg 300w, https:\/\/www.educa.itakaescolapios.org\/wp-content\/uploads\/2020\/11\/mano-click-verde-en-el-medio-1024x366.jpg 1024w, https:\/\/www.educa.itakaescolapios.org\/wp-content\/uploads\/2020\/11\/mano-click-verde-en-el-medio-768x275.jpg 768w, https:\/\/www.educa.itakaescolapios.org\/wp-content\/uploads\/2020\/11\/mano-click-verde-en-el-medio-1536x549.jpg 1536w, https:\/\/www.educa.itakaescolapios.org\/wp-content\/uploads\/2020\/11\/mano-click-verde-en-el-medio-2048x732.jpg 2048w, https:\/\/www.educa.itakaescolapios.org\/wp-content\/uploads\/2020\/11\/mano-click-verde-en-el-medio-250x89.jpg 250w\" sizes=\"(max-width: 300px) 100vw, 300px\" \/><\/a><\/p>\n<p style=\"padding-left: 80px;\"><a href=\"https:\/\/www.educa.itakaescolapios.org\/wp-content\/uploads\/2020\/11\/ANEXO_Cuento-Elikia-y-Esengo-es-pt_br-C.pdf\">ANEXO: Hist\u00f3ria da Elikia e Esengo<\/a><\/p>\n<p style=\"padding-left: 80px;\"><a href=\"https:\/\/www.educa.itakaescolapios.org\/wp-content\/uploads\/2020\/11\/ANEXO_Cuento-Jiwa-es-pt_br-C.pdf\">ANEXO: Hist\u00f3ria de Jiwa<\/a><\/p>\n<p style=\"padding-left: 80px;\"><a href=\"https:\/\/www.educa.itakaescolapios.org\/wp-content\/uploads\/2020\/11\/ANEXO_Cuento-Look-es-pt_br-C.pdf\">ANEXO: Hist\u00f3ria de Look<\/a><\/p>\n<p style=\"padding-left: 80px;\"><a href=\"https:\/\/www.educa.itakaescolapios.org\/wp-content\/uploads\/2020\/11\/ANEXO_Cuento-Marine-es-pt_br-C.pdf\">ANEXO: Hist\u00f3ria de Marine<\/a><\/p>\n<p style=\"padding-left: 80px;\"><a href=\"https:\/\/www.educa.itakaescolapios.org\/wp-content\/uploads\/2020\/11\/ANEXO_Cuento-Quisap-es-pt_br-C.pdf\">ANEXO: Hist\u00f3ria de Quisap<\/a><\/p>\n<p style=\"padding-left: 80px;\"><a href=\"https:\/\/www.educa.itakaescolapios.org\/wp-content\/uploads\/2020\/11\/ANEXO_Cuento-Sukal-es-pt_br-C.pdf\">ANEXO: Hist\u00f3ria de Sukal<\/a><\/p>\n<p>&nbsp;<\/p>\n<p><img decoding=\"async\" loading=\"lazy\" class=\"aligncenter wp-image-2852\" src=\"https:\/\/www.educa.itakaescolapios.org\/wp-content\/uploads\/2020\/11\/CARTEL-CAMPA\u00d1A-ITAKA-2021-5-150x150.jpg\" alt=\"\" width=\"840\" height=\"600\" srcset=\"https:\/\/www.educa.itakaescolapios.org\/wp-content\/uploads\/2020\/11\/CARTEL-CAMPA\u00d1A-ITAKA-2021-5-300x214.jpg 300w, https:\/\/www.educa.itakaescolapios.org\/wp-content\/uploads\/2020\/11\/CARTEL-CAMPA\u00d1A-ITAKA-2021-5-1024x731.jpg 1024w, https:\/\/www.educa.itakaescolapios.org\/wp-content\/uploads\/2020\/11\/CARTEL-CAMPA\u00d1A-ITAKA-2021-5-768x549.jpg 768w, https:\/\/www.educa.itakaescolapios.org\/wp-content\/uploads\/2020\/11\/CARTEL-CAMPA\u00d1A-ITAKA-2021-5-1536x1097.jpg 1536w, https:\/\/www.educa.itakaescolapios.org\/wp-content\/uploads\/2020\/11\/CARTEL-CAMPA\u00d1A-ITAKA-2021-5-2048x1463.jpg 2048w, https:\/\/www.educa.itakaescolapios.org\/wp-content\/uploads\/2020\/11\/CARTEL-CAMPA\u00d1A-ITAKA-2021-5-250x179.jpg 250w\" sizes=\"(max-width: 840px) 100vw, 840px\" \/><\/p>","protected":false},"excerpt":{"rendered":"<p>A COVID-19 afetou todo o planeta, mas como somos muito diferentes, n\u00e3o o fez da mesma forma. Conhe\u00e7a, com a tripula\u00e7\u00e3o da Itaka-Escol\u00e1pios, hist\u00f3rias sobre as [&hellip;]<\/p>\n","protected":false},"author":5,"featured_media":0,"parent":2734,"menu_order":1,"comment_status":"closed","ping_status":"closed","template":"","meta":[],"acf":[],"_links":{"self":[{"href":"https:\/\/www.educa.itakaescolapios.org\/pt\/wp-json\/wp\/v2\/pages\/2740"}],"collection":[{"href":"https:\/\/www.educa.itakaescolapios.org\/pt\/wp-json\/wp\/v2\/pages"}],"about":[{"href":"https:\/\/www.educa.itakaescolapios.org\/pt\/wp-json\/wp\/v2\/types\/page"}],"author":[{"embeddable":true,"href":"https:\/\/www.educa.itakaescolapios.org\/pt\/wp-json\/wp\/v2\/users\/5"}],"replies":[{"embeddable":true,"href":"https:\/\/www.educa.itakaescolapios.org\/pt\/wp-json\/wp\/v2\/comments?post=2740"}],"version-history":[{"count":32,"href":"https:\/\/www.educa.itakaescolapios.org\/pt\/wp-json\/wp\/v2\/pages\/2740\/revisions"}],"predecessor-version":[{"id":4247,"href":"https:\/\/www.educa.itakaescolapios.org\/pt\/wp-json\/wp\/v2\/pages\/2740\/revisions\/4247"}],"up":[{"embeddable":true,"href":"https:\/\/www.educa.itakaescolapios.org\/pt\/wp-json\/wp\/v2\/pages\/2734"}],"wp:attachment":[{"href":"https:\/\/www.educa.itakaescolapios.org\/pt\/wp-json\/wp\/v2\/media?parent=2740"}],"curies":[{"name":"wp","href":"https:\/\/api.w.org\/{rel}","templated":true}]}}