{"id":2745,"date":"2020-11-04T18:53:17","date_gmt":"2020-11-04T17:53:17","guid":{"rendered":"https:\/\/www.educa.itakaescolapios.org\/?page_id=2745"},"modified":"2021-01-03T11:07:09","modified_gmt":"2021-01-03T10:07:09","slug":"asamblea","status":"publish","type":"page","link":"https:\/\/www.educa.itakaescolapios.org\/pt\/campanas\/2020-2021-reiniciando-para-transformar\/imagina\/asamblea","title":{"rendered":"Montagem (8 a +18)"},"content":{"rendered":"<p><\/p>\n<p style=\"text-align: justify;\"><img decoding=\"async\" loading=\"lazy\" class=\"alignright size-medium wp-image-2746\" src=\"https:\/\/www.educa.itakaescolapios.org\/wp-content\/uploads\/2020\/11\/QUISAP_COLOR-214x300.jpg\" alt=\"\" width=\"214\" height=\"300\" srcset=\"https:\/\/www.educa.itakaescolapios.org\/wp-content\/uploads\/2020\/11\/QUISAP_COLOR-214x300.jpg 214w, https:\/\/www.educa.itakaescolapios.org\/wp-content\/uploads\/2020\/11\/QUISAP_COLOR-731x1024.jpg 731w, https:\/\/www.educa.itakaescolapios.org\/wp-content\/uploads\/2020\/11\/QUISAP_COLOR-768x1075.jpg 768w, https:\/\/www.educa.itakaescolapios.org\/wp-content\/uploads\/2020\/11\/QUISAP_COLOR-1097x1536.jpg 1097w, https:\/\/www.educa.itakaescolapios.org\/wp-content\/uploads\/2020\/11\/QUISAP_COLOR-1463x2048.jpg 1463w, https:\/\/www.educa.itakaescolapios.org\/wp-content\/uploads\/2020\/11\/QUISAP_COLOR-250x350.jpg 250w, https:\/\/www.educa.itakaescolapios.org\/wp-content\/uploads\/2020\/11\/QUISAP_COLOR-scaled.jpg 1829w\" sizes=\"(max-width: 214px) 100vw, 214px\" \/><\/p>\n<p style=\"text-align: justify;\">Estamos na segunda etapa da metodologia Design for Change. A id\u00e9ia \u00e9 propor o maior n\u00famero de id\u00e9ias poss\u00edvel (e quanto mais louco, melhor) para resolver a situa\u00e7\u00e3o escolhida. Com a solu\u00e7\u00e3o mais interessante para o grupo, fazemos um prot\u00f3tipo, testamo-lo e elaboramos um plano de a\u00e7\u00e3o. <strong>O importante \u00e9 estar ciente de que uma mudan\u00e7a real ser\u00e1 empreendida<\/strong>. Talvez a id\u00e9ia inicial tenha que ser desembarcada e tornada &#8220;realiz\u00e1vel&#8221;: \u00e9 uma oportunidade de realizar seu projeto sem depender de ningu\u00e9m. Qual \u00e9 o ingrediente chave? Desenvolve a CRIATIVIDADE.<\/p>\n<p style=\"text-align: justify;\">A partir da equipe que desenvolve as atividades da campanha, propomos que voc\u00ea escolha dois representantes por turma para fazer uma assembl\u00e9ia durante o hor\u00e1rio escolar. Pode ser planejado por etapas, ciclos ou como uma \u00fanica montagem, dependendo do n\u00famero de alunos que temos na escola. A proposta \u00e9 tornar algo vis\u00edvel, que &#8220;quebre&#8221; de alguma forma o ritmo das aulas e que possamos tornar vis\u00edvel na RRSS, teia da escola&#8230;<\/p>\n<p style=\"text-align: justify;\">Como j\u00e1 explicamos, o objetivo \u00e9 lan\u00e7ar uma infinidade de id\u00e9ias que podem transformar algumas das situa\u00e7\u00f5es que analisamos na fase FEELING.<\/p>\n<p style=\"text-align: justify;\"><strong>As propostas de a\u00e7\u00f5es metodol\u00f3gicas<\/strong> para realizar esta fase s\u00e3o as seguintes<\/p>\n<ul style=\"text-align: justify;\">\n<li><strong>Brainstorming<\/strong><\/li>\n<li><strong>L\u00e1pis no meio<\/strong>: \u00c9 uma simples estrutura de aprendizagem cooperativa. Os estudantes s\u00e3o agrupados em grupos de quatro, cada um com uma folha de papel e um l\u00e1pis (ou caneta). Um de cada vez eles lan\u00e7am fora uma id\u00e9ia que oferece alguma solu\u00e7\u00e3o para as situa\u00e7\u00f5es que temos visto na fase de sentimento. Naquele momento, os l\u00e1pis est\u00e3o no meio. Quando a a\u00e7\u00e3o parece boa ou aceit\u00e1vel, todos a escrevem no papel. O objetivo \u00e9 o di\u00e1logo, a intera\u00e7\u00e3o e a participa\u00e7\u00e3o equilibrada dos membros do grupo.<\/li>\n<li><strong>Os colegas discutem<\/strong>: O professor apresenta uma das situa\u00e7\u00f5es vistas na oficina.<br \/>\n\u00e9 a FEEL e os membros do casal buscam a solu\u00e7\u00e3o. Ao sinal dos professores, eles debatem durante o tempo estabelecido (dependendo da dificuldade do assunto) e exp\u00f5em a solu\u00e7\u00e3o m\u00fatua para o resto da equipe.<\/li>\n<\/ul>\n<p style=\"text-align: justify;\">Esta estrutura busca intera\u00e7\u00e3o simult\u00e2nea, participa\u00e7\u00e3o equilibrada e interdepend\u00eancia positiva<\/p>\n<p style=\"text-align: justify;\">Uma vez coletadas as a\u00e7\u00f5es propostas na assembl\u00e9ia, os representantes voltam para as salas de aula.<\/p>\n<p><strong><a href=\"https:\/\/www.educa.itakaescolapios.org\/wp-content\/uploads\/2021\/01\/1-asamblea-imagina-port.pdf\" target=\"_blank\" rel=\"noopener noreferrer\">Arquivo PDF Montagem<\/a><\/strong><\/p>\n<p><a href=\"https:\/\/www.educa.itakaescolapios.org\/wp-content\/uploads\/2020\/11\/asamblea-.pdf\" target=\"_blank\" rel=\"noopener noreferrer\"><img decoding=\"async\" loading=\"lazy\" class=\"alignleft wp-image-3014 size-medium\" src=\"https:\/\/www.educa.itakaescolapios.org\/wp-content\/uploads\/2020\/11\/mano-click-verde-en-el-medio-300x107.jpg\" alt=\"\" width=\"300\" height=\"107\" srcset=\"https:\/\/www.educa.itakaescolapios.org\/wp-content\/uploads\/2020\/11\/mano-click-verde-en-el-medio-300x107.jpg 300w, https:\/\/www.educa.itakaescolapios.org\/wp-content\/uploads\/2020\/11\/mano-click-verde-en-el-medio-1024x366.jpg 1024w, https:\/\/www.educa.itakaescolapios.org\/wp-content\/uploads\/2020\/11\/mano-click-verde-en-el-medio-768x275.jpg 768w, https:\/\/www.educa.itakaescolapios.org\/wp-content\/uploads\/2020\/11\/mano-click-verde-en-el-medio-1536x549.jpg 1536w, https:\/\/www.educa.itakaescolapios.org\/wp-content\/uploads\/2020\/11\/mano-click-verde-en-el-medio-2048x732.jpg 2048w, https:\/\/www.educa.itakaescolapios.org\/wp-content\/uploads\/2020\/11\/mano-click-verde-en-el-medio-250x89.jpg 250w\" sizes=\"(max-width: 300px) 100vw, 300px\" \/><\/a><\/p>\n<p>&nbsp;<\/p>\n<p>&nbsp;<\/p>\n<p>&nbsp;<\/p>\n<p>&nbsp;<\/p>\n<p>&nbsp;<\/p>","protected":false},"excerpt":{"rendered":"<p>Estamos na segunda etapa da metodologia Design for Change. A id\u00e9ia \u00e9 propor o maior n\u00famero de id\u00e9ias poss\u00edvel (e quanto mais louco, melhor) para resolver [&hellip;]<\/p>\n","protected":false},"author":5,"featured_media":0,"parent":2734,"menu_order":2,"comment_status":"closed","ping_status":"closed","template":"","meta":[],"acf":[],"_links":{"self":[{"href":"https:\/\/www.educa.itakaescolapios.org\/pt\/wp-json\/wp\/v2\/pages\/2745"}],"collection":[{"href":"https:\/\/www.educa.itakaescolapios.org\/pt\/wp-json\/wp\/v2\/pages"}],"about":[{"href":"https:\/\/www.educa.itakaescolapios.org\/pt\/wp-json\/wp\/v2\/types\/page"}],"author":[{"embeddable":true,"href":"https:\/\/www.educa.itakaescolapios.org\/pt\/wp-json\/wp\/v2\/users\/5"}],"replies":[{"embeddable":true,"href":"https:\/\/www.educa.itakaescolapios.org\/pt\/wp-json\/wp\/v2\/comments?post=2745"}],"version-history":[{"count":17,"href":"https:\/\/www.educa.itakaescolapios.org\/pt\/wp-json\/wp\/v2\/pages\/2745\/revisions"}],"predecessor-version":[{"id":4243,"href":"https:\/\/www.educa.itakaescolapios.org\/pt\/wp-json\/wp\/v2\/pages\/2745\/revisions\/4243"}],"up":[{"embeddable":true,"href":"https:\/\/www.educa.itakaescolapios.org\/pt\/wp-json\/wp\/v2\/pages\/2734"}],"wp:attachment":[{"href":"https:\/\/www.educa.itakaescolapios.org\/pt\/wp-json\/wp\/v2\/media?parent=2745"}],"curies":[{"name":"wp","href":"https:\/\/api.w.org\/{rel}","templated":true}]}}